{"id":7319,"date":"2022-01-20T09:23:25","date_gmt":"2022-01-20T06:23:25","guid":{"rendered":"https:\/\/kocaelisaglik.edu.tr\/enstitu\/?page_id=7319"},"modified":"2026-03-27T14:59:07","modified_gmt":"2026-03-27T11:59:07","slug":"dogum-ve-kadin-hastaliklari-hemsireligi-programi","status":"publish","type":"page","link":"https:\/\/kocaelisaglik.edu.tr\/enstitu\/dogum-ve-kadin-hastaliklari-hemsireligi-programi\/","title":{"rendered":"Do\u011fum ve Kad\u0131n Hastal\u0131klar\u0131 <br\/>Hem\u015fireli\u011fi Tezli Y\u00fcksek Lisans Program\u0131"},"content":{"rendered":"<div class=\"wpb-content-wrapper\"><p>[vc_row][vc_column][vc_tta_tabs][vc_tta_section title=&#8221;Program Hakk\u0131nda&#8221; tab_id=&#8221;1704452958294-8a3dd921-3c90&#8243;][vc_column_text]<strong>Program Ad\u0131<\/strong>:\u00a0Do\u011fum ve Kad\u0131n Hastal\u0131klar\u0131 Hem\u015fireli\u011fi<\/p>\n<p><strong>Program T\u00fcr\u00fc:<\/strong> Tezli<\/p>\n<p><strong>Program D\u00fczeyi<\/strong>: Y\u00fcksek Lisans<\/p>\n<p><strong>Program Dili<\/strong>:\u00a0T\u00fcrk\u00e7e<\/p>\n<p><strong>Kazan\u0131lan Derece<\/strong>: Program\u0131 ba\u015far\u0131yla tamamlayan \u00f6\u011frencilerimiz \u2018\u2019Y\u00fcksek Lisans\u2019\u2019 derecesi almaya hak kazan\u0131rlar. Bununla birlikte Do\u011fum ve Kad\u0131n Hastal\u0131klar\u0131 Hem\u015fireli\u011fi alan\u0131nda \u2018\u2019Uzman\u2019\u2019 unvan\u0131na da sahip olurlar.<\/p>\n<p><strong>\u00d6n Ba\u015fvuru:<\/strong>\u00a0Program hakk\u0131nda detayl\u0131 bilgi edinmek ve size \u00f6zel indirimli \u00fccret bilgisi almak i\u00e7in \u00f6n ba\u015fvuru formunu doldurman\u0131z yeterli olunuz.[\/vc_column_text][vc_btn title=&#8221;\u00d6n Ba\u015fvuru&#8221; style=&#8221;gradient&#8221; size=&#8221;lg&#8221; align=&#8221;center&#8221; link=&#8221;url:https%3A%2F%2Fdocs.google.com%2Fforms%2Fd%2F1hfJNgiil1XjBo7tA5jmZa6qIWbXCc-0vQkR4B_AToGc|title:Y%C3%BCksek%20Lisans%20%C3%96n%20Ba%C5%9Fvuru|target:_blank|rel:nofollow&#8221;][vc_empty_space][vc_column_text]<\/p>\n<p style=\"text-align: center;\"><span style=\"color: #000080;\">PROGRAM BA\u015eKANIMIZ ANLATIYOR<\/span><\/p>\n<p>[\/vc_column_text][vc_row_inner][vc_column_inner width=&#8221;1\/6&#8243;][\/vc_column_inner][vc_column_inner width=&#8221;2\/3&#8243;][vc_video link=&#8221;https:\/\/www.youtube.com\/watch?v=u3nw5opy6-k&#8221; el_width=&#8221;90&#8243; align=&#8221;center&#8221;][\/vc_column_inner][vc_column_inner width=&#8221;1\/6&#8243;][\/vc_column_inner][vc_column_inner][vc_empty_space][\/vc_column_inner][\/vc_row_inner][vc_row_inner][vc_column_inner width=&#8221;1\/6&#8243;][\/vc_column_inner][vc_column_inner width=&#8221;2\/3&#8243;][vc_column_text]<\/p>\n<p style=\"text-align: center;\"><span style=\"color: #000080;\">\u00d6\u011eRENC\u0130M\u0130Z ANLATIYOR<\/span><\/p>\n<p>[\/vc_column_text][vc_video link=&#8221;https:\/\/www.youtube.com\/watch?v=s6-ic74_AV8&#8243; el_width=&#8221;90&#8243; align=&#8221;center&#8221;][\/vc_column_inner][vc_column_inner width=&#8221;1\/6&#8243;][\/vc_column_inner][vc_column_inner][vc_empty_space][vc_column_text]<strong>PROGRAMIN \u0130\u00c7ER\u0130\u011e\u0130<\/strong><\/p>\n<p>Do\u011fum ve Kad\u0131n Hastal\u0131klar\u0131 Hem\u015fireli\u011fi, kad\u0131nlar\u0131n ya\u015fam d\u00f6ng\u00fcs\u00fc boyunca fiziksel, psikolojik ve sosyal y\u00f6nden sa\u011fl\u0131\u011f\u0131n\u0131 korumay\u0131, geli\u015ftirmeyi ve hastal\u0131k durumlar\u0131nda bak\u0131m<br \/>\nsa\u011flamay\u0131 ama\u00e7layan bir uzmanl\u0131k alan\u0131d\u0131r. Anne ve bebek \u00f6l\u00fcmlerinin azalt\u0131lmas\u0131, \u00fcreme sa\u011fl\u0131\u011f\u0131n\u0131n korunmas\u0131 ve sa\u011fl\u0131kl\u0131 nesillerin yeti\u015fmesi; bireysel, toplumsal ve k\u00fcresel d\u00fczeyde<br \/>\nb\u00fcy\u00fck \u00f6nem ta\u015f\u0131maktad\u0131r. Kocaeli Sa\u011fl\u0131k ve Teknoloji \u00dcniversitesi Do\u011fum ve Kad\u0131n Hastal\u0131klar\u0131 Hem\u015fireli\u011fi Y\u00fcksek Lisans Program\u0131, kad\u0131n sa\u011fl\u0131\u011f\u0131na y\u00f6nelik b\u00fct\u00fcnc\u00fcl bir bak\u0131\u015f a\u00e7\u0131s\u0131 kazand\u0131rmak; do\u011fum \u00f6ncesi, do\u011fum ve do\u011fum sonu d\u00f6nemlerde kan\u0131ta dayal\u0131 bak\u0131m uygulamalar\u0131 geli\u015ftirebilen, e\u011fitim, ara\u015ft\u0131rma ve liderlik becerilerine sahip uzman hem\u015fireler yeti\u015ftirmeyi hedeflemektedir. Program, \u00f6\u011frencilerine bilimsel ara\u015ft\u0131rma yapma yetkinli\u011fi kazand\u0131rarak, kad\u0131n sa\u011fl\u0131\u011f\u0131n\u0131n iyile\u015ftirilmesine ve hem\u015firelik mesle\u011finin geli\u015fimine katk\u0131 sa\u011flamay\u0131 ama\u00e7lamaktad\u0131r.<\/p>\n<p>&nbsp;<\/p>\n<p><strong>PROGRAMIN AMACI<\/strong><\/p>\n<p>Program\u0131n temel amac\u0131; kad\u0131n sa\u011fl\u0131\u011f\u0131, gebelik, do\u011fum ve do\u011fum sonu d\u00f6nemlerde bak\u0131m s\u00fcre\u00e7lerine y\u00f6nelik ileri d\u00fczey bilgiye sahip, ara\u015ft\u0131rma yapabilen, ele\u015ftirel d\u00fc\u015f\u00fcnebilen ve kan\u0131ta dayal\u0131 uygulamalar\u0131 benimseyen uzman hem\u015fireler yeti\u015ftirmektir.<br \/>\nBu kapsamda:<\/p>\n<ul>\n<li>Anne, bebek ve kad\u0131n sa\u011fl\u0131\u011f\u0131n\u0131 koruma ve geli\u015ftirme alanlar\u0131nda profesyonel rol \u00fcstlenebilen,<\/li>\n<li>Kad\u0131n sa\u011fl\u0131\u011f\u0131na ili\u015fkin g\u00fcncel bilimsel verileri klinik uygulamalara yans\u0131tabilen,<\/li>\n<li>Sa\u011fl\u0131k politikalar\u0131 ve toplumsal fark\u0131ndal\u0131k \u00e7al\u0131\u015fmalar\u0131na katk\u0131 sunabilen, akademik ve klinik alanlarda liderlik yapabilen uzmanlar yeti\u015ftirilmesi hedeflenmektedir.<\/li>\n<\/ul>\n<p>&nbsp;<\/p>\n<p><strong>PROGRAMIN SA\u011eLADI\u011eI OLANAKLAR<\/strong><\/p>\n<ul>\n<li>Mezunlar, do\u011fum ve kad\u0131n hastal\u0131klar\u0131 alan\u0131nda uzman hem\u015fire unvan\u0131 alarak sa\u011fl\u0131k kurumlar\u0131nda ileri d\u00fczey bak\u0131m hizmetlerinde g\u00f6rev alabilirler.<\/li>\n<li>Kamu kurumlar\u0131nda g\u00f6rev yapan hem\u015fireler i\u00e7in unvan ve derece y\u00fckselmesi avantaj\u0131 sa\u011flar. Kad\u0131n sa\u011fl\u0131\u011f\u0131, \u00fcreme sa\u011fl\u0131\u011f\u0131, do\u011fum \u00f6ncesi ve sonras\u0131 bak\u0131m alanlar\u0131nda e\u011fitim, dan\u0131\u015fmanl\u0131k ve ara\u015ft\u0131rma faaliyetlerinde uzmanla\u015fma olana\u011f\u0131 sunar. Tezli program mezunlar\u0131, akademik kariyerlerine doktora programlar\u0131yla devam edebilirler.<\/li>\n<li>Mezunlar; hastaneler, toplum sa\u011fl\u0131\u011f\u0131 merkezleri, \u00fcniversiteler, \u00f6zel klinikler ve ara\u015ft\u0131rma kurumlar\u0131nda y\u00f6netici, e\u011fitimci veya klinik uygulay\u0131c\u0131 olarak g\u00f6rev alabilirler.<\/li>\n<\/ul>\n<p>&nbsp;<\/p>\n<p><strong>PROGRAM HEDEFLER\u0130<\/strong><\/p>\n<p>1. Kocaeli Sa\u011fl\u0131k ve Teknoloji \u00dcniversitesi Do\u011fum ve Kad\u0131n Hastal\u0131klar\u0131 Hem\u015fireli\u011fi Y\u00fcksek Lisans Program\u0131, \u00f6\u011frencilerine kad\u0131n sa\u011fl\u0131\u011f\u0131, gebelik, do\u011fum ve do\u011fum sonu bak\u0131m alanlar\u0131nda ileri d\u00fczey bilgi ve beceri kazand\u0131rmay\u0131 hedefler.<br \/>\n2. Program, ara\u015ft\u0131rma y\u00f6ntemleri ve kan\u0131ta dayal\u0131 uygulamalar arac\u0131l\u0131\u011f\u0131yla \u00f6\u011frencilerin bilimsel d\u00fc\u015f\u00fcnme ve akademik \u00fcretkenlik yetkinliklerini geli\u015ftirmeyi ama\u00e7lar.<br \/>\n3. Kad\u0131n ve \u00fcreme sa\u011fl\u0131\u011f\u0131n\u0131n korunmas\u0131, geli\u015ftirilmesi ve toplumsal fark\u0131ndal\u0131\u011f\u0131n art\u0131r\u0131lmas\u0131na katk\u0131 sa\u011flayabilecek lider, ileti\u015fim becerileri g\u00fc\u00e7l\u00fc ve etik de\u011ferlere sahip uzman hem\u015fireler yeti\u015ftirmeyi hedefler.<\/p>\n<p>&nbsp;<\/p>\n<p><strong>M\u0130SYON<\/strong><\/p>\n<p>Kan\u0131ta dayal\u0131 bilgiyle donat\u0131lm\u0131\u015f, etik de\u011ferlere sahip uzman hem\u015fireler yeti\u015ftirmek, Kad\u0131n, anne ve yenido\u011fan sa\u011fl\u0131\u011f\u0131n\u0131n korunmas\u0131 ve geli\u015ftirilmesine y\u00f6nelik bilimsel ara\u015ft\u0131rmalar yapmak ve sonu\u00e7lar\u0131n\u0131 yayg\u0131nla\u015ft\u0131rmak, Sa\u011fl\u0131k kurumlar\u0131, akademi ve toplumla i\u015f birli\u011fi i\u00e7inde e\u011fitim, bak\u0131m ve dan\u0131\u015fmanl\u0131k hizmetleri arac\u0131l\u0131\u011f\u0131yla kad\u0131n sa\u011fl\u0131\u011f\u0131na katk\u0131 sa\u011flamak.<\/p>\n<p>&nbsp;<\/p>\n<p><strong>V\u0130ZYON\u00a0<\/strong><\/p>\n<p>Ulusal ve uluslararas\u0131 d\u00fczeyde kad\u0131n sa\u011fl\u0131\u011f\u0131, do\u011fum ve anne-bebek bak\u0131m\u0131 alanlar\u0131nda bilimsel bilgi \u00fcreten, yenilik\u00e7i uygulamalar\u0131yla sa\u011fl\u0131k hizmetlerine y\u00f6n veren, sayg\u0131n ve \u00f6nc\u00fc bir y\u00fcksek lisans program\u0131 olmak.<\/p>\n<p><strong>BEKLENEN \u00d6\u011eRENME \u00c7IKTILARI<\/strong><\/p>\n<p>1. Hem\u015firelik lisans d\u00fczeyi yeterliliklerine dayal\u0131 olarak kad\u0131n\u0131n \u00fcreme sa\u011fl\u0131\u011f\u0131 alan\u0131nda uzmanl\u0131k d\u00fczeyinde g\u00fcncel bilgiye sahiptir, bilgiyi geli\u015ftirir ve derinle\u015ftirir.<br \/>\n2. Kad\u0131n\u0131n \u00fcreme\/cinsel sa\u011fl\u0131\u011f\u0131 ile ilgili bilimsel bir makaleyi okuyup de\u011ferlendirebilecek d\u00fczeyde ara\u015ft\u0131rma bilgisine sahiptir ve kan\u0131ta dayal\u0131 uygulamalar\u0131 takip eder.<br \/>\n3. Kad\u0131n\u0131n \u00fcreme\/cinsel sa\u011fl\u0131\u011f\u0131 alan\u0131na \u00f6zg\u00fc bilimsel bilgi \u00fcretme sorumlulu\u011funu alarak ara\u015ft\u0131rma yapar.<br \/>\n4. Kad\u0131n\u0131n \u00fcreme\/cinsel sa\u011fl\u0131\u011f\u0131n\u0131 koruma ve geli\u015ftirmeye y\u00f6nelik e\u011fitim ve dan\u0131\u015fmanl\u0131k hizmetlerinde etkin rol al\u0131r.<br \/>\n5. Kad\u0131n\u0131n \u00fcreme\/cinsel sa\u011fl\u0131\u011f\u0131 ile ilgili disiplinler aras\u0131ndaki etkile\u015fimi ve ekip anlay\u0131\u015f\u0131n\u0131 kavrar ve kullan\u0131r.<br \/>\n6. Kad\u0131n\u0131n \u00fcreme\/cinsel sa\u011fl\u0131\u011f\u0131n\u0131 koruyucu, y\u00fckseltici, tedavi ve rehabilite edici, birey merkezli hem\u015firelik bak\u0131m\u0131n\u0131 kapsaml\u0131 olarak planlar ve uygular.<br \/>\n7. Kad\u0131n\u0131n \u00fcreme\/cinsel sa\u011fl\u0131\u011f\u0131 ile ilgili konular\u0131 ele\u015ftirel bak\u0131\u015f a\u00e7\u0131s\u0131 ile de\u011ferlendirerek, sorun alanlar\u0131n\u0131 belirler ve \u00e7\u00f6z\u00fcm \u00f6nerileri geli\u015ftirir.<br \/>\n8. Kad\u0131n\u0131n \u00fcreme\/cinsel sa\u011fl\u0131\u011f\u0131na y\u00f6nelik bak\u0131m\u0131n\u0131n kalitesini geli\u015ftirmek i\u00e7in liderlik eder.<br \/>\n9. Kad\u0131n\u0131n \u00fcreme\/cinsel sa\u011fl\u0131\u011f\u0131 ile ilgili mevzuata (yasa, y\u00f6netmelik, y\u00f6nerge) ve mesleki etik de\u011ferlere uygun hareket eder.<br \/>\n10. Kad\u0131n\u0131n \u00fcreme\/cinsel sa\u011fl\u0131\u011f\u0131 ile ilgili konular\u0131nda bir makaleyi ulusal ya da uluslararas\u0131 kongrelerde sunar ve bir dergide yay\u0131nlar.<\/p>\n<p>&nbsp;<\/p>\n<p><strong>K\u0130MLER BA\u015eVURAB\u0130L\u0130R ?<\/strong><\/p>\n<ul>\n<li>Hem\u015firelik, ebelik veya sa\u011fl\u0131k bilimleri alanlar\u0131ndan lisans mezunu olan adaylar,<\/li>\n<li>Do\u011fum ve kad\u0131n hastal\u0131klar\u0131 alan\u0131nda uzmanla\u015fmak, klinik veya akademik kariyer hedefleyen sa\u011fl\u0131k profesyonelleri,<\/li>\n<li>Kad\u0131n sa\u011fl\u0131\u011f\u0131, do\u011fum ve yenido\u011fan bak\u0131m\u0131 alanlar\u0131nda ara\u015ft\u0131rma yapmak, e\u011fitim ve dan\u0131\u015fmanl\u0131k faaliyetlerinde yer almak isteyen bireyler.<\/li>\n<\/ul>\n<p>&nbsp;<\/p>\n<p><strong>KAYIT ve KABUL \u0130\u00c7\u0130N BA\u015eVURU BELGELER\u0130<\/strong><\/p>\n<p><strong>Tezli program<\/strong>: 2 y\u0131l (4 yar\u0131y\u0131l)<\/p>\n<ul>\n<li>Lisans diplomas\u0131<\/li>\n<li>Not \u00e7izelgesi (transkript),<\/li>\n<li>Vesikal\u0131k foto\u011fraf (4,5 x 6 cm.),<\/li>\n<li>Erkek adaylar i\u00e7in askerlik durum belgesi,<\/li>\n<li>Tezli Y\u00fcksek Lisans Program\u0131 i\u00e7in ALES belgesi, (ALES Sonu\u00e7 belgesi ge\u00e7erlilik s\u00fcresi 5 y\u0131ld\u0131r),<br \/>\n(ALES taban puan\u0131na kar\u015f\u0131l\u0131k Y\u00fcksek\u00f6\u011fretim Kurulu taraf\u0131ndan belirlenen GMAT veya GRE belgesi)<\/li>\n<li>Tezsiz Y\u00fcksek Lisans Program\u0131 i\u00e7in ALES belgesi gerekli de\u011fildir.<\/li>\n<\/ul>\n<p>&nbsp;<\/p>\n<p><strong>YURT DI\u015eI KONTENJAN \u0130\u00c7\u0130N \u0130STENEN BELGELER<\/strong><\/p>\n<ul>\n<li>Lisans diplomas\u0131 (Konsolosluk veya apostil onay\u0131 al\u0131nm\u0131\u015f ve terc\u00fcme edilmi\u015f)<\/li>\n<li>Not \u00e7izelgesi (Konsolosluk veya apostil onay\u0131 al\u0131nm\u0131\u015f ve terc\u00fcme edilmi\u015f),<\/li>\n<li>Pasaport- \u00d6\u011frenim me\u015fruhatl\u0131 giri\u015f vizeli pasaport \u00f6rne\u011fi,<\/li>\n<li>T\u00fcrk\u00e7e Yeterlik Belgesi<\/li>\n<li>3 adet foto\u011fraf<\/li>\n<\/ul>\n<p>&nbsp;<\/p>\n<p><strong>MEZUN\u0130YET KO\u015eULLARI<\/strong><\/p>\n<p><strong>Tezli program<\/strong>: Toplam 120 AKTS, Seminer ve Tez \u00e7al\u0131\u015fmas\u0131<\/p>\n<p>&nbsp;<\/p>\n<p><strong>\u00d6RNEK DERSLER\u00a0<\/strong><\/p>\n<ol>\n<li>Kad\u0131n Hastal\u0131klar\u0131 Hem\u015fireli\u011fi I<\/li>\n<li>Kad\u0131n Hastal\u0131klar\u0131 Hem\u015fireli\u011fi II<\/li>\n<li>Perinatoloji Hem\u015fireli\u011fi I<\/li>\n<li>Perinatoloji Hem\u015fireli\u011fi II<\/li>\n<li>Ara\u015ft\u0131rma Y\u00f6ntemleri ve Yay\u0131n Eti\u011fi<\/li>\n<li>SEM\u0130NER<\/li>\n<li>PROJE<\/li>\n<li>TEZ<\/li>\n<li>Fizyopatoloji I<\/li>\n<li>Literat\u00fcr Tarama ve Makale De\u011ferlendirme<\/li>\n<li>Temel Biyoistatistik<\/li>\n<li>Fizyopatoloji II<\/li>\n<li>Aile Sa\u011fl\u0131\u011f\u0131<\/li>\n<li>Do\u011fum ve Kad\u0131n Sa\u011fl\u0131\u011f\u0131nda Genetik<\/li>\n<li>Ana \u00c7ocuk Sa\u011fl\u0131\u011f\u0131 Hem\u015fireli\u011finde \u0130novatif \u00d6\u011fretim Y\u00f6ntemleri<\/li>\n<li>\u0130nfertilite ve Yard\u0131mc\u0131 \u00dcreme Teknikleri Hem\u015fireli\u011fi<\/li>\n<li>\u00dcrojinekoloji Hem\u015fireli\u011fi<\/li>\n<li>Jinekolojiik Onkoloji Hem\u015fireli\u011fi<\/li>\n<li>Nitel Ara\u015ft\u0131rma<\/li>\n<li>Toplumsal Cinsiyet<\/li>\n<li>B\u00fcy\u00fcme ve Geli\u015fme<\/li>\n<li>Ana \u00c7ocuk Sa\u011fl\u0131\u011f\u0131nda Transk\u00fclt\u00fcrel Hem\u015firelik<\/li>\n<li>Kad\u0131n ve Liderlik<\/li>\n<li>Aile Planlamas\u0131 ve Dan\u0131\u015fmanl\u0131k Hizmetleri<\/li>\n<li>Sa\u011fl\u0131kta Giri\u015fimcilik ve \u0130novasyon<\/li>\n<li>Palyatif Bak\u0131m<\/li>\n<li>Yo\u011fun Bak\u0131m Hem\u015fireli\u011fi<\/li>\n<li>Kad\u0131n Ruh Sa\u011fl\u0131\u011f\u0131<\/li>\n<li>Acil ve Travma Hem\u015fireli\u011fi<\/li>\n<li>Cinsel Sa\u011fl\u0131k<\/li>\n<li>Sa\u011fl\u0131\u011f\u0131n Geli\u015ftirilmesi<\/li>\n<li>Holistik Yakla\u015f\u0131m ve Tamamlay\u0131c\u0131 Tedaviler<\/li>\n<li>Sa\u011fl\u0131k Ko\u00e7lu\u011fu<\/li>\n<li>Sa\u011fl\u0131kta \u0130leti\u015fim<\/li>\n<\/ol>\n<p>&nbsp;<\/p>\n<p><strong>AKADEM\u0130K KADRO<\/strong><\/p>\n<p><strong>Anabilim Dal\u0131 Ba\u015fkan\u0131: <\/strong><a href=\"https:\/\/kocaelisaglik.edu.tr\/saglik\/ayse-eminov\/\">Dr. \u00d6\u011fr. \u00dcyesi Ay\u015fe EM\u0130NOV<\/a><\/p>\n<p><a href=\"https:\/\/kocaelisaglik.edu.tr\/saglik\/yurdanur-dikmen\/\">Prof. Dr. Yurdanur D\u0130KMEN<\/a><\/p>\n<p><a href=\"https:\/\/kocaelisaglik.edu.tr\/suna-uysal-yalcin\/\"> Dr. \u00d6\u011fr.\u00a0 \u00dcyesi Suna UYSAL YAL\u00c7IN<\/a><\/p>\n<p><a href=\"https:\/\/kocaelisaglik.edu.tr\/saglik\/aysel-incedere\/\">Dr. \u00d6\u011fr. \u00dcyesi Aysel \u0130NCEDERE<\/a><\/p>\n<p><a href=\"#\">Dr. \u00d6\u011fr. \u00dcyesi Nida EFET\u00dcRK<\/a><\/p>\n<p>&nbsp;<\/p>\n<p><strong>ARA\u015eTIRMA VE TEZ OLANAKLARI<\/strong><\/p>\n<p>Tezli program, bilimsel ara\u015ft\u0131rma yapma ve doktora e\u011fitimine ge\u00e7i\u015f olana\u011f\u0131 sunar. Tezsiz program ise uygulamaya ve proje geli\u015ftirmeye y\u00f6nelik, kan\u0131ta dayal\u0131 bir yap\u0131ya sahiptir.<br \/>\n\u00d6\u011frenciler; kad\u0131n sa\u011fl\u0131\u011f\u0131, do\u011fum, yenido\u011fan ve \u00fcreme sa\u011fl\u0131\u011f\u0131 alanlar\u0131nda disiplinler aras\u0131 ara\u015ft\u0131rmalara kat\u0131larak bilimsel yay\u0131nlar, proje \u00e7al\u0131\u015fmalar\u0131 ve saha uygulamalar\u0131 ger\u00e7ekle\u015ftirme f\u0131rsat\u0131 bulurlar.<\/p>\n<p>&nbsp;<\/p>\n<p><strong>KAR\u0130YER OLANAKLARI<\/strong><\/p>\n<ul>\n<li>Kad\u0131n do\u011fum servisleri, do\u011fumhaneler, y\u00fcksek riskli gebelik (perinatoloji) ve jinekoloji kliniklerinde uzman hem\u015fire olarak g\u00f6rev alabilirler.<\/li>\n<li>Yenido\u011fan yo\u011fun bak\u0131m, infertilite, aile planlamas\u0131, menopoz ve \u00fcreme sa\u011fl\u0131\u011f\u0131 merkezlerinde sorumlu hem\u015fire pozisyonlar\u0131nda \u00e7al\u0131\u015fabilirler.<\/li>\n<li>Tezli program mezunlar\u0131, Kad\u0131n Sa\u011fl\u0131\u011f\u0131 ve Hastal\u0131klar\u0131 Hem\u015fireli\u011fi Doktora Program\u0131na devam ederek akademik kariyerlerini s\u00fcrd\u00fcrebilirler.<\/li>\n<li>Sa\u011fl\u0131k kurumlar\u0131nda hem\u015firelik hizmetleri y\u00f6neticisi, klinik e\u011fitim hem\u015firesi veya do\u011fumhane koordinat\u00f6r\u00fc olarak g\u00f6rev alabilirler.<\/li>\n<li>\u00dcreme sa\u011fl\u0131\u011f\u0131, anne-bebek sa\u011fl\u0131\u011f\u0131 ve kad\u0131n sa\u011fl\u0131\u011f\u0131 politikalar\u0131 \u00fczerine \u00e7al\u0131\u015fan kamu kurumlar\u0131 (Sa\u011fl\u0131k Bakanl\u0131\u011f\u0131, \u0130l Sa\u011fl\u0131k M\u00fcd\u00fcrl\u00fckleri vb.) veya STK\u2019larda dan\u0131\u015fmanl\u0131k ve proje y\u00fcr\u00fct\u00fcc\u00fcl\u00fc\u011f\u00fc yapabilirler.<\/li>\n<\/ul>\n<p>&nbsp;<\/p>\n<p><strong>BA\u015eVURU S\u00dcREC\u0130<\/strong><\/p>\n<p>1. Enstit\u00fc ba\u015fvuru duyurusu yay\u0131mland\u0131\u011f\u0131nda gerekli belgelerle ba\u015fvuru yap\u0131l\u0131r.<br \/>\n2. \u00d6n de\u011ferlendirme, m\u00fclakat veya s\u0131nav s\u00fcre\u00e7leri enstit\u00fc takvimine g\u00f6re y\u00fcr\u00fct\u00fcl\u00fcr.<br \/>\n3. Kay\u0131t ve ders se\u00e7imi, enstit\u00fc y\u00f6nergesine uygun \u015fekilde tamamlan\u0131r.<br \/>\n(Detayl\u0131 bilgiler i\u00e7in enstit\u00fc duyurular\u0131n\u0131 takip ediniz.)<\/p>\n<p>&nbsp;<\/p>\n<p><strong>NEDEN KOCAEL\u0130 SA\u011eLIK VE TEKNOLOJ\u0130 \u00dcN\u0130VERS\u0130TES\u0130 ?<\/strong><\/p>\n<ul>\n<li>Sa\u011fl\u0131k bilimleri ve teknoloji alan\u0131nda uzmanla\u015fm\u0131\u015f fak\u00fclteleri sayesinde disiplinleraras\u0131 i\u015f birli\u011fi ve yenilik\u00e7i \u00f6\u011frenme ortam\u0131,<\/li>\n<li>Klinik uygulama ve saha temelli e\u011fitim yakla\u015f\u0131m\u0131 ile teori ve prati\u011fi bir arada sunan g\u00fc\u00e7l\u00fc akademik yap\u0131,<\/li>\n<li>Kocaeli\u2019nin geli\u015fmi\u015f sa\u011fl\u0131k kurumlar\u0131, do\u011fum klinikleri ve toplum sa\u011fl\u0131\u011f\u0131 merkezleriyle yap\u0131lan protokoller sayesinde zengin staj ve uygulama olanaklar\u0131,<\/li>\n<li>Kad\u0131n sa\u011fl\u0131\u011f\u0131, do\u011fum ve yenido\u011fan bak\u0131m\u0131na odaklanan deneyimli akademik kadro,<\/li>\n<li>\u00d6\u011frencilere bilimsel ara\u015ft\u0131rma, proje geli\u015ftirme ve akademik ilerleme f\u0131rsatlar\u0131 sunan destekleyici \u00fcniversite ortam\u0131.<\/li>\n<\/ul>\n<p>&nbsp;<\/p>\n<p style=\"text-align: justify; line-height: 18.0pt; margin: 0cm 0cm 11.25pt 0cm;\"><b>PROGRAM \u00dcCRETLER\u0130<\/b><\/p>\n<p style=\"text-align: justify; line-height: 18.0pt; margin: 0cm 0cm 11.25pt 0cm;\">Size \u00f6zel indirimli program \u00fccreti bilgisini almak, detayl\u0131 bilgi edinmek ve arzu ederseniz kay\u0131t i\u015flemlerinin ba\u015flayabilmesi i\u00e7in <a href=\"https:\/\/docs.google.com\/forms\/d\/1hfJNgiil1XjBo7tA5jmZa6qIWbXCc-0vQkR4B_AToGc\"><span style=\"color: red;\">\u00d6n Ba\u015fvuru Formu<\/span><\/a>\u00a0doldurman\u0131z yeterlidir.<\/p>\n<p>[\/vc_column_text][vc_column_text]<strong>\u0130LET\u0130\u015e\u0130M<\/strong><\/p>\n<p><strong>Akademik Bilgi Edinme : <\/strong><a href=\"https:\/\/kocaelisaglik.edu.tr\/saglik\/ayse-eminov\/\">Dr. \u00d6\u011fr. \u00dcyesi Ay\u015fe EM\u0130NOV<\/a>\u00a0 \u00a0&#8211; <a href=\"mailto:ayse.eminov@kocaelisaglik.edu.tr\">ayse.eminov@kocaelisaglik.edu.tr<\/a><\/p>\n<p>&nbsp;<\/p>\n<p><strong>\u0130dari Konularda Bilgi Edinme<\/strong><\/p>\n<p>Enstit\u00fc \u0130dari \u0130leti\u015fim\u00a0 \u00a0 \u00a0 \u00a0 \u00a0 \u00a0 \u00a0 : P\u0131nar KO\u00c7KAN (<a href=\"mailto:pinar.kockan@kocaelisaglik.edu.tr\" target=\"_blank\" rel=\"noopener\">pinar.kockan@kocaelisaglik.<wbr \/>edu.tr<\/a>)(0533 043 62 09)[\/vc_column_text][\/vc_column_inner][\/vc_row_inner][\/vc_tta_section][vc_tta_section i_icon_fontawesome=&#8221;fas fa-book-open&#8221; add_icon=&#8221;true&#8221; title=&#8221;Haftal\u0131k Ders Program\u0131&#8221; tab_id=&#8221;1642661062461-8d2eedd9-6862&#8243;][vc_column_text]<a href=\"https:\/\/kocaelisaglik.edu.tr\/wp-content\/uploads\/2026\/02\/dogum_ve_kadin_hastaliklari_hemsireligi_yl_ders_programi_16_02.pdf\" class=\"pdfemb-viewer\" style=\"\" data-width=\"max\" data-height=\"max\" data-mobile-width=\"500\"  data-scrollbar=\"vertical\" data-download=\"on\" data-newwindow=\"off\" data-pagetextbox=\"off\" data-scrolltotop=\"off\" data-startzoom=\"100\" data-startfpzoom=\"100\" data-toolbar=\"top\" data-toolbar-fixed=\"off\">dogum_ve_kadin_hastaliklari_hemsireligi_yl_ders_programi_16_02<br\/><\/a>[\/vc_column_text][\/vc_tta_section][vc_tta_section i_icon_fontawesome=&#8221;fas fa-user-tag&#8221; add_icon=&#8221;true&#8221; title=&#8221;Ders Plan\u0131&#8221; tab_id=&#8221;1642661061910-7a1a92d0-288e&#8221;][vc_column_text]\n<!-- iframe plugin v.4.9 wordpress.org\/plugins\/iframe\/ -->\n<iframe loading=\"lazy\" src=\"https:\/\/ebs.kocaelisaglik.edu.tr\/Pages\/CoursePlan.aspx?lang=tr-TR&#038;academicYear=2025&#038;facultyId=4&#038;programId=5&#038;menuType=unit\" width=\"1600\" height=\"900\" allow=\"fullscreen\" scrolling=\"yes\" class=\"iframe-class\" frameborder=\"0\"><\/iframe>\n[\/vc_column_text][\/vc_tta_section][\/vc_tta_tabs][\/vc_column][\/vc_row]<\/p>\n<\/div>","protected":false},"excerpt":{"rendered":"<p>[vc_row][vc_column][vc_tta_tabs][vc_tta_section title=&#8221;Program Hakk\u0131nda&#8221; tab_id=&#8221;1704452958294-8a3dd921-3c90&#8243;][vc_column_text]Program Ad\u0131:\u00a0Do\u011fum ve Kad\u0131n Hastal\u0131klar\u0131 Hem\u015fireli\u011fi Program T\u00fcr\u00fc: Tezli Program D\u00fczeyi: Y\u00fcksek Lisans Program Dili:\u00a0T\u00fcrk\u00e7e Kazan\u0131lan Derece: Program\u0131 ba\u015far\u0131yla tamamlayan \u00f6\u011frencilerimiz \u2018\u2019Y\u00fcksek Lisans\u2019\u2019 derecesi almaya hak kazan\u0131rlar. Bununla birlikte Do\u011fum ve Kad\u0131n Hastal\u0131klar\u0131 Hem\u015fireli\u011fi alan\u0131nda \u2018\u2019Uzman\u2019\u2019 unvan\u0131na &hellip; <\/p>\n","protected":false},"author":11,"featured_media":0,"parent":0,"menu_order":0,"comment_status":"closed","ping_status":"closed","template":"","meta":{"footnotes":""},"_links":{"self":[{"href":"https:\/\/kocaelisaglik.edu.tr\/enstitu\/wp-json\/wp\/v2\/pages\/7319"}],"collection":[{"href":"https:\/\/kocaelisaglik.edu.tr\/enstitu\/wp-json\/wp\/v2\/pages"}],"about":[{"href":"https:\/\/kocaelisaglik.edu.tr\/enstitu\/wp-json\/wp\/v2\/types\/page"}],"author":[{"embeddable":true,"href":"https:\/\/kocaelisaglik.edu.tr\/enstitu\/wp-json\/wp\/v2\/users\/11"}],"replies":[{"embeddable":true,"href":"https:\/\/kocaelisaglik.edu.tr\/enstitu\/wp-json\/wp\/v2\/comments?post=7319"}],"version-history":[{"count":37,"href":"https:\/\/kocaelisaglik.edu.tr\/enstitu\/wp-json\/wp\/v2\/pages\/7319\/revisions"}],"predecessor-version":[{"id":9076,"href":"https:\/\/kocaelisaglik.edu.tr\/enstitu\/wp-json\/wp\/v2\/pages\/7319\/revisions\/9076"}],"wp:attachment":[{"href":"https:\/\/kocaelisaglik.edu.tr\/enstitu\/wp-json\/wp\/v2\/media?parent=7319"}],"curies":[{"name":"wp","href":"https:\/\/api.w.org\/{rel}","templated":true}]}}