{"id":7273,"date":"2022-01-09T13:52:32","date_gmt":"2022-01-09T10:52:32","guid":{"rendered":"https:\/\/kocaelisaglik.edu.tr\/enstitu\/?page_id=7273"},"modified":"2026-03-27T15:02:50","modified_gmt":"2026-03-27T12:02:50","slug":"fizyoterapi-ve-rehabilitasyon-yuksek-lisans-programi","status":"publish","type":"page","link":"https:\/\/kocaelisaglik.edu.tr\/enstitu\/fizyoterapi-ve-rehabilitasyon-yuksek-lisans-programi\/","title":{"rendered":"Fizyoterapi ve Rehabilitasyon <br\/>Tezli Y\u00fcksek Lisans Program\u0131"},"content":{"rendered":"<div class=\"wpb-content-wrapper\"><p>[vc_row][vc_column][vc_tta_tabs color=&#8221;turquoise&#8221; alignment=&#8221;center&#8221; active_section=&#8221;1&#8243;][vc_tta_section title=&#8221;Program Hakk\u0131nda&#8221; tab_id=&#8221;1704454750614-95635a7d-6846&#8243;][vc_column_text]<strong>Program Ad\u0131<\/strong>:\u00a0Fizyoterapi ve Rehabilitasyon<\/p>\n<p><strong>Program T\u00fcr\u00fc<\/strong>: Tezli<\/p>\n<p><strong>Program D\u00fczeyi<\/strong>: Y\u00fcksek Lisans<\/p>\n<p><strong>Program Dili<\/strong>:\u00a0T\u00fcrk\u00e7e<\/p>\n<p><strong>Kazan\u0131lan Derece<\/strong>: Program\u0131 ba\u015far\u0131yla tamamlayan \u00f6\u011frencilerimiz \u2018\u2019Y\u00fcksek Lisans\u2019\u2019 derecesi almaya hak kazan\u0131rlar. Bununla birlikte \u00e7al\u0131\u015fma alanlar\u0131na g\u00f6re \u2018\u2019Uzman\u2019\u2019 unvan\u0131na da sahip olurlar.<\/p>\n<p><strong>\u00d6n Ba\u015fvuru<\/strong>:\u00a0Program hakk\u0131nda detayl\u0131 bilgi edinmek ve size \u00f6zel indirimli \u00fccret bilgisi almak i\u00e7in \u00f6n ba\u015fvuru formunu doldurman\u0131z yeterli olunuz.[\/vc_column_text][vc_btn title=&#8221;\u00d6n Ba\u015fvuru&#8221; style=&#8221;gradient&#8221; size=&#8221;lg&#8221; align=&#8221;center&#8221; link=&#8221;url:https%3A%2F%2Fdocs.google.com%2Fforms%2Fd%2F1hfJNgiil1XjBo7tA5jmZa6qIWbXCc-0vQkR4B_AToGc|title:Y%C3%BCksek%20Lisans%20%C3%96n%20Ba%C5%9Fvuru|target:_blank|rel:nofollow&#8221;][vc_empty_space][vc_row_inner][vc_column_inner width=&#8221;1\/4&#8243;][\/vc_column_inner][vc_column_inner width=&#8221;1\/2&#8243;][vc_video link=&#8221;https:\/\/www.youtube.com\/watch?v=jENiZTbI73M&#8221; el_width=&#8221;90&#8243; align=&#8221;center&#8221;][vc_column_text]<\/p>\n<p style=\"text-align: center;\"><span style=\"color: #000080;\">PROGRAM BA\u015eKANIMIZ ANLATIYOR<\/span><\/p>\n<p>[\/vc_column_text][\/vc_column_inner][vc_column_inner width=&#8221;1\/4&#8243;][\/vc_column_inner][vc_column_inner][vc_column_text]<strong>PROGRAMIN AMACI<\/strong><\/p>\n<p>Fizyoterapi ve Rehabilitasyon hareket ve fonksiyonel yetersizliklere yol a\u00e7an hastal\u0131klar\u0131n \u00f6nlenmesi, hastal\u0131k varl\u0131\u011f\u0131nda sa\u011fl\u0131\u011f\u0131n iyile\u015ftirilmesi, ya\u015fam kalitesinin artt\u0131r\u0131lmas\u0131, sa\u011fl\u0131kl\u0131 bireylerin koruyucu sa\u011fl\u0131k uygulamalar\u0131n\u0131 ger\u00e7ekle\u015ftiren bir bilim dal\u0131d\u0131r.<\/p>\n<p>Bu program\u0131n hedefi; Fizyoterapi ve rehabilitasyona \u00f6zelle\u015fmi\u015f alanlarda klinik ve akademik \u00e7al\u0131\u015fmalar\u0131n\u0131 uzmanl\u0131k d\u00fczeyinde y\u00fcr\u00fctebilen ve geli\u015ftirebilen, klinik problem \u00e7\u00f6zme becerisine sahip, kan\u0131ta dayal\u0131 uygulamalar yapan, bili\u015fim ve teknolojiyi etkin kullanabilen, etik prensiplere ba\u011fl\u0131, insan haklar\u0131na sayg\u0131l\u0131, ya\u015fam boyu \u00f6\u011frenme, \u00f6\u011fretme ve ileti\u015fim becerilerine sahip fizyoterapistler yeti\u015ftirmektir.<\/p>\n<p>Fizyoterapi ve rehabilitasyon bilim uzmanl\u0131\u011f\u0131 program\u0131 mezunlar\u0131; toplumu destekleyip, y\u00f6nlendirebilmekte, fiziksel aktiviteye kat\u0131l\u0131m\u0131 desteklemede, fonksiyonlar\u0131 iyile\u015ftirerek ya\u015fam kalitesini y\u00fckseltmede rol al\u0131rlar. Programdan mezun olan fizyoterapistler; meslek hayatlar\u0131na uzman fizyoterapist olarak devam ederler.<\/p>\n<p>Y\u00fcksek lisans mezunlar\u0131, ara\u015ft\u0131rma ve geli\u015ftirme bilgi ve becerilerine sahip olarak fizyoterapi ve rehabilitasyonun ilgi alanlar\u0131\u00a0\u00a0 geni\u015f bir istihdam imk\u00e2nlar\u0131na sahiptirler.\u00a0 Ayn\u0131 zamanda, yurt i\u00e7inde veya yurt d\u0131\u015f\u0131nda \u00e7e\u015fitli \u00fcniversitelerde, ara\u015ft\u0131rma birimlerinde \u00e7al\u0131\u015fmalar\u0131na devam edebilirler, doktora program\u0131na ba\u015fvurabilirler.<\/p>\n<p><strong>PROGRAMIN \u0130\u00c7ER\u0130\u011e\u0130<\/strong><\/p>\n<p><strong>Tezli Program (Program toplam kredi ders y\u00fck\u00fc\/y\u00fcksek lisans tezi\/ kredisiz bitirme projesi belirtilecektir.)<\/strong><\/p>\n<p>&nbsp;<\/p>\n<p><strong>KAYIT VE KABUL KO\u015eULLARI<\/strong><\/p>\n<ol>\n<li>Sa\u011fl\u0131k Bilimleri Fak\u00fcltesi\/Y\u00fcksekokulu Fizyoterapi ve Rehabilitasyon b\u00f6l\u00fcm\u00fc lisans program\u0131 mezunu olmak.<\/li>\n<li>Tezli Y\u00fcksek Lisans Program\u0131na yap\u0131lacak ba\u015fvurularda en az 55 ALES(SAY) puan\u0131na sahip olmak.<\/li>\n<\/ol>\n<p>&nbsp;<\/p>\n<p><strong>KAYIT ve KABUL \u0130\u00c7\u0130N BA\u015eVURU BELGELER\u0130<\/strong><\/p>\n<ol>\n<li>Lisans diplomas\u0131<\/li>\n<li>Not \u00e7izelgesi (transkript),<\/li>\n<li>Vesikal\u0131k foto\u011fraf (4,5 x 6 cm.),<\/li>\n<li>Erkek adaylar i\u00e7in askerlik durum belgesi,<\/li>\n<li>Tezli Y\u00fcksek Lisans Program\u0131 i\u00e7in ALES belgesi, (ALES Sonu\u00e7 belgesi ge\u00e7erlilik s\u00fcresi 5 y\u0131ld\u0131r),<br \/>\n(ALES taban puan\u0131na kar\u015f\u0131l\u0131k Y\u00fcksek\u00f6\u011fretim Kurulu taraf\u0131ndan belirlenen GMAT veya GRE belgesi)<\/li>\n<li>Tezsiz Y\u00fcksek Lisans Program\u0131 i\u00e7in ALES belgesi gerekli de\u011fildir.<\/li>\n<\/ol>\n<p>&nbsp;<\/p>\n<p><strong>\u00a0<\/strong><\/p>\n<p><strong>YURT DI\u015eI KONTENJAN \u0130\u00c7\u0130N \u0130STENEN BELGELER<\/strong><\/p>\n<ol>\n<li>Lisans diplomas\u0131 (Konsolosluk veya apostil onay\u0131 al\u0131nm\u0131\u015f ve terc\u00fcme edilmi\u015f)<\/li>\n<li>Not \u00e7izelgesi (Konsolosluk veya apostil onay\u0131 al\u0131nm\u0131\u015f ve terc\u00fcme edilmi\u015f),<\/li>\n<li>Pasaport- \u00d6\u011frenim me\u015fruhatl\u0131 giri\u015f vizeli pasaport \u00f6rne\u011fi,<\/li>\n<li>T\u00fcrk\u00e7e Yeterlik Belgesi<\/li>\n<li>3 adet foto\u011fraf<\/li>\n<\/ol>\n<p>&nbsp;<\/p>\n<p><strong>MEZUN\u0130YET KO\u015eULLARI<\/strong><\/p>\n<ol>\n<li>Tezli y\u00fcksek lisans program\u0131nda; toplam 21 kredi, 120 AKTS\u2019den az olmamak ko\u015fuluyla seminer dersi dahil en az 8 saat dersi ve y\u00fcksek lisans tezini ba\u015far\u0131 ile tamamlamak.<\/li>\n<li>Tezsiz y\u00fcksek lisans program\u0131nda; toplam 30 krediden ve 90 AKTS\u2019den az olmamak ko\u015fuluyla en az 10 dersi ve d\u00f6nem projesini ba\u015far\u0131 ile tamamlamak.<\/li>\n<\/ol>\n<p>&nbsp;<\/p>\n<p><strong>AKADEM\u0130K KADRO<\/strong><\/p>\n<p><strong>Ana Bilim Dal\u0131 Ba\u015fkan\u0131<\/strong>\u00a0 : <a href=\"https:\/\/kocaelisaglik.edu.tr\/gonul-ertunc-gulcelik\/\">Dr. \u00d6\u011fr. \u00dcyesi G\u00f6n\u00fcl ERTUN\u00c7 G\u00dcL\u00c7EL\u0130K\u00a0\u00a0<\/a><\/p>\n<p><a href=\"https:\/\/kocaelisaglik.edu.tr\/alim-nuraydin\/\">Dr. \u00d6\u011fr. \u00dcyesi Alim NURAYDIN<\/a><\/p>\n<p>&nbsp;<\/p>\n<p style=\"text-align: justify; line-height: 18.0pt; margin: 0cm 0cm 11.25pt 0cm;\"><b>PROGRAM \u00dcCRETLER\u0130<\/b><\/p>\n<p style=\"text-align: justify; line-height: 18.0pt; margin: 0cm 0cm 11.25pt 0cm;\">Size \u00f6zel indirimli program \u00fccreti bilgisini almak, detayl\u0131 bilgi edinmek ve arzu ederseniz kay\u0131t i\u015flemlerinin ba\u015flayabilmesi i\u00e7in <a href=\"https:\/\/docs.google.com\/forms\/d\/1hfJNgiil1XjBo7tA5jmZa6qIWbXCc-0vQkR4B_AToGc\"><span style=\"color: red;\">\u00d6n Ba\u015fvuru Formu<\/span><\/a>\u00a0doldurman\u0131z yeterlidir.<\/p>\n<p>&nbsp;<\/p>\n<p><strong>\u0130LET\u0130\u015e\u0130M<\/strong><\/p>\n<p><strong>Akademik Bilgi Edinme<\/strong><\/p>\n<p>(Anabilim Dal\u0131 Ba\u015fkan\u0131) mail adresi<\/p>\n<p>(Programdan Sorumlu Ara\u015ft\u0131rma G\u00f6revlisi) mail adresi<\/p>\n<p>&nbsp;<\/p>\n<p><strong>\u0130dari Konularda Bilgi Edinme<\/strong><\/p>\n<p>Enstit\u00fc \u0130dari \u0130leti\u015fim\u00a0 \u00a0 \u00a0 \u00a0 \u00a0 \u00a0 \u00a0: P\u0131nar KO\u00c7KAN (<a href=\"mailto:pinar.kockan@kocaelisaglik.edu.tr\">pinar.kockan@kocaelisaglik.edu.tr<\/a>)(0533 043 62 09)[\/vc_column_text][\/vc_column_inner][\/vc_row_inner][\/vc_tta_section][vc_tta_section i_icon_fontawesome=&#8221;fas fa-book-open&#8221; add_icon=&#8221;true&#8221; title=&#8221;Haftal\u0131k Ders Program\u0131&#8221; tab_id=&#8221;1641727825519-eec02b04-ac18&#8243;][vc_column_text]<a href=\"https:\/\/kocaelisaglik.edu.tr\/wp-content\/uploads\/2026\/02\/fizyoterapi_ve_rehabilitasyon_yl_ders_programi_16_02.pdf\" class=\"pdfemb-viewer\" style=\"\" data-width=\"max\" data-height=\"max\" data-mobile-width=\"500\"  data-scrollbar=\"vertical\" data-download=\"on\" data-newwindow=\"off\" data-pagetextbox=\"off\" data-scrolltotop=\"off\" data-startzoom=\"100\" data-startfpzoom=\"100\" data-toolbar=\"top\" data-toolbar-fixed=\"off\">fizyoterapi_ve_rehabilitasyon_yl_ders_programi_16_02<br\/><\/a>[\/vc_column_text][\/vc_tta_section][vc_tta_section i_icon_fontawesome=&#8221;fas fa-user-tag&#8221; add_icon=&#8221;true&#8221; title=&#8221;Ders Plan\u0131&#8221; tab_id=&#8221;1641727131535-90bb74d8-fe7e&#8221;][vc_column_text]\n<!-- iframe plugin v.4.9 wordpress.org\/plugins\/iframe\/ -->\n<iframe loading=\"lazy\" src=\"https:\/\/ebs.kocaelisaglik.edu.tr\/Pages\/CoursePlan.aspx?lang=tr-TR&#038;academicYear=2024&#038;facultyId=4&#038;programId=7&#038;menuType=unit\" width=\"1600\" height=\"900\" allow=\"fullscreen\" scrolling=\"yes\" class=\"iframe-class\" frameborder=\"0\"><\/iframe>\n[\/vc_column_text][\/vc_tta_section][\/vc_tta_tabs][\/vc_column][\/vc_row]<\/p>\n<\/div>","protected":false},"excerpt":{"rendered":"<p>[vc_row][vc_column][vc_tta_tabs color=&#8221;turquoise&#8221; alignment=&#8221;center&#8221; active_section=&#8221;1&#8243;][vc_tta_section title=&#8221;Program Hakk\u0131nda&#8221; tab_id=&#8221;1704454750614-95635a7d-6846&#8243;][vc_column_text]Program Ad\u0131:\u00a0Fizyoterapi ve Rehabilitasyon Program T\u00fcr\u00fc: Tezli Program D\u00fczeyi: Y\u00fcksek Lisans Program Dili:\u00a0T\u00fcrk\u00e7e Kazan\u0131lan Derece: Program\u0131 ba\u015far\u0131yla tamamlayan \u00f6\u011frencilerimiz \u2018\u2019Y\u00fcksek Lisans\u2019\u2019 derecesi almaya hak kazan\u0131rlar. Bununla birlikte \u00e7al\u0131\u015fma alanlar\u0131na g\u00f6re \u2018\u2019Uzman\u2019\u2019 unvan\u0131na da sahip &hellip; <\/p>\n","protected":false},"author":11,"featured_media":0,"parent":0,"menu_order":0,"comment_status":"closed","ping_status":"closed","template":"","meta":{"footnotes":""},"_links":{"self":[{"href":"https:\/\/kocaelisaglik.edu.tr\/enstitu\/wp-json\/wp\/v2\/pages\/7273"}],"collection":[{"href":"https:\/\/kocaelisaglik.edu.tr\/enstitu\/wp-json\/wp\/v2\/pages"}],"about":[{"href":"https:\/\/kocaelisaglik.edu.tr\/enstitu\/wp-json\/wp\/v2\/types\/page"}],"author":[{"embeddable":true,"href":"https:\/\/kocaelisaglik.edu.tr\/enstitu\/wp-json\/wp\/v2\/users\/11"}],"replies":[{"embeddable":true,"href":"https:\/\/kocaelisaglik.edu.tr\/enstitu\/wp-json\/wp\/v2\/comments?post=7273"}],"version-history":[{"count":41,"href":"https:\/\/kocaelisaglik.edu.tr\/enstitu\/wp-json\/wp\/v2\/pages\/7273\/revisions"}],"predecessor-version":[{"id":9079,"href":"https:\/\/kocaelisaglik.edu.tr\/enstitu\/wp-json\/wp\/v2\/pages\/7273\/revisions\/9079"}],"wp:attachment":[{"href":"https:\/\/kocaelisaglik.edu.tr\/enstitu\/wp-json\/wp\/v2\/media?parent=7273"}],"curies":[{"name":"wp","href":"https:\/\/api.w.org\/{rel}","templated":true}]}}