{"id":7122,"date":"2021-05-05T13:52:26","date_gmt":"2021-05-05T10:52:26","guid":{"rendered":"https:\/\/kocaelisaglik.edu.tr\/enstitu\/?page_id=7122"},"modified":"2021-05-05T13:54:28","modified_gmt":"2021-05-05T10:54:28","slug":"forms-and-petitions","status":"publish","type":"page","link":"https:\/\/kocaelisaglik.edu.tr\/enstitu\/en\/forms-and-petitions\/","title":{"rendered":"Forms and Petitions"},"content":{"rendered":"<div class=\"wpb-content-wrapper\"><p>[vc_row][vc_column width=&#8221;1\/3&#8243;][vc_message icon_fontawesome=&#8221;fas fa-download&#8221;]<a href=\"\/wp-content\/uploads\/sites\/7\/2021\/03\/ACILMAYAN-DERS-YERINE-FARKLI-DERSE-YAZILMA-FORMU.pdf\">A\u00e7\u0131lmayan Ders Yerine Derse Yaz\u0131lma Formu<\/a>[\/vc_message][\/vc_column][vc_column width=&#8221;1\/3&#8243;][vc_message icon_fontawesome=&#8221;fas fa-download&#8221;]<a href=\"\/wp-content\/uploads\/sites\/7\/2021\/03\/DANISMAN-TERCIH-FORMU.pdf\">Dan\u0131\u015fman Tercih Formu<\/a>[\/vc_message][\/vc_column][vc_column width=&#8221;1\/3&#8243;][vc_message icon_fontawesome=&#8221;fas fa-download&#8221;]<a href=\"\/wp-content\/uploads\/sites\/7\/2021\/03\/FARKLI-UNIVERSITEDEN-DERS-ALMA.pdf\">Farkl\u0131 \u00dcniversiteden Ders Alma Formu<\/a>[\/vc_message][\/vc_column][\/vc_row][vc_row][vc_column width=&#8221;1\/3&#8243;][vc_message icon_fontawesome=&#8221;fas fa-download&#8221;]<a href=\"\/wp-content\/uploads\/sites\/7\/2021\/03\/KAYIT-DONDURMA-DILEKCESI.pdf\">Kay\u0131t Dondurma Dilek\u00e7esi<\/a>[\/vc_message][\/vc_column][vc_column width=&#8221;1\/3&#8243;][vc_message icon_fontawesome=&#8221;fas fa-download&#8221;]<a href=\"\/wp-content\/uploads\/sites\/7\/2021\/03\/MAZERETLI-DERSE-YAZILMA-FORMU.pdf\">Mazeretli Ders Kay\u0131t Formu<\/a>[\/vc_message][\/vc_column][vc_column width=&#8221;1\/3&#8243;][vc_message icon_fontawesome=&#8221;fas fa-download&#8221;]<a href=\"\/wp-content\/uploads\/sites\/7\/2021\/03\/TEZ-PROJE-JURISI-BENZERLIK-BEYANI-FORMU.pdf\">Tez \/ Proje Savunma J\u00fcrisi Benzerlik Formu<\/a>[\/vc_message][\/vc_column][\/vc_row][vc_row][vc_column width=&#8221;1\/3&#8243;][vc_message icon_fontawesome=&#8221;fas fa-download&#8221;]<a href=\"\/wp-content\/uploads\/sites\/7\/2021\/03\/TEZ-PROJE-SAVUNULABILIRLIK-VE-ORJINALLIK-BEYAN-FORMU.pdf\">Tez Savunabilirlik Orijinallik Formu<\/a>[\/vc_message][\/vc_column][vc_column width=&#8221;1\/3&#8243;][vc_message icon_fontawesome=&#8221;fas fa-download&#8221;]<a href=\"\/wp-content\/uploads\/sites\/7\/2021\/03\/TEZSIZ-YUKSEK-LISANS-PROJE-KONU-DEGISIKLIGI-FORMU.pdf\">Tezsiz Y\u00fcksek Lisans Proje\/ Konu De\u011fi\u015fikli\u011fi Formu<\/a>[\/vc_message][\/vc_column][vc_column width=&#8221;1\/3&#8243;][vc_message icon_fontawesome=&#8221;fas fa-download&#8221;]<a href=\"\/wp-content\/uploads\/sites\/7\/2021\/03\/TEZSIZ-YUKSEK-LISANS-PROJE-ONERI-FORMU.pdf\">Tezsiz Y\u00fcksek Lisans Proje \u00d6neri Formu<\/a>[\/vc_message][\/vc_column][\/vc_row][vc_row][vc_column width=&#8221;1\/3&#8243;][vc_message icon_fontawesome=&#8221;fas fa-download&#8221;]<a href=\"\/wp-content\/uploads\/sites\/7\/2021\/03\/tez-yazim-sablonu-2020-2021-yeni-akademik-donemi-icin-gecerlidir_2.pdf\">Tez Yaz\u0131m \u015eablonu<\/a>[\/vc_message][\/vc_column][vc_column width=&#8221;1\/3&#8243;][vc_message icon_fontawesome=&#8221;fas fa-download&#8221;]<a href=\"\/wp-content\/uploads\/sites\/7\/2021\/03\/YUKSEK-LISANS-PROJE-SAVUNMA-FORMU.pdf\">Y\u00fcksek Lisans Tez Savunmas\u0131 S\u0131nav Formu<\/a>[\/vc_message][\/vc_column][vc_column width=&#8221;1\/3&#8243;][vc_message icon_fontawesome=&#8221;fas fa-download&#8221;]<a href=\"\/wp-content\/uploads\/sites\/7\/2021\/03\/YUKSEK-LISANS-TEZ-PROJE-TESLIM-FORMU.pdf\">Y\u00fcksek Lisans Tez Teslim Formu<\/a>[\/vc_message][\/vc_column][\/vc_row][vc_row][vc_column width=&#8221;1\/3&#8243;][vc_message icon_fontawesome=&#8221;fas fa-download&#8221;]<a href=\"\/wp-content\/uploads\/sites\/7\/2021\/03\/YUKSEK-LISANS-TEZ-DANISMANI-BELIRLEME-FORMU.pdf\">Tez Dan\u0131\u015fman\u0131 Belirleme Formu<\/a>[\/vc_message][\/vc_column][vc_column width=&#8221;1\/3&#8243;][vc_message icon_fontawesome=&#8221;fas fa-download&#8221;]<a href=\"\/wp-content\/uploads\/sites\/7\/2021\/03\/YUKSEK-LISANS-TEZ-ONERI-FORMU.pdf\">Y\u00fcksek Lisans Tez \u00d6neri Formu<\/a>[\/vc_message][\/vc_column][vc_column width=&#8221;1\/3&#8243;][vc_message icon_fontawesome=&#8221;fas fa-download&#8221;]<a href=\"\/wp-content\/uploads\/sites\/7\/2021\/03\/ZORUNLU-DERS-MUAFIYET-FORMU.pdf\">Zorunlu Ders Muafiyet Formu<\/a>[\/vc_message][\/vc_column][\/vc_row]<\/p>\n<\/div>","protected":false},"excerpt":{"rendered":"<p>[vc_row][vc_column width=&#8221;1\/3&#8243;][vc_message icon_fontawesome=&#8221;fas fa-download&#8221;]A\u00e7\u0131lmayan Ders Yerine Derse Yaz\u0131lma Formu[\/vc_message][\/vc_column][vc_column width=&#8221;1\/3&#8243;][vc_message icon_fontawesome=&#8221;fas fa-download&#8221;]Dan\u0131\u015fman Tercih Formu[\/vc_message][\/vc_column][vc_column width=&#8221;1\/3&#8243;][vc_message icon_fontawesome=&#8221;fas fa-download&#8221;]Farkl\u0131 \u00dcniversiteden Ders Alma Formu[\/vc_message][\/vc_column][\/vc_row][vc_row][vc_column width=&#8221;1\/3&#8243;][vc_message icon_fontawesome=&#8221;fas fa-download&#8221;]Kay\u0131t Dondurma Dilek\u00e7esi[\/vc_message][\/vc_column][vc_column width=&#8221;1\/3&#8243;][vc_message icon_fontawesome=&#8221;fas fa-download&#8221;]Mazeretli Ders Kay\u0131t Formu[\/vc_message][\/vc_column][vc_column width=&#8221;1\/3&#8243;][vc_message icon_fontawesome=&#8221;fas fa-download&#8221;]Tez \/ Proje Savunma J\u00fcrisi Benzerlik &hellip; <\/p>\n","protected":false},"author":1,"featured_media":0,"parent":0,"menu_order":0,"comment_status":"closed","ping_status":"closed","template":"","meta":{"footnotes":""},"_links":{"self":[{"href":"https:\/\/kocaelisaglik.edu.tr\/enstitu\/wp-json\/wp\/v2\/pages\/7122"}],"collection":[{"href":"https:\/\/kocaelisaglik.edu.tr\/enstitu\/wp-json\/wp\/v2\/pages"}],"about":[{"href":"https:\/\/kocaelisaglik.edu.tr\/enstitu\/wp-json\/wp\/v2\/types\/page"}],"author":[{"embeddable":true,"href":"https:\/\/kocaelisaglik.edu.tr\/enstitu\/wp-json\/wp\/v2\/users\/1"}],"replies":[{"embeddable":true,"href":"https:\/\/kocaelisaglik.edu.tr\/enstitu\/wp-json\/wp\/v2\/comments?post=7122"}],"version-history":[{"count":2,"href":"https:\/\/kocaelisaglik.edu.tr\/enstitu\/wp-json\/wp\/v2\/pages\/7122\/revisions"}],"predecessor-version":[{"id":7124,"href":"https:\/\/kocaelisaglik.edu.tr\/enstitu\/wp-json\/wp\/v2\/pages\/7122\/revisions\/7124"}],"wp:attachment":[{"href":"https:\/\/kocaelisaglik.edu.tr\/enstitu\/wp-json\/wp\/v2\/media?parent=7122"}],"curies":[{"name":"wp","href":"https:\/\/api.w.org\/{rel}","templated":true}]}}