{"id":7001,"date":"2021-03-12T20:53:59","date_gmt":"2021-03-12T17:53:59","guid":{"rendered":"https:\/\/kocaelisaglik.edu.tr\/enstitu\/?page_id=7001"},"modified":"2023-07-11T09:54:38","modified_gmt":"2023-07-11T06:54:38","slug":"formlar-ve-dilekceler","status":"publish","type":"page","link":"https:\/\/kocaelisaglik.edu.tr\/enstitu\/formlar-ve-dilekceler\/","title":{"rendered":"Formlar ve Dilek\u00e7eler"},"content":{"rendered":"<div class=\"wpb-content-wrapper\"><p>[vc_row][vc_column width=&#8221;1\/3&#8243;][vc_message icon_fontawesome=&#8221;fas fa-download&#8221;]<a href=\"\/wp-content\/uploads\/sites\/7\/2021\/03\/ACILMAYAN-DERS-YERINE-FARKLI-DERSE-YAZILMA-FORMU.pdf\">A\u00e7\u0131lmayan Ders Yerine Derse Yaz\u0131lma Formu<\/a>[\/vc_message][\/vc_column][vc_column width=&#8221;1\/3&#8243;][vc_message icon_fontawesome=&#8221;fas fa-download&#8221;]<a href=\"\/wp-content\/uploads\/sites\/7\/2021\/03\/FARKLI-UNIVERSITEDEN-DERS-ALMA.pdf\">Farkl\u0131 \u00dcniversiteden Ders Alma Formu<\/a>[\/vc_message][\/vc_column][vc_column width=&#8221;1\/3&#8243;][vc_message icon_fontawesome=&#8221;fas fa-download&#8221;]<a href=\"\/wp-content\/uploads\/sites\/7\/2021\/03\/KAYIT-DONDURMA-DILEKCESI.pdf\">Kay\u0131t Dondurma Dilek\u00e7esi<\/a>[\/vc_message][\/vc_column][\/vc_row][vc_row][vc_column width=&#8221;1\/3&#8243;][vc_message icon_fontawesome=&#8221;fas fa-download&#8221;]<a href=\"https:\/\/kocaelisaglik.edu.tr\/enstitu\/wp-content\/uploads\/sites\/7\/2022\/08\/lee120_mavi_tez_sunus_formu.docx\">Mavi Tez Sunu\u015f Formu<\/a>[\/vc_message][\/vc_column][vc_column width=&#8221;1\/3&#8243;][vc_message icon_fontawesome=&#8221;fas fa-download&#8221;]<a href=\"\/wp-content\/uploads\/sites\/7\/2021\/03\/MAZERETLI-DERSE-YAZILMA-FORMU.pdf\">Mazeretli Ders Kay\u0131t Formu<\/a>[\/vc_message][\/vc_column][vc_column width=&#8221;1\/3&#8243;][vc_message icon_fontawesome=&#8221;fas fa-download&#8221;]<a href=\"https:\/\/kocaelisaglik.edu.tr\/enstitu\/proje-tez\/\">Tez Yaz\u0131m \u015eablonu<\/a>[\/vc_message][\/vc_column][\/vc_row][vc_row][vc_column width=&#8221;1\/3&#8243;][vc_message icon_fontawesome=&#8221;fas fa-download&#8221;]<a href=\"https:\/\/kocaelisaglik.edu.tr\/enstitu\/wp-content\/uploads\/sites\/7\/2022\/08\/lee101_tezli_yuksek_lisans_basvuru_formu.docx\">Tezli Y\u00fcksek Lisans Ba\u015fvuru Formu<\/a>[\/vc_message][\/vc_column][vc_column width=&#8221;1\/3&#8243;][vc_message icon_fontawesome=&#8221;fas fa-download&#8221;]<a href=\"https:\/\/kocaelisaglik.edu.tr\/enstitu\/wp-content\/uploads\/sites\/7\/2023\/01\/lee102_tezli_yuksek_lisans_danisman_ve_calisma_alani_belirleme_formu.doc\">Tezli Y\u00fcksek Lisans Dan\u0131\u015fman ve \u00c7al\u0131\u015fma Alan\u0131 Belirleme Formu<\/a>[\/vc_message][\/vc_column][vc_column width=&#8221;1\/3&#8243;][vc_message icon_fontawesome=&#8221;fas fa-download&#8221;]<a href=\"https:\/\/kocaelisaglik.edu.tr\/enstitu\/wp-content\/uploads\/sites\/7\/2022\/08\/lee115_tezli_yuksek_lisans_tez_savunma_tutanagi.docx\">Tezli Y\u00fcksek Lisans Tez Savunma Tutana\u011f\u0131<\/a>[\/vc_message][\/vc_column][\/vc_row][vc_row][vc_column width=&#8221;1\/3&#8243;][vc_message icon_fontawesome=&#8221;fas fa-download&#8221;]<a href=\"https:\/\/kocaelisaglik.edu.tr\/enstitu\/wp-content\/uploads\/sites\/7\/2022\/08\/lee020_sinav_tutanagi.docx\">S\u0131nav Tutana\u011f\u0131<\/a>[\/vc_message][\/vc_column][vc_column width=&#8221;1\/3&#8243;][vc_message icon_fontawesome=&#8221;fas fa-download&#8221;]<a href=\"https:\/\/kocaelisaglik.edu.tr\/enstitu\/wp-content\/uploads\/sites\/7\/2022\/08\/lee201_tezsiz_yuksek_lisans_basvuru.docx\">Tezsiz Y\u00fcksek Lisans Ba\u015fvuru Formu<\/a>[\/vc_message][\/vc_column][vc_column width=&#8221;1\/3&#8243;][vc_message icon_fontawesome=&#8221;fas fa-download&#8221;]<a href=\"https:\/\/kocaelisaglik.edu.tr\/enstitu\/wp-content\/uploads\/sites\/7\/2022\/08\/lee202_tezsiz_yuksek_lisans_danisman_ve_calisma_alani_belirleme_formu.doc\">Tezsiz Y\u00fcksek Lisans Dan\u0131\u015fman ve \u00c7al\u0131\u015fma Alan\u0131 Belirleme Formu<\/a>[\/vc_message][\/vc_column][\/vc_row][vc_row][vc_column width=&#8221;1\/3&#8243;][vc_message icon_fontawesome=&#8221;fas fa-download&#8221;]<a href=\"\/wp-content\/uploads\/sites\/7\/2021\/03\/YUKSEK-LISANS-TEZ-DANISMANI-BELIRLEME-FORMU.pdf\">Tez Dan\u0131\u015fman\u0131 Belirleme Formu<\/a>[\/vc_message][\/vc_column][vc_column width=&#8221;1\/3&#8243;][vc_message icon_fontawesome=&#8221;fas fa-download&#8221;]<a href=\"\/wp-content\/uploads\/sites\/7\/2021\/03\/TEZ-PROJE-SAVUNULABILIRLIK-VE-ORJINALLIK-BEYAN-FORMU.pdf\">Tez Savunabilirlik Orijinallik Formu<\/a>[\/vc_message][\/vc_column][vc_column width=&#8221;1\/3&#8243;][vc_message icon_fontawesome=&#8221;fas fa-download&#8221;]<a href=\"https:\/\/kocaelisaglik.edu.tr\/enstitu\/wp-content\/uploads\/sites\/7\/2022\/08\/lee101_tezsiz_yuksek_lisans_danisman_ve_calisma_alani_belirleme_formu.doc\">Tezsiz Y\u00fcksek Lisans Dan\u0131\u015fman ve \u00c7al\u0131\u015fma Alan\u0131 Belirleme Formu<\/a>[\/vc_message][\/vc_column][\/vc_row][vc_row][vc_column width=&#8221;1\/3&#8243;][vc_message icon_fontawesome=&#8221;fas fa-download&#8221;]<a href=\"\/wp-content\/uploads\/sites\/7\/2021\/03\/TEZSIZ-YUKSEK-LISANS-PROJE-ONERI-FORMU.pdf\">Tezsiz Y\u00fcksek Lisans Proje \u00d6neri Formu<\/a>[\/vc_message][\/vc_column][vc_column width=&#8221;1\/3&#8243;][vc_message icon_fontawesome=&#8221;fas fa-download&#8221;]<a href=\"https:\/\/kocaelisaglik.edu.tr\/enstitu\/wp-content\/uploads\/sites\/7\/2022\/08\/lee110_tez_teslim_formu.docx\">Tez Teslim Formu<\/a>[\/vc_message][\/vc_column][vc_column width=&#8221;1\/3&#8243;][vc_message icon_fontawesome=&#8221;fas fa-download&#8221;]<a href=\"https:\/\/kocaelisaglik.edu.tr\/enstitu\/wp-content\/uploads\/sites\/7\/2022\/08\/lee111_tez_calismasi_orijinallik_raporu_teslim_formu.docx\">Tez \u00c7al\u0131\u015fmas\u0131 Orijinallik Raporu Teslim Formu<\/a>[\/vc_message][\/vc_column][\/vc_row][vc_row][vc_column width=&#8221;1\/3&#8243;][vc_message icon_fontawesome=&#8221;fas fa-download&#8221;]<a href=\"https:\/\/kocaelisaglik.edu.tr\/enstitu\/wp-content\/uploads\/sites\/7\/2022\/08\/lee112_tezli_yuksek_lisans_tezi_hakkinda_kisisel_juri_raporu.docx\">Tezli Y\u00fcksek Lisans Tezi Hakk\u0131nda Ki\u015fisel J\u00fcri Raporu<\/a>[\/vc_message][\/vc_column][vc_column width=&#8221;1\/3&#8243;][vc_message icon_fontawesome=&#8221;fas fa-download&#8221;]<a href=\"\/wp-content\/uploads\/sites\/7\/2021\/03\/TEZSIZ-YUKSEK-LISANS-PROJE-KONU-DEGISIKLIGI-FORMU.pdf\">Tezsiz Y\u00fcksek Lisans Proje\/ Konu De\u011fi\u015fikli\u011fi Formu<\/a>[\/vc_message][\/vc_column][vc_column width=&#8221;1\/3&#8243;][vc_message icon_fontawesome=&#8221;fas fa-download&#8221;]<a href=\"\/wp-content\/uploads\/sites\/7\/2021\/03\/ZORUNLU-DERS-MUAFIYET-FORMU.pdf\">Zorunlu Ders Muafiyet Formu<\/a>[\/vc_message][\/vc_column][\/vc_row][vc_row][vc_column width=&#8221;1\/3&#8243;][vc_message icon_fontawesome=&#8221;fas fa-download&#8221;]<a href=\"https:\/\/kocaelisaglik.edu.tr\/enstitu\/wp-content\/uploads\/sites\/7\/2022\/08\/lee050_yuksek_lisans_yatay_gecis_basvuru_formu.docx\">Y\u00fcksek Lisans Yatay Ge\u00e7i\u015f Ba\u015fvuru Formu<\/a>[\/vc_message][\/vc_column][vc_column width=&#8221;1\/3&#8243;][vc_message icon_fontawesome=&#8221;fas fa-download&#8221;]<a href=\"\/wp-content\/uploads\/sites\/7\/2021\/03\/YUKSEK-LISANS-TEZ-ONERI-FORMU.pdf\">Y\u00fcksek Lisans Tez \u00d6neri Formu<\/a>[\/vc_message][\/vc_column][vc_column width=&#8221;1\/3&#8243;][vc_message icon_fontawesome=&#8221;fas fa-download&#8221;]<a href=\"https:\/\/kocaelisaglik.edu.tr\/enstitu\/wp-content\/uploads\/sites\/7\/2022\/08\/lee205_proje_teslim_formu.docx\">Proje Teslim Formu<\/a>[\/vc_message][\/vc_column][\/vc_row][vc_row][vc_column width=&#8221;1\/2&#8243;][vc_message icon_fontawesome=&#8221;fas fa-download&#8221;]<a href=\"https:\/\/kocaelisaglik.edu.tr\/enstitu\/wp-content\/uploads\/sites\/7\/2022\/08\/lee207_proje_savunma_tutanagi.docx\">Proje Savunma Tutana\u011f\u0131<\/a>[\/vc_message][\/vc_column][vc_column width=&#8221;1\/2&#8243;][vc_message icon_fontawesome=&#8221;fas fa-download&#8221;]<a href=\"https:\/\/kocaelisaglik.edu.tr\/muhendislik\/wp-content\/uploads\/sites\/3\/2023\/07\/KOSTU-Odev-Sablonu.docx\">\u00d6dev Format\u0131<\/a>[\/vc_message][\/vc_column][\/vc_row][vc_row][vc_column][\/vc_column][\/vc_row]<\/p>\n<\/div>","protected":false},"excerpt":{"rendered":"<p>[vc_row][vc_column width=&#8221;1\/3&#8243;][vc_message icon_fontawesome=&#8221;fas fa-download&#8221;]A\u00e7\u0131lmayan Ders Yerine Derse Yaz\u0131lma Formu[\/vc_message][\/vc_column][vc_column width=&#8221;1\/3&#8243;][vc_message icon_fontawesome=&#8221;fas fa-download&#8221;]Farkl\u0131 \u00dcniversiteden Ders Alma Formu[\/vc_message][\/vc_column][vc_column width=&#8221;1\/3&#8243;][vc_message icon_fontawesome=&#8221;fas fa-download&#8221;]Kay\u0131t Dondurma Dilek\u00e7esi[\/vc_message][\/vc_column][\/vc_row][vc_row][vc_column width=&#8221;1\/3&#8243;][vc_message icon_fontawesome=&#8221;fas fa-download&#8221;]Mavi Tez Sunu\u015f Formu[\/vc_message][\/vc_column][vc_column width=&#8221;1\/3&#8243;][vc_message icon_fontawesome=&#8221;fas fa-download&#8221;]Mazeretli Ders Kay\u0131t Formu[\/vc_message][\/vc_column][vc_column width=&#8221;1\/3&#8243;][vc_message icon_fontawesome=&#8221;fas fa-download&#8221;]Tez Yaz\u0131m \u015eablonu[\/vc_message][\/vc_column][\/vc_row][vc_row][vc_column width=&#8221;1\/3&#8243;][vc_message icon_fontawesome=&#8221;fas &hellip; <\/p>\n","protected":false},"author":11,"featured_media":0,"parent":0,"menu_order":0,"comment_status":"closed","ping_status":"closed","template":"","meta":{"footnotes":""},"_links":{"self":[{"href":"https:\/\/kocaelisaglik.edu.tr\/enstitu\/wp-json\/wp\/v2\/pages\/7001"}],"collection":[{"href":"https:\/\/kocaelisaglik.edu.tr\/enstitu\/wp-json\/wp\/v2\/pages"}],"about":[{"href":"https:\/\/kocaelisaglik.edu.tr\/enstitu\/wp-json\/wp\/v2\/types\/page"}],"author":[{"embeddable":true,"href":"https:\/\/kocaelisaglik.edu.tr\/enstitu\/wp-json\/wp\/v2\/users\/11"}],"replies":[{"embeddable":true,"href":"https:\/\/kocaelisaglik.edu.tr\/enstitu\/wp-json\/wp\/v2\/comments?post=7001"}],"version-history":[{"count":12,"href":"https:\/\/kocaelisaglik.edu.tr\/enstitu\/wp-json\/wp\/v2\/pages\/7001\/revisions"}],"predecessor-version":[{"id":8339,"href":"https:\/\/kocaelisaglik.edu.tr\/enstitu\/wp-json\/wp\/v2\/pages\/7001\/revisions\/8339"}],"wp:attachment":[{"href":"https:\/\/kocaelisaglik.edu.tr\/enstitu\/wp-json\/wp\/v2\/media?parent=7001"}],"curies":[{"name":"wp","href":"https:\/\/api.w.org\/{rel}","templated":true}]}}