{"id":6989,"date":"2021-03-12T20:44:02","date_gmt":"2021-03-12T17:44:02","guid":{"rendered":"https:\/\/kocaelisaglik.edu.tr\/enstitu\/?page_id=6989"},"modified":"2026-03-27T15:08:47","modified_gmt":"2026-03-27T12:08:47","slug":"is-sagligi-ve-guvenligi","status":"publish","type":"page","link":"https:\/\/kocaelisaglik.edu.tr\/enstitu\/is-sagligi-ve-guvenligi\/","title":{"rendered":"\u0130\u015f Sa\u011fl\u0131\u011f\u0131 ve G\u00fcvenli\u011fi<br\/> Tezli Y\u00fcksek Lisans Program\u0131"},"content":{"rendered":"<div class=\"wpb-content-wrapper\"><p>[vc_row css=&#8221;.vc_custom_1608850768194{margin-top: -50px !important;}&#8221;][vc_column][vc_tta_tabs color=&#8221;turquoise&#8221; alignment=&#8221;center&#8221; active_section=&#8221;1&#8243; css=&#8221;.vc_custom_1608894793667{margin-top: 0px !important;}&#8221;][vc_tta_section title=&#8221;Program Hakk\u0131nda&#8221; tab_id=&#8221;1704787334434-dfa1cb2f-736e&#8221;][vc_btn title=&#8221;\u00d6n Ba\u015fvuru&#8221; style=&#8221;gradient&#8221; size=&#8221;lg&#8221; align=&#8221;center&#8221; link=&#8221;url:https%3A%2F%2Fdocs.google.com%2Fforms%2Fd%2F1hfJNgiil1XjBo7tA5jmZa6qIWbXCc-0vQkR4B_AToGc|title:Y%C3%BCksek%20Lisans%20%C3%96n%20Ba%C5%9Fvuru|target:_blank|rel:nofollow&#8221;][vc_empty_space][vc_row_inner][vc_column_inner width=&#8221;1\/6&#8243;][\/vc_column_inner][vc_column_inner width=&#8221;2\/3&#8243;][vc_video link=&#8221;https:\/\/www.youtube.com\/watch?v=0guu6tqZoM8&#8243; el_width=&#8221;90&#8243; align=&#8221;center&#8221;][vc_column_text]<\/p>\n<p style=\"text-align: center;\">Program Ba\u015fkan\u0131m\u0131z Anlat\u0131yor<\/p>\n<p>[\/vc_column_text][\/vc_column_inner][vc_column_inner width=&#8221;1\/6&#8243;][\/vc_column_inner][\/vc_row_inner][vc_row_inner][vc_column_inner][vc_column_text]<strong>PROGRAMIN \u0130\u00c7ER\u0130\u011e\u0130<\/strong><\/p>\n<p>\u0130\u015f sa\u011fl\u0131\u011f\u0131 ve g\u00fcvenli\u011fi, yaln\u0131zca \u00e7al\u0131\u015fanlar\u0131n de\u011fil, toplumun t\u00fcm bireylerinin ya\u015fam kalitesini do\u011frudan etkileyen bir aland\u0131r. \u0130\u015f kazalar\u0131 ve meslek hastal\u0131klar\u0131n\u0131n \u00f6nlenmesi, g\u00fcvenli \u00e7al\u0131\u015fma ortamlar\u0131n\u0131n olu\u015fturulmas\u0131 ve s\u00fcrd\u00fcr\u00fclebilir \u00fcretim k\u00fclt\u00fcr\u00fcn\u00fcn yerle\u015fmesi; hem bireysel hem toplumsal hem de ekonomik a\u00e7\u0131dan b\u00fcy\u00fck \u00f6nem ta\u015f\u0131maktad\u0131r.<\/p>\n<p>Kocaeli Sa\u011fl\u0131k ve Teknoloji \u00dcniversitesi \u0130\u015f Sa\u011fl\u0131\u011f\u0131 ve G\u00fcvenli\u011fi Y\u00fcksek Lisans Program\u0131, sa\u011fl\u0131k ve g\u00fcvenlik k\u00fclt\u00fcr\u00fcn\u00fcn geli\u015ftirilmesine katk\u0131 sa\u011flamak; i\u015fyerlerinde risk y\u00f6netimi, i\u015f hijyeni, ergonomi ve mevzuat uygulamalar\u0131 alanlar\u0131nda uzmanla\u015fm\u0131\u015f profesyoneller yeti\u015ftirmeyi ama\u00e7lamaktad\u0131r.<\/p>\n<p><b>PROGRAMIN AMACI<\/b><\/p>\n<p>Program\u0131n temel hedefi; i\u015f sa\u011fl\u0131\u011f\u0131 ve g\u00fcvenli\u011fi alan\u0131nda derinlemesine bilgi sahibi, analitik d\u00fc\u015f\u00fcnebilen, ara\u015ft\u0131rma yapma ve uygulamaya d\u00f6n\u00fc\u015ft\u00fcrme becerisine sahip uzmanlar yeti\u015ftirmektir. Bu kapsamda:<\/p>\n<ul>\n<li>\u0130\u015fyerlerinde sa\u011fl\u0131k, g\u00fcvenlik ve risk y\u00f6netimi s\u00fcre\u00e7lerini iyile\u015ftirebilen,<\/li>\n<li>\u0130SG mevzuat\u0131n\u0131 yorumlay\u0131p uygulayabilen,<\/li>\n<li>Akademik veya sekt\u00f6rel d\u00fczeyde katk\u0131 sunabilen profesyoneller yeti\u015ftirilmesi hedeflenmektedir.<\/li>\n<\/ul>\n<p>&nbsp;<\/p>\n<p><strong>PROGRAMIN SA\u011eLADI\u011eI OLANAKLAR<\/strong><\/p>\n<ul>\n<li>Mezunlar, \u0130SG B s\u0131n\u0131f\u0131 uzmanl\u0131k s\u0131nav\u0131na girme hakk\u0131 kazan\u0131rlar.<\/li>\n<li>Kamu \u00e7al\u0131\u015fanlar\u0131 i\u00e7in derece y\u00fckselmesi avantaj\u0131 sa\u011flar.<\/li>\n<li>Ar-Ge merkezlerinde nitelikli personel say\u0131s\u0131n\u0131n art\u0131r\u0131lmas\u0131na katk\u0131 sunar.<\/li>\n<li>Tezli program mezunlar\u0131, akademik kariyere (doktoraya) devam edebilirler.<\/li>\n<li>Mezunlar, end\u00fcstri, sa\u011fl\u0131k hizmetleri, e\u011fitim ve kamu kurumlar\u0131nda uzman, denet\u00e7i, dan\u0131\u015fman veya bilirki\u015fi olarak g\u00f6rev alabilirler.<\/li>\n<\/ul>\n<p>&nbsp;<\/p>\n<p><strong>PROGRAM HEDEFLER\u0130<\/strong><\/p>\n<ol>\n<li>\u00d6\u011frencilere \u0130SG mevzuat\u0131, risk de\u011ferlendirmesi, ergonomi, kimyasal ve fiziksel riskler, \u0130SG hukuku gibi temel alanlarda uzmanl\u0131k kazand\u0131rmak,<\/li>\n<li>Ara\u015ft\u0131rma y\u00f6ntemleri ve tez\/proje haz\u0131rlama becerileriyle akademik ve uygulamal\u0131 \u00e7al\u0131\u015fmalara katk\u0131 sa\u011flamak,<\/li>\n<li>Multidisipliner ekiplerde liderlik, ileti\u015fim ve problem \u00e7\u00f6zme yetkinlikleri geli\u015ftirmek.<\/li>\n<\/ol>\n<p>&nbsp;<\/p>\n<p><b>M\u0130SYON<\/b><\/p>\n<ul>\n<li>Bilimsel temelli ve uygulamaya d\u00f6n\u00fck e\u011fitim ile nitelikli \u0130SG profesyonelleri yeti\u015ftirmek,<\/li>\n<li>\u0130\u015f kazalar\u0131 ve meslek hastal\u0131klar\u0131n\u0131n \u00f6nlenmesine y\u00f6nelik bilgi \u00fcretmek ve yaymak,<\/li>\n<li>End\u00fcstri ve kamu ile i\u015f birli\u011fi i\u00e7inde \u00e7\u00f6z\u00fcm odakl\u0131 projeler geli\u015ftirmek<\/li>\n<\/ul>\n<p>&nbsp;<\/p>\n<p><strong>V\u0130ZYON<\/strong><\/p>\n<p>Ulusal ve uluslararas\u0131 d\u00fczeyde i\u015f sa\u011fl\u0131\u011f\u0131 ve g\u00fcvenli\u011fi uygulamalar\u0131na katk\u0131 sa\u011flayan, ara\u015ft\u0131rma ve e\u011fitim alan\u0131nda referans bir y\u00fcksek lisans program\u0131 olmak.<\/p>\n<p>&nbsp;<\/p>\n<p><strong>BEKLENEN \u00d6\u011eRENME \u00c7IKTILARI<\/strong><\/p>\n<ol>\n<li>\u0130SG mevzuat\u0131n\u0131 yorumlayabilme ve uygulayabilme,<\/li>\n<li>Risk de\u011ferlendirmesi yaparak y\u00f6netim planlar\u0131 haz\u0131rlayabilme,<\/li>\n<li>Ergonomi, kimyasal, biyolojik ve fiziksel riskleri analiz edebilme,<\/li>\n<li>Bilimsel ara\u015ft\u0131rma, veri analizi ve proje\/tez y\u00fcr\u00fctme becerisi kazanma.<\/li>\n<\/ol>\n<p>&nbsp;<\/p>\n<p><strong>K\u0130MLER BA\u015eVURAB\u0130L\u0130R ?<\/strong><\/p>\n<ul>\n<li>M\u00fchendislik, sa\u011fl\u0131k bilimleri, i\u015f sa\u011fl\u0131\u011f\u0131 ve g\u00fcvenli\u011fi, veterinerlik, fen bilimleri veya benzeri alanlardan mezun adaylar,<\/li>\n<li>\u0130\u015f yeri risk y\u00f6netimi, dan\u0131\u015fmanl\u0131k, denetim veya akademik kariyer hedefleyen profesyoneller.<\/li>\n<\/ul>\n<p>&nbsp;<\/p>\n<p><strong>KAYIT ve KABUL \u0130\u00c7\u0130N BA\u015eVURU BELGELER\u0130<\/strong><\/p>\n<p><strong>Tezli program<\/strong>: 2 y\u0131l (4 yar\u0131y\u0131l)<\/p>\n<ul>\n<li>Lisans diplomas\u0131<\/li>\n<li>Not \u00e7izelgesi (transkript),<\/li>\n<li>Vesikal\u0131k foto\u011fraf (4,5 x 6 cm.),<\/li>\n<li>Erkek adaylar i\u00e7in askerlik durum belgesi,<\/li>\n<li>Tezli Y\u00fcksek Lisans Program\u0131 i\u00e7in ALES belgesi, (ALES Sonu\u00e7 belgesi ge\u00e7erlilik s\u00fcresi 5 y\u0131ld\u0131r),<br \/>\n(ALES taban puan\u0131na kar\u015f\u0131l\u0131k Y\u00fcksek\u00f6\u011fretim Kurulu taraf\u0131ndan belirlenen GMAT veya GRE belgesi)<\/li>\n<li>Tezsiz Y\u00fcksek Lisans Program\u0131 i\u00e7in ALES belgesi gerekli de\u011fildir.<\/li>\n<\/ul>\n<p>&nbsp;<\/p>\n<p><strong>YURT DI\u015eI KONTENJAN \u0130\u00c7\u0130N \u0130STENEN BELGELER<\/strong><\/p>\n<ul>\n<li>Lisans diplomas\u0131 (Konsolosluk veya apostil onay\u0131 al\u0131nm\u0131\u015f ve terc\u00fcme edilmi\u015f)<\/li>\n<li>Not \u00e7izelgesi (Konsolosluk veya apostil onay\u0131 al\u0131nm\u0131\u015f ve terc\u00fcme edilmi\u015f),<\/li>\n<li>Pasaport- \u00d6\u011frenim me\u015fruhatl\u0131 giri\u015f vizeli pasaport \u00f6rne\u011fi,<\/li>\n<li>T\u00fcrk\u00e7e Yeterlik Belgesi<\/li>\n<li>3 adet foto\u011fraf<\/li>\n<\/ul>\n<p>&nbsp;<\/p>\n<p><strong>MEZUN\u0130YET KO\u015eULLARI<\/strong><\/p>\n<ol>\n<li><strong>Tezli program<\/strong>: Toplam 120 AKTS, Seminer ve Tez \u00e7al\u0131\u015fmas\u0131<\/li>\n<\/ol>\n<p>&nbsp;<\/p>\n<p><strong>\u00d6RNEK DERSLER<\/strong><\/p>\n<ol>\n<li>Bilimsel Ara\u015ft\u0131rma Y\u00f6ntemleri ve Bilim Eti\u011fi<\/li>\n<li>Acil Durum ve \u0130lk Yard\u0131m<\/li>\n<li>Y\u00f6netim Sistemleri ve Organizasyon<\/li>\n<li>Biyolojik Risk Etmenleri ve \u0130\u015f Hijyeni<\/li>\n<li>Ergonomi ve \u0130nsan Fakt\u00f6rleri<\/li>\n<li>Kimyasal Risk Etmenleri<\/li>\n<li>Risk Y\u00f6netimi ve Uygulamalar\u0131<\/li>\n<li>\u0130\u015f Sa\u011fl\u0131\u011f\u0131 ve G\u00fcvenli\u011fi Mevzuat\u0131<\/li>\n<li>\u0130\u015f Kazalar\u0131 ve Meslek Hastal\u0131klar\u0131<\/li>\n<li>\u0130\u015f Sa\u011fl\u0131\u011f\u0131 ve G\u00fcvenli\u011finde Yenilik\u00e7ilik<\/li>\n<li>Elektrik \u00c7al\u0131\u015fmalar\u0131nda \u0130SG<\/li>\n<li>Bitirme Projesi \/ Tez \/ Seminer<\/li>\n<\/ol>\n<p>&nbsp;<\/p>\n<p><strong>AKADEM\u0130K KADRO ve \u0130\u015e B\u0130RL\u0130KLER\u0130<\/strong><\/p>\n<p><strong>Anabilim Dal\u0131 Ba\u015fkan\u0131<\/strong>\u00a0:\u00a0<a href=\"https:\/\/kocaelisaglik.edu.tr\/ahmet-sen\/\">Dr. \u00d6\u011fr. \u00dcyesi\u00a0\u00a0Ahmet \u015eEN<\/a><\/p>\n<p><a href=\"https:\/\/kocaelisaglik.edu.tr\/ahmet-sen\/\">Dr. \u00d6\u011fr. \u00dcyesi\u00a0\u00a0Ahmet \u015eEN<\/a><\/p>\n<p><a href=\"https:\/\/kocaelisaglik.edu.tr\/sosyal-ve-beseri\/murat-atik\/\">Do\u00e7. Dr. Murat AT\u0130K<\/a><\/p>\n<p><a href=\"https:\/\/kocaelisaglik.edu.tr\/esra-acar\/\">Dr. \u00d6\u011fr. \u00dcyesi \u00a0Esra ACAR<\/a><\/p>\n<p>Dr. Serap T\u00dcRKYILMAZ<\/p>\n<p>Dr. Nagehan AKKO\u00c7<\/p>\n<p>&nbsp;<\/p>\n<p><strong>ARA\u015eTIRMA VE TEZ OLANAKLARI<\/strong><\/p>\n<p>Tezli program, bilimsel ara\u015ft\u0131rma ve doktora s\u00fcrecine ge\u00e7i\u015f olana\u011f\u0131 sa\u011flar; Tezsiz program ise uygulamaya d\u00f6n\u00fck, proje tabanl\u0131 bir yap\u0131ya sahiptir. \u00d6\u011frenciler, disiplinler aras\u0131 ara\u015ft\u0131rmalarda yer alarak yay\u0131n ve saha \u00e7\u0131kt\u0131lar\u0131 \u00fcretebilirler.<\/p>\n<p>&nbsp;<\/p>\n<p><strong>KAR\u0130YER OLANAKLARI<\/strong><\/p>\n<ul>\n<li>\u0130\u015f Sa\u011fl\u0131\u011f\u0131 ve G\u00fcvenli\u011fi Uzman\u0131 \/ M\u00fchendisi<\/li>\n<li>Kurumsal \u0130SG Koordinat\u00f6r\u00fc veya Denet\u00e7isi<\/li>\n<li>Risk Y\u00f6netimi Dan\u0131\u015fman\u0131<\/li>\n<li>Kamu kurumlar\u0131nda denetim birimlerinde g\u00f6rev<\/li>\n<li>Akademik kariyer (tezli program sonras\u0131 doktora)<\/li>\n<\/ul>\n<p>&nbsp;<\/p>\n<p><strong>BA\u015eVURU S\u00dcREC\u0130<\/strong><\/p>\n<ol>\n<li>Enstit\u00fc ba\u015fvuru duyurusu yay\u0131mland\u0131\u011f\u0131nda gerekli belgelerle ba\u015fvuru yap\u0131l\u0131r.<\/li>\n<li>\u00d6n de\u011ferlendirme, m\u00fclakat veya s\u0131nav s\u00fcre\u00e7leri enstit\u00fc takvimine g\u00f6re y\u00fcr\u00fct\u00fcl\u00fcr.<\/li>\n<li>Kay\u0131t ve ders se\u00e7imi, enstit\u00fc y\u00f6nergesine uygun \u015fekilde tamamlan\u0131r.<br \/>\n(Detayl\u0131 bilgiler i\u00e7in enstit\u00fc duyurular\u0131n\u0131 takip ediniz.)<\/li>\n<\/ol>\n<p>&nbsp;<\/p>\n<p><strong>NEDEN KOCAEL\u0130 SA\u011eLIK VE TEKNOLOJ\u0130 \u00dcN\u0130VERS\u0130TES\u0130 ?<\/strong><\/p>\n<ul>\n<li>Sa\u011fl\u0131k ve teknoloji odakl\u0131 fak\u00fcltelerle disiplinleraras\u0131 \u00e7al\u0131\u015fma imk\u00e2n\u0131,<\/li>\n<li>Uygulama ve saha a\u011f\u0131rl\u0131kl\u0131 e\u011fitim yakla\u015f\u0131m\u0131,<\/li>\n<li>B\u00f6lgesel sanayiyle g\u00fc\u00e7l\u00fc i\u015f birli\u011fi sayesinde staj ve proje f\u0131rsatlar\u0131.<\/li>\n<\/ul>\n<p>&nbsp;<\/p>\n<p><b>PROGRAM \u00dcCRETLER\u0130<\/b><\/p>\n<p>Size \u00f6zel indirimli program \u00fccreti bilgisini almak, detayl\u0131 bilgi edinmek ve arzu ederseniz kay\u0131t i\u015flemlerinin ba\u015flayabilmesi i\u00e7in\u00a0<a href=\"https:\/\/docs.google.com\/forms\/d\/1hfJNgiil1XjBo7tA5jmZa6qIWbXCc-0vQkR4B_AToGc\">\u00d6n Ba\u015fvuru Formu<\/a>\u00a0doldurman\u0131z yeterlidir.[\/vc_column_text][\/vc_column_inner][\/vc_row_inner][vc_row_inner][vc_column_inner][vc_column_text]<strong>Akademik Bilgi Edinme<\/strong><\/p>\n<p>Program Ba\u015fkan\u0131:\u00a0\u00a0<a href=\"https:\/\/kocaelisaglik.edu.tr\/ahmet-sen\/\">Dr. \u00d6\u011fr. \u00dcyesi Ahmet \u015eEN<\/a>\u00a0 \u00a0\u2013 \u00a0\u00a0<a href=\"mailto:ahmet.sen@kocaelisaglik.edu.tr\">ahmet.sen@kocaelisaglik.edu.tr<\/a><\/p>\n<p>&nbsp;<\/p>\n<p><strong>\u0130dari Konularda Bilgi Edinme<\/strong><\/p>\n<p>Enstit\u00fc \u0130dari \u0130leti\u015fim\u00a0 \u00a0 \u00a0 \u00a0 \u00a0 \u00a0 \u00a0: P\u0131nar KO\u00c7KAN (<a href=\"mailto:pinar.kockan@kocaelisaglik.edu.tr\">pinar.kockan@kocaelisaglik.edu.tr<\/a>)(0533 043 62 09)[\/vc_column_text][\/vc_column_inner][\/vc_row_inner][\/vc_tta_section][vc_tta_section i_icon_fontawesome=&#8221;fas fa-book-open&#8221; add_icon=&#8221;true&#8221; title=&#8221;Haftal\u0131k Ders Program\u0131&#8221; tab_id=&#8221;1608833802572-e77d34dc-41aef04f-dbcd&#8221;][vc_row_inner css=&#8221;.vc_custom_1608895771763{margin-top: -50px !important;}&#8221;][vc_column_inner][vc_column_text]<a href=\"https:\/\/kocaelisaglik.edu.tr\/wp-content\/uploads\/2026\/02\/is_sagligi_ve_guvenligi_yl_ders_programi_16_02.pdf\" class=\"pdfemb-viewer\" style=\"\" data-width=\"max\" data-height=\"max\" data-mobile-width=\"500\"  data-scrollbar=\"vertical\" data-download=\"on\" data-newwindow=\"off\" data-pagetextbox=\"off\" data-scrolltotop=\"off\" data-startzoom=\"100\" data-startfpzoom=\"100\" data-toolbar=\"top\" data-toolbar-fixed=\"off\">is_sagligi_ve_guvenligi_yl_ders_programi_16_02<br\/><\/a>[\/vc_column_text][\/vc_column_inner][\/vc_row_inner][\/vc_tta_section][vc_tta_section i_icon_fontawesome=&#8221;fas fa-user-tag&#8221; add_icon=&#8221;true&#8221; title=&#8221;Ders Plan\u0131&#8221; tab_id=&#8221;1608896170515-010288af-5c04f04f-dbcd&#8221;][vc_column_text]\n<!-- iframe plugin v.4.9 wordpress.org\/plugins\/iframe\/ -->\n<iframe loading=\"lazy\" src=\"https:\/\/ebs.kocaelisaglik.edu.tr\/Pages\/CoursePlan.aspx?lang=tr-TR&#038;academicYear=2025&#038;facultyId=4&#038;programId=1&#038;menuType=unit\" width=\"1600\" height=\"900\" allow=\"fullscreen\" scrolling=\"yes\" class=\"iframe-class\" frameborder=\"0\"><\/iframe>\n[\/vc_column_text][\/vc_tta_section][\/vc_tta_tabs][\/vc_column][\/vc_row]<\/p>\n<\/div>","protected":false},"excerpt":{"rendered":"<p>[vc_row css=&#8221;.vc_custom_1608850768194{margin-top: -50px !important;}&#8221;][vc_column][vc_tta_tabs color=&#8221;turquoise&#8221; alignment=&#8221;center&#8221; active_section=&#8221;1&#8243; css=&#8221;.vc_custom_1608894793667{margin-top: 0px !important;}&#8221;][vc_tta_section title=&#8221;Program Hakk\u0131nda&#8221; tab_id=&#8221;1704787334434-dfa1cb2f-736e&#8221;][vc_btn title=&#8221;\u00d6n Ba\u015fvuru&#8221; style=&#8221;gradient&#8221; size=&#8221;lg&#8221; align=&#8221;center&#8221; link=&#8221;url:https%3A%2F%2Fdocs.google.com%2Fforms%2Fd%2F1hfJNgiil1XjBo7tA5jmZa6qIWbXCc-0vQkR4B_AToGc|title:Y%C3%BCksek%20Lisans%20%C3%96n%20Ba%C5%9Fvuru|target:_blank|rel:nofollow&#8221;][vc_empty_space][vc_row_inner][vc_column_inner width=&#8221;1\/6&#8243;][\/vc_column_inner][vc_column_inner width=&#8221;2\/3&#8243;][vc_video link=&#8221;https:\/\/www.youtube.com\/watch?v=0guu6tqZoM8&#8243; el_width=&#8221;90&#8243; align=&#8221;center&#8221;][vc_column_text] Program Ba\u015fkan\u0131m\u0131z Anlat\u0131yor [\/vc_column_text][\/vc_column_inner][vc_column_inner width=&#8221;1\/6&#8243;][\/vc_column_inner][\/vc_row_inner][vc_row_inner][vc_column_inner][vc_column_text]PROGRAMIN \u0130\u00c7ER\u0130\u011e\u0130 \u0130\u015f sa\u011fl\u0131\u011f\u0131 ve g\u00fcvenli\u011fi, yaln\u0131zca \u00e7al\u0131\u015fanlar\u0131n de\u011fil, toplumun t\u00fcm bireylerinin &hellip; <\/p>\n","protected":false},"author":11,"featured_media":0,"parent":0,"menu_order":0,"comment_status":"closed","ping_status":"closed","template":"","meta":{"footnotes":""},"_links":{"self":[{"href":"https:\/\/kocaelisaglik.edu.tr\/enstitu\/wp-json\/wp\/v2\/pages\/6989"}],"collection":[{"href":"https:\/\/kocaelisaglik.edu.tr\/enstitu\/wp-json\/wp\/v2\/pages"}],"about":[{"href":"https:\/\/kocaelisaglik.edu.tr\/enstitu\/wp-json\/wp\/v2\/types\/page"}],"author":[{"embeddable":true,"href":"https:\/\/kocaelisaglik.edu.tr\/enstitu\/wp-json\/wp\/v2\/users\/11"}],"replies":[{"embeddable":true,"href":"https:\/\/kocaelisaglik.edu.tr\/enstitu\/wp-json\/wp\/v2\/comments?post=6989"}],"version-history":[{"count":64,"href":"https:\/\/kocaelisaglik.edu.tr\/enstitu\/wp-json\/wp\/v2\/pages\/6989\/revisions"}],"predecessor-version":[{"id":9082,"href":"https:\/\/kocaelisaglik.edu.tr\/enstitu\/wp-json\/wp\/v2\/pages\/6989\/revisions\/9082"}],"wp:attachment":[{"href":"https:\/\/kocaelisaglik.edu.tr\/enstitu\/wp-json\/wp\/v2\/media?parent=6989"}],"curies":[{"name":"wp","href":"https:\/\/api.w.org\/{rel}","templated":true}]}}