{"id":8126,"date":"2025-11-14T16:45:47","date_gmt":"2025-11-14T13:45:47","guid":{"rendered":"https:\/\/kocaelisaglik.edu.tr\/eczacilik\/?page_id=8126"},"modified":"2026-02-26T15:50:21","modified_gmt":"2026-02-26T12:50:21","slug":"kurul-ve-komisyonlar-2","status":"publish","type":"page","link":"https:\/\/kocaelisaglik.edu.tr\/eczacilik\/kurul-ve-komisyonlar-2\/","title":{"rendered":"Kurul ve Komisyonlar"},"content":{"rendered":"<div class=\"wpb-content-wrapper\"><p>[vc_row][vc_column][\/vc_column][\/vc_row][vc_row][vc_column][vc_tta_tour shape=&#8221;square&#8221; color=&#8221;white&#8221; gap=&#8221;1&#8243; controls_size=&#8221;md&#8221; active_section=&#8221;1&#8243;][vc_tta_section title=&#8221;Komisyonlar&#8221; tab_id=&#8221;1763126630043-f36a686f-3f77&#8243;][\/vc_tta_section][vc_tta_section title=&#8221;Akreditasyon Komisyonu&#8221; tab_id=&#8221;1763126630049-3be2ca17-b11a&#8221;][vc_column_text]<\/p>\n<table style=\"height: 493px;\" width=\"543\">\n<tbody>\n<tr>\n<td width=\"78\">Ba\u015fkan<\/td>\n<td width=\"222\">Dr. \u00d6\u011fr. \u00dcyesi Esra ACAR<\/td>\n<\/tr>\n<tr>\n<td width=\"78\">\u00dcye<\/td>\n<td width=\"222\">Prof. Dr. G\u00f6n\u00fcl \u015eAH\u0130N<\/td>\n<\/tr>\n<tr>\n<td width=\"78\">\u00dcye<\/td>\n<td width=\"222\">Prof. Dr. Hasan YUSUFO\u011eLU<\/td>\n<\/tr>\n<tr>\n<td width=\"78\">\u00dcye<\/td>\n<td width=\"222\">Dr. \u00d6\u011fr. \u00dcyesi M\u00fcnteha \u00d6ZSOY<\/td>\n<\/tr>\n<tr>\n<td width=\"78\">\u00dcye<\/td>\n<td width=\"222\">Dr. \u00d6\u011fr. \u00dcyesi Ozan ALDEM\u0130R<\/td>\n<\/tr>\n<tr>\n<td width=\"78\">\u00dcye<\/td>\n<td width=\"222\">Dr. \u00d6\u011fr. \u00dcyesi Fatma DA\u011eDELEN<\/td>\n<\/tr>\n<tr>\n<td width=\"78\">\u00dcye<\/td>\n<td width=\"222\">Dr. \u00d6\u011fr. \u00dcyesi Bet\u00fcl B\u00dcY\u00dcKKILI\u00c7 ALTINBA\u015eAK<\/td>\n<\/tr>\n<tr>\n<td width=\"78\">\u00dcye<\/td>\n<td width=\"222\">Dr. \u00d6\u011fr. \u00dcyesi B\u00fc\u015fra AKINALAN BALIK<\/td>\n<\/tr>\n<tr>\n<td width=\"78\">\u00dcye<\/td>\n<td width=\"222\">Dr. \u00d6\u011fr. \u00dcyesi Onur \u00c7ET\u0130NKAYA<\/td>\n<\/tr>\n<tr>\n<td width=\"78\">\u00dcye<\/td>\n<td width=\"222\">Dr. \u00d6\u011fr. \u00dcyesi Seval \u00c7INAR<\/td>\n<\/tr>\n<tr>\n<td width=\"78\">\u00dcye<\/td>\n<td width=\"222\">Ar\u015f. G\u00f6r. Ceren AYDIN<\/td>\n<\/tr>\n<tr>\n<td width=\"78\">Raport\u00f6r<\/td>\n<td width=\"222\">Ar\u015f. G\u00f6r. Nida \u00d6ZCAN \u015e\u0130M\u015eEK<\/td>\n<\/tr>\n<tr>\n<td width=\"78\">\u00dcye<\/td>\n<td width=\"222\">Seval TURAN ( Eczac\u0131l\u0131k Fak\u00fclte Sekreteri)<\/td>\n<\/tr>\n<tr>\n<td width=\"78\">\u00dcye<\/td>\n<td width=\"222\">Melike SOB\u0130 ( Eczac\u0131l\u0131k &#8211; 4. s\u0131n\u0131f \u00f6\u011frencisi)<\/td>\n<\/tr>\n<tr>\n<td width=\"78\">\u00dcye<\/td>\n<td width=\"222\">Aydanur TANIN ( Eczac\u0131l\u0131k \u0130ngilizce- 4. s\u0131n\u0131f \u00f6\u011frencisi)<\/td>\n<\/tr>\n<\/tbody>\n<\/table>\n<p>[\/vc_column_text][\/vc_tta_section][vc_tta_section title=&#8221;Uluslararas\u0131 \u0130li\u015fkiler Komisyonu&#8221; tab_id=&#8221;1763126978281-55d964de-13b8&#8243;][vc_column_text]<\/p>\n<table style=\"height: 146px;\" width=\"541\">\n<tbody>\n<tr>\n<td width=\"78\">Ba\u015fkan<\/td>\n<td width=\"222\">Dr. \u00d6\u011fr. \u00dcyesi Onur \u00c7ET\u0130NKAYA<\/td>\n<\/tr>\n<tr>\n<td width=\"78\">\u00dcye<\/td>\n<td width=\"222\">Dr. \u00d6\u011fr. \u00dcyesi B\u00fc\u015fra AKINALAN BALIK<\/td>\n<\/tr>\n<tr>\n<td width=\"78\">\u00dcye<\/td>\n<td width=\"222\">Dr. \u00d6\u011fr. \u00dcyesi Fatma DA\u011eDELEN<\/td>\n<\/tr>\n<tr>\n<td width=\"78\">Raport\u00f6r<\/td>\n<td width=\"222\">Ar\u015f. G\u00f6r. Nida \u00d6ZCAN \u015e\u0130M\u015eEK<\/td>\n<\/tr>\n<tr>\n<td width=\"78\">\u00dcye<\/td>\n<td width=\"222\">Anisa Zehra F\u0130L\u0130ZF\u0130DANO\u011eLU &#8211; ( Eczac\u0131l\u0131k \u0130ngilizce 3. s\u0131n\u0131f \u00f6\u011frencisi )<\/td>\n<\/tr>\n<\/tbody>\n<\/table>\n<p>[\/vc_column_text][\/vc_tta_section][vc_tta_section title=&#8221;E\u011fitim Komisyonu&#8221; tab_id=&#8221;1763127101057-d4f482ec-3b8c&#8221;][vc_column_text]<\/p>\n<table style=\"height: 493px;\" width=\"543\">\n<tbody>\n<tr>\n<td width=\"78\">Ba\u015fkan<\/td>\n<td width=\"222\">Prof. Dr. Hasan YUSUFO\u011eLU<\/td>\n<\/tr>\n<tr>\n<td width=\"78\">\u00dcye<\/td>\n<td width=\"222\">Prof. Dr. G\u00f6n\u00fcl \u015eAH\u0130N<\/td>\n<\/tr>\n<tr>\n<td width=\"78\">\u00dcye<\/td>\n<td width=\"222\">Dr. \u00d6\u011fr. \u00dcyesi Bet\u00fcl B\u00dcY\u00dcKKILI\u00c7 ALTINBA\u015eAK<\/td>\n<\/tr>\n<tr>\n<td width=\"78\">\u00dcye<\/td>\n<td width=\"222\">Dr. \u00d6\u011fr. \u00dcyesi M\u00fcnteha \u00d6ZSOY<\/td>\n<\/tr>\n<tr>\n<td width=\"78\">\u00dcye<\/td>\n<td width=\"222\">Dr. \u00d6\u011fr. \u00dcyesi Seval \u00c7INAR<\/td>\n<\/tr>\n<tr>\n<td width=\"78\">\u00dcye<\/td>\n<td width=\"222\">Dr. \u00d6\u011fr. \u00dcyesi B\u00fc\u015fra AKINALAN BALIK<\/td>\n<\/tr>\n<tr>\n<td width=\"78\">\u00dcye<\/td>\n<td width=\"222\">Ar\u015f. G\u00f6r. Nida \u00d6ZCAN \u015e\u0130M\u015eEK<\/td>\n<\/tr>\n<tr>\n<td width=\"78\">Raport\u00f6r<\/td>\n<td width=\"222\">Ar\u015f. G\u00f6r. Ceren AYDIN<\/td>\n<\/tr>\n<tr>\n<td width=\"78\">\u00dcye<\/td>\n<td width=\"222\">Mushab B\u00dcLB\u00dcL ( Eczac\u0131l\u0131k &#8211; 4. s\u0131n\u0131f \u00f6\u011frencisi)<\/td>\n<\/tr>\n<tr>\n<td width=\"78\">\u00dcye<\/td>\n<td width=\"222\">Elfin H\u00fcsna KOCAG\u00d6Z ( Eczac\u0131l\u0131k \u0130ngilizce- 4. s\u0131n\u0131f \u00f6\u011frencisi)<\/td>\n<\/tr>\n<\/tbody>\n<\/table>\n<p>[\/vc_column_text][\/vc_tta_section][vc_tta_section title=&#8221;Yatay Ge\u00e7i\u015f \/ \u0130ntibak Komisyonu&#8221; tab_id=&#8221;1763127261759-d3c0a847-e44c&#8221;][vc_column_text]<\/p>\n<table style=\"height: 322px;\" width=\"508\">\n<tbody>\n<tr>\n<td width=\"78\">Ba\u015fkan<\/td>\n<td width=\"222\">Prof. Dr. Hasan YUSUFO\u011eLU<\/td>\n<\/tr>\n<tr>\n<td width=\"78\">\u00dcye<\/td>\n<td width=\"222\">Dr. \u00d6\u011fr. \u00dcyesi Ozan ALDEM\u0130R<\/td>\n<\/tr>\n<tr>\n<td width=\"78\">\u00dcye<\/td>\n<td width=\"222\">Dr. \u00d6\u011fr. \u00dcyesi Seval \u00c7INAR<\/td>\n<\/tr>\n<tr>\n<td width=\"78\">Raport\u00f6r<\/td>\n<td width=\"222\">Ar\u015f. G\u00f6r. Nida \u00d6ZCAN \u015e\u0130M\u015eEK<\/td>\n<\/tr>\n<\/tbody>\n<\/table>\n<p>[\/vc_column_text][\/vc_tta_section][vc_tta_section title=&#8221;Staj ve Mesleki Uygulama Komisyonu&#8221; tab_id=&#8221;1763127396242-19014a89-4e5d&#8221;][vc_column_text]<\/p>\n<table style=\"height: 182px;\" width=\"502\">\n<tbody>\n<tr>\n<td width=\"78\">Ba\u015fkan<\/td>\n<td width=\"222\">Dr. \u00d6\u011fr. \u00dcyesi M\u00fcnteha \u00d6ZSOY<\/td>\n<\/tr>\n<tr>\n<td width=\"78\">\u00dcye<\/td>\n<td width=\"222\">Prof. Dr. G\u00f6n\u00fcl \u015eAH\u0130N<\/td>\n<\/tr>\n<tr>\n<td width=\"78\">\u00dcye<\/td>\n<td width=\"222\">Prof. Dr. Hasan YUSUFO\u011eLU<\/td>\n<\/tr>\n<tr>\n<td width=\"78\">Raport\u00f6r<\/td>\n<td width=\"222\">Ar\u015f. G\u00f6r. Ceren AYDIN<\/td>\n<\/tr>\n<\/tbody>\n<\/table>\n<p>[\/vc_column_text][\/vc_tta_section][vc_tta_section title=&#8221;Ar-Ge ve Sekt\u00f6rel \u0130\u015f Birli\u011fi Komisyonu&#8221; tab_id=&#8221;1763127471656-2d00e0cf-b58d&#8221;][vc_column_text]<\/p>\n<table style=\"height: 382px;\" width=\"526\">\n<tbody>\n<tr>\n<td width=\"78\">Ba\u015fkan<\/td>\n<td width=\"222\">Dr. \u00d6\u011fr. \u00dcyesi M\u00fcnteha \u00d6ZSOY<\/td>\n<\/tr>\n<tr>\n<td width=\"78\">\u00dcye<\/td>\n<td width=\"222\">Dr. \u00d6\u011fr. \u00dcyesi Ozan ALDEM\u0130R<\/td>\n<\/tr>\n<tr>\n<td width=\"78\">\u00dcye<\/td>\n<td width=\"222\">Dr. \u00d6\u011fr. \u00dcyesi B\u00fc\u015fra AKINALAN BALIK<\/td>\n<\/tr>\n<tr>\n<td width=\"78\">\u00dcye<\/td>\n<td width=\"222\">Dr. \u00d6\u011fr. \u00dcyesi Fatma DA\u011eDELEN<\/td>\n<\/tr>\n<tr>\n<td width=\"78\">\u00dcye<\/td>\n<td width=\"222\">Dr. \u00d6\u011fr. \u00dcyesi Esra ACAR<\/td>\n<\/tr>\n<tr>\n<td width=\"78\">Raport\u00f6r<\/td>\n<td width=\"222\">Ar\u015f. G\u00f6r. Nida \u00d6ZCAN \u015e\u0130M\u015eEK<\/td>\n<\/tr>\n<tr>\n<td width=\"78\">\u00dcye<\/td>\n<td width=\"222\">Erkan G\u00d6KOLUK( Eczac\u0131l\u0131k \u0130ngilizce 3. s\u0131n\u0131f \u00f6\u011frencisi)<\/td>\n<\/tr>\n<\/tbody>\n<\/table>\n<p>[\/vc_column_text][\/vc_tta_section][vc_tta_section title=&#8221;Sosyal \u0130li\u015fkiler Komisyonu&#8221; tab_id=&#8221;1763127626374-c5fd3e01-1ddd&#8221;][vc_column_text]<\/p>\n<table style=\"height: 182px;\" width=\"523\">\n<tbody>\n<tr>\n<td width=\"78\">Ba\u015fkan<\/td>\n<td width=\"222\">Dr. \u00d6\u011fr. \u00dcyesi Bet\u00fcl B\u00dcY\u00dcKKILI\u00c7 ALTINBA\u015eAK<\/td>\n<\/tr>\n<tr>\n<td width=\"78\">\u00dcye<\/td>\n<td width=\"222\">Dr. \u00d6\u011fr. \u00dcyesi Esra ACAR<\/td>\n<\/tr>\n<tr>\n<td width=\"78\">\u00dcye<\/td>\n<td width=\"222\">Dr. \u00d6\u011fr. \u00dcyesi M\u00fcnteha \u00d6ZSOY<\/td>\n<\/tr>\n<tr>\n<td width=\"78\">Raport\u00f6r<\/td>\n<td width=\"222\">Ar\u015f. G\u00f6r. Ceren AYDIN<\/td>\n<\/tr>\n<\/tbody>\n<\/table>\n<p>[\/vc_column_text][\/vc_tta_section][vc_tta_section title=&#8221;\u00d6\u011frenci \u0130li\u015fkileri Komisyonu&#8221; tab_id=&#8221;1763127716332-4d9eebd4-e4d0&#8243;][vc_column_text]<\/p>\n<table style=\"height: 337px;\" width=\"437\">\n<tbody>\n<tr>\n<td width=\"78\">Ba\u015fkan<\/td>\n<td width=\"222\">Dr. \u00d6\u011fr. \u00dcyesi Seval \u00c7INAR<\/td>\n<\/tr>\n<tr>\n<td width=\"78\">\u00dcye<\/td>\n<td width=\"222\">Prof. Dr. G\u00f6n\u00fcl \u015eAH\u0130N<\/td>\n<\/tr>\n<tr>\n<td width=\"78\">\u00dcye<\/td>\n<td width=\"222\">Dr. \u00d6\u011fr. \u00dcyesi M\u00fcnteha \u00d6ZSOY<\/td>\n<\/tr>\n<tr>\n<td width=\"78\">Raport\u00f6r<\/td>\n<td width=\"222\">Ar\u015f. G\u00f6r. Ceren AYDIN<\/td>\n<\/tr>\n<tr>\n<td width=\"78\">\u00dcye<\/td>\n<td width=\"222\">Ceyda Nur A\u011eIN ( Eczac\u0131l\u0131k 2.s\u0131n\u0131f \u00f6\u011frencisi)<\/td>\n<\/tr>\n<\/tbody>\n<\/table>\n<p>[\/vc_column_text][\/vc_tta_section][vc_tta_section title=&#8221;Kalite Kurulu&#8221; tab_id=&#8221;1772110188879-658e15c2-ece6&#8243;][vc_column_text]<\/p>\n<table style=\"height: 191px;\" width=\"528\">\n<tbody>\n<tr>\n<td width=\"78\">Ba\u015fkan<\/td>\n<td width=\"222\">Dr. \u00d6\u011fr. \u00dcyesi Ozan ALDEM\u0130R<\/td>\n<\/tr>\n<tr>\n<td width=\"78\">\u00dcye<\/td>\n<td width=\"222\">Dr. \u00d6\u011fr. \u00dcyesi M\u00fcnteha \u00d6ZSOY<\/td>\n<\/tr>\n<tr>\n<td width=\"78\">\u00dcye<\/td>\n<td width=\"222\">Ar\u015f. G\u00f6r. Nida \u00d6ZCAN \u015e\u0130M\u015eEK<\/td>\n<\/tr>\n<\/tbody>\n<\/table>\n<p>[\/vc_column_text][\/vc_tta_section][\/vc_tta_tour][\/vc_column][\/vc_row]<\/p>\n<\/div>","protected":false},"excerpt":{"rendered":"<p>[vc_row][vc_column][\/vc_column][\/vc_row][vc_row][vc_column][vc_tta_tour shape=&#8221;square&#8221; color=&#8221;white&#8221; gap=&#8221;1&#8243; controls_size=&#8221;md&#8221; active_section=&#8221;1&#8243;][vc_tta_section title=&#8221;Komisyonlar&#8221; tab_id=&#8221;1763126630043-f36a686f-3f77&#8243;][\/vc_tta_section][vc_tta_section title=&#8221;Akreditasyon Komisyonu&#8221; tab_id=&#8221;1763126630049-3be2ca17-b11a&#8221;][vc_column_text] Ba\u015fkan Dr. \u00d6\u011fr. \u00dcyesi Esra ACAR \u00dcye Prof. Dr. G\u00f6n\u00fcl \u015eAH\u0130N \u00dcye Prof. Dr. Hasan YUSUFO\u011eLU \u00dcye Dr. \u00d6\u011fr. \u00dcyesi M\u00fcnteha \u00d6ZSOY \u00dcye Dr. \u00d6\u011fr. \u00dcyesi Ozan ALDEM\u0130R \u00dcye &hellip; <\/p>\n","protected":false},"author":12,"featured_media":0,"parent":0,"menu_order":0,"comment_status":"closed","ping_status":"closed","template":"","meta":{"footnotes":""},"_links":{"self":[{"href":"https:\/\/kocaelisaglik.edu.tr\/eczacilik\/wp-json\/wp\/v2\/pages\/8126"}],"collection":[{"href":"https:\/\/kocaelisaglik.edu.tr\/eczacilik\/wp-json\/wp\/v2\/pages"}],"about":[{"href":"https:\/\/kocaelisaglik.edu.tr\/eczacilik\/wp-json\/wp\/v2\/types\/page"}],"author":[{"embeddable":true,"href":"https:\/\/kocaelisaglik.edu.tr\/eczacilik\/wp-json\/wp\/v2\/users\/12"}],"replies":[{"embeddable":true,"href":"https:\/\/kocaelisaglik.edu.tr\/eczacilik\/wp-json\/wp\/v2\/comments?post=8126"}],"version-history":[{"count":5,"href":"https:\/\/kocaelisaglik.edu.tr\/eczacilik\/wp-json\/wp\/v2\/pages\/8126\/revisions"}],"predecessor-version":[{"id":8293,"href":"https:\/\/kocaelisaglik.edu.tr\/eczacilik\/wp-json\/wp\/v2\/pages\/8126\/revisions\/8293"}],"wp:attachment":[{"href":"https:\/\/kocaelisaglik.edu.tr\/eczacilik\/wp-json\/wp\/v2\/media?parent=8126"}],"curies":[{"name":"wp","href":"https:\/\/api.w.org\/{rel}","templated":true}]}}