{"id":8105,"date":"2025-11-07T16:20:03","date_gmt":"2025-11-07T13:20:03","guid":{"rendered":"https:\/\/kocaelisaglik.edu.tr\/eczacilik\/?page_id=8105"},"modified":"2025-11-07T16:20:03","modified_gmt":"2025-11-07T13:20:03","slug":"yonetim-semasi","status":"publish","type":"page","link":"https:\/\/kocaelisaglik.edu.tr\/eczacilik\/yonetim-semasi\/","title":{"rendered":"Y\u00f6netim \u015eemas\u0131"},"content":{"rendered":"<div class=\"wpb-content-wrapper\"><p>[vc_row][vc_column][vc_column_text]<span style=\"color: #000000;\">Kocaeli Sa\u011fl\u0131k ve Teknoloji \u00dcniversitesi Eczac\u0131l\u0131k Fak\u00fcltesi Y\u00f6netim \u015eemas\u0131na ula\u015fmak i\u00e7in\u00a0 <a href=\"https:\/\/kocaelisaglik.edu.tr\/eczacilik\/wp-content\/uploads\/sites\/5\/2025\/11\/eczacilik_fakultesi_yonetim_semasi_07_11.pdf\">t\u0131klay\u0131n\u0131z.<\/a><\/span>[\/vc_column_text][\/vc_column][\/vc_row]<\/p>\n<\/div>","protected":false},"excerpt":{"rendered":"<p>[vc_row][vc_column][vc_column_text]Kocaeli Sa\u011fl\u0131k ve Teknoloji \u00dcniversitesi Eczac\u0131l\u0131k Fak\u00fcltesi Y\u00f6netim \u015eemas\u0131na ula\u015fmak i\u00e7in\u00a0 t\u0131klay\u0131n\u0131z.[\/vc_column_text][\/vc_column][\/vc_row]<\/p>\n","protected":false},"author":12,"featured_media":0,"parent":0,"menu_order":0,"comment_status":"closed","ping_status":"closed","template":"","meta":{"footnotes":""},"_links":{"self":[{"href":"https:\/\/kocaelisaglik.edu.tr\/eczacilik\/wp-json\/wp\/v2\/pages\/8105"}],"collection":[{"href":"https:\/\/kocaelisaglik.edu.tr\/eczacilik\/wp-json\/wp\/v2\/pages"}],"about":[{"href":"https:\/\/kocaelisaglik.edu.tr\/eczacilik\/wp-json\/wp\/v2\/types\/page"}],"author":[{"embeddable":true,"href":"https:\/\/kocaelisaglik.edu.tr\/eczacilik\/wp-json\/wp\/v2\/users\/12"}],"replies":[{"embeddable":true,"href":"https:\/\/kocaelisaglik.edu.tr\/eczacilik\/wp-json\/wp\/v2\/comments?post=8105"}],"version-history":[{"count":1,"href":"https:\/\/kocaelisaglik.edu.tr\/eczacilik\/wp-json\/wp\/v2\/pages\/8105\/revisions"}],"predecessor-version":[{"id":8107,"href":"https:\/\/kocaelisaglik.edu.tr\/eczacilik\/wp-json\/wp\/v2\/pages\/8105\/revisions\/8107"}],"wp:attachment":[{"href":"https:\/\/kocaelisaglik.edu.tr\/eczacilik\/wp-json\/wp\/v2\/media?parent=8105"}],"curies":[{"name":"wp","href":"https:\/\/api.w.org\/{rel}","templated":true}]}}