{"id":8097,"date":"2025-11-05T11:57:40","date_gmt":"2025-11-05T08:57:40","guid":{"rendered":"https:\/\/kocaelisaglik.edu.tr\/eczacilik\/?page_id=8097"},"modified":"2025-11-05T11:59:33","modified_gmt":"2025-11-05T08:59:33","slug":"busra-akinalan-balik","status":"publish","type":"page","link":"https:\/\/kocaelisaglik.edu.tr\/eczacilik\/busra-akinalan-balik\/","title":{"rendered":"B\u00fc\u015fra AKINALAN BALIK"},"content":{"rendered":"<div class=\"wpb-content-wrapper\"><p>[vc_row][vc_column width=&#8221;1\/3&#8243;][vc_single_image image=&#8221;8036&#8243; img_size=&#8221;large&#8221; alignment=&#8221;center&#8221; style=&#8221;vc_box_outline&#8221;][\/vc_column][vc_column width=&#8221;1\/3&#8243;][vc_column_text]<\/p>\n<h4 style=\"text-align: center;\">Dr. \u00d6\u011fr. \u00dcyesi<\/h4>\n<h4 style=\"text-align: center;\">B\u00fc\u015fra AKINALAN BALIK<\/h4>\n<p>&nbsp;<\/p>\n<h5 style=\"text-align: center;\">Eczac\u0131l\u0131k Fak\u00fcltesi<\/h5>\n<p>&nbsp;<\/p>\n<h5 style=\"text-align: center;\">Farmas\u00f6tik Teknoloji Ana Bilim Dal\u0131<\/h5>\n<p>&nbsp;<\/p>\n<p>&nbsp;<\/p>\n<p><a href=\"https:\/\/akademik.yok.gov.tr\/AkademikArama\/AkademisyenGorevOgrenimBilgileri?islem=direct&amp;authorId=C2CAA8138CA479A4\"><img loading=\"lazy\" decoding=\"async\" class=\"aligncenter wp-image-8676 size-full\" src=\"https:\/\/kocaelisaglik.edu.tr\/dishekimligi\/wp-content\/uploads\/sites\/2\/2023\/10\/akademik_yok_foto.jpg\" alt=\"\" width=\"300\" height=\"108\" \/><\/a>[\/vc_column_text][\/vc_column][vc_column width=&#8221;1\/3&#8243;][vc_message message_box_color=&#8221;success&#8221; icon_fontawesome=&#8221;far fa-address-book&#8221;]<\/p>\n<p style=\"text-align: center;\"><strong>\u0130leti\u015fim Bilgileri<\/strong><\/p>\n<p>[\/vc_message][vc_column_text]<\/p>\n<p style=\"text-align: center;\"><a href=\"mailto:busra.akinalan@kocaelisaglik.edu.tr\"><strong>busra.akinalan@kocaelisaglik.edu.tr<\/strong><\/a><\/p>\n<h6 style=\"text-align: center;\"><a href=\"#\">0(262) 999 80 85<\/a><\/h6>\n<p>[\/vc_column_text][\/vc_column][\/vc_row]<\/p>\n<\/div>","protected":false},"excerpt":{"rendered":"<p>[vc_row][vc_column width=&#8221;1\/3&#8243;][vc_single_image image=&#8221;8036&#8243; img_size=&#8221;large&#8221; alignment=&#8221;center&#8221; style=&#8221;vc_box_outline&#8221;][\/vc_column][vc_column width=&#8221;1\/3&#8243;][vc_column_text] Dr. \u00d6\u011fr. \u00dcyesi B\u00fc\u015fra AKINALAN BALIK &nbsp; Eczac\u0131l\u0131k Fak\u00fcltesi &nbsp; Farmas\u00f6tik Teknoloji Ana Bilim Dal\u0131 &nbsp; &nbsp; [\/vc_column_text][\/vc_column][vc_column width=&#8221;1\/3&#8243;][vc_message message_box_color=&#8221;success&#8221; icon_fontawesome=&#8221;far fa-address-book&#8221;] \u0130leti\u015fim Bilgileri [\/vc_message][vc_column_text] busra.akinalan@kocaelisaglik.edu.tr 0(262) 999 80 85 [\/vc_column_text][\/vc_column][\/vc_row]<\/p>\n","protected":false},"author":12,"featured_media":0,"parent":0,"menu_order":0,"comment_status":"closed","ping_status":"closed","template":"","meta":{"footnotes":""},"_links":{"self":[{"href":"https:\/\/kocaelisaglik.edu.tr\/eczacilik\/wp-json\/wp\/v2\/pages\/8097"}],"collection":[{"href":"https:\/\/kocaelisaglik.edu.tr\/eczacilik\/wp-json\/wp\/v2\/pages"}],"about":[{"href":"https:\/\/kocaelisaglik.edu.tr\/eczacilik\/wp-json\/wp\/v2\/types\/page"}],"author":[{"embeddable":true,"href":"https:\/\/kocaelisaglik.edu.tr\/eczacilik\/wp-json\/wp\/v2\/users\/12"}],"replies":[{"embeddable":true,"href":"https:\/\/kocaelisaglik.edu.tr\/eczacilik\/wp-json\/wp\/v2\/comments?post=8097"}],"version-history":[{"count":3,"href":"https:\/\/kocaelisaglik.edu.tr\/eczacilik\/wp-json\/wp\/v2\/pages\/8097\/revisions"}],"predecessor-version":[{"id":8100,"href":"https:\/\/kocaelisaglik.edu.tr\/eczacilik\/wp-json\/wp\/v2\/pages\/8097\/revisions\/8100"}],"wp:attachment":[{"href":"https:\/\/kocaelisaglik.edu.tr\/eczacilik\/wp-json\/wp\/v2\/media?parent=8097"}],"curies":[{"name":"wp","href":"https:\/\/api.w.org\/{rel}","templated":true}]}}