{"id":8068,"date":"2025-10-23T12:52:30","date_gmt":"2025-10-23T09:52:30","guid":{"rendered":"https:\/\/kocaelisaglik.edu.tr\/eczacilik\/?page_id=8068"},"modified":"2025-10-23T12:52:30","modified_gmt":"2025-10-23T09:52:30","slug":"ogrenci-kulupleri","status":"publish","type":"page","link":"https:\/\/kocaelisaglik.edu.tr\/eczacilik\/ogrenci-kulupleri\/","title":{"rendered":"\u00d6\u011frenci Kul\u00fcpleri"},"content":{"rendered":"","protected":false},"excerpt":{"rendered":"","protected":false},"author":12,"featured_media":0,"parent":0,"menu_order":0,"comment_status":"closed","ping_status":"closed","template":"","meta":{"footnotes":""},"_links":{"self":[{"href":"https:\/\/kocaelisaglik.edu.tr\/eczacilik\/wp-json\/wp\/v2\/pages\/8068"}],"collection":[{"href":"https:\/\/kocaelisaglik.edu.tr\/eczacilik\/wp-json\/wp\/v2\/pages"}],"about":[{"href":"https:\/\/kocaelisaglik.edu.tr\/eczacilik\/wp-json\/wp\/v2\/types\/page"}],"author":[{"embeddable":true,"href":"https:\/\/kocaelisaglik.edu.tr\/eczacilik\/wp-json\/wp\/v2\/users\/12"}],"replies":[{"embeddable":true,"href":"https:\/\/kocaelisaglik.edu.tr\/eczacilik\/wp-json\/wp\/v2\/comments?post=8068"}],"version-history":[{"count":1,"href":"https:\/\/kocaelisaglik.edu.tr\/eczacilik\/wp-json\/wp\/v2\/pages\/8068\/revisions"}],"predecessor-version":[{"id":8069,"href":"https:\/\/kocaelisaglik.edu.tr\/eczacilik\/wp-json\/wp\/v2\/pages\/8068\/revisions\/8069"}],"wp:attachment":[{"href":"https:\/\/kocaelisaglik.edu.tr\/eczacilik\/wp-json\/wp\/v2\/media?parent=8068"}],"curies":[{"name":"wp","href":"https:\/\/api.w.org\/{rel}","templated":true}]}}