{"id":8066,"date":"2025-10-23T12:49:36","date_gmt":"2025-10-23T09:49:36","guid":{"rendered":"https:\/\/kocaelisaglik.edu.tr\/eczacilik\/?page_id=8066"},"modified":"2025-11-17T12:09:29","modified_gmt":"2025-11-17T09:09:29","slug":"danisma-kurulu-dis-paydaslar","status":"publish","type":"page","link":"https:\/\/kocaelisaglik.edu.tr\/eczacilik\/danisma-kurulu-dis-paydaslar\/","title":{"rendered":"Dan\u0131\u015fma Kurulu \/ D\u0131\u015f Payda\u015flar"},"content":{"rendered":"<div class=\"wpb-content-wrapper\"><p>[vc_row][vc_column][vc_column_text]<\/p>\n<table class=\"item\" style=\"table-layout: fixed; width: 100%; border: 2px solid black; border-collapse: collapse;\">\n<tbody><!-- Ba\u015fl\u0131k --><\/p>\n<tr>\n<td style=\"border: 1px solid black; text-align: center;\" colspan=\"9\"><strong><span style=\"font-size: small;\">KOCAEL\u0130 SA\u011eLIK VE TEKNOLOJ\u0130 \u00dcN\u0130VERS\u0130TES\u0130<br \/>\nECZACILIK FAK\u00dcLTES\u0130 DANI\u015eMA KURULU<\/span><\/strong><\/td>\n<\/tr>\n<tr>\n<td style=\"border: 1px solid black; text-align: center;\" colspan=\"3\"><strong><span style=\"font-size: small;\">Ad\u0131 &#8211; Soyad\u0131\u00a0<\/span><\/strong><\/td>\n<td style=\"border: 1px solid black; text-align: center;\" colspan=\"3\"><span style=\"font-size: small;\"><strong>G\u00f6revi<\/strong><br \/>\n<\/span><\/td>\n<td style=\"border: 1px solid black; text-align: center;\" colspan=\"3\"><span style=\"font-size: small;\"><strong>Kurumu<\/strong><\/span><\/td>\n<\/tr>\n<tr>\n<td style=\"border: 1px solid black; text-align: left;\" colspan=\"3\"><span style=\"font-size: small;\">Prof. Dr. G\u00f6n\u00fcl \u015eAH\u0130N<\/span><\/td>\n<td style=\"border: 1px solid black; text-align: left;\" colspan=\"3\"><span style=\"font-size: small;\">Dekan \/ Ba\u015fkan<\/span><\/td>\n<td style=\"border: 1px solid black; text-align: left;\" colspan=\"3\"><span style=\"font-size: small;\">Kocaeli Sa\u011fl\u0131k ve Teknoloji \u00dcniversitesi Eczac\u0131l\u0131k Fak\u00fcltesi<\/span><\/td>\n<\/tr>\n<tr>\n<td style=\"border: 1px solid black; text-align: left;\" colspan=\"3\"><span style=\"font-size: small;\">Prof. Dr. Hasan YUSUFO\u011eLU<\/span><\/td>\n<td style=\"border: 1px solid black; text-align: left;\" colspan=\"3\"><span style=\"font-size: small;\">Dekan Yard\u0131mc\u0131s\u0131\/ Ba\u015fkan Yard\u0131mc\u0131s\u0131<\/span><\/td>\n<td style=\"border: 1px solid black; text-align: left;\" colspan=\"3\"><span style=\"font-size: small;\">Kocaeli Sa\u011fl\u0131k ve Teknoloji \u00dcniversitesi Eczac\u0131l\u0131k Fak\u00fcltesi<\/span><\/td>\n<\/tr>\n<tr>\n<td style=\"border: 1px solid black; text-align: left;\" colspan=\"3\"><span style=\"font-size: small;\">Dr. \u00d6\u011fr. \u00dcyesi M\u00fcnteha \u00d6ZSOY<\/span><\/td>\n<td style=\"border: 1px solid black; text-align: left;\" colspan=\"3\"><span style=\"font-size: small;\">Dekan Yard\u0131mc\u0131s\u0131\/ Ba\u015fkan Yard\u0131mc\u0131s\u0131<\/span><\/td>\n<td style=\"border: 1px solid black; text-align: left;\" colspan=\"3\"><span style=\"font-size: small;\">Kocaeli Sa\u011fl\u0131k ve Teknoloji \u00dcniversitesi Eczac\u0131l\u0131k Fak\u00fcltesi<\/span><\/td>\n<\/tr>\n<tr>\n<td style=\"border: 1px solid black; text-align: left;\" colspan=\"3\"><span style=\"font-size: small;\">Prof. Dr. G\u00fclden OMURTAG<\/span><\/td>\n<td style=\"border: 1px solid black; text-align: left;\" colspan=\"3\"><span style=\"font-size: small;\">Profes\u00f6r<\/span><\/td>\n<td style=\"border: 1px solid black; text-align: left;\" colspan=\"3\"><span style=\"font-size: small;\">\u0130stanbul Medipol \u00dcniversitesi, Eczac\u0131l\u0131k Fak\u00fcltesi<\/span><\/td>\n<\/tr>\n<tr>\n<td style=\"border: 1px solid black; text-align: left;\" colspan=\"3\"><span style=\"font-size: small;\">Filiz ALTINTA\u015e<\/span><\/td>\n<td style=\"border: 1px solid black; text-align: left;\" colspan=\"3\"><span style=\"font-size: small;\">E\u011fitim Hizmetleri Birim Uzman\u0131<\/span><\/td>\n<td style=\"border: 1px solid black; text-align: left;\" colspan=\"3\"><span style=\"font-size: small;\">Kocaeli \u0130l Sa\u011fl\u0131k M\u00fcd\u00fcrl\u00fc\u011f\u00fc<\/span><\/td>\n<\/tr>\n<tr>\n<td style=\"border: 1px solid black; text-align: left;\" colspan=\"3\"><span style=\"font-size: small;\">H\u00fcseyin BA\u015eY\u0130\u011e\u0130T<\/span><\/td>\n<td style=\"border: 1px solid black; text-align: left;\" colspan=\"3\"><span style=\"font-size: small;\">Ba\u015f Eczac\u0131<\/span><\/td>\n<td style=\"border: 1px solid black; text-align: left;\" colspan=\"3\"><span style=\"font-size: small;\">Kocaeli \u00dcniversitesi Hastanesi<\/span><\/td>\n<\/tr>\n<tr>\n<td style=\"border: 1px solid black; text-align: left;\" colspan=\"3\"><span style=\"font-size: small;\">\u015eenay CAN<\/span><\/td>\n<td style=\"border: 1px solid black; text-align: left;\" colspan=\"3\"><span style=\"font-size: small;\">Onkoloji Eczac\u0131s\u0131<\/span><\/td>\n<td style=\"border: 1px solid black; text-align: left;\" colspan=\"3\"><span style=\"font-size: small;\">Kocaeli \u00dcniversitesi Hastanesi<\/span><\/td>\n<\/tr>\n<tr>\n<td style=\"border: 1px solid black; text-align: left;\" colspan=\"3\"><span style=\"font-size: small;\">H\u00fcseyin GEZER<\/span><\/td>\n<td style=\"border: 1px solid black; text-align: left;\" colspan=\"3\"><span style=\"font-size: small;\">Eczac\u0131, Meclis Ba\u015fkan\u0131<\/span><\/td>\n<td style=\"border: 1px solid black; text-align: left;\" colspan=\"3\"><span style=\"font-size: small;\">Kocaeli Ticaret Odas\u0131 Ba\u015fkan\u0131<\/span><\/td>\n<\/tr>\n<tr>\n<td style=\"border: 1px solid black; text-align: left;\" colspan=\"3\"><span style=\"font-size: small;\">Mustafa EZER<\/span><\/td>\n<td style=\"border: 1px solid black; text-align: left;\" colspan=\"3\"><span style=\"font-size: small;\">Eczac\u0131, Oda Ba\u015fkan\u0131<\/span><\/td>\n<td style=\"border: 1px solid black; text-align: left;\" colspan=\"3\"><span style=\"font-size: small;\">Kocaeli Eczac\u0131 Odas\u0131<\/span><\/td>\n<\/tr>\n<tr>\n<td style=\"border: 1px solid black; text-align: left;\" colspan=\"3\"><span style=\"font-size: small;\">Seval KORKMAZ <\/span><\/td>\n<td style=\"border: 1px solid black; text-align: left;\" colspan=\"3\"><span style=\"font-size: small;\">Farmakolog<\/span><\/td>\n<td style=\"border: 1px solid black; text-align: left;\" colspan=\"3\"><span style=\"font-size: small;\">Biyoteknoloji ve \u0130la\u00e7 Firma Sahibi<\/span><\/td>\n<\/tr>\n<tr>\n<td style=\"border: 1px solid black; text-align: left;\" colspan=\"3\"><span style=\"font-size: small;\">Terken BAYDAR<\/span><\/td>\n<td style=\"border: 1px solid black; text-align: left;\" colspan=\"3\"><span style=\"font-size: small;\">Profes\u00f6r<\/span><\/td>\n<td style=\"border: 1px solid black; text-align: left;\" colspan=\"3\"><span style=\"font-size: small;\">Hacettepe \u00dcniversitesi Eczac\u0131l\u0131k Fak\u00fcltesi Farmas\u00f6tik Toksikoloji ABD<\/span><\/td>\n<\/tr>\n<tr>\n<td style=\"border: 1px solid black; text-align: left;\" colspan=\"3\"><span style=\"font-size: small;\">Tu\u011f\u00e7e DEM\u0130RTA\u015e<\/span><\/td>\n<td style=\"border: 1px solid black; text-align: left;\" colspan=\"3\"><span style=\"font-size: small;\">Serbest Eczac\u0131<\/span><\/td>\n<td style=\"border: 1px solid black; text-align: left;\" colspan=\"3\"><span style=\"font-size: small;\">Kocaeli Eczac\u0131 Odas\u0131 E\u011fitim Komisyon Ba\u015fkan\u0131<\/span><\/td>\n<\/tr>\n<tr>\n<td style=\"border: 1px solid black; text-align: left;\" colspan=\"3\"><span style=\"font-size: small;\">Bekir Faruk ERDEN<\/span><\/td>\n<td style=\"border: 1px solid black; text-align: left;\" colspan=\"3\"><span style=\"font-size: small;\">Farmakolog<\/span><\/td>\n<td style=\"border: 1px solid black; text-align: left;\" colspan=\"3\"><span style=\"font-size: small;\">Kocaeli \u00dcniversitesi T\u0131p Fak\u00fcltesi Farmakolog<\/span><\/td>\n<\/tr>\n<tr>\n<td style=\"border: 1px solid black; text-align: left;\" colspan=\"3\"><span style=\"font-size: small;\">K\u00fcr\u015fat BAL<\/span><\/td>\n<td style=\"border: 1px solid black; text-align: left;\" colspan=\"3\"><span style=\"font-size: small;\">Dr.<\/span><\/td>\n<td style=\"border: 1px solid black; text-align: left;\" colspan=\"3\"><span style=\"font-size: small;\">Hayat Kimya<\/span><\/td>\n<\/tr>\n<tr>\n<td style=\"border: 1px solid black; text-align: left;\" colspan=\"3\"><span style=\"font-size: small;\">Busenur PARMAK<\/span><\/td>\n<td style=\"border: 1px solid black; text-align: left;\" colspan=\"3\"><span style=\"font-size: small;\">\u00d6\u011frenci, Eczac\u0131l\u0131k ( \u0130ngilizce ) B\u00f6l\u00fcm\u00fc \u00d6\u011frenci Temsilcisi<\/span><\/td>\n<td style=\"border: 1px solid black; text-align: left;\" colspan=\"3\"><span style=\"font-size: small;\">Kocaeli Sa\u011fl\u0131k ve Teknoloji \u00dcniversitesi\u00a0<\/span><\/td>\n<\/tr>\n<tr>\n<td style=\"border: 1px solid black; text-align: left;\" colspan=\"3\"><span style=\"font-size: small;\">Melike SOB\u0130<\/span><\/td>\n<td style=\"border: 1px solid black; text-align: left;\" colspan=\"3\"><span style=\"font-size: small;\">\u00d6\u011frenci, Eczac\u0131l\u0131k ( \u0130ngilizce ) B\u00f6l\u00fcm\u00fc \u00d6\u011frenci Temsilcisi<\/span><\/td>\n<td style=\"border: 1px solid black; text-align: left;\" colspan=\"3\"><span style=\"font-size: small;\">Kocaeli Sa\u011fl\u0131k ve Teknoloji \u00dcniversitesi\u00a0<\/span><\/td>\n<\/tr>\n<\/tbody>\n<\/table>\n<p>[\/vc_column_text][\/vc_column][\/vc_row]<\/p>\n<\/div>","protected":false},"excerpt":{"rendered":"<p>[vc_row][vc_column][vc_column_text] KOCAEL\u0130 SA\u011eLIK VE TEKNOLOJ\u0130 \u00dcN\u0130VERS\u0130TES\u0130 ECZACILIK FAK\u00dcLTES\u0130 DANI\u015eMA KURULU Ad\u0131 &#8211; Soyad\u0131\u00a0 G\u00f6revi Kurumu Prof. Dr. G\u00f6n\u00fcl \u015eAH\u0130N Dekan \/ Ba\u015fkan Kocaeli Sa\u011fl\u0131k ve Teknoloji \u00dcniversitesi Eczac\u0131l\u0131k Fak\u00fcltesi Prof. Dr. Hasan YUSUFO\u011eLU Dekan Yard\u0131mc\u0131s\u0131\/ Ba\u015fkan Yard\u0131mc\u0131s\u0131 Kocaeli Sa\u011fl\u0131k ve &hellip; <\/p>\n","protected":false},"author":12,"featured_media":0,"parent":0,"menu_order":0,"comment_status":"closed","ping_status":"closed","template":"","meta":{"footnotes":""},"_links":{"self":[{"href":"https:\/\/kocaelisaglik.edu.tr\/eczacilik\/wp-json\/wp\/v2\/pages\/8066"}],"collection":[{"href":"https:\/\/kocaelisaglik.edu.tr\/eczacilik\/wp-json\/wp\/v2\/pages"}],"about":[{"href":"https:\/\/kocaelisaglik.edu.tr\/eczacilik\/wp-json\/wp\/v2\/types\/page"}],"author":[{"embeddable":true,"href":"https:\/\/kocaelisaglik.edu.tr\/eczacilik\/wp-json\/wp\/v2\/users\/12"}],"replies":[{"embeddable":true,"href":"https:\/\/kocaelisaglik.edu.tr\/eczacilik\/wp-json\/wp\/v2\/comments?post=8066"}],"version-history":[{"count":4,"href":"https:\/\/kocaelisaglik.edu.tr\/eczacilik\/wp-json\/wp\/v2\/pages\/8066\/revisions"}],"predecessor-version":[{"id":8160,"href":"https:\/\/kocaelisaglik.edu.tr\/eczacilik\/wp-json\/wp\/v2\/pages\/8066\/revisions\/8160"}],"wp:attachment":[{"href":"https:\/\/kocaelisaglik.edu.tr\/eczacilik\/wp-json\/wp\/v2\/media?parent=8066"}],"curies":[{"name":"wp","href":"https:\/\/api.w.org\/{rel}","templated":true}]}}