{"id":8061,"date":"2025-10-23T12:42:04","date_gmt":"2025-10-23T09:42:04","guid":{"rendered":"https:\/\/kocaelisaglik.edu.tr\/eczacilik\/?page_id=8061"},"modified":"2025-10-23T12:44:04","modified_gmt":"2025-10-23T09:44:04","slug":"ogrenci-danismanliklari","status":"publish","type":"page","link":"https:\/\/kocaelisaglik.edu.tr\/eczacilik\/ogrenci-danismanliklari\/","title":{"rendered":"\u00d6\u011frenci Dan\u0131\u015fmanl\u0131klar\u0131"},"content":{"rendered":"<div class=\"wpb-content-wrapper\"><p>[vc_row][vc_column][vc_column_text]<\/p>\n<table class=\"item\" style=\"table-layout: fixed; width: 100%; border: 2px solid black; border-collapse: collapse;\">\n<tbody>\n<tr>\n<td style=\"border: 1px solid black; text-align: center;\" colspan=\"5\"><strong><span style=\"font-size: small;\">2025 \/ 2026 ECZACILIK FAK\u00dcLTES\u0130 DANI\u015eMANLIK L\u0130STES\u0130<\/span><\/strong><\/td>\n<\/tr>\n<\/tbody>\n<tbody>\n<tr>\n<td style=\"border: 1px solid black; text-align: center;\"><span style=\"font-size: small;\"><span style=\"font-size: small;\"><strong>Prof. Dr.<\/strong><br \/>\n<strong>G\u00f6n\u00fcl \u015eAH\u0130N<\/strong><br \/>\n<a href=\"mailto:gonul.sahin@kocaelisaglik.edu.tr\">gonul.sahin@kocaelisaglik.edu.tr<\/a><br \/>\nG\u00f6r\u00fc\u015fme Saati<br \/>\n\u00c7ar\u015famba 10.00 &#8211; 11.00<\/span><\/span><\/td>\n<td style=\"border: 1px solid black; text-align: center;\"><span style=\"font-size: small;\"><strong>Dr. \u00d6\u011fr. \u00dcyesi<\/strong><br \/>\n<strong>M\u00fcnteha \u00d6ZSOY<\/strong><br \/>\n<a href=\"mailto:munteha.ozsoy@kocaelisaglik.edu.tr\">munteha.ozsoy@kocaelisaglik.edu.tr<\/a><br \/>\nG\u00f6r\u00fc\u015fme Saati<br \/>\nPazartesi 12.00 &#8211; 14.00<br \/>\nCuma\u00a0 13.00 &#8211; 15.00<\/span><\/td>\n<td style=\"border: 1px solid black; text-align: center;\"><span style=\"font-size: small;\"><strong>Dr. \u00d6\u011fr. \u00dcyesi<\/strong><br \/>\n<strong>Bet\u00fcl B\u00dcY\u00dcKKILI\u00c7 ALTINBA\u015eAK<\/strong><br \/>\n<a href=\"mailto:betul.altinbasak@kocaelisaglik.edu.tr\">betul.altinbasak@kocaelisaglik.edu.tr<\/a><br \/>\nG\u00f6r\u00fc\u015fme Saati<br \/>\nSal\u0131 10.00 &#8211; 11.00<br \/>\n\u00c7ar\u015famba\u00a0 11.00 &#8211; 12.00<\/span><\/td>\n<td style=\"border: 1px solid black; text-align: center;\"><span style=\"font-size: small;\"><strong>Dr. \u00d6\u011fr. \u00dcyesi<\/strong><br \/>\n<strong>\u00d6zg\u00fcn \u00d6yk\u00fc \u00d6ZDEM\u0130R<\/strong><br \/>\n<a href=\"mailto:ozgun.ozdemir@kocaelisaglik.edu.tr\">ozgun.ozdemir@kocaelisaglik.edu.tr<\/a><br \/>\nG\u00f6r\u00fc\u015fme Saati<br \/>\nSal\u0131 11.00 &#8211; 12.00<br \/>\n\u00c7ar\u015famba\u00a0 15.00 &#8211; 16.00<\/span><\/td>\n<td style=\"border: 1px solid black; text-align: center;\"><span style=\"font-size: small;\"><strong>Dr. \u00d6\u011fr. \u00dcyesi<\/strong><br \/>\n<strong>Seval \u00c7INAR<\/strong><br \/>\n<a href=\"mailto:seval.cinar@kocaelisaglik.edu.tr\">seval.cinar@kocaelisaglik.edu.tr<\/a><br \/>\nG\u00f6r\u00fc\u015fme Saati<br \/>\nSal\u0131 10.00 &#8211; 12.00<\/span><\/td>\n<\/tr>\n<\/tbody>\n<tbody>\n<tr>\n<td style=\"border: 1px solid black; text-align: center;\"><span style=\"font-size: small;\"><strong>Prof. Dr.<\/strong><br \/>\n<strong>Hasan YUSUFO\u011eLU<\/strong><br \/>\n<a href=\"mailto:hasan.yusufoglu@kocaelisaglik.edu.tr\">hasan.yusufoglu@kocaelisaglik.edu.tr<\/a><br \/>\nG\u00f6r\u00fc\u015fme Saati<br \/>\nPazartesi 14.00 &#8211; 16.00<br \/>\nCuma\u00a0 10.30 &#8211; 12.00<br \/>\n<\/span><\/td>\n<td style=\"border: 1px solid black; text-align: center;\"><span style=\"font-size: small;\"><strong>Dr. \u00d6\u011fr. \u00dcyesi<\/strong><br \/>\n<strong>Esra ACAR<\/strong><br \/>\n<a href=\"mailto:busra.akinalanbalik@kocaelisaglik.edu.tr\">busra.akinalanbalik@kocaelisaglik.edu.tr<\/a><br \/>\nG\u00f6r\u00fc\u015fme Saati<br \/>\nPazartesi 13.00 &#8211; 14.00<br \/>\n\u00c7ar\u015famba\u00a0 11.00 &#8211; 12.00<br \/>\n<\/span><\/td>\n<td style=\"border: 1px solid black; text-align: center;\"><span style=\"font-size: small;\"><strong>Dr. \u00d6\u011fr. \u00dcyesi<\/strong><br \/>\n<strong>Muhammed YUSUF<\/strong><br \/>\n<a href=\"mailto:muhammed.yusuf@kocaelisaglik.edu.tr\">muhammed.yusuf@kocaelisaglik.edu.tr<\/a><br \/>\nG\u00f6r\u00fc\u015fme Saati<br \/>\nPer\u015fembe 09.00 &#8211; 11.00<br \/>\nCuma\u00a0 09.00 &#8211; 10.00<\/span><\/td>\n<td style=\"border: 1px solid black; text-align: center;\"><span style=\"font-size: small;\"><strong>Dr. \u00d6\u011fr. \u00dcyesi<\/strong><br \/>\n<strong>Onur \u00c7ET\u0130NKAYA<\/strong><br \/>\n<a href=\"mailto:onur.cetinkaya@kocaelisaglik.edu.tr\">onur.cetinkaya@kocaelisaglik.edu.tr<\/a><br \/>\nG\u00f6r\u00fc\u015fme Saati<br \/>\n\u00c7ar\u015famba 11.00 &#8211; 12.00<br \/>\n\u00c7ar\u015famba 15.00 &#8211; 16.00<br \/>\n<\/span><\/td>\n<td style=\"border: 1px solid black; text-align: center;\"><span style=\"font-size: small;\"><strong>Dr. \u00d6\u011fr. \u00dcyesi<\/strong><br \/>\n<strong>Fatma DA\u011eDELEN<\/strong><br \/>\n<a href=\"mailto:fatma.dagdelen@kocaelisaglik.edu.tr\">fatma.dagdelen@kocaelisaglik.edu.tr<\/a><br \/>\nG\u00f6r\u00fc\u015fme Saati<br \/>\nSal\u0131 12.00 &#8211; 14.00<br \/>\nPer\u015fembe 12.00 &#8211; 14.00<\/span><\/td>\n<\/tr>\n<\/tbody>\n<tbody>\n<tr>\n<td style=\"border: 1px solid black; text-align: center;\"><span style=\"font-size: small;\"><strong>Dr. \u00d6\u011fr. \u00dcyesi<\/strong><br \/>\n<strong>B\u00fc\u015fra AKINALAN BALIK<\/strong><br \/>\n<a href=\"mailto:busra.akinalan@kocaelisaglik.edu.tr\">busra.akinalan@kocaelisaglik.edu.tr<\/a><br \/>\nG\u00f6r\u00fc\u015fme Saati<br \/>\nPazartesi 14.00 &#8211; 16.00<\/span><\/td>\n<td style=\"border: 1px solid black; text-align: center;\"><span style=\"font-size: small;\"><strong>Dr. \u00d6\u011fr. \u00dcyesi<\/strong><br \/>\n<strong>Ozan ALDEM\u0130R<\/strong><br \/>\n<a href=\"mailto:ozan.aldemir@kocaelisaglik.edu.tr\">ozan.aldemir@kocaelisaglik.edu.tr<\/a><br \/>\nG\u00f6r\u00fc\u015fme Saati<br \/>\nPazartesi 14.00 &#8211; 16.00<br \/>\nPer\u015fembe\u00a0 10.00 &#8211; 12.00<\/span><\/td>\n<td style=\"border: 1px solid black; text-align: center;\"><span style=\"font-size: small;\"><strong>Dr. \u00d6\u011fr. \u00dcyesi<\/strong><br \/>\n<strong>Soykan A\u011eAR<\/strong><br \/>\n<a href=\"mailto:soykan.agar@kocaelisaglik.edu.tr\">soykan.agar@kocaelisaglik.edu.tr<\/a><br \/>\nG\u00f6r\u00fc\u015fme Saati<br \/>\nSal\u0131 13.00 &#8211; 14.00<br \/>\nPer\u015fembe\u00a0 13.00 &#8211; 14.00<\/span><\/td>\n<td style=\"border: 1px solid black; text-align: center;\"><\/td>\n<td style=\"border: 1px solid black; text-align: center;\"><\/td>\n<\/tr>\n<\/tbody>\n<\/table>\n<p>[\/vc_column_text][\/vc_column][\/vc_row]<\/p>\n<\/div>","protected":false},"excerpt":{"rendered":"<p>[vc_row][vc_column][vc_column_text] 2025 \/ 2026 ECZACILIK FAK\u00dcLTES\u0130 DANI\u015eMANLIK L\u0130STES\u0130 Prof. Dr. G\u00f6n\u00fcl \u015eAH\u0130N gonul.sahin@kocaelisaglik.edu.tr G\u00f6r\u00fc\u015fme Saati \u00c7ar\u015famba 10.00 &#8211; 11.00 Dr. \u00d6\u011fr. \u00dcyesi M\u00fcnteha \u00d6ZSOY munteha.ozsoy@kocaelisaglik.edu.tr G\u00f6r\u00fc\u015fme Saati Pazartesi 12.00 &#8211; 14.00 Cuma\u00a0 13.00 &#8211; 15.00 Dr. \u00d6\u011fr. \u00dcyesi Bet\u00fcl B\u00dcY\u00dcKKILI\u00c7 &hellip; <\/p>\n","protected":false},"author":12,"featured_media":0,"parent":0,"menu_order":0,"comment_status":"closed","ping_status":"closed","template":"","meta":{"footnotes":""},"_links":{"self":[{"href":"https:\/\/kocaelisaglik.edu.tr\/eczacilik\/wp-json\/wp\/v2\/pages\/8061"}],"collection":[{"href":"https:\/\/kocaelisaglik.edu.tr\/eczacilik\/wp-json\/wp\/v2\/pages"}],"about":[{"href":"https:\/\/kocaelisaglik.edu.tr\/eczacilik\/wp-json\/wp\/v2\/types\/page"}],"author":[{"embeddable":true,"href":"https:\/\/kocaelisaglik.edu.tr\/eczacilik\/wp-json\/wp\/v2\/users\/12"}],"replies":[{"embeddable":true,"href":"https:\/\/kocaelisaglik.edu.tr\/eczacilik\/wp-json\/wp\/v2\/comments?post=8061"}],"version-history":[{"count":3,"href":"https:\/\/kocaelisaglik.edu.tr\/eczacilik\/wp-json\/wp\/v2\/pages\/8061\/revisions"}],"predecessor-version":[{"id":8065,"href":"https:\/\/kocaelisaglik.edu.tr\/eczacilik\/wp-json\/wp\/v2\/pages\/8061\/revisions\/8065"}],"wp:attachment":[{"href":"https:\/\/kocaelisaglik.edu.tr\/eczacilik\/wp-json\/wp\/v2\/media?parent=8061"}],"curies":[{"name":"wp","href":"https:\/\/api.w.org\/{rel}","templated":true}]}}