{"id":7840,"date":"2024-12-09T11:58:14","date_gmt":"2024-12-09T08:58:14","guid":{"rendered":"https:\/\/kocaelisaglik.edu.tr\/eczacilik\/?page_id=7840"},"modified":"2024-12-09T11:58:40","modified_gmt":"2024-12-09T08:58:40","slug":"kurul-ve-komisyonlar","status":"publish","type":"page","link":"https:\/\/kocaelisaglik.edu.tr\/eczacilik\/kurul-ve-komisyonlar\/","title":{"rendered":"Kurul ve Komisyonlar"},"content":{"rendered":"<div class=\"wpb-content-wrapper\"><p>[vc_row][vc_column][vc_tta_tour][vc_tta_section title=&#8221;Komisyonlar&#8221; tab_id=&#8221;1733734472442-0fafea74-8e3b&#8221;][\/vc_tta_section][vc_tta_section title=&#8221;Kalite Kurulu&#8221; tab_id=&#8221;1733734472448-b514ea0e-a281&#8243;][vc_column_text]<\/p>\n<table style=\"height: 118px;\" width=\"482\">\n<tbody>\n<tr>\n<td width=\"78\">\u00dcye<\/td>\n<td width=\"222\">Dr. \u00d6\u011fr. \u00dcyesi Ozan ALDEM\u0130R<\/td>\n<\/tr>\n<tr>\n<td width=\"78\">\u00dcye<\/td>\n<td width=\"222\">Dr. \u00d6\u011fr. \u00dcyesi M\u00fcnteha \u00d6ZSOY<\/td>\n<\/tr>\n<tr>\n<td width=\"78\">\u00dcye<\/td>\n<td width=\"222\">Ar\u015f. G\u00f6r. Nida \u00d6ZCAN<\/td>\n<\/tr>\n<\/tbody>\n<\/table>\n<p>[\/vc_column_text][\/vc_tta_section][\/vc_tta_tour][\/vc_column][\/vc_row]<\/p>\n<\/div>","protected":false},"excerpt":{"rendered":"<p>[vc_row][vc_column][vc_tta_tour][vc_tta_section title=&#8221;Komisyonlar&#8221; tab_id=&#8221;1733734472442-0fafea74-8e3b&#8221;][\/vc_tta_section][vc_tta_section title=&#8221;Kalite Kurulu&#8221; tab_id=&#8221;1733734472448-b514ea0e-a281&#8243;][vc_column_text] \u00dcye Dr. \u00d6\u011fr. \u00dcyesi Ozan ALDEM\u0130R \u00dcye Dr. \u00d6\u011fr. \u00dcyesi M\u00fcnteha \u00d6ZSOY \u00dcye Ar\u015f. G\u00f6r. Nida \u00d6ZCAN [\/vc_column_text][\/vc_tta_section][\/vc_tta_tour][\/vc_column][\/vc_row]<\/p>\n","protected":false},"author":12,"featured_media":0,"parent":0,"menu_order":0,"comment_status":"closed","ping_status":"closed","template":"","meta":{"footnotes":""},"_links":{"self":[{"href":"https:\/\/kocaelisaglik.edu.tr\/eczacilik\/wp-json\/wp\/v2\/pages\/7840"}],"collection":[{"href":"https:\/\/kocaelisaglik.edu.tr\/eczacilik\/wp-json\/wp\/v2\/pages"}],"about":[{"href":"https:\/\/kocaelisaglik.edu.tr\/eczacilik\/wp-json\/wp\/v2\/types\/page"}],"author":[{"embeddable":true,"href":"https:\/\/kocaelisaglik.edu.tr\/eczacilik\/wp-json\/wp\/v2\/users\/12"}],"replies":[{"embeddable":true,"href":"https:\/\/kocaelisaglik.edu.tr\/eczacilik\/wp-json\/wp\/v2\/comments?post=7840"}],"version-history":[{"count":2,"href":"https:\/\/kocaelisaglik.edu.tr\/eczacilik\/wp-json\/wp\/v2\/pages\/7840\/revisions"}],"predecessor-version":[{"id":7842,"href":"https:\/\/kocaelisaglik.edu.tr\/eczacilik\/wp-json\/wp\/v2\/pages\/7840\/revisions\/7842"}],"wp:attachment":[{"href":"https:\/\/kocaelisaglik.edu.tr\/eczacilik\/wp-json\/wp\/v2\/media?parent=7840"}],"curies":[{"name":"wp","href":"https:\/\/api.w.org\/{rel}","templated":true}]}}