{"id":7509,"date":"2023-03-03T10:37:48","date_gmt":"2023-03-03T07:37:48","guid":{"rendered":"https:\/\/kocaelisaglik.edu.tr\/eczacilik\/?page_id=7509"},"modified":"2025-10-21T12:13:33","modified_gmt":"2025-10-21T09:13:33","slug":"fakulte-kurulu","status":"publish","type":"page","link":"https:\/\/kocaelisaglik.edu.tr\/eczacilik\/fakulte-kurulu\/","title":{"rendered":"Fak\u00fclte Kurulu"},"content":{"rendered":"<div class=\"wpb-content-wrapper\"><p>[vc_row][vc_column width=&#8221;1\/3&#8243;][vc_row_inner][vc_column_inner][vc_single_image image=&#8221;7808&#8243; alignment=&#8221;center&#8221; style=&#8221;vc_box_outline&#8221;][\/vc_column_inner][\/vc_row_inner][\/vc_column][vc_column width=&#8221;2\/3&#8243;][vc_row_inner][vc_column_inner][vc_column_text]<strong>Prof. Dr. G\u00f6n\u00fcl \u015eAH\u0130N<\/strong><\/p>\n<p><strong>Eczac\u0131l\u0131k Fak\u00fcltesi Dekan\u0131<\/strong><\/p>\n<p><a href=\"mailto:gonul.sahin@kocaelisaglik.edu.tr\">gonul.sahin@kocaelisaglik.edu.tr<\/a>[\/vc_column_text][\/vc_column_inner][\/vc_row_inner][\/vc_column][\/vc_row][vc_row][vc_column width=&#8221;1\/3&#8243;][vc_row_inner][vc_column_inner][vc_single_image image=&#8221;7899&#8243; alignment=&#8221;center&#8221; style=&#8221;vc_box_outline&#8221;][\/vc_column_inner][\/vc_row_inner][\/vc_column][vc_column width=&#8221;2\/3&#8243;][vc_row_inner][vc_column_inner][vc_column_text]<strong>Prof. Dr. M. Teoman YANMAZ<\/strong><\/p>\n<p><strong>Profes\u00f6r Temsilci \u00dcye<\/strong><\/p>\n<p><a href=\"mailto:teoman.yanmaz@kocaelisaglik.edu.tr\">teoman.yanmaz@kocaelisaglik.edu.tr<\/a>[\/vc_column_text][\/vc_column_inner][\/vc_row_inner][\/vc_column][\/vc_row][vc_row][vc_column width=&#8221;1\/3&#8243;][vc_row_inner][vc_column_inner][vc_single_image image=&#8221;7924&#8243; alignment=&#8221;center&#8221; style=&#8221;vc_box_outline&#8221;][\/vc_column_inner][\/vc_row_inner][\/vc_column][vc_column width=&#8221;2\/3&#8243;][vc_row_inner][vc_column_inner][vc_column_text]<strong>Prof. Dr. Saffet \u00d6RS<\/strong><\/p>\n<p><strong>Profes\u00f6r Temsilci \u00dcye<\/strong><\/p>\n<p><a href=\"mailto:saffet.ors@kocaelisaglik.edu.tr\">saffet.ors@kocaelisaglik.edu.tr<\/a>[\/vc_column_text][\/vc_column_inner][\/vc_row_inner][\/vc_column][\/vc_row][vc_row][vc_column width=&#8221;1\/3&#8243;][vc_row_inner][vc_column_inner][vc_single_image image=&#8221;7923&#8243; alignment=&#8221;center&#8221; style=&#8221;vc_box_outline&#8221;][\/vc_column_inner][\/vc_row_inner][\/vc_column][vc_column width=&#8221;2\/3&#8243;][vc_row_inner][vc_column_inner][vc_column_text]<strong>Prof. Dr. Can YALDIZ<\/strong><\/p>\n<p><strong>Profes\u00f6r Temsilci \u00dcye<\/strong><\/p>\n<p><a href=\"mailto:can.yaldiz@kocaelisaglik.edu.tr\">can.yaldiz@kocaelisaglik.edu.tr<\/a>[\/vc_column_text][\/vc_column_inner][\/vc_row_inner][\/vc_column][\/vc_row][vc_row][vc_column width=&#8221;1\/3&#8243;][vc_row_inner][vc_column_inner][vc_single_image image=&#8221;7698&#8243; alignment=&#8221;center&#8221; style=&#8221;vc_box_outline&#8221;][\/vc_column_inner][\/vc_row_inner][\/vc_column][vc_column width=&#8221;2\/3&#8243;][vc_row_inner][vc_column_inner][vc_column_text]<strong>Dr. \u00d6\u011fr. \u00dcyesi Bet\u00fcl B\u00dcY\u00dcKKILI\u00c7 ALTINBA\u015eAK<\/strong><\/p>\n<p><strong>Eczac\u0131l\u0131k Meslek Bilimleri B\u00f6l\u00fcm Ba\u015fkan\u0131<\/strong><\/p>\n<p><a href=\"mailto:betul.altinbasak@kocaelisaglik.edu.tr\">betul.altinbasak@kocaelisaglik.edu.tr<\/a>[\/vc_column_text][\/vc_column_inner][\/vc_row_inner][\/vc_column][\/vc_row][vc_row][vc_column width=&#8221;1\/3&#8243;][vc_row_inner][vc_column_inner][vc_single_image image=&#8221;7701&#8243; alignment=&#8221;center&#8221; style=&#8221;vc_box_outline&#8221;][\/vc_column_inner][\/vc_row_inner][\/vc_column][vc_column width=&#8221;2\/3&#8243;][vc_row_inner][vc_column_inner][vc_column_text]<strong>Dr. \u00d6\u011fr. \u00dcyesi Ozan ALDEM\u0130R<\/strong><\/p>\n<p><strong>Eczac\u0131l\u0131k Teknolojsi B\u00f6l\u00fcm Ba\u015fkan\u0131<\/strong><\/p>\n<p><a href=\"mailto:ozan.aldemir@kocaelisaglik.edu.tr\">ozan.aldemir@kocaelisaglik.edu.tr<\/a>[\/vc_column_text][\/vc_column_inner][\/vc_row_inner][\/vc_column][\/vc_row][vc_row][vc_column width=&#8221;1\/3&#8243;][vc_row_inner][vc_column_inner][vc_single_image image=&#8221;7900&#8243; alignment=&#8221;center&#8221; style=&#8221;vc_box_outline&#8221;][\/vc_column_inner][\/vc_row_inner][\/vc_column][vc_column width=&#8221;2\/3&#8243;][vc_row_inner][vc_column_inner][vc_column_text]<strong>Do\u00e7. Dr. Ghassan \u0130SSA<\/strong><\/p>\n<p><strong>Do\u00e7ent Temsilci \u00dcye<\/strong><\/p>\n<p><a href=\"mailto:ghassan.issa@kocaelisaglik.edu.tr\">ghassan.issa@kocaelisaglik.edu.tr<\/a>[\/vc_column_text][\/vc_column_inner][\/vc_row_inner][\/vc_column][\/vc_row][vc_row][vc_column width=&#8221;1\/3&#8243;][vc_row_inner][vc_column_inner][vc_single_image image=&#8221;7698&#8243; alignment=&#8221;center&#8221; style=&#8221;vc_box_outline&#8221;][\/vc_column_inner][\/vc_row_inner][\/vc_column][vc_column width=&#8221;2\/3&#8243;][vc_row_inner][vc_column_inner][vc_column_text]<strong>Dr. \u00d6\u011fr. \u00dcyesi Bet\u00fcl B\u00dcY\u00dcKKILI\u00c7 ALTINBA\u015eAK<\/strong><\/p>\n<p><strong>Doktor \u00d6\u011fretim \u00dcyesi Temsilci \u00dcye<\/strong><\/p>\n<p><a href=\"mailto:betul.altinbasak@kocaelisaglik.edu.tr\">betul.altinbasak@kocaelisaglik.edu.tr<\/a>[\/vc_column_text][\/vc_column_inner][\/vc_row_inner][\/vc_column][\/vc_row]<\/p>\n<\/div>","protected":false},"excerpt":{"rendered":"<p>[vc_row][vc_column width=&#8221;1\/3&#8243;][vc_row_inner][vc_column_inner][vc_single_image image=&#8221;7808&#8243; alignment=&#8221;center&#8221; style=&#8221;vc_box_outline&#8221;][\/vc_column_inner][\/vc_row_inner][\/vc_column][vc_column width=&#8221;2\/3&#8243;][vc_row_inner][vc_column_inner][vc_column_text]Prof. Dr. G\u00f6n\u00fcl \u015eAH\u0130N Eczac\u0131l\u0131k Fak\u00fcltesi Dekan\u0131 gonul.sahin@kocaelisaglik.edu.tr[\/vc_column_text][\/vc_column_inner][\/vc_row_inner][\/vc_column][\/vc_row][vc_row][vc_column width=&#8221;1\/3&#8243;][vc_row_inner][vc_column_inner][vc_single_image image=&#8221;7899&#8243; alignment=&#8221;center&#8221; style=&#8221;vc_box_outline&#8221;][\/vc_column_inner][\/vc_row_inner][\/vc_column][vc_column width=&#8221;2\/3&#8243;][vc_row_inner][vc_column_inner][vc_column_text]Prof. Dr. M. Teoman YANMAZ Profes\u00f6r Temsilci \u00dcye teoman.yanmaz@kocaelisaglik.edu.tr[\/vc_column_text][\/vc_column_inner][\/vc_row_inner][\/vc_column][\/vc_row][vc_row][vc_column width=&#8221;1\/3&#8243;][vc_row_inner][vc_column_inner][vc_single_image image=&#8221;7924&#8243; alignment=&#8221;center&#8221; style=&#8221;vc_box_outline&#8221;][\/vc_column_inner][\/vc_row_inner][\/vc_column][vc_column width=&#8221;2\/3&#8243;][vc_row_inner][vc_column_inner][vc_column_text]Prof. Dr. Saffet \u00d6RS Profes\u00f6r Temsilci \u00dcye saffet.ors@kocaelisaglik.edu.tr[\/vc_column_text][\/vc_column_inner][\/vc_row_inner][\/vc_column][\/vc_row][vc_row][vc_column width=&#8221;1\/3&#8243;][vc_row_inner][vc_column_inner][vc_single_image image=&#8221;7923&#8243; &hellip; <\/p>\n","protected":false},"author":12,"featured_media":0,"parent":0,"menu_order":0,"comment_status":"closed","ping_status":"closed","template":"","meta":{"footnotes":""},"_links":{"self":[{"href":"https:\/\/kocaelisaglik.edu.tr\/eczacilik\/wp-json\/wp\/v2\/pages\/7509"}],"collection":[{"href":"https:\/\/kocaelisaglik.edu.tr\/eczacilik\/wp-json\/wp\/v2\/pages"}],"about":[{"href":"https:\/\/kocaelisaglik.edu.tr\/eczacilik\/wp-json\/wp\/v2\/types\/page"}],"author":[{"embeddable":true,"href":"https:\/\/kocaelisaglik.edu.tr\/eczacilik\/wp-json\/wp\/v2\/users\/12"}],"replies":[{"embeddable":true,"href":"https:\/\/kocaelisaglik.edu.tr\/eczacilik\/wp-json\/wp\/v2\/comments?post=7509"}],"version-history":[{"count":7,"href":"https:\/\/kocaelisaglik.edu.tr\/eczacilik\/wp-json\/wp\/v2\/pages\/7509\/revisions"}],"predecessor-version":[{"id":7898,"href":"https:\/\/kocaelisaglik.edu.tr\/eczacilik\/wp-json\/wp\/v2\/pages\/7509\/revisions\/7898"}],"wp:attachment":[{"href":"https:\/\/kocaelisaglik.edu.tr\/eczacilik\/wp-json\/wp\/v2\/media?parent=7509"}],"curies":[{"name":"wp","href":"https:\/\/api.w.org\/{rel}","templated":true}]}}