{"id":6951,"date":"2020-12-06T23:41:58","date_gmt":"2020-12-06T20:41:58","guid":{"rendered":"https:\/\/kocaelisaglik.edu.tr\/dishekimligi\/?page_id=6908"},"modified":"2025-11-17T11:33:11","modified_gmt":"2025-11-17T08:33:11","slug":"misyon-vizyon","status":"publish","type":"page","link":"https:\/\/kocaelisaglik.edu.tr\/eczacilik\/misyon-vizyon\/","title":{"rendered":"Misyon ve Vizyon"},"content":{"rendered":"<div class=\"wpb-content-wrapper\"><p>[vc_row][vc_column][\/vc_column][\/vc_row][vc_row][vc_column][vc_column_text]<strong>Misyonumuz<\/strong><\/p>\n<p style=\"margin: 0cm; text-align: justify; background: white;\"><span style=\"color: black;\">Teori ve prati\u011fin teknoloji ile sentezlendi\u011fi e\u011fitim \u00f6\u011fretim iklimi olu\u015fturup, \u00f6\u011frencilerimizin mesleki ve akademik geli\u015fimlerini \u00e7a\u011f\u0131n hedefledi\u011fi seviyeye \u00e7\u0131karmay\u0131 sa\u011flayarak onlar\u0131n sosyal, sportif, k\u00fclt\u00fcrel ve sanatsal geli\u015fimlerine de destek olmakt\u0131r.<\/span><\/p>\n<p style=\"margin: 0cm; text-align: justify; background: white;\"><strong><span style=\"color: black;\">\u00a0<\/span><\/strong><\/p>\n<p>&nbsp;<\/p>\n<p><strong>Vizyonumuz<\/strong><\/p>\n<p style=\"margin: 0cm; text-align: justify; background: white;\">Kendi de\u011ferlerini ve k\u00fclt\u00fcr\u00fcn\u00fc \u00e7a\u011fda\u015f, laik, demokratik perspektifte \u00f6z\u00fcmseyen, d\u00fcnya k\u00fclt\u00fcrleriyle b\u00fct\u00fcnle\u015ferek, yarat\u0131c\u0131 uygulamalar yapabilen, alan\u0131nda temel kuramsal referanslar\u0131 niteliksel a\u00e7\u0131dan alg\u0131lam\u0131\u015f, mesleki geli\u015fimini ya\u015fam boyu e\u011fitim yakla\u015f\u0131m\u0131yla kurgulayabilen eczac\u0131lar yeti\u015ftirmektir. \u00dclkemizin ve d\u00fcnyan\u0131n mesleki e\u011fitim deneyimleri \u0131\u015f\u0131\u011f\u0131nda \u00e7a\u011f\u0131n birikimlerini ve g\u00fc\u00e7l\u00fc payda\u015flar\u0131n beklenti ve deneyimlerini de kullanarak \u00fclkemizin se\u00e7kin e\u011fitim kurumlar\u0131ndan biri olmakt\u0131r.<\/p>\n<p>[\/vc_column_text][\/vc_column][\/vc_row]<\/p>\n<\/div>","protected":false},"excerpt":{"rendered":"<p>[vc_row][vc_column][\/vc_column][\/vc_row][vc_row][vc_column][vc_column_text]Misyonumuz Teori ve prati\u011fin teknoloji ile sentezlendi\u011fi e\u011fitim \u00f6\u011fretim iklimi olu\u015fturup, \u00f6\u011frencilerimizin mesleki ve akademik geli\u015fimlerini \u00e7a\u011f\u0131n hedefledi\u011fi seviyeye \u00e7\u0131karmay\u0131 sa\u011flayarak onlar\u0131n sosyal, sportif, k\u00fclt\u00fcrel ve sanatsal geli\u015fimlerine de destek olmakt\u0131r. \u00a0 &nbsp; Vizyonumuz Kendi de\u011ferlerini ve k\u00fclt\u00fcr\u00fcn\u00fc \u00e7a\u011fda\u015f, laik, &hellip; <\/p>\n","protected":false},"author":11,"featured_media":0,"parent":0,"menu_order":0,"comment_status":"closed","ping_status":"closed","template":"","meta":{"footnotes":""},"_links":{"self":[{"href":"https:\/\/kocaelisaglik.edu.tr\/eczacilik\/wp-json\/wp\/v2\/pages\/6951"}],"collection":[{"href":"https:\/\/kocaelisaglik.edu.tr\/eczacilik\/wp-json\/wp\/v2\/pages"}],"about":[{"href":"https:\/\/kocaelisaglik.edu.tr\/eczacilik\/wp-json\/wp\/v2\/types\/page"}],"author":[{"embeddable":true,"href":"https:\/\/kocaelisaglik.edu.tr\/eczacilik\/wp-json\/wp\/v2\/users\/11"}],"replies":[{"embeddable":true,"href":"https:\/\/kocaelisaglik.edu.tr\/eczacilik\/wp-json\/wp\/v2\/comments?post=6951"}],"version-history":[{"count":6,"href":"https:\/\/kocaelisaglik.edu.tr\/eczacilik\/wp-json\/wp\/v2\/pages\/6951\/revisions"}],"predecessor-version":[{"id":8159,"href":"https:\/\/kocaelisaglik.edu.tr\/eczacilik\/wp-json\/wp\/v2\/pages\/6951\/revisions\/8159"}],"wp:attachment":[{"href":"https:\/\/kocaelisaglik.edu.tr\/eczacilik\/wp-json\/wp\/v2\/media?parent=6951"}],"curies":[{"name":"wp","href":"https:\/\/api.w.org\/{rel}","templated":true}]}}