{"id":6944,"date":"2020-12-06T23:13:07","date_gmt":"2020-12-06T20:13:07","guid":{"rendered":"https:\/\/kocaelisaglik.edu.tr\/dishekimligi\/?page_id=6893"},"modified":"2026-03-30T11:49:58","modified_gmt":"2026-03-30T08:49:58","slug":"akademik-kadro","status":"publish","type":"page","link":"https:\/\/kocaelisaglik.edu.tr\/eczacilik\/akademik-kadro\/","title":{"rendered":"Akademik Kadro"},"content":{"rendered":"<div class=\"wpb-content-wrapper\"><p>[vc_row][vc_column width=&#8221;1\/3&#8243;][\/vc_column][vc_column width=&#8221;1\/3&#8243;][vc_single_image image=&#8221;7808&#8243; alignment=&#8221;center&#8221; style=&#8221;vc_box_outline&#8221;][vc_column_text]<\/p>\n<h4 style=\"text-align: center;\"><strong><a href=\"https:\/\/kocaelisaglik.edu.tr\/gonul-sahin\/\">Prof. Dr.<\/a> <\/strong><\/h4>\n<h4 style=\"text-align: center;\"><a href=\"https:\/\/kocaelisaglik.edu.tr\/gonul-sahin\/\"><strong>G\u00f6n\u00fcl \u015eAH\u0130N<\/strong><\/a><\/h4>\n<h5 style=\"text-align: center;\"><strong>Eczac\u0131l\u0131k Fak\u00fcltesi Dekan\u0131<\/strong><\/h5>\n<p>[\/vc_column_text][\/vc_column][vc_column width=&#8221;1\/3&#8243;][\/vc_column][vc_column][vc_separator][\/vc_column][\/vc_row][vc_row][vc_column width=&#8221;1\/4&#8243;][vc_single_image image=&#8221;7904&#8243; alignment=&#8221;center&#8221; style=&#8221;vc_box_outline&#8221;][vc_column_text]<\/p>\n<h4 style=\"text-align: center;\"><a href=\"https:\/\/kocaelisaglik.edu.tr\/eczacilik\/hasan-yusufoglu\/\"><strong>Prof. Dr.<\/strong><\/a><\/h4>\n<h4 style=\"text-align: center;\"><a href=\"https:\/\/kocaelisaglik.edu.tr\/eczacilik\/hasan-yusufoglu\/\"><strong>Hasan YUSUFO\u011eLU<\/strong><\/a><\/h4>\n<h5 style=\"text-align: center;\"><strong>Eczac\u0131l\u0131k Fak\u00fcltesi Dekan Yard\u0131mc\u0131s\u0131<\/strong><\/h5>\n<p>[\/vc_column_text][\/vc_column][vc_column width=&#8221;1\/4&#8243;][vc_single_image image=&#8221;8329&#8243; alignment=&#8221;center&#8221; style=&#8221;vc_box_outline&#8221;][vc_column_text]<\/p>\n<h4 style=\"text-align: center;\"><a href=\"https:\/\/kocaelisaglik.edu.tr\/eczacilik\/munteha-ozsoy\/\"><strong>Dr. \u00d6\u011fr. \u00dcyesi<\/strong><\/a><\/h4>\n<h4 style=\"text-align: center;\"><a href=\"https:\/\/kocaelisaglik.edu.tr\/eczacilik\/munteha-ozsoy\/\"><strong>M\u00fcnteha \u00d6ZSOY<\/strong><\/a><\/h4>\n<h5 style=\"text-align: center;\"><strong>Eczac\u0131l\u0131k Fak\u00fcltesi Dekan Yard\u0131mc\u0131s\u0131<\/strong><\/h5>\n<p>[\/vc_column_text][\/vc_column][vc_column width=&#8221;1\/4&#8243;][vc_single_image image=&#8221;7698&#8243; alignment=&#8221;center&#8221; style=&#8221;vc_box_outline&#8221;][vc_column_text]<\/p>\n<h4 style=\"text-align: center;\"><a href=\"https:\/\/kocaelisaglik.edu.tr\/betul-buyukkilic-altinbasak\/\"><strong>Dr. \u00d6\u011fr. \u00dcyesi<\/strong><\/a><\/h4>\n<h4 style=\"text-align: center;\"><a href=\"https:\/\/kocaelisaglik.edu.tr\/betul-buyukkilic-altinbasak\/\"><strong>Bet\u00fcl B\u00dcY\u00dcKKILI\u00c7 ALTINBA\u015eAK<\/strong><\/a><\/h4>\n<h5 style=\"text-align: center;\"><strong>Eczac\u0131l\u0131k Fak\u00fcltesi\u00a0<\/strong><\/h5>\n<p>[\/vc_column_text][\/vc_column][vc_column width=&#8221;1\/4&#8243;][vc_single_image image=&#8221;8036&#8243; alignment=&#8221;center&#8221; style=&#8221;vc_box_outline&#8221;][vc_column_text]<\/p>\n<h4 style=\"text-align: center;\"><a href=\"https:\/\/kocaelisaglik.edu.tr\/eczacilik\/busra-akinalan-balik\/\"><strong>Dr. \u00d6\u011fr. \u00dcyesi<\/strong><\/a><\/h4>\n<h4 style=\"text-align: center;\"><a href=\"https:\/\/kocaelisaglik.edu.tr\/eczacilik\/busra-akinalan-balik\/\"><strong>B\u00fc\u015fra AKINALAN BALIK<\/strong><\/a><\/h4>\n<h5 style=\"text-align: center;\"><strong>Eczac\u0131l\u0131k Fak\u00fcltesi\u00a0<\/strong><\/h5>\n<p>[\/vc_column_text][\/vc_column][vc_column][vc_separator][\/vc_column][\/vc_row][vc_row][vc_column width=&#8221;1\/4&#8243;][vc_single_image image=&#8221;8046&#8243; alignment=&#8221;center&#8221; style=&#8221;vc_box_outline&#8221;][vc_column_text]<\/p>\n<h4 style=\"text-align: center;\"><a href=\"https:\/\/kocaelisaglik.edu.tr\/esra-acar\/\"><strong>Dr. \u00d6\u011fr. \u00dcyesi<\/strong><\/a><\/h4>\n<h4 style=\"text-align: center;\"><a href=\"https:\/\/kocaelisaglik.edu.tr\/esra-acar\/\"><strong>Esra ACAR<\/strong><\/a><\/h4>\n<h5 style=\"text-align: center;\"><strong>Eczac\u0131l\u0131k Fak\u00fcltesi<\/strong><\/h5>\n<p>[\/vc_column_text][\/vc_column][vc_column width=&#8221;1\/4&#8243;][vc_single_image image=&#8221;7699&#8243; alignment=&#8221;center&#8221; style=&#8221;vc_box_outline&#8221;][vc_column_text]<\/p>\n<h4 style=\"text-align: center;\"><a href=\"https:\/\/kocaelisaglik.edu.tr\/fatma-dagdelen\/\"><strong>Dr. \u00d6\u011fr. \u00dcyesi<\/strong><\/a><\/h4>\n<h4 style=\"text-align: center;\"><a href=\"https:\/\/kocaelisaglik.edu.tr\/fatma-dagdelen\/\"><strong>Fatma DA\u011eDELEN<\/strong><\/a><\/h4>\n<h5 style=\"text-align: center;\"><strong>Eczac\u0131l\u0131k Fak\u00fcltesi\u00a0<\/strong><\/h5>\n<p>[\/vc_column_text][\/vc_column][vc_column width=&#8221;1\/4&#8243;][vc_single_image image=&#8221;7700&#8243; alignment=&#8221;center&#8221; style=&#8221;vc_box_outline&#8221;][vc_column_text]<\/p>\n<h4 style=\"text-align: center;\"><a href=\"https:\/\/kocaelisaglik.edu.tr\/onur-cetinkaya\/\"><strong>Dr. \u00d6\u011fr. \u00dcyesi<\/strong><\/a><\/h4>\n<h4 style=\"text-align: center;\"><a href=\"https:\/\/kocaelisaglik.edu.tr\/onur-cetinkaya\/\"><strong>Onur \u00c7ET\u0130NKAYA<\/strong><\/a><\/h4>\n<h5 style=\"text-align: center;\"><strong>Eczac\u0131l\u0131k Fak\u00fcltesi\u00a0<\/strong><\/h5>\n<p>[\/vc_column_text][\/vc_column][vc_column width=&#8221;1\/4&#8243;][vc_single_image image=&#8221;7701&#8243; alignment=&#8221;center&#8221; style=&#8221;vc_box_outline&#8221;][vc_column_text]<\/p>\n<h4 style=\"text-align: center;\"><a href=\"https:\/\/kocaelisaglik.edu.tr\/ozan-aldemir\/\"><strong>Dr. \u00d6\u011fr. \u00dcyesi<\/strong><\/a><\/h4>\n<h4 style=\"text-align: center;\"><a href=\"https:\/\/kocaelisaglik.edu.tr\/ozan-aldemir\/\"><strong>Ozan ALDEM\u0130R<\/strong><\/a><\/h4>\n<h5 style=\"text-align: center;\"><strong>Eczac\u0131l\u0131k Fak\u00fcltesi\u00a0<\/strong><\/h5>\n<p>[\/vc_column_text][\/vc_column][vc_column][vc_separator][\/vc_column][\/vc_row][vc_row][vc_column width=&#8221;1\/3&#8243;][vc_single_image image=&#8221;8051&#8243; alignment=&#8221;center&#8221; style=&#8221;vc_box_outline&#8221;][vc_column_text]<\/p>\n<h4 style=\"text-align: center;\"><a href=\"https:\/\/kocaelisaglik.edu.tr\/eczacilik\/seval-cinar\/\"><strong>Dr. \u00d6\u011fr. \u00dcyesi<\/strong><\/a><\/h4>\n<h4 style=\"text-align: center;\"><a href=\"https:\/\/kocaelisaglik.edu.tr\/eczacilik\/seval-cinar\/\"><strong>Seval \u00c7INAR<\/strong><\/a><\/h4>\n<h5 style=\"text-align: center;\"><strong>Eczac\u0131l\u0131k Fak\u00fcltesi\u00a0<\/strong><\/h5>\n<p>[\/vc_column_text][\/vc_column][vc_column width=&#8221;1\/3&#8243;][vc_single_image image=&#8221;8074&#8243; alignment=&#8221;center&#8221; style=&#8221;vc_box_outline&#8221;][vc_column_text]<\/p>\n<h4 style=\"text-align: center;\"><a href=\"https:\/\/kocaelisaglik.edu.tr\/eczacilik\/ceren-aydin\/\"><strong>Ar\u015f. G\u00f6r.<\/strong><\/a><\/h4>\n<h4 style=\"text-align: center;\"><a href=\"https:\/\/kocaelisaglik.edu.tr\/eczacilik\/ceren-aydin\/\"><strong>Ceren AYDIN<\/strong><\/a><\/h4>\n<h5 style=\"text-align: center;\"><strong>Eczac\u0131l\u0131k Fak\u00fcltesi\u00a0<\/strong><\/h5>\n<p>[\/vc_column_text][\/vc_column][vc_column width=&#8221;1\/3&#8243;][vc_single_image image=&#8221;8048&#8243; alignment=&#8221;center&#8221; style=&#8221;vc_box_outline&#8221;][vc_column_text]<\/p>\n<h4 style=\"text-align: center;\"><a href=\"https:\/\/kocaelisaglik.edu.tr\/eczacilik\/nida-ozcan\/\"><strong>Ar\u015f. G\u00f6r.<\/strong><\/a><\/h4>\n<h4 style=\"text-align: center;\"><a href=\"https:\/\/kocaelisaglik.edu.tr\/eczacilik\/nida-ozcan\/\"><strong>Nida \u00d6ZCAN<\/strong><\/a><\/h4>\n<h5 style=\"text-align: center;\"><strong>Eczac\u0131l\u0131k Fak\u00fcltesi\u00a0<\/strong><\/h5>\n<p>[\/vc_column_text][\/vc_column][vc_column][vc_separator][\/vc_column][\/vc_row][vc_row][vc_column width=&#8221;1\/3&#8243;][vc_single_image image=&#8221;8157&#8243; alignment=&#8221;center&#8221; style=&#8221;vc_box_outline&#8221;][vc_column_text]<\/p>\n<h4 style=\"text-align: center;\"><a href=\"#\"><strong>Prof. Dr.\u00a0<\/strong><\/a><\/h4>\n<h4 style=\"text-align: center;\"><a href=\"#\"><strong>A. Yekta \u00d6ZER<\/strong><\/a><\/h4>\n<h5 style=\"text-align: center;\"><strong>Eczac\u0131l\u0131k Fak\u00fcltesi\u00a0<\/strong><\/h5>\n<h5 style=\"text-align: center;\">Farmas\u00f6tik Teknoloji \/ Radyofarmasi<\/h5>\n<h5 style=\"text-align: center;\">(K\u0131smi Zamanl\u0131 )<\/h5>\n<p>[\/vc_column_text][\/vc_column][vc_column width=&#8221;1\/3&#8243;][vc_single_image image=&#8221;8229&#8243; alignment=&#8221;center&#8221; style=&#8221;vc_box_outline&#8221;][vc_column_text]<\/p>\n<h4 style=\"text-align: center;\"><a href=\"#\"><strong>Prof. Dr.\u00a0<\/strong><\/a><\/h4>\n<h4 style=\"text-align: center;\"><a href=\"#\"><strong>Kadriye BENKL\u0130<\/strong><\/a><\/h4>\n<h5 style=\"text-align: center;\"><strong>Eczac\u0131l\u0131k Fak\u00fcltesi\u00a0<\/strong><\/h5>\n<h5 style=\"text-align: center;\">Farmas\u00f6tik Kimya<\/h5>\n<h5 style=\"text-align: center;\">(K\u0131smi Zamanl\u0131 )<\/h5>\n<p>[\/vc_column_text][\/vc_column][vc_column width=&#8221;1\/3&#8243;][vc_single_image image=&#8221;8230&#8243; alignment=&#8221;center&#8221; style=&#8221;vc_box_outline&#8221;][vc_column_text]<\/p>\n<h4 style=\"text-align: center;\"><a href=\"#\"><strong>Prof. Dr.\u00a0<\/strong><\/a><\/h4>\n<h4 style=\"text-align: center;\"><a href=\"#\"><strong>Nilg\u00fcn G\u00dcNDEN<\/strong><\/a><\/h4>\n<h5 style=\"text-align: center;\"><strong>Eczac\u0131l\u0131k Fak\u00fcltesi\u00a0<\/strong><\/h5>\n<h5 style=\"text-align: center;\">Analitik Kimya<\/h5>\n<h5 style=\"text-align: center;\">(K\u0131smi Zamanl\u0131 )<\/h5>\n<p>[\/vc_column_text][\/vc_column][\/vc_row]<\/p>\n<\/div>","protected":false},"excerpt":{"rendered":"<p>[vc_row][vc_column width=&#8221;1\/3&#8243;][\/vc_column][vc_column width=&#8221;1\/3&#8243;][vc_single_image image=&#8221;7808&#8243; alignment=&#8221;center&#8221; style=&#8221;vc_box_outline&#8221;][vc_column_text] Prof. Dr. G\u00f6n\u00fcl \u015eAH\u0130N Eczac\u0131l\u0131k Fak\u00fcltesi Dekan\u0131 [\/vc_column_text][\/vc_column][vc_column width=&#8221;1\/3&#8243;][\/vc_column][vc_column][vc_separator][\/vc_column][\/vc_row][vc_row][vc_column width=&#8221;1\/4&#8243;][vc_single_image image=&#8221;7904&#8243; alignment=&#8221;center&#8221; style=&#8221;vc_box_outline&#8221;][vc_column_text] Prof. Dr. Hasan YUSUFO\u011eLU Eczac\u0131l\u0131k Fak\u00fcltesi Dekan Yard\u0131mc\u0131s\u0131 [\/vc_column_text][\/vc_column][vc_column width=&#8221;1\/4&#8243;][vc_single_image image=&#8221;8329&#8243; alignment=&#8221;center&#8221; style=&#8221;vc_box_outline&#8221;][vc_column_text] Dr. \u00d6\u011fr. \u00dcyesi M\u00fcnteha \u00d6ZSOY Eczac\u0131l\u0131k Fak\u00fcltesi Dekan &hellip; <\/p>\n","protected":false},"author":11,"featured_media":0,"parent":0,"menu_order":0,"comment_status":"closed","ping_status":"closed","template":"","meta":{"footnotes":""},"_links":{"self":[{"href":"https:\/\/kocaelisaglik.edu.tr\/eczacilik\/wp-json\/wp\/v2\/pages\/6944"}],"collection":[{"href":"https:\/\/kocaelisaglik.edu.tr\/eczacilik\/wp-json\/wp\/v2\/pages"}],"about":[{"href":"https:\/\/kocaelisaglik.edu.tr\/eczacilik\/wp-json\/wp\/v2\/types\/page"}],"author":[{"embeddable":true,"href":"https:\/\/kocaelisaglik.edu.tr\/eczacilik\/wp-json\/wp\/v2\/users\/11"}],"replies":[{"embeddable":true,"href":"https:\/\/kocaelisaglik.edu.tr\/eczacilik\/wp-json\/wp\/v2\/comments?post=6944"}],"version-history":[{"count":72,"href":"https:\/\/kocaelisaglik.edu.tr\/eczacilik\/wp-json\/wp\/v2\/pages\/6944\/revisions"}],"predecessor-version":[{"id":8330,"href":"https:\/\/kocaelisaglik.edu.tr\/eczacilik\/wp-json\/wp\/v2\/pages\/6944\/revisions\/8330"}],"wp:attachment":[{"href":"https:\/\/kocaelisaglik.edu.tr\/eczacilik\/wp-json\/wp\/v2\/media?parent=6944"}],"curies":[{"name":"wp","href":"https:\/\/api.w.org\/{rel}","templated":true}]}}