{"id":9280,"date":"2025-10-30T16:32:45","date_gmt":"2025-10-30T13:32:45","guid":{"rendered":"https:\/\/kocaelisaglik.edu.tr\/dishekimligi\/?page_id=9280"},"modified":"2025-10-30T16:32:45","modified_gmt":"2025-10-30T13:32:45","slug":"soykan-agar","status":"publish","type":"page","link":"https:\/\/kocaelisaglik.edu.tr\/dishekimligi\/soykan-agar\/","title":{"rendered":"Soykan A\u011eAR"},"content":{"rendered":"<div class=\"wpb-content-wrapper\"><p>[vc_row][vc_column width=&#8221;1\/3&#8243;][vc_single_image image=&#8221;9279&#8243; img_size=&#8221;full&#8221; alignment=&#8221;center&#8221; style=&#8221;vc_box_outline&#8221;][\/vc_column][vc_column width=&#8221;1\/3&#8243;][vc_column_text]<\/p>\n<h4 style=\"text-align: center;\">Dr. \u00d6\u011fr. \u00dcyesi<\/h4>\n<h4 style=\"text-align: center;\">Soykan A\u011eAR<\/h4>\n<p>&nbsp;<\/p>\n<h5 style=\"text-align: center;\">Di\u015f Hekimli\u011fi Fak\u00fcltesi<\/h5>\n<p>&nbsp;<\/p>\n<h5 style=\"text-align: center;\">Temel Bilimler B\u00f6l\u00fcm\u00fc ( Biyokimya )<\/h5>\n<p>&nbsp;<\/p>\n<h5 style=\"text-align: center;\">KOST\u00dc \u0130la\u00e7 Tasar\u0131m Merkezi Linki: <a href=\"https:\/\/soykanagar.wixsite.com\/soykanagar\" target=\"_blank\" rel=\"noopener\" data-saferedirecturl=\"https:\/\/www.google.com\/url?q=https:\/\/soykanagar.wixsite.com\/soykanagar&amp;source=gmail&amp;ust=1717655963093000&amp;usg=AOvVaw0cLzUN1HmeWntCGp53cEZM\">https:\/\/soykanagar.<wbr \/>wixsite.com\/soykanagar<\/a><\/h5>\n<p>&nbsp;<\/p>\n<p>&nbsp;<\/p>\n<p><a href=\"https:\/\/akademik.yok.gov.tr\/AkademikArama\/AkademisyenGorevOgrenimBilgileri?islem=direct&amp;authorId=CB118A7AEE883B63\"><img loading=\"lazy\" decoding=\"async\" class=\"aligncenter wp-image-8676 size-full\" src=\"https:\/\/kocaelisaglik.edu.tr\/dishekimligi\/wp-content\/uploads\/sites\/2\/2023\/10\/akademik_yok_foto.jpg\" alt=\"\" width=\"300\" height=\"108\" \/><\/a>[\/vc_column_text][\/vc_column][vc_column width=&#8221;1\/3&#8243;][vc_message message_box_color=&#8221;success&#8221;]<\/p>\n<p style=\"text-align: center;\"><strong>\u0130leti\u015fim Bilgileri<\/strong><\/p>\n<p>[\/vc_message][vc_column_text]<\/p>\n<p style=\"text-align: center;\"><a href=\"mailto:soykan.agar@kocaelisaglik.edu.tr\"><strong>soykan.agar@kocaelisaglik.edu.tr<\/strong><\/a><\/p>\n<h6 style=\"text-align: center;\"><a href=\"#\">0(262) 999 80 85<\/a><\/h6>\n<p>[\/vc_column_text][\/vc_column][\/vc_row]<\/p>\n<\/div>","protected":false},"excerpt":{"rendered":"<p>[vc_row][vc_column width=&#8221;1\/3&#8243;][vc_single_image image=&#8221;9279&#8243; img_size=&#8221;full&#8221; alignment=&#8221;center&#8221; style=&#8221;vc_box_outline&#8221;][\/vc_column][vc_column width=&#8221;1\/3&#8243;][vc_column_text] Dr. \u00d6\u011fr. \u00dcyesi Soykan A\u011eAR &nbsp; Di\u015f Hekimli\u011fi Fak\u00fcltesi &nbsp; Temel Bilimler B\u00f6l\u00fcm\u00fc ( Biyokimya ) &nbsp; KOST\u00dc \u0130la\u00e7 Tasar\u0131m Merkezi Linki: https:\/\/soykanagar.wixsite.com\/soykanagar &nbsp; &nbsp; [\/vc_column_text][\/vc_column][vc_column width=&#8221;1\/3&#8243;][vc_message message_box_color=&#8221;success&#8221;] \u0130leti\u015fim Bilgileri [\/vc_message][vc_column_text] soykan.agar@kocaelisaglik.edu.tr 0(262) &hellip; <\/p>\n","protected":false},"author":12,"featured_media":0,"parent":0,"menu_order":0,"comment_status":"closed","ping_status":"closed","template":"","meta":{"footnotes":""},"_links":{"self":[{"href":"https:\/\/kocaelisaglik.edu.tr\/dishekimligi\/wp-json\/wp\/v2\/pages\/9280"}],"collection":[{"href":"https:\/\/kocaelisaglik.edu.tr\/dishekimligi\/wp-json\/wp\/v2\/pages"}],"about":[{"href":"https:\/\/kocaelisaglik.edu.tr\/dishekimligi\/wp-json\/wp\/v2\/types\/page"}],"author":[{"embeddable":true,"href":"https:\/\/kocaelisaglik.edu.tr\/dishekimligi\/wp-json\/wp\/v2\/users\/12"}],"replies":[{"embeddable":true,"href":"https:\/\/kocaelisaglik.edu.tr\/dishekimligi\/wp-json\/wp\/v2\/comments?post=9280"}],"version-history":[{"count":1,"href":"https:\/\/kocaelisaglik.edu.tr\/dishekimligi\/wp-json\/wp\/v2\/pages\/9280\/revisions"}],"predecessor-version":[{"id":9281,"href":"https:\/\/kocaelisaglik.edu.tr\/dishekimligi\/wp-json\/wp\/v2\/pages\/9280\/revisions\/9281"}],"wp:attachment":[{"href":"https:\/\/kocaelisaglik.edu.tr\/dishekimligi\/wp-json\/wp\/v2\/media?parent=9280"}],"curies":[{"name":"wp","href":"https:\/\/api.w.org\/{rel}","templated":true}]}}