{"id":9255,"date":"2025-10-23T11:53:31","date_gmt":"2025-10-23T08:53:31","guid":{"rendered":"https:\/\/kocaelisaglik.edu.tr\/dishekimligi\/?page_id=9255"},"modified":"2025-10-24T15:18:27","modified_gmt":"2025-10-24T12:18:27","slug":"danisma-kurulu-dis-paydaslar","status":"publish","type":"page","link":"https:\/\/kocaelisaglik.edu.tr\/dishekimligi\/danisma-kurulu-dis-paydaslar\/","title":{"rendered":"Dan\u0131\u015fma Kurulu \/ D\u0131\u015f Payda\u015flar"},"content":{"rendered":"<div class=\"wpb-content-wrapper\"><p>[vc_row][vc_column][vc_column_text]<\/p>\n<table class=\"item\" style=\"table-layout: fixed; width: 100%; border: 2px solid black; border-collapse: collapse;\">\n<tbody><!-- Ba\u015fl\u0131k --><\/p>\n<tr>\n<td style=\"border: 1px solid black; text-align: center;\" colspan=\"9\"><strong><span style=\"font-size: small;\">KOCAEL\u0130 SA\u011eLIK VE TEKNOLOJ\u0130 \u00dcN\u0130VERS\u0130TES\u0130<br \/>\nD\u0130\u015e HEK\u0130ML\u0130\u011e\u0130 FAK\u00dcLTES\u0130 DANI\u015eMA KURULU<\/span><\/strong><\/td>\n<\/tr>\n<tr>\n<td style=\"border: 1px solid black; text-align: center;\" colspan=\"3\"><strong><span style=\"font-size: small;\">Ad\u0131 &#8211; Soyad\u0131\u00a0<\/span><\/strong><\/td>\n<td style=\"border: 1px solid black; text-align: center;\" colspan=\"3\"><span style=\"font-size: small;\"><strong>G\u00f6revi<\/strong><br \/>\n<\/span><\/td>\n<td style=\"border: 1px solid black; text-align: center;\" colspan=\"3\"><span style=\"font-size: small;\"><strong>Kurumu<\/strong><\/span><\/td>\n<\/tr>\n<tr>\n<td style=\"border: 1px solid black; text-align: left;\" colspan=\"3\"><span style=\"font-size: small;\">Prof. Dr. G\u00fcltekin Mehmet Emin T\u00dcRK\u00d6Z<\/span><\/td>\n<td style=\"border: 1px solid black; text-align: left;\" colspan=\"3\"><span style=\"font-size: small;\">Dekan \/ Ba\u015fkan<\/span><\/td>\n<td style=\"border: 1px solid black; text-align: left;\" colspan=\"3\"><span style=\"font-size: small;\">Kocaeli Sa\u011fl\u0131k ve Teknoloji \u00dcniversitesi Di\u015f Hekimli\u011fi Fak\u00fcltesi<\/span><\/td>\n<\/tr>\n<tr>\n<td style=\"border: 1px solid black; text-align: left;\" colspan=\"3\"><span style=\"font-size: small;\">Dr. \u00d6\u011fr. \u00dcyesi K\u00fcbra KAVRAM SARIHAN<\/span><\/td>\n<td style=\"border: 1px solid black; text-align: left;\" colspan=\"3\"><span style=\"font-size: small;\">Dekan Yard\u0131mc\u0131s\u0131\/ Ba\u015fkan Yard\u0131mc\u0131s\u0131<\/span><\/td>\n<td style=\"border: 1px solid black; text-align: left;\" colspan=\"3\"><span style=\"font-size: small;\">Kocaeli Sa\u011fl\u0131k ve Teknoloji \u00dcniversitesi Di\u015f Hekimli\u011fi Fak\u00fcltesi<\/span><\/td>\n<\/tr>\n<tr>\n<td style=\"border: 1px solid black; text-align: left;\" colspan=\"3\"><span style=\"font-size: small;\">Dr. \u00d6\u011fr. \u00dcyesi Zeynep Aybike YELMER<\/span><\/td>\n<td style=\"border: 1px solid black; text-align: left;\" colspan=\"3\"><span style=\"font-size: small;\">Dekan Yard\u0131mc\u0131s\u0131\/ Ba\u015fkan Yard\u0131mc\u0131s\u0131<\/span><\/td>\n<td style=\"border: 1px solid black; text-align: left;\" colspan=\"3\"><span style=\"font-size: small;\">Kocaeli Sa\u011fl\u0131k ve Teknoloji \u00dcniversitesi Di\u015f Hekimli\u011fi Fak\u00fcltesi<\/span><\/td>\n<\/tr>\n<tr>\n<td style=\"border: 1px solid black; text-align: left;\" colspan=\"3\"><span style=\"font-size: small;\">Dt. Meltem ALKAN YILDIRIM<\/span><\/td>\n<td style=\"border: 1px solid black; text-align: left;\" colspan=\"3\"><span style=\"font-size: small;\">Ba\u015fkan<\/span><\/td>\n<td style=\"border: 1px solid black; text-align: left;\" colspan=\"3\"><span style=\"font-size: small;\">Kocaeli Di\u015f Hekimleri Odas\u0131<\/span><\/td>\n<\/tr>\n<tr>\n<td style=\"border: 1px solid black; text-align: left;\" colspan=\"3\"><span style=\"font-size: small;\">Necmi BULUT<\/span><\/td>\n<td style=\"border: 1px solid black; text-align: left;\" colspan=\"3\"><span style=\"font-size: small;\">Ba\u015fkan ( Kurumsal )<\/span><\/td>\n<td style=\"border: 1px solid black; text-align: left;\" colspan=\"3\"><span style=\"font-size: small;\">Kocaeli Ticaret Odas\u0131<\/span><\/td>\n<\/tr>\n<tr>\n<td style=\"border: 1px solid black; text-align: left;\" colspan=\"3\"><span style=\"font-size: small;\">H\u00fcseyin GEZER<\/span><\/td>\n<td style=\"border: 1px solid black; text-align: left;\" colspan=\"3\"><span style=\"font-size: small;\">Eczac\u0131 , Meclis Ba\u015fkan\u0131<\/span><\/td>\n<td style=\"border: 1px solid black; text-align: left;\" colspan=\"3\"><span style=\"font-size: small;\">Kocaeli Ticaret Odas\u0131 Ba\u015fkan\u0131<\/span><\/td>\n<\/tr>\n<tr>\n<td style=\"border: 1px solid black; text-align: left;\" colspan=\"3\"><span style=\"font-size: small;\">Prof. Dr. Enver Alper S\u0130NANO\u011eLU<\/span><\/td>\n<td style=\"border: 1px solid black; text-align: left;\" colspan=\"3\"><span style=\"font-size: small;\">Dekan <\/span><\/td>\n<td style=\"border: 1px solid black; text-align: left;\" colspan=\"3\"><span style=\"font-size: small;\">Kocaeli \u00dcniversitesi Di\u015f Hekimli\u011fi Fak\u00fcltesi<\/span><\/td>\n<\/tr>\n<tr>\n<td style=\"border: 1px solid black; text-align: left;\" colspan=\"3\"><span style=\"font-size: small;\">Prof. Dr. \u0130lknur \u00d6ZCAN<\/span><\/td>\n<td style=\"border: 1px solid black; text-align: left;\" colspan=\"3\"><span style=\"font-size: small;\">Dekan<\/span><\/td>\n<td style=\"border: 1px solid black; text-align: left;\" colspan=\"3\"><span style=\"font-size: small;\">Biruni \u00dcniversitesi Di\u015f Hekimli\u011fi Fak\u00fcltesi<\/span><\/td>\n<\/tr>\n<tr>\n<td style=\"border: 1px solid black; text-align: left;\" colspan=\"3\"><span style=\"font-size: small;\">Prof. Dr. Mustafa Haluk \u0130\u015eER\u0130<\/span><\/td>\n<td style=\"border: 1px solid black; text-align: left;\" colspan=\"3\"><span style=\"font-size: small;\">Dekan<\/span><\/td>\n<td style=\"border: 1px solid black; text-align: left;\" colspan=\"3\"><span style=\"font-size: small;\">\u0130stanbul Yeni Y\u00fczy\u0131l \u00dcniversitesi Di\u015f Hekimli\u011fi Fak\u00fcltesi<\/span><\/td>\n<\/tr>\n<tr>\n<td style=\"border: 1px solid black; text-align: left;\" colspan=\"3\"><span style=\"font-size: small;\">Dt. Nilg\u00fcn \u00d6ZYUVA<\/span><\/td>\n<td style=\"border: 1px solid black; text-align: left;\" colspan=\"3\"><span style=\"font-size: small;\">Di\u015f Hekimleri Odas\u0131 Eski Ba\u015fkan\u0131, T\u00fcrk Sanat M\u00fczi\u011fi<\/span><\/td>\n<td style=\"border: 1px solid black; text-align: left;\" colspan=\"3\"><span style=\"font-size: small;\">DentKartepe \u00d6zel A\u011f\u0131z ve Di\u015f Sa\u011fl\u0131\u011f\u0131 Poliklini\u011fi<\/span><\/td>\n<\/tr>\n<tr>\n<td style=\"border: 1px solid black; text-align: left;\" colspan=\"3\"><span style=\"font-size: small;\">Dt. \u00d6nder \u00c7ALI\u015eKAN<\/span><\/td>\n<td style=\"border: 1px solid black; text-align: left;\" colspan=\"3\"><span style=\"font-size: small;\">Di\u015f Hekimi, Yunan Danslar\u0131 ve Zeybek Uzman Dans\u00e7\u0131<\/span><\/td>\n<td style=\"border: 1px solid black; text-align: left;\" colspan=\"3\"><span style=\"font-size: small;\">\u00d6nder Di\u015f Klini\u011fi<\/span><\/td>\n<\/tr>\n<tr>\n<td style=\"border: 1px solid black; text-align: left;\" colspan=\"3\"><span style=\"font-size: small;\">Uzman Leyla ERALP<\/span><\/td>\n<td style=\"border: 1px solid black; text-align: left;\" colspan=\"3\"><span style=\"font-size: small;\">Kalite Denet\u00e7isi ve Uzman\u0131<\/span><\/td>\n<td style=\"border: 1px solid black; text-align: left;\" colspan=\"3\"><span style=\"font-size: small;\">Kocaeli \u0130l Sa\u011fl\u0131k M\u00fcd\u00fcrl\u00fc\u011f\u00fc<\/span><\/td>\n<\/tr>\n<tr>\n<td style=\"border: 1px solid black; text-align: left;\" colspan=\"3\"><span style=\"font-size: small;\">Eda SIR<\/span><\/td>\n<td style=\"border: 1px solid black; text-align: left;\" colspan=\"3\"><span style=\"font-size: small;\">\u00d6\u011frenci, Di\u015f Hekimli\u011fi Fak\u00fcltesi \u00d6\u011frenci Kul\u00fcp Ba\u015fkan\u0131<\/span><\/td>\n<td style=\"border: 1px solid black; text-align: left;\" colspan=\"3\"><span style=\"font-size: small;\">Kocaeli Sa\u011fl\u0131k ve Teknoloji \u00dcniversitesi Di\u015f Hekimli\u011fi Fak\u00fcltesi \u00d6\u011frencisi<\/span><\/td>\n<\/tr>\n<tr>\n<td style=\"border: 1px solid black; text-align: left;\" colspan=\"3\"><span style=\"font-size: small;\">Dilara DALKIRAN<\/span><\/td>\n<td style=\"border: 1px solid black; text-align: left;\" colspan=\"3\"><span style=\"font-size: small;\">\u00d6\u011frenci, D\u00f6nem Temsilcisi<\/span><\/td>\n<td style=\"border: 1px solid black; text-align: left;\" colspan=\"3\"><span style=\"font-size: small;\">Kocaeli Sa\u011fl\u0131k ve Teknoloji \u00dcniversitesi Di\u015f Hekimli\u011fi Fak\u00fcltesi \u00d6\u011frencisi<\/span><\/td>\n<\/tr>\n<\/tbody>\n<\/table>\n<p>[\/vc_column_text][\/vc_column][\/vc_row]<\/p>\n<\/div>","protected":false},"excerpt":{"rendered":"<p>[vc_row][vc_column][vc_column_text] KOCAEL\u0130 SA\u011eLIK VE TEKNOLOJ\u0130 \u00dcN\u0130VERS\u0130TES\u0130 D\u0130\u015e HEK\u0130ML\u0130\u011e\u0130 FAK\u00dcLTES\u0130 DANI\u015eMA KURULU Ad\u0131 &#8211; Soyad\u0131\u00a0 G\u00f6revi Kurumu Prof. Dr. G\u00fcltekin Mehmet Emin T\u00dcRK\u00d6Z Dekan \/ Ba\u015fkan Kocaeli Sa\u011fl\u0131k ve Teknoloji \u00dcniversitesi Di\u015f Hekimli\u011fi Fak\u00fcltesi Dr. \u00d6\u011fr. \u00dcyesi K\u00fcbra KAVRAM SARIHAN Dekan &hellip; <\/p>\n","protected":false},"author":12,"featured_media":0,"parent":0,"menu_order":0,"comment_status":"closed","ping_status":"closed","template":"","meta":{"footnotes":""},"_links":{"self":[{"href":"https:\/\/kocaelisaglik.edu.tr\/dishekimligi\/wp-json\/wp\/v2\/pages\/9255"}],"collection":[{"href":"https:\/\/kocaelisaglik.edu.tr\/dishekimligi\/wp-json\/wp\/v2\/pages"}],"about":[{"href":"https:\/\/kocaelisaglik.edu.tr\/dishekimligi\/wp-json\/wp\/v2\/types\/page"}],"author":[{"embeddable":true,"href":"https:\/\/kocaelisaglik.edu.tr\/dishekimligi\/wp-json\/wp\/v2\/users\/12"}],"replies":[{"embeddable":true,"href":"https:\/\/kocaelisaglik.edu.tr\/dishekimligi\/wp-json\/wp\/v2\/comments?post=9255"}],"version-history":[{"count":2,"href":"https:\/\/kocaelisaglik.edu.tr\/dishekimligi\/wp-json\/wp\/v2\/pages\/9255\/revisions"}],"predecessor-version":[{"id":9265,"href":"https:\/\/kocaelisaglik.edu.tr\/dishekimligi\/wp-json\/wp\/v2\/pages\/9255\/revisions\/9265"}],"wp:attachment":[{"href":"https:\/\/kocaelisaglik.edu.tr\/dishekimligi\/wp-json\/wp\/v2\/media?parent=9255"}],"curies":[{"name":"wp","href":"https:\/\/api.w.org\/{rel}","templated":true}]}}