{"id":8905,"date":"2024-09-16T11:41:28","date_gmt":"2024-09-16T08:41:28","guid":{"rendered":"https:\/\/kocaelisaglik.edu.tr\/dishekimligi\/?page_id=8905"},"modified":"2026-03-17T14:13:47","modified_gmt":"2026-03-17T11:13:47","slug":"ogrenci-danismanliklari","status":"publish","type":"page","link":"https:\/\/kocaelisaglik.edu.tr\/dishekimligi\/ogrenci-danismanliklari\/","title":{"rendered":"\u00d6\u011frenci Dan\u0131\u015fmanl\u0131klar\u0131"},"content":{"rendered":"<div class=\"wpb-content-wrapper\"><p>[vc_row][vc_column][vc_column_text]<\/p>\n<table class=\"item\" style=\"table-layout: fixed; width: 120%; border: 2px solid black; border-collapse: collapse;\">\n<tbody>\n<tr>\n<td style=\"border: 1px solid black; text-align: center;\" colspan=\"6\"><strong><span style=\"font-size: small;\">2025 \/ 2026 D\u0130\u015e HEK\u0130ML\u0130\u011e\u0130 DANI\u015eMANLIK L\u0130STES\u0130<\/span><\/strong><\/td>\n<\/tr>\n<tr>\n<td style=\"border: 1px solid black;\"><span style=\"font-size: small;\"><span style=\"color: white;\">Pazartesi<\/span><\/span><\/td>\n<td style=\"border: 1px solid black; text-align: center;\"><strong><span style=\"font-size: small;\">1.SINIF<\/span><\/strong><\/td>\n<td style=\"border: 1px solid black; text-align: center;\"><strong><span style=\"font-size: small;\">2.SINIF<\/span><\/strong><\/td>\n<td style=\"border: 1px solid black; text-align: center;\"><strong><span style=\"font-size: small;\">3.SINIF<\/span><\/strong><\/td>\n<td style=\"border: 1px solid black; text-align: center;\"><strong><span style=\"font-size: small;\">4.SINIF<\/span><\/strong><\/td>\n<td style=\"border: 1px solid black; text-align: center;\"><strong><span style=\"font-size: small;\">5.SINIF<\/span><\/strong><\/td>\n<\/tr>\n<\/tbody>\n<tbody>\n<tr>\n<td style=\"border: 1px solid black;\"><strong><span style=\"font-size: small;\">Di\u015f Hekimli\u011fi &#8211; T\u00fcrk\u00e7e <\/span><\/strong><\/td>\n<td style=\"border: 1px solid black; text-align: center;\"><span style=\"font-size: small;\"><strong>Dr. \u00d6\u011fr. \u00dcyesi<\/strong><br \/>\n<strong>H\u00fclya POLATER<\/strong><br \/>\n<a href=\"mailto:hulya.polater@kocaelisaglik.edu.tr\">hulya.polater@kocaelisaglik.edu.tr<br \/>\n<\/a>G\u00f6r\u00fc\u015fme Saati<br \/>\nSal\u0131 11.00 &#8211; 12.00<\/span><\/p>\n<hr \/>\n<p><span style=\"font-size: small;\"><strong>Dr. \u00d6\u011fr. \u00dcyesi<\/strong><br \/>\n<strong>Ay\u015feg\u00fcl TOHUMCU \u015eENER<\/strong><br \/>\n<a href=\"mailto:aysegul.tohumcusener@kocaelisaglik.edu.tr\">aysegul.tohumcusener@kocaelisaglik.edu.tr<\/a><br \/>\nG\u00f6r\u00fc\u015fme Saati<br \/>\nPer\u015fembe 11.00 &#8211; 12.00<br \/>\n<\/span><\/td>\n<td style=\"border: 1px solid black; text-align: center;\"><span style=\"font-size: small;\"><strong>Dr. \u00d6\u011fr. \u00dcyesi<\/strong><br \/>\n<strong>Zeynep Aybike YELMER<\/strong><br \/>\n<a href=\"mailto:zeynepaybike.yelmer@kocaelisaglik.edu.tr\">zeynepaybike.yelmer@kocaelisaglik.edu.tr<\/a><br \/>\nG\u00f6r\u00fc\u015fme Saati<br \/>\nSal\u0131 13.00 &#8211; 14.00<\/span><\/p>\n<hr \/>\n<p><span style=\"font-size: small;\"><strong>Dr. \u00d6\u011fr. \u00dcyesi<\/strong><br \/>\n<strong>Hande \u00d6ZY\u00dcREK<\/strong><br \/>\n<a href=\"mailto:hande.ozyurek@kocaelisaglik.edu.tr\">hande.ozyurek@kocaelisaglik.edu.tr<\/a><br \/>\nG\u00f6r\u00fc\u015fme Saati<br \/>\nPazartesi 13.00 &#8211; 14.00<\/span><\/td>\n<td style=\"border: 1px solid black; text-align: center;\"><span style=\"font-size: small;\"><strong>Dr. \u00d6\u011fr. \u00dcyesi<\/strong><br \/>\n<strong>Birsen EROL BAKAN<\/strong><br \/>\n<a href=\"mailto:birsen.erolbakan@kocaelisaglik.edu.tr\">birsen.erolbakan@kocaelisaglik.edu.tr<\/a><br \/>\nG\u00f6r\u00fc\u015fme Saati<br \/>\nSal\u0131 11.00 &#8211; 12.00<br \/>\n<\/span><\/p>\n<hr \/>\n<p><span style=\"font-size: small;\"><strong>Dr. \u00d6\u011fr. \u00dcyesi<\/strong><br \/>\n<strong>Ye\u015fim DEM\u0130RDURAK<\/strong><br \/>\n<a href=\"mailto:yesim.demirdurak@kocaelisaglik.edu.tr\">yesim.demirdurak@kocaelisaglik.edu.tr<\/a><br \/>\nG\u00f6r\u00fc\u015fme Saati<br \/>\nSal\u0131 13.00 &#8211; 14.00<\/span><\/td>\n<td style=\"border: 1px solid black; text-align: center;\"><span style=\"font-size: small;\"><strong>Dr. \u00d6\u011fr. \u00dcyesi<\/strong><br \/>\n<strong>K\u00fcbra KAVRAM SARIHAN<\/strong><br \/>\n<a href=\"mailto:kubra.sarihan@kocaelisaglik.edu.tr\">kubra.sarihan@kocaelisaglik.edu.tr<\/a><br \/>\nG\u00f6r\u00fc\u015fme Saati<br \/>\nSal\u0131 14.00 &#8211; 15.00<\/span><\/p>\n<hr \/>\n<p><span style=\"font-size: small;\"><strong>Dr. \u00d6\u011fr. \u00dcyesi<\/strong><br \/>\n<strong>Mahmut Sabri MED\u0130\u015eO\u011eLU<\/strong><br \/>\n<a href=\"mailto:sabri.medisoglu@kocaelisaglik.edu.tr\">sabri.medisoglu@kocaelisaglik.edu.tr<\/a><br \/>\nG\u00f6r\u00fc\u015fme Saati<br \/>\nSal\u0131 13.00 &#8211; 14.00<\/span><\/td>\n<td style=\"border: 1px solid black; text-align: center;\"><span style=\"font-size: small;\"><strong>Dr. \u00d6\u011fr. \u00dcyesi<\/strong><br \/>\n<strong>Selen BOZKAYA B\u0130LG\u0130N<\/strong><br \/>\n<a href=\"mailto:selen.bozkaya@kocaelisaglik.edu.tr\">selen.bozkaya@kocaelisaglik.edu.tr<\/a><br \/>\nG\u00f6r\u00fc\u015fme Saati<br \/>\nPer\u015fembe 13.00 &#8211; 14.00<\/span><\/p>\n<hr \/>\n<p><span style=\"font-size: small;\"><strong>Dr. \u00d6\u011fr. \u00dcyesi<\/strong><br \/>\n<strong>Deniz Ay\u015fe DEN\u0130Z<\/strong><br \/>\n<a href=\"mailto:ayse.deniz@kocaelisaglik.edu.tr\">ayse.deniz@kocaelisaglik.edu.tr<\/a><br \/>\nG\u00f6r\u00fc\u015fme Saati<br \/>\nPer\u015fembe 13.00 &#8211; 14.00<\/span><\/td>\n<\/tr>\n<\/tbody>\n<tbody>\n<tr>\n<td style=\"border: 1px solid black;\"><strong><span style=\"font-size: small;\">Di\u015f Hekimli\u011fi &#8211; \u0130ngilizce<\/span><\/strong><\/td>\n<td style=\"border: 1px solid black; text-align: center;\"><span style=\"font-size: small;\"><br \/>\nG\u00f6r\u00fc\u015fme Saati<br \/>\n\u00c7ar\u015famba 11.00 &#8211; 12.00<\/span><\/td>\n<td style=\"border: 1px solid black; text-align: center;\"><span style=\"font-size: small;\"><strong>Dr. \u00d6\u011fr. \u00dcyesi<\/strong><br \/>\n<strong>\u0130pek AKSOY<\/strong><br \/>\n<a href=\"mailto:ipek.aksoy@kocaelisaglik.edu.tr\">ipek.aksoy@kocaelisaglik.edu.tr<\/a><br \/>\nG\u00f6r\u00fc\u015fme Saati<br \/>\nPer\u015fembe 12.00 &#8211; 13.00<\/span><\/td>\n<td style=\"border: 1px solid black; text-align: center;\"><span style=\"font-size: small;\"><strong>Do\u00e7. Dr.<\/strong><br \/>\n<strong>Melisa \u00d6\u00c7BE<\/strong><br \/>\n<a href=\"mailto:melisa.ocbe@kocaelisaglik.edu.tr\">melisa.ocbe@kocaelisaglik.edu.tr<\/a><br \/>\nG\u00f6r\u00fc\u015fme Saati<br \/>\n\u00c7ar\u015famba 12.00 &#8211; 13.00<br \/>\nKOST\u00dc ADSM<br \/>\nA\u011f\u0131z, Di\u015f ve \u00c7ene Radyolojisi Klini\u011fi<\/span><\/td>\n<td style=\"border: 1px solid black; text-align: center;\"><span style=\"font-size: small;\"><strong>Dr. \u00d6\u011fr. \u00dcyesi<\/strong><br \/>\n<strong>Refika Saliha OLKUN<\/strong><br \/>\n<a href=\"mailto:saliha.olkun@kocaelisaglik.edu.tr\">saliha.olkun@kocaelisaglik.edu.tr<\/a><br \/>\nG\u00f6r\u00fc\u015fme Saati<br \/>\nPazartesi 17.00<br \/>\nKOST\u00dc ADSM<br \/>\n<\/span><\/td>\n<td style=\"border: 1px solid black; text-align: center;\"><span style=\"font-size: small;\"><strong>Dr. \u00d6\u011fr. \u00dcyesi<\/strong><br \/>\n<strong>H\u00fclya \u00c7ER\u00c7\u0130 AK\u00c7AY<\/strong><br \/>\n<a href=\"mailto:hulya.akcay@kocaelisaglik.edu.tr\">hulya.akcay@kocaelisaglik.edu.tr<\/a><br \/>\nG\u00f6r\u00fc\u015fme Saati<br \/>\n\u00c7ar\u015famba 14.00 &#8211; 15.00<\/span><\/td>\n<\/tr>\n<\/tbody>\n<\/table>\n<p>[\/vc_column_text][\/vc_column][\/vc_row]<\/p>\n<\/div>","protected":false},"excerpt":{"rendered":"<p>[vc_row][vc_column][vc_column_text] 2025 \/ 2026 D\u0130\u015e HEK\u0130ML\u0130\u011e\u0130 DANI\u015eMANLIK L\u0130STES\u0130 Pazartesi 1.SINIF 2.SINIF 3.SINIF 4.SINIF 5.SINIF Di\u015f Hekimli\u011fi &#8211; T\u00fcrk\u00e7e Dr. \u00d6\u011fr. \u00dcyesi H\u00fclya POLATER hulya.polater@kocaelisaglik.edu.tr G\u00f6r\u00fc\u015fme Saati Sal\u0131 11.00 &#8211; 12.00 Dr. \u00d6\u011fr. \u00dcyesi Ay\u015feg\u00fcl TOHUMCU \u015eENER aysegul.tohumcusener@kocaelisaglik.edu.tr G\u00f6r\u00fc\u015fme Saati Per\u015fembe &hellip; <\/p>\n","protected":false},"author":12,"featured_media":0,"parent":0,"menu_order":0,"comment_status":"closed","ping_status":"closed","template":"","meta":{"footnotes":""},"_links":{"self":[{"href":"https:\/\/kocaelisaglik.edu.tr\/dishekimligi\/wp-json\/wp\/v2\/pages\/8905"}],"collection":[{"href":"https:\/\/kocaelisaglik.edu.tr\/dishekimligi\/wp-json\/wp\/v2\/pages"}],"about":[{"href":"https:\/\/kocaelisaglik.edu.tr\/dishekimligi\/wp-json\/wp\/v2\/types\/page"}],"author":[{"embeddable":true,"href":"https:\/\/kocaelisaglik.edu.tr\/dishekimligi\/wp-json\/wp\/v2\/users\/12"}],"replies":[{"embeddable":true,"href":"https:\/\/kocaelisaglik.edu.tr\/dishekimligi\/wp-json\/wp\/v2\/comments?post=8905"}],"version-history":[{"count":8,"href":"https:\/\/kocaelisaglik.edu.tr\/dishekimligi\/wp-json\/wp\/v2\/pages\/8905\/revisions"}],"predecessor-version":[{"id":9562,"href":"https:\/\/kocaelisaglik.edu.tr\/dishekimligi\/wp-json\/wp\/v2\/pages\/8905\/revisions\/9562"}],"wp:attachment":[{"href":"https:\/\/kocaelisaglik.edu.tr\/dishekimligi\/wp-json\/wp\/v2\/media?parent=8905"}],"curies":[{"name":"wp","href":"https:\/\/api.w.org\/{rel}","templated":true}]}}