{"id":8732,"date":"2023-12-15T13:45:27","date_gmt":"2023-12-15T10:45:27","guid":{"rendered":"https:\/\/kocaelisaglik.edu.tr\/dishekimligi\/?page_id=8732"},"modified":"2026-02-26T13:48:47","modified_gmt":"2026-02-26T10:48:47","slug":"melisa-ocbe","status":"publish","type":"page","link":"https:\/\/kocaelisaglik.edu.tr\/dishekimligi\/melisa-ocbe\/","title":{"rendered":"Melisa \u00d6\u00c7BE"},"content":{"rendered":"<div class=\"wpb-content-wrapper\"><p>[vc_row][vc_column width=&#8221;1\/3&#8243;][vc_single_image image=&#8221;8742&#8243; img_size=&#8221;full&#8221; alignment=&#8221;center&#8221; style=&#8221;vc_box_outline&#8221;][\/vc_column][vc_column width=&#8221;1\/3&#8243;][vc_column_text]<\/p>\n<h4 style=\"text-align: center;\">Do\u00e7. Dr.<\/h4>\n<h4 style=\"text-align: center;\">Melisa \u00d6\u00c7BE<\/h4>\n<p>&nbsp;<\/p>\n<h5 style=\"text-align: center;\">Di\u015f Hekimli\u011fi Fak\u00fcltesi<\/h5>\n<p>&nbsp;<\/p>\n<p>&nbsp;<\/p>\n<p><a href=\"https:\/\/akademik.yok.gov.tr\/AkademikArama\/AkademisyenGorevOgrenimBilgileri?islem=direct&amp;authorId=BFD6D0E2E2ED2535\"><img loading=\"lazy\" decoding=\"async\" class=\"aligncenter wp-image-8676 size-full\" src=\"https:\/\/kocaelisaglik.edu.tr\/dishekimligi\/wp-content\/uploads\/sites\/2\/2023\/10\/akademik_yok_foto.jpg\" alt=\"\" width=\"300\" height=\"108\" \/><\/a>[\/vc_column_text][\/vc_column][vc_column width=&#8221;1\/3&#8243;][vc_message message_box_color=&#8221;success&#8221; icon_fontawesome=&#8221;far fa-address-book&#8221;]<\/p>\n<p style=\"text-align: center;\"><strong>\u0130leti\u015fim Bilgileri<\/strong><\/p>\n<p>[\/vc_message][vc_column_text]<\/p>\n<p style=\"text-align: center;\"><a href=\"mailto:melisa.ocbe@kocaelisaglik.edu.tr\"><strong>melisa.ocbe@kocaelisaglik.edu.tr<\/strong><\/a><\/p>\n<h6 style=\"text-align: center;\"><a href=\"#\">0(262) 999 80 85<\/a><\/h6>\n<p>[\/vc_column_text][\/vc_column][\/vc_row]<\/p>\n<\/div>","protected":false},"excerpt":{"rendered":"<p>[vc_row][vc_column width=&#8221;1\/3&#8243;][vc_single_image image=&#8221;8742&#8243; img_size=&#8221;full&#8221; alignment=&#8221;center&#8221; style=&#8221;vc_box_outline&#8221;][\/vc_column][vc_column width=&#8221;1\/3&#8243;][vc_column_text] Do\u00e7. Dr. Melisa \u00d6\u00c7BE &nbsp; Di\u015f Hekimli\u011fi Fak\u00fcltesi &nbsp; &nbsp; [\/vc_column_text][\/vc_column][vc_column width=&#8221;1\/3&#8243;][vc_message message_box_color=&#8221;success&#8221; icon_fontawesome=&#8221;far fa-address-book&#8221;] \u0130leti\u015fim Bilgileri [\/vc_message][vc_column_text] melisa.ocbe@kocaelisaglik.edu.tr 0(262) 999 80 85 [\/vc_column_text][\/vc_column][\/vc_row]<\/p>\n","protected":false},"author":12,"featured_media":0,"parent":0,"menu_order":0,"comment_status":"closed","ping_status":"closed","template":"","meta":{"footnotes":""},"_links":{"self":[{"href":"https:\/\/kocaelisaglik.edu.tr\/dishekimligi\/wp-json\/wp\/v2\/pages\/8732"}],"collection":[{"href":"https:\/\/kocaelisaglik.edu.tr\/dishekimligi\/wp-json\/wp\/v2\/pages"}],"about":[{"href":"https:\/\/kocaelisaglik.edu.tr\/dishekimligi\/wp-json\/wp\/v2\/types\/page"}],"author":[{"embeddable":true,"href":"https:\/\/kocaelisaglik.edu.tr\/dishekimligi\/wp-json\/wp\/v2\/users\/12"}],"replies":[{"embeddable":true,"href":"https:\/\/kocaelisaglik.edu.tr\/dishekimligi\/wp-json\/wp\/v2\/comments?post=8732"}],"version-history":[{"count":5,"href":"https:\/\/kocaelisaglik.edu.tr\/dishekimligi\/wp-json\/wp\/v2\/pages\/8732\/revisions"}],"predecessor-version":[{"id":9544,"href":"https:\/\/kocaelisaglik.edu.tr\/dishekimligi\/wp-json\/wp\/v2\/pages\/8732\/revisions\/9544"}],"wp:attachment":[{"href":"https:\/\/kocaelisaglik.edu.tr\/dishekimligi\/wp-json\/wp\/v2\/media?parent=8732"}],"curies":[{"name":"wp","href":"https:\/\/api.w.org\/{rel}","templated":true}]}}