{"id":7244,"date":"2020-12-31T20:17:58","date_gmt":"2020-12-31T17:17:58","guid":{"rendered":"https:\/\/kocaelisaglik.edu.tr\/dishekimligi\/?page_id=7244"},"modified":"2026-03-04T17:32:24","modified_gmt":"2026-03-04T14:32:24","slug":"fakulte-kurulu","status":"publish","type":"page","link":"https:\/\/kocaelisaglik.edu.tr\/dishekimligi\/fakulte-kurulu\/","title":{"rendered":"Fak\u00fclte Kurulu"},"content":{"rendered":"<div class=\"wpb-content-wrapper\"><p>[vc_row][vc_column][vc_row_inner][vc_column_inner width=&#8221;1\/3&#8243;][vc_single_image image=&#8221;8435&#8243; alignment=&#8221;center&#8221; style=&#8221;vc_box_outline&#8221;][\/vc_column_inner][vc_column_inner width=&#8221;2\/3&#8243;][vc_column_text]<\/p>\n<p><strong>Di\u015f Hekimli\u011fi Fak\u00fcltesi Dekan\u0131<\/strong>[\/vc_column_text][\/vc_column_inner][\/vc_row_inner][vc_separator border_width=&#8221;2&#8243;][\/vc_column][\/vc_row][vc_row][vc_column][vc_row_inner][vc_column_inner width=&#8221;1\/3&#8243;][vc_single_image image=&#8221;9241&#8243; alignment=&#8221;center&#8221; style=&#8221;vc_box_outline&#8221;][\/vc_column_inner][vc_column_inner width=&#8221;2\/3&#8243;][vc_column_text]<strong>Dr. \u00d6\u011fr. \u00dcyesi K\u00fcbra KAVRAM SARIHAN<\/strong><\/p>\n<p><strong>Temel Bilimler B\u00f6l\u00fcm Ba\u015fkan\u0131<\/strong><\/p>\n<p><a href=\"mailto:kubra.sarihan@kocaelisaglik.edu.tr\">kubra.sarihan@kocaelisaglik.edu.tr<\/a>[\/vc_column_text][\/vc_column_inner][\/vc_row_inner][vc_separator border_width=&#8221;2&#8243;][\/vc_column][\/vc_row][vc_row][vc_column][vc_row_inner][vc_column_inner width=&#8221;1\/3&#8243;][vc_single_image image=&#8221;9268&#8243; alignment=&#8221;center&#8221; style=&#8221;vc_box_outline&#8221;][\/vc_column_inner][vc_column_inner width=&#8221;2\/3&#8243;][vc_column_text]<strong>Prof. Dr. Fuat AHMETO\u011eLU<\/strong><\/p>\n<p><strong>Klinik Bilimler B\u00f6l\u00fcm Ba\u015fkan\u0131<\/strong><\/p>\n<p><a href=\"mailto:fuad.ahmetoglu@kocaelisaglik.edu.tr\">fuad.ahmetoglu@kocaelisaglik.edu.tr<\/a>[\/vc_column_text][\/vc_column_inner][\/vc_row_inner][vc_separator border_width=&#8221;2&#8243;][\/vc_column][\/vc_row][vc_row][vc_column][vc_row_inner][vc_column_inner width=&#8221;1\/3&#8243;][vc_single_image image=&#8221;9080&#8243; alignment=&#8221;center&#8221; style=&#8221;vc_box_outline&#8221;][\/vc_column_inner][vc_column_inner width=&#8221;2\/3&#8243;][vc_column_text]<strong>Prof. Dr. Can YALDIZ<\/strong><\/p>\n<p><strong>Profes\u00f6r Temsilci \u00dcye<\/strong><\/p>\n<p><a href=\"mailto:can.yaldiz@kocaelisaglik.edu.tr\">can.yaldiz@kocaelisaglik.edu.tr<\/a>[\/vc_column_text][\/vc_column_inner][\/vc_row_inner][vc_separator border_width=&#8221;2&#8243;][\/vc_column][\/vc_row][vc_row][vc_column][vc_row_inner][vc_column_inner width=&#8221;1\/3&#8243;][vc_single_image image=&#8221;9070&#8243; alignment=&#8221;center&#8221; style=&#8221;vc_box_outline&#8221;][\/vc_column_inner][vc_column_inner width=&#8221;2\/3&#8243;][vc_column_text]<strong>Prof. Dr. Yurdanur D\u0130KMEN<\/strong><\/p>\n<p><strong>Profes\u00f6r Temsilci \u00dcye<\/strong><\/p>\n<p><a href=\"mailto:yurdanur.dikmen@kocaelisaglik.edu.tr\">yurdanur.dikmen@kocaelisaglik.edu.tr<\/a>[\/vc_column_text][\/vc_column_inner][\/vc_row_inner][vc_separator border_width=&#8221;2&#8243;][\/vc_column][\/vc_row][vc_row][vc_column][vc_row_inner][vc_column_inner width=&#8221;1\/3&#8243;][vc_single_image image=&#8221;9071&#8243; alignment=&#8221;center&#8221; style=&#8221;vc_box_outline&#8221;][\/vc_column_inner][vc_column_inner width=&#8221;2\/3&#8243;][vc_column_text]<strong>Do\u00e7. Dr. Ghassan \u0130SSA<\/strong><\/p>\n<p><strong>Do\u00e7ent Temsilci \u00dcye<\/strong><\/p>\n<p><a href=\"mailto:ghassan.issa@kocaelisaglik.edu.tr\">ghassan.issa@kocaelisaglik.edu.tr<\/a>[\/vc_column_text][\/vc_column_inner][\/vc_row_inner][vc_separator border_width=&#8221;2&#8243;][\/vc_column][\/vc_row][vc_row][vc_column][vc_row_inner][vc_column_inner width=&#8221;1\/3&#8243;][vc_single_image image=&#8221;9430&#8243; alignment=&#8221;center&#8221; style=&#8221;vc_box_outline&#8221;][\/vc_column_inner][vc_column_inner width=&#8221;2\/3&#8243;][vc_column_text]<strong>Do\u00e7. Dr. G\u00fclhan \u00dcNAL<\/strong><\/p>\n<p><strong>Do\u00e7ent Temsilci \u00dcye<\/strong><\/p>\n<p><a href=\"mailto:gulhan.unal@kocaelisaglik.edu.tr\">gulhan.unal@kocaelisaglik.edu.tr<\/a>[\/vc_column_text][\/vc_column_inner][\/vc_row_inner][vc_separator border_width=&#8221;2&#8243;][\/vc_column][\/vc_row][vc_row][vc_column][vc_row_inner][vc_column_inner width=&#8221;1\/3&#8243;][vc_single_image image=&#8221;9241&#8243; alignment=&#8221;center&#8221; style=&#8221;vc_box_outline&#8221;][\/vc_column_inner][vc_column_inner width=&#8221;2\/3&#8243;][vc_column_text]<strong>Dr. \u00d6\u011fr. \u00dcyesi K\u00fcbra KAVRAM SARIHAN<\/strong><\/p>\n<p><strong>Dr. \u00d6\u011fr. \u00dcyesi Temsilci \u00dcye<\/strong><\/p>\n<p><a href=\"mailto:kubra.sarihan@kocaelisaglik.edu.tr\">kubra.sarihan@kocaelisaglik.edu.tr<\/a>[\/vc_column_text][\/vc_column_inner][\/vc_row_inner][vc_separator border_width=&#8221;2&#8243;][\/vc_column][\/vc_row]<\/p>\n<\/div>","protected":false},"excerpt":{"rendered":"<p>[vc_row][vc_column][vc_row_inner][vc_column_inner width=&#8221;1\/3&#8243;][vc_single_image image=&#8221;8435&#8243; alignment=&#8221;center&#8221; style=&#8221;vc_box_outline&#8221;][\/vc_column_inner][vc_column_inner width=&#8221;2\/3&#8243;][vc_column_text] Di\u015f Hekimli\u011fi Fak\u00fcltesi Dekan\u0131[\/vc_column_text][\/vc_column_inner][\/vc_row_inner][vc_separator border_width=&#8221;2&#8243;][\/vc_column][\/vc_row][vc_row][vc_column][vc_row_inner][vc_column_inner width=&#8221;1\/3&#8243;][vc_single_image image=&#8221;9241&#8243; alignment=&#8221;center&#8221; style=&#8221;vc_box_outline&#8221;][\/vc_column_inner][vc_column_inner width=&#8221;2\/3&#8243;][vc_column_text]Dr. \u00d6\u011fr. \u00dcyesi K\u00fcbra KAVRAM SARIHAN Temel Bilimler B\u00f6l\u00fcm Ba\u015fkan\u0131 kubra.sarihan@kocaelisaglik.edu.tr[\/vc_column_text][\/vc_column_inner][\/vc_row_inner][vc_separator border_width=&#8221;2&#8243;][\/vc_column][\/vc_row][vc_row][vc_column][vc_row_inner][vc_column_inner width=&#8221;1\/3&#8243;][vc_single_image image=&#8221;9268&#8243; alignment=&#8221;center&#8221; style=&#8221;vc_box_outline&#8221;][\/vc_column_inner][vc_column_inner width=&#8221;2\/3&#8243;][vc_column_text]Prof. Dr. Fuat AHMETO\u011eLU Klinik Bilimler B\u00f6l\u00fcm Ba\u015fkan\u0131 fuad.ahmetoglu@kocaelisaglik.edu.tr[\/vc_column_text][\/vc_column_inner][\/vc_row_inner][vc_separator &hellip; <\/p>\n","protected":false},"author":11,"featured_media":0,"parent":0,"menu_order":0,"comment_status":"closed","ping_status":"closed","template":"","meta":{"footnotes":""},"_links":{"self":[{"href":"https:\/\/kocaelisaglik.edu.tr\/dishekimligi\/wp-json\/wp\/v2\/pages\/7244"}],"collection":[{"href":"https:\/\/kocaelisaglik.edu.tr\/dishekimligi\/wp-json\/wp\/v2\/pages"}],"about":[{"href":"https:\/\/kocaelisaglik.edu.tr\/dishekimligi\/wp-json\/wp\/v2\/types\/page"}],"author":[{"embeddable":true,"href":"https:\/\/kocaelisaglik.edu.tr\/dishekimligi\/wp-json\/wp\/v2\/users\/11"}],"replies":[{"embeddable":true,"href":"https:\/\/kocaelisaglik.edu.tr\/dishekimligi\/wp-json\/wp\/v2\/comments?post=7244"}],"version-history":[{"count":36,"href":"https:\/\/kocaelisaglik.edu.tr\/dishekimligi\/wp-json\/wp\/v2\/pages\/7244\/revisions"}],"predecessor-version":[{"id":9549,"href":"https:\/\/kocaelisaglik.edu.tr\/dishekimligi\/wp-json\/wp\/v2\/pages\/7244\/revisions\/9549"}],"wp:attachment":[{"href":"https:\/\/kocaelisaglik.edu.tr\/dishekimligi\/wp-json\/wp\/v2\/media?parent=7244"}],"curies":[{"name":"wp","href":"https:\/\/api.w.org\/{rel}","templated":true}]}}