{"id":6893,"date":"2020-12-06T23:13:07","date_gmt":"2020-12-06T20:13:07","guid":{"rendered":"https:\/\/kocaelisaglik.edu.tr\/dishekimligi\/?page_id=6893"},"modified":"2026-04-16T14:56:16","modified_gmt":"2026-04-16T11:56:16","slug":"akademik-kadro","status":"publish","type":"page","link":"https:\/\/kocaelisaglik.edu.tr\/dishekimligi\/akademik-kadro\/","title":{"rendered":"Akademik Kadro"},"content":{"rendered":"<div class=\"wpb-content-wrapper\"><p>[vc_row][vc_column width=&#8221;1\/3&#8243;][\/vc_column][vc_column width=&#8221;1\/3&#8243;][vc_single_image image=&#8221;8435&#8243; alignment=&#8221;center&#8221; style=&#8221;vc_box_outline&#8221;][vc_column_text]<\/p>\n<h4 style=\"text-align: center;\"><\/h4>\n<h5 style=\"text-align: center;\"><strong>Di\u015f Hekimli\u011fi Fak\u00fcltesi Dekan\u0131<\/strong><\/h5>\n<p>[\/vc_column_text][\/vc_column][vc_column width=&#8221;1\/3&#8243;][\/vc_column][vc_column][vc_separator][\/vc_column][\/vc_row][vc_row][vc_column width=&#8221;1\/4&#8243;][vc_single_image image=&#8221;8742&#8243; alignment=&#8221;center&#8221; style=&#8221;vc_box_outline&#8221;][vc_column_text]<\/p>\n<h4 style=\"text-align: center;\"><a href=\"https:\/\/kocaelisaglik.edu.tr\/dishekimligi\/melisa-ocbe\/\"><strong>Do\u00e7. Dr.<\/strong><\/a><\/h4>\n<h4 style=\"text-align: center;\"><a href=\"https:\/\/kocaelisaglik.edu.tr\/dishekimligi\/melisa-ocbe\/\"><strong>Melisa \u00d6\u00c7BE\u00a0<\/strong><\/a><\/h4>\n<h5 style=\"text-align: center;\"><strong>Di\u015f Hekimli\u011fi Fak\u00fcltesi Dekan Yard\u0131mc\u0131s\u0131<\/strong><\/h5>\n<p>[\/vc_column_text][\/vc_column][vc_column width=&#8221;1\/4&#8243;][vc_single_image image=&#8221;9241&#8243; alignment=&#8221;center&#8221; style=&#8221;vc_box_outline&#8221;][vc_column_text]<\/p>\n<h4 style=\"text-align: center;\"><a href=\"https:\/\/kocaelisaglik.edu.tr\/dishekimligi\/kubra-kavram-sarihan\/\"><strong>Dr. \u00d6\u011fr. \u00dcyesi<\/strong><\/a><\/h4>\n<h4 style=\"text-align: center;\"><a href=\"https:\/\/kocaelisaglik.edu.tr\/dishekimligi\/kubra-kavram-sarihan\/\"><strong>K\u00fcbra KAVRAM SARIHAN<\/strong><\/a><\/h4>\n<h5 style=\"text-align: center;\"><strong>Di\u015f Hekimli\u011fi Fak\u00fcltesi Dekan Yard\u0131mc\u0131s\u0131<\/strong><\/h5>\n<p>[\/vc_column_text][\/vc_column][vc_column width=&#8221;1\/4&#8243; css=&#8221;.vc_custom_1609496197781{margin-left: 20px !important;}&#8221;][vc_single_image image=&#8221;9080&#8243; alignment=&#8221;center&#8221; style=&#8221;vc_box_outline&#8221;][vc_column_text]<\/p>\n<h4 style=\"text-align: center;\"><a href=\"https:\/\/kocaelisaglik.edu.tr\/dishekimligi\/can-yaldiz\/\"><strong>Prof. Dr.<\/strong><\/a><\/h4>\n<h4 style=\"text-align: center;\"><a href=\"https:\/\/kocaelisaglik.edu.tr\/dishekimligi\/can-yaldiz\/\"><strong>Can YALDIZ<\/strong><\/a><\/h4>\n<h5 style=\"text-align: center;\"><strong>Di\u015f Hekimli\u011fi Fak\u00fcltesi<\/strong><\/h5>\n<p>[\/vc_column_text][\/vc_column][vc_column width=&#8221;1\/4&#8243;][vc_single_image image=&#8221;9275&#8243; alignment=&#8221;center&#8221; style=&#8221;vc_box_outline&#8221;][vc_column_text]<\/p>\n<h4 style=\"text-align: center;\"><a href=\"https:\/\/kocaelisaglik.edu.tr\/dishekimligi\/fatih-asutay\/\"><strong>Prof. Dr.<\/strong><\/a><\/h4>\n<h4 style=\"text-align: center;\"><a href=\"https:\/\/kocaelisaglik.edu.tr\/dishekimligi\/fatih-asutay\/\"><strong>Fatih ASUTAY<\/strong><\/a><\/h4>\n<h5 style=\"text-align: center;\"><strong>Di\u015f Hekimli\u011fi Fak\u00fcltesi<\/strong><\/h5>\n<p>[\/vc_column_text][\/vc_column][vc_column][vc_separator][\/vc_column][\/vc_row][vc_row][vc_column width=&#8221;1\/4&#8243; css=&#8221;.vc_custom_1609496197781{margin-left: 20px !important;}&#8221;][vc_single_image image=&#8221;9268&#8243; alignment=&#8221;center&#8221; style=&#8221;vc_box_outline&#8221;][vc_column_text]<\/p>\n<h4 style=\"text-align: center;\"><a href=\"https:\/\/kocaelisaglik.edu.tr\/dishekimligi\/fuat-ahmetoglu\/\"><strong>Prof. Dr.<\/strong><\/a><\/h4>\n<h4 style=\"text-align: center;\"><a href=\"https:\/\/kocaelisaglik.edu.tr\/dishekimligi\/fuat-ahmetoglu\/\"><strong>Fuat <\/strong><strong>AHMETO\u011eLU<\/strong><\/a><\/h4>\n<h5 style=\"text-align: center;\"><strong>Di\u015f Hekimli\u011fi Fak\u00fcltesi<\/strong><\/h5>\n<p>[\/vc_column_text][\/vc_column][vc_column width=&#8221;1\/4&#8243; css=&#8221;.vc_custom_1609496213308{margin-left: 20px !important;}&#8221;][vc_single_image image=&#8221;9242&#8243; alignment=&#8221;center&#8221; style=&#8221;vc_box_outline&#8221;][vc_column_text]<\/p>\n<h4 style=\"text-align: center;\"><a href=\"https:\/\/kocaelisaglik.edu.tr\/dishekimligi\/gultekin-mehmet-emin-turkoz\/\"><strong>Prof. Dr.<\/strong><\/a><\/h4>\n<h4 style=\"text-align: center;\"><a href=\"https:\/\/kocaelisaglik.edu.tr\/dishekimligi\/gultekin-mehmet-emin-turkoz\/\"><strong>G\u00fcltekin Mehmet <\/strong><strong>Emin <\/strong><strong>T\u00dcRK\u00d6Z<\/strong><\/a><\/h4>\n<h5 style=\"text-align: center;\"><strong>Di\u015f Hekimli\u011fi Fak\u00fcltesi<\/strong><\/h5>\n<p>[\/vc_column_text][\/vc_column][vc_column width=&#8221;1\/4&#8243;][vc_single_image image=&#8221;8435&#8243; alignment=&#8221;center&#8221; style=&#8221;vc_box_outline&#8221;][vc_column_text]<\/p>\n<h4 style=\"text-align: center;\"><a href=\"https:\/\/kocaelisaglik.edu.tr\/dishekimligi\/gurkan-kayabasoglu\/\"><strong>Prof. Dr.<\/strong><\/a><\/h4>\n<h4 style=\"text-align: center;\"><a href=\"https:\/\/kocaelisaglik.edu.tr\/dishekimligi\/gurkan-kayabasoglu\/\">G\u00fcrkan KAYABA\u015eO\u011eLU<\/a><\/h4>\n<h5 style=\"text-align: center;\"><strong>Di\u015f Hekimli\u011fi Fak\u00fcltesi<\/strong><\/h5>\n<p>[\/vc_column_text][\/vc_column][vc_column width=&#8221;1\/4&#8243;][vc_single_image image=&#8221;9243&#8243; alignment=&#8221;center&#8221; style=&#8221;vc_box_outline&#8221;][vc_column_text]<\/p>\n<h4 style=\"text-align: center;\"><a href=\"#\"><strong>Prof. Dr.<\/strong><\/a><\/h4>\n<h4 style=\"text-align: center;\"><a href=\"#\"><strong>Y\u00fcksel T\u00dcRK\u00d6Z<\/strong><\/a><\/h4>\n<h5 style=\"text-align: center;\"><strong>Di\u015f Hekimli\u011fi Fak\u00fcltesi<\/strong><\/h5>\n<p>[\/vc_column_text][\/vc_column][vc_column][vc_separator][\/vc_column][\/vc_row][vc_row][vc_column width=&#8221;1\/4&#8243;][vc_single_image image=&#8221;9430&#8243; alignment=&#8221;center&#8221; style=&#8221;vc_box_outline&#8221;][vc_column_text]<\/p>\n<h4 style=\"text-align: center;\"><a href=\"https:\/\/kocaelisaglik.edu.tr\/dishekimligi\/gulhan-unal\/\"><strong>Do\u00e7. Dr.<\/strong><\/a><\/h4>\n<h4 style=\"text-align: center;\"><a href=\"https:\/\/kocaelisaglik.edu.tr\/dishekimligi\/gulhan-unal\/\"><strong>G\u00fclhan \u00dcNAL<\/strong><\/a><\/h4>\n<h5 style=\"text-align: center;\"><strong>Di\u015f Hekimli\u011fi Fak\u00fcltesi<\/strong><\/h5>\n<p>[\/vc_column_text][\/vc_column][vc_column width=&#8221;1\/4&#8243;][vc_single_image image=&#8221;8435&#8243; alignment=&#8221;center&#8221; style=&#8221;vc_box_outline&#8221;][vc_column_text]<\/p>\n<h4 style=\"text-align: center;\"><a href=\"#\"><strong>Do\u00e7. Dr.<\/strong><\/a><\/h4>\n<h4 style=\"text-align: center;\"><a href=\"#\"><strong>Seda AYDEM\u0130R MUTLU<\/strong><\/a><\/h4>\n<h5 style=\"text-align: center;\"><strong>Di\u015f Hekimli\u011fi Fak\u00fcltesi<\/strong><\/h5>\n<p>[\/vc_column_text][\/vc_column][vc_column width=&#8221;1\/4&#8243;][vc_single_image image=&#8221;9432&#8243; alignment=&#8221;center&#8221; style=&#8221;vc_box_outline&#8221;][vc_column_text]<\/p>\n<h4 style=\"text-align: center;\"><a href=\"https:\/\/kocaelisaglik.edu.tr\/aslihan-alanyalioglu\/\" target=\"_blank\" rel=\"noopener noreferrer\"><strong>Dr. \u00d6\u011fr. \u00dcyesi <\/strong><\/a><\/h4>\n<h4 style=\"text-align: center;\"><a href=\"https:\/\/kocaelisaglik.edu.tr\/aslihan-alanyalioglu\/\" target=\"_blank\" rel=\"noopener noreferrer\"><strong>Asl\u0131han ALANYALIO\u011eLU<\/strong><\/a><\/h4>\n<h5 style=\"text-align: center;\"><strong>Di\u015f Hekimli\u011fi Fak\u00fcltesi<\/strong><\/h5>\n<p>[\/vc_column_text][\/vc_column][vc_column width=&#8221;1\/4&#8243; css=&#8221;.vc_custom_1609496197781{margin-left: 20px !important;}&#8221;][vc_single_image image=&#8221;8435&#8243; alignment=&#8221;center&#8221; style=&#8221;vc_box_outline&#8221;][vc_column_text]<\/p>\n<h4 style=\"text-align: center;\"><a href=\"#\"><strong>Dr. \u00d6\u011fr. \u00dcyesi <\/strong><\/a><\/h4>\n<h4 style=\"text-align: center;\"><a href=\"#\"><strong>Aysun SARI\u00c7ET\u0130N<\/strong><\/a><\/h4>\n<h5 style=\"text-align: center;\"><strong>Di\u015f Hekimli\u011fi Fak\u00fcltesi<\/strong><\/h5>\n<p>[\/vc_column_text][\/vc_column][vc_column][vc_separator][\/vc_column][\/vc_row][vc_row][vc_column width=&#8221;1\/4&#8243;][vc_single_image image=&#8221;8737&#8243; alignment=&#8221;center&#8221; style=&#8221;vc_box_outline&#8221;][vc_column_text]<\/p>\n<h4 style=\"text-align: center;\"><a href=\"https:\/\/kocaelisaglik.edu.tr\/ayse-apak\/\" target=\"_blank\" rel=\"noopener noreferrer\"><strong>Dr. \u00d6\u011fr. \u00dcyesi <\/strong><\/a><\/h4>\n<h4 style=\"text-align: center;\"><a href=\"https:\/\/kocaelisaglik.edu.tr\/ayse-apak\/\" target=\"_blank\" rel=\"noopener noreferrer\"><strong>Ay\u015fe APAK<\/strong><\/a><\/h4>\n<h5 style=\"text-align: center;\"><strong>Di\u015f Hekimli\u011fi Fak\u00fcltesi<\/strong><\/h5>\n<p>[\/vc_column_text][\/vc_column][vc_column width=&#8221;1\/4&#8243;][vc_single_image image=&#8221;9232&#8243; alignment=&#8221;center&#8221; style=&#8221;vc_box_outline&#8221;][vc_column_text]<\/p>\n<h4 style=\"text-align: center;\"><a href=\"https:\/\/kocaelisaglik.edu.tr\/dishekimligi\/aysegul-tohumcu-sener\/\"><strong>Dr. \u00d6\u011fr. \u00dcyesi <\/strong><\/a><\/h4>\n<h4 style=\"text-align: center;\"><a href=\"https:\/\/kocaelisaglik.edu.tr\/dishekimligi\/aysegul-tohumcu-sener\/\"><strong>Ay\u015feg\u00fcl TOHUMCU \u015eENER<\/strong><\/a><\/h4>\n<h5 style=\"text-align: center;\"><strong>Di\u015f Hekimli\u011fi Fak\u00fcltesi<\/strong><\/h5>\n<p>[\/vc_column_text][\/vc_column][vc_column width=&#8221;1\/4&#8243;][vc_single_image image=&#8221;8739&#8243; alignment=&#8221;center&#8221; style=&#8221;vc_box_outline&#8221;][vc_column_text]<\/p>\n<h4 style=\"text-align: center;\"><strong><a href=\"https:\/\/kocaelisaglik.edu.tr\/birsen-erol-bakan\/\">Dr. \u00d6\u011fr. \u00dcyesi<\/a><\/strong><\/h4>\n<h4 style=\"text-align: center;\"><a href=\"https:\/\/kocaelisaglik.edu.tr\/birsen-erol-bakan\/\" target=\"_blank\" rel=\"noopener noreferrer\"><strong>Birsen EROL BAKAN<\/strong><\/a><\/h4>\n<h5 style=\"text-align: center;\"><strong>Di\u015f Hekimli\u011fi Fak\u00fcltesi<\/strong><\/h5>\n<p>[\/vc_column_text][\/vc_column][vc_column width=&#8221;1\/4&#8243;][vc_single_image image=&#8221;8740&#8243; alignment=&#8221;center&#8221; style=&#8221;vc_box_outline&#8221;][vc_column_text]<\/p>\n<h4 style=\"text-align: center;\"><a href=\"https:\/\/kocaelisaglik.edu.tr\/deniz-ayse-deniz\/\"><strong>Dr. \u00d6\u011fr. \u00dcyesi <\/strong><\/a><\/h4>\n<h4 style=\"text-align: center;\"><a href=\"https:\/\/kocaelisaglik.edu.tr\/deniz-ayse-deniz\/\"><strong>Deniz Ay\u015fe DEN\u0130Z<\/strong><\/a><\/h4>\n<h5 style=\"text-align: center;\"><strong>Di\u015f Hekimli\u011fi Fak\u00fcltesi<\/strong><\/h5>\n<p>[\/vc_column_text][\/vc_column][vc_column][vc_separator][\/vc_column][\/vc_row][vc_row][vc_column width=&#8221;1\/4&#8243;][vc_single_image image=&#8221;9225&#8243; alignment=&#8221;center&#8221; style=&#8221;vc_box_outline&#8221;][vc_column_text]<\/p>\n<h4 style=\"text-align: center;\"><a href=\"#\"><strong>Dr. \u00d6\u011fr. \u00dcyesi <\/strong><\/a><\/h4>\n<h4 style=\"text-align: center;\"><a href=\"#\"><strong>Ebru \u015e\u0130R\u0130NO\u011eLU<\/strong><\/a><\/h4>\n<h5 style=\"text-align: center;\"><strong>Di\u015f Hekimli\u011fi Fak\u00fcltesi<\/strong><\/h5>\n<p>[\/vc_column_text][\/vc_column][vc_column width=&#8221;1\/4&#8243;][vc_single_image image=&#8221;8435&#8243; alignment=&#8221;center&#8221; style=&#8221;vc_box_outline&#8221;][vc_column_text]<\/p>\n<h4 style=\"text-align: center;\"><a href=\"#\"><strong>Dr. \u00d6\u011fr. \u00dcyesi <\/strong><\/a><\/h4>\n<h4 style=\"text-align: center;\"><a href=\"#\"><strong>Furkan \u00d6ZG\u00dcR<\/strong><\/a><\/h4>\n<h5 style=\"text-align: center;\"><strong>Di\u015f Hekimli\u011fi Fak\u00fcltesi<\/strong><\/h5>\n<p>[\/vc_column_text][\/vc_column][vc_column width=&#8221;1\/4&#8243;][vc_single_image image=&#8221;8438&#8243; alignment=&#8221;center&#8221; style=&#8221;vc_box_outline&#8221;][vc_column_text]<\/p>\n<h4 style=\"text-align: center;\"><a href=\"https:\/\/kocaelisaglik.edu.tr\/hande-ozyurek\/\"><strong>Dr. \u00d6\u011fr. \u00dcyesi <\/strong><\/a><\/h4>\n<h4 style=\"text-align: center;\"><a href=\"https:\/\/kocaelisaglik.edu.tr\/hande-ozyurek\/\"><strong>Hande \u00d6ZY\u00dcREK<\/strong><\/a><\/h4>\n<h5 style=\"text-align: center;\"><strong>Di\u015f Hekimli\u011fi Fak\u00fcltesi<\/strong><\/h5>\n<p>[\/vc_column_text][\/vc_column][vc_column width=&#8221;1\/4&#8243;][vc_single_image image=&#8221;8920&#8243; alignment=&#8221;center&#8221; style=&#8221;vc_box_outline&#8221;][vc_column_text]<\/p>\n<h4 style=\"text-align: center;\"><a href=\"https:\/\/kocaelisaglik.edu.tr\/hulya-polater-2\/\" target=\"_blank\" rel=\"noopener noreferrer\"><strong>Dr. \u00d6\u011fr. \u00dcyesi <\/strong><\/a><\/h4>\n<h4 style=\"text-align: center;\"><a href=\"https:\/\/kocaelisaglik.edu.tr\/hulya-polater-2\/\" target=\"_blank\" rel=\"noopener noreferrer\"><strong>H\u00fclya POLATER<\/strong><\/a><\/h4>\n<h5 style=\"text-align: center;\"><strong>Di\u015f Hekimli\u011fi Fak\u00fcltesi<\/strong><\/h5>\n<p>[\/vc_column_text][\/vc_column][vc_column][vc_separator][\/vc_column][\/vc_row][vc_row][vc_column width=&#8221;1\/4&#8243;][vc_single_image image=&#8221;8919&#8243; alignment=&#8221;center&#8221; style=&#8221;vc_box_outline&#8221;][vc_column_text]<\/p>\n<h4 style=\"text-align: center;\"><a href=\"https:\/\/kocaelisaglik.edu.tr\/dishekimligi\/hulya-cerci-akcay\/\"><strong>Dr. \u00d6\u011fr. \u00dcyesi <\/strong><\/a><\/h4>\n<h4 style=\"text-align: center;\"><a href=\"https:\/\/kocaelisaglik.edu.tr\/dishekimligi\/hulya-cerci-akcay\/\"><strong>H\u00fclya \u00c7ER\u00c7\u0130 AK\u00c7AY<\/strong><\/a><\/h4>\n<h5 style=\"text-align: center;\"><strong>Di\u015f Hekimli\u011fi Fak\u00fcltesi<\/strong><\/h5>\n<p>[\/vc_column_text][\/vc_column][vc_column width=&#8221;1\/4&#8243;][vc_single_image image=&#8221;8741&#8243; alignment=&#8221;center&#8221; style=&#8221;vc_box_outline&#8221;][vc_column_text]<\/p>\n<h4 style=\"text-align: center;\"><a href=\"https:\/\/kocaelisaglik.edu.tr\/ipek-aksoy\/\" target=\"_blank\" rel=\"noopener noreferrer\"><strong>Dr. \u00d6\u011fr. \u00dcyesi<\/strong><\/a><\/h4>\n<h4 style=\"text-align: center;\"><a href=\"https:\/\/kocaelisaglik.edu.tr\/ipek-aksoy\/\" target=\"_blank\" rel=\"noopener noreferrer\"><strong>\u0130pek AKSOY<\/strong><\/a><\/h4>\n<h5 style=\"text-align: center;\"><strong>Di\u015f Hekimli\u011fi Fak\u00fcltesi<\/strong><\/h5>\n<p>[\/vc_column_text][\/vc_column][vc_column width=&#8221;1\/4&#8243;][vc_single_image image=&#8221;8743&#8243; alignment=&#8221;center&#8221; style=&#8221;vc_box_outline&#8221;][vc_column_text]<\/p>\n<h4 style=\"text-align: center;\"><a href=\"https:\/\/kocaelisaglik.edu.tr\/mahmut-sabri-medisoglu\/\"><strong>Dr. \u00d6\u011fr. \u00dcyesi <\/strong><\/a><\/h4>\n<h4 style=\"text-align: center;\"><a href=\"https:\/\/kocaelisaglik.edu.tr\/mahmut-sabri-medisoglu\/\"><strong>Mahmut Sabri MED\u0130\u015eO\u011eLU<\/strong><\/a><\/h4>\n<h5 style=\"text-align: center;\"><strong>Di\u015f Hekimli\u011fi Fak\u00fcltesi<\/strong><\/h5>\n<p>[\/vc_column_text][\/vc_column][vc_column width=&#8221;1\/4&#8243;][vc_single_image image=&#8221;9233&#8243; alignment=&#8221;center&#8221; style=&#8221;vc_box_outline&#8221;][vc_column_text]<\/p>\n<h4 style=\"text-align: center;\"><a href=\"https:\/\/kocaelisaglik.edu.tr\/dishekimligi\/muhammed-goksel-timarcioglu\/\"><strong>Dr. \u00d6\u011fr. \u00dcyesi<\/strong><\/a><\/h4>\n<h4 style=\"text-align: center;\"><a href=\"https:\/\/kocaelisaglik.edu.tr\/dishekimligi\/muhammed-goksel-timarcioglu\/\"><strong>Muhammed G\u00f6ksel TIMARCIO\u011eLU<\/strong><\/a><\/h4>\n<h5 style=\"text-align: center;\"><strong>Di\u015f Hekimli\u011fi Fak\u00fcltesi<\/strong><\/h5>\n<p>[\/vc_column_text][\/vc_column][vc_column][vc_separator][\/vc_column][\/vc_row][vc_row][vc_column width=&#8221;1\/4&#8243;][vc_single_image image=&#8221;9235&#8243; alignment=&#8221;center&#8221; style=&#8221;vc_box_outline&#8221;][vc_column_text]<\/p>\n<h4 style=\"text-align: center;\"><a href=\"https:\/\/kocaelisaglik.edu.tr\/dishekimligi\/onur-oznalcin\/\"><strong>Dr. \u00d6\u011fr. \u00dcyesi<\/strong><\/a><\/h4>\n<h4 style=\"text-align: center;\"><a href=\"https:\/\/kocaelisaglik.edu.tr\/dishekimligi\/onur-oznalcin\/\"><strong>Onur \u00d6ZNAL\u00c7\u0130N<\/strong><\/a><\/h4>\n<h5 style=\"text-align: center;\"><strong>Di\u015f Hekimli\u011fi Fak\u00fcltesi<\/strong><\/h5>\n<p>[\/vc_column_text][\/vc_column][vc_column width=&#8221;1\/4&#8243;][vc_single_image image=&#8221;9277&#8243; alignment=&#8221;center&#8221; style=&#8221;vc_box_outline&#8221;][vc_column_text]<\/p>\n<h4 style=\"text-align: center;\"><a href=\"https:\/\/kocaelisaglik.edu.tr\/ozgun-oyku-ozdemir\/\"><strong>Dr. \u00d6\u011fr. \u00dcyesi<\/strong><\/a><\/h4>\n<h4 style=\"text-align: center;\"><a href=\"https:\/\/kocaelisaglik.edu.tr\/ozgun-oyku-ozdemir\/\"><strong>\u00d6zg\u00fcn \u00d6yk\u00fc \u00d6ZDEM\u0130R<\/strong><\/a><\/h4>\n<h5 style=\"text-align: center;\"><strong>Di\u015f Hekimli\u011fi Fak\u00fcltesi<\/strong><\/h5>\n<p>[\/vc_column_text][\/vc_column][vc_column width=&#8221;1\/4&#8243;][vc_single_image image=&#8221;7871&#8243; alignment=&#8221;center&#8221; style=&#8221;vc_box_outline&#8221;][vc_column_text]<\/p>\n<h4 style=\"text-align: center;\"><a href=\"https:\/\/kocaelisaglik.edu.tr\/refika-saliha-olkun\/\"><strong>Dr. \u00d6\u011fr. \u00dcyesi<\/strong><\/a><\/h4>\n<h4 style=\"text-align: center;\"><a href=\"https:\/\/kocaelisaglik.edu.tr\/refika-saliha-olkun\/\"><strong>Refika Saliha OLKUN<\/strong><\/a><\/h4>\n<h5 style=\"text-align: center;\"><strong>Di\u015f Hekimli\u011fi Fak\u00fcltesi<\/strong><\/h5>\n<p>[\/vc_column_text][\/vc_column][vc_column width=&#8221;1\/4&#8243;][vc_single_image image=&#8221;9276&#8243; alignment=&#8221;center&#8221; style=&#8221;vc_box_outline&#8221;][vc_column_text]<\/p>\n<h4 style=\"text-align: center;\"><a href=\"https:\/\/kocaelisaglik.edu.tr\/dishekimligi\/serdar-kilic\/\"><strong>Dr. \u00d6\u011fr. \u00dcyesi<\/strong><\/a><\/h4>\n<h4 style=\"text-align: center;\"><a href=\"https:\/\/kocaelisaglik.edu.tr\/dishekimligi\/serdar-kilic\/\"><strong>Serdar KILI\u00c7<\/strong><\/a><\/h4>\n<h5 style=\"text-align: center;\"><strong>Di\u015f Hekimli\u011fi Fak\u00fcltesi<\/strong><\/h5>\n<p>[\/vc_column_text][\/vc_column][vc_column][vc_separator][\/vc_column][\/vc_row][vc_row][vc_column width=&#8221;1\/4&#8243;][vc_single_image image=&#8221;9270&#8243; alignment=&#8221;center&#8221; style=&#8221;vc_box_outline&#8221;][vc_column_text]<\/p>\n<h4 style=\"text-align: center;\"><a href=\"https:\/\/kocaelisaglik.edu.tr\/selen-bozkaya-bilgin\/\" target=\"_blank\" rel=\"noopener noreferrer\"><strong>Dr. \u00d6\u011fr. \u00dcyesi<\/strong><\/a><\/h4>\n<h4 style=\"text-align: center;\"><a href=\"https:\/\/kocaelisaglik.edu.tr\/selen-bozkaya-bilgin\/\" target=\"_blank\" rel=\"noopener noreferrer\"><strong>Selen\u00a0 BOZKAYA B\u0130LG\u0130N\u00a0<\/strong><\/a><\/h4>\n<h5 style=\"text-align: center;\"><strong>Di\u015f Hekimli\u011fi Fak\u00fcltesi\u00a0<\/strong><\/h5>\n<p>[\/vc_column_text][\/vc_column][vc_column width=&#8221;1\/4&#8243;][vc_single_image image=&#8221;9279&#8243; alignment=&#8221;center&#8221; style=&#8221;vc_box_outline&#8221;][vc_column_text]<\/p>\n<h4 style=\"text-align: center;\"><a href=\"https:\/\/kocaelisaglik.edu.tr\/dishekimligi\/soykan-agar\/\"><strong>Dr. \u00d6\u011fr. \u00dcyesi<\/strong><\/a><\/h4>\n<h4 style=\"text-align: center;\"><a href=\"https:\/\/kocaelisaglik.edu.tr\/dishekimligi\/soykan-agar\/\"><strong>Soykan A\u011eAR\u00a0<\/strong><\/a><\/h4>\n<h5 style=\"text-align: center;\"><strong>Di\u015f Hekimli\u011fi Fak\u00fcltesi\u00a0<\/strong><\/h5>\n<p>[\/vc_column_text][\/vc_column][vc_column width=&#8221;1\/4&#8243;][vc_single_image image=&#8221;9089&#8243; alignment=&#8221;center&#8221; style=&#8221;vc_box_outline&#8221;][vc_column_text]<\/p>\n<h4 style=\"text-align: center;\"><a href=\"https:\/\/kocaelisaglik.edu.tr\/yesim-demirdurak\/\"><strong>Dr. \u00d6\u011fr. \u00dcyesi<\/strong><\/a><\/h4>\n<h4 style=\"text-align: center;\"><a href=\"https:\/\/kocaelisaglik.edu.tr\/yesim-demirdurak\/\"><strong>Ye\u015fim DEM\u0130RDURAK<\/strong><\/a><\/h4>\n<h5 style=\"text-align: center;\"><strong>Di\u015f Hekimli\u011fi Fak\u00fcltesi<\/strong><\/h5>\n<p>[\/vc_column_text][\/vc_column][vc_column width=&#8221;1\/4&#8243;][vc_single_image image=&#8221;9236&#8243; alignment=&#8221;center&#8221; style=&#8221;vc_box_outline&#8221;][vc_column_text]<\/p>\n<h4 style=\"text-align: center;\"><a href=\"https:\/\/kocaelisaglik.edu.tr\/dishekimligi\/zeynep-aybike-yelmer\/\"><strong>Dr. \u00d6\u011fr. \u00dcyesi<\/strong><\/a><\/h4>\n<h4 style=\"text-align: center;\"><a href=\"https:\/\/kocaelisaglik.edu.tr\/dishekimligi\/zeynep-aybike-yelmer\/\"><strong>Zeynep Aybike YELMER<\/strong><\/a><\/h4>\n<h5 style=\"text-align: center;\"><strong>Di\u015f Hekimli\u011fi Fak\u00fcltesi\u00a0<\/strong><\/h5>\n<p>[\/vc_column_text][\/vc_column][vc_column][vc_separator][\/vc_column][\/vc_row][vc_row][vc_column width=&#8221;1\/4&#8243;][vc_single_image image=&#8221;9105&#8243; alignment=&#8221;center&#8221; style=&#8221;vc_box_outline&#8221;][vc_column_text]<\/p>\n<h4 style=\"text-align: center;\"><a href=\"https:\/\/kocaelisaglik.edu.tr\/dishekimligi\/beyza-nur-cengiz\/\"><strong>\u00d6\u011fr. G\u00f6r.<\/strong><\/a><\/h4>\n<h4 style=\"text-align: center;\"><a href=\"https:\/\/kocaelisaglik.edu.tr\/dishekimligi\/beyza-nur-cengiz\/\"><strong>Beyza Nur CENG\u0130Z<\/strong><\/a><\/h4>\n<h5 style=\"text-align: center;\"><strong>Di\u015f Hekimli\u011fi Fak\u00fcltesi<\/strong><\/h5>\n<p>[\/vc_column_text][\/vc_column][vc_column width=&#8221;1\/4&#8243;][vc_single_image image=&#8221;9267&#8243; alignment=&#8221;center&#8221; style=&#8221;vc_box_outline&#8221;][vc_column_text]<\/p>\n<h4 style=\"text-align: center;\"><a href=\"https:\/\/kocaelisaglik.edu.tr\/dishekimligi\/bilge-irem-salman\/\"><strong>\u00d6\u011fr. G\u00f6r.<\/strong><\/a><\/h4>\n<h4 style=\"text-align: center;\"><a href=\"https:\/\/kocaelisaglik.edu.tr\/dishekimligi\/bilge-irem-salman\/\"><strong>Bilge \u0130rem SALMAN<\/strong><\/a><\/h4>\n<h5 style=\"text-align: center;\"><strong>Di\u015f Hekimli\u011fi Fak\u00fcltesi<\/strong><\/h5>\n<p>[\/vc_column_text][\/vc_column][vc_column width=&#8221;1\/4&#8243;][vc_single_image image=&#8221;8435&#8243; alignment=&#8221;center&#8221; style=&#8221;vc_box_outline&#8221;][vc_column_text]<\/p>\n<h4 style=\"text-align: center;\"><a href=\"#\"><strong>\u00d6\u011fr. G\u00f6r.<\/strong><\/a><\/h4>\n<h4 style=\"text-align: center;\"><a href=\"#\"><strong>Ecem GED\u0130K<\/strong><\/a><\/h4>\n<h5 style=\"text-align: center;\"><strong>Di\u015f Hekimli\u011fi Fak\u00fcltesi<\/strong><\/h5>\n<p>[\/vc_column_text][\/vc_column][vc_column width=&#8221;1\/4&#8243;][vc_single_image image=&#8221;9106&#8243; alignment=&#8221;center&#8221; style=&#8221;vc_box_outline&#8221;][vc_column_text]<\/p>\n<h4 style=\"text-align: center;\"><a href=\"https:\/\/kocaelisaglik.edu.tr\/dishekimligi\/rana-erbalta\/\"><strong>\u00d6\u011fr. G\u00f6r.<\/strong><\/a><\/h4>\n<h4 style=\"text-align: center;\"><a href=\"https:\/\/kocaelisaglik.edu.tr\/dishekimligi\/rana-erbalta\/\"><strong>Rana ERBALTA<\/strong><\/a><\/h4>\n<h5 style=\"text-align: center;\"><strong>Di\u015f Hekimli\u011fi Fak\u00fcltesi<\/strong><\/h5>\n<p>[\/vc_column_text][\/vc_column][\/vc_row]<\/p>\n<\/div>","protected":false},"excerpt":{"rendered":"<p>[vc_row][vc_column width=&#8221;1\/3&#8243;][\/vc_column][vc_column width=&#8221;1\/3&#8243;][vc_single_image image=&#8221;8435&#8243; alignment=&#8221;center&#8221; style=&#8221;vc_box_outline&#8221;][vc_column_text] Di\u015f Hekimli\u011fi Fak\u00fcltesi Dekan\u0131 [\/vc_column_text][\/vc_column][vc_column width=&#8221;1\/3&#8243;][\/vc_column][vc_column][vc_separator][\/vc_column][\/vc_row][vc_row][vc_column width=&#8221;1\/4&#8243;][vc_single_image image=&#8221;8742&#8243; alignment=&#8221;center&#8221; style=&#8221;vc_box_outline&#8221;][vc_column_text] Do\u00e7. Dr. Melisa \u00d6\u00c7BE\u00a0 Di\u015f Hekimli\u011fi Fak\u00fcltesi Dekan Yard\u0131mc\u0131s\u0131 [\/vc_column_text][\/vc_column][vc_column width=&#8221;1\/4&#8243;][vc_single_image image=&#8221;9241&#8243; alignment=&#8221;center&#8221; style=&#8221;vc_box_outline&#8221;][vc_column_text] Dr. \u00d6\u011fr. \u00dcyesi K\u00fcbra KAVRAM SARIHAN Di\u015f Hekimli\u011fi Fak\u00fcltesi Dekan &hellip; <\/p>\n","protected":false},"author":11,"featured_media":0,"parent":0,"menu_order":0,"comment_status":"closed","ping_status":"closed","template":"","meta":{"footnotes":""},"_links":{"self":[{"href":"https:\/\/kocaelisaglik.edu.tr\/dishekimligi\/wp-json\/wp\/v2\/pages\/6893"}],"collection":[{"href":"https:\/\/kocaelisaglik.edu.tr\/dishekimligi\/wp-json\/wp\/v2\/pages"}],"about":[{"href":"https:\/\/kocaelisaglik.edu.tr\/dishekimligi\/wp-json\/wp\/v2\/types\/page"}],"author":[{"embeddable":true,"href":"https:\/\/kocaelisaglik.edu.tr\/dishekimligi\/wp-json\/wp\/v2\/users\/11"}],"replies":[{"embeddable":true,"href":"https:\/\/kocaelisaglik.edu.tr\/dishekimligi\/wp-json\/wp\/v2\/comments?post=6893"}],"version-history":[{"count":118,"href":"https:\/\/kocaelisaglik.edu.tr\/dishekimligi\/wp-json\/wp\/v2\/pages\/6893\/revisions"}],"predecessor-version":[{"id":9569,"href":"https:\/\/kocaelisaglik.edu.tr\/dishekimligi\/wp-json\/wp\/v2\/pages\/6893\/revisions\/9569"}],"wp:attachment":[{"href":"https:\/\/kocaelisaglik.edu.tr\/dishekimligi\/wp-json\/wp\/v2\/media?parent=6893"}],"curies":[{"name":"wp","href":"https:\/\/api.w.org\/{rel}","templated":true}]}}