{"id":6711,"date":"2016-08-20T08:58:54","date_gmt":"2016-08-20T08:58:54","guid":{"rendered":"https:\/\/educationwp.thimpress.com\/?page_id=6711"},"modified":"2021-01-11T22:19:33","modified_gmt":"2021-01-11T19:19:33","slug":"demo-university-2","status":"publish","type":"page","link":"https:\/\/kocaelisaglik.edu.tr\/dishekimligi\/","title":{"rendered":"Anasayfa"},"content":{"rendered":"<div class=\"wpb-content-wrapper\"><p>[vc_row full_width=&#8221;stretch_row_content_no_spaces&#8221; css=&#8221;.vc_custom_1607294937915{margin-top: -60px !important;margin-bottom: 0px !important;background-position: center !important;background-repeat: no-repeat !important;background-size: cover !important;}&#8221;][vc_column][rev_slider_vc alias=&#8221;kostu-slider-1&#8243;][\/vc_column][\/vc_row][vc_row el_class=&#8221;fs-flex-row&#8221;][vc_column width=&#8221;1\/3&#8243;]<div class=\"thim-widget-heading\"><div class=\"sc_heading   text-center\"><h3 style=\"color:#00b25a;font-size:28px;font-weight:400;\" class=\"title\"><b>Duyurular<\/b><\/h3><\/div><\/div><div class=\"anasayfa-duyurular\"><div class=\"thim-widget-list-post\"><div class=\"thim-list-posts home-new\">            <div class=\"item-post post-9572 post type-post status-publish format-standard hentry category-duyurular\">\n                <div class=\"article-title-wrapper\"><h5><a href=\"https:\/\/kocaelisaglik.edu.tr\/dishekimligi\/duyurular\/2025-2026-bahar-donemi-mazeret-sinav-listesi-aciklandi\/\" class=\"article-title\">2025 \/ 2026 Bahar D\u00f6nemi Mazeret S\u0131nav Listesi A\u00e7\u0131kland\u0131<\/a><\/h5><div class=\"article-date\"><i class=\"ion-ios-calendar-outline\"><\/i> <span class=\"month\">Nisan<\/span> <span class=\"day\">24<\/span>, <span class=\"year\">2026<\/span><\/div><\/div>            <\/div>\n                        <div class=\"item-post post-9499 post type-post status-publish format-standard hentry category-duyurular\">\n                <div class=\"article-title-wrapper\"><h5><a href=\"https:\/\/kocaelisaglik.edu.tr\/dishekimligi\/duyurular\/2025-2026-guz-donemi-butunleme-sinav-programlari-aciklandi\/\" class=\"article-title\">2025 \/ 2026 G\u00fcz D\u00f6nemi B\u00fct\u00fcnleme S\u0131nav Programlar\u0131 A\u00e7\u0131kland\u0131<\/a><\/h5><div class=\"article-date\"><i class=\"ion-ios-calendar-outline\"><\/i> <span class=\"month\">Ocak<\/span> <span class=\"day\">19<\/span>, <span class=\"year\">2026<\/span><\/div><\/div>            <\/div>\n                        <div class=\"item-post post-9464 post type-post status-publish format-standard hentry category-duyurular\">\n                <div class=\"article-title-wrapper\"><h5><a href=\"https:\/\/kocaelisaglik.edu.tr\/dishekimligi\/duyurular\/2025-2026-guz-donemi-final-sinav-programlari-aciklandi\/\" class=\"article-title\">2025 \/ 2026 G\u00fcz D\u00f6nemi Final S\u0131nav Programlar\u0131 A\u00e7\u0131kland\u0131<\/a><\/h5><div class=\"article-date\"><i class=\"ion-ios-calendar-outline\"><\/i> <span class=\"month\">Aral\u0131k<\/span> <span class=\"day\">24<\/span>, <span class=\"year\">2025<\/span><\/div><\/div>            <\/div>\n            <\/div><\/div><\/div><div class=\"show-more-button\"><div class=\"thim-widget-button\"><a class=\"widget-button very-rounded no-border medium custom_style\" href=\"\/dishekimligi\/duyurular\/\" style=\"font-size: 16px;font-weight: 400;color: #ffffff;background-color: #023b58;\" data-hover=\"font-size: 16px;font-weight: 400;color: #ffffff;background-color: #595959;\">Daha Fazla<\/a><\/div><\/div>[\/vc_column][vc_column width=&#8221;1\/3&#8243;][vc_single_image image=&#8221;7085&#8243; img_size=&#8221;full&#8221; alignment=&#8221;center&#8221; css=&#8221;.vc_custom_1608152893446{margin-top: 40px !important;}&#8221;][\/vc_column][vc_column width=&#8221;1\/3&#8243;]<div class=\"thim-widget-heading\"><div class=\"sc_heading   text-center\"><h3 style=\"color:#023b58;font-size:28px;font-weight:400;\" class=\"title\"><strong>Etkinlikler<\/strong><\/h3><\/div><\/div><div class=\"thim-widget-list-post\"><div class=\"thim-list-post-inner\"><div class=\"thim-grid-posts has-horizontal\"><div class=\"grid-horizontal\">\t\t\t<div class=\"item-post post-9476 post type-post status-publish format-standard has-post-thumbnail hentry category-etkinlikler\">\n\t\t\t\t<div class=\"article-image\"><img loading=\"lazy\" decoding=\"async\" src=\"https:\/\/kocaelisaglik.edu.tr\/dishekimligi\/wp-content\/uploads\/sites\/2\/2025\/12\/dis_hekimligi_mutlu_ozcan_etkinlik_1.jpg\" alt=\"dis_hekimligi_mutlu_ozcan_etkinlik_1\" title=\"dis_hekimligi_mutlu_ozcan_etkinlik_1\"  width=\"2048\" height=\"1365\"><\/div><div class=\"article-wrapper\"><div class=\"date\">25\/12\/2025<\/div><h5 class=\"title\"><a href=\"https:\/\/kocaelisaglik.edu.tr\/dishekimligi\/etkinlikler\/gelecegin-tedavi-stratejilerini-ve-minimal-invaziv-rekonstruksiyon-tekniklerini-kesfetmek-uzere-prof-dr-mutlu-ozcan-ile-bir-araya-geldik\/\" class=\"article-title\">Gelece\u011fin Tedavi Stratejilerini ve Minimal \u0130nvaziv Rekonstr\u00fcksiyon Tekniklerini Ke\u015ffetmek \u00dczere Prof. Dr. Mutlu \u00d6zcan ile Bir Araya Geldik<\/a><\/h5><a class=\"read-more\" href=\"https:\/\/kocaelisaglik.edu.tr\/dishekimligi\/etkinlikler\/gelecegin-tedavi-stratejilerini-ve-minimal-invaziv-rekonstruksiyon-tekniklerini-kesfetmek-uzere-prof-dr-mutlu-ozcan-ile-bir-araya-geldik\/\" >Daha Fazlas\u0131<i class=\"fa fa-long-arrow-right\"><\/i><\/a><\/div>\t\t\t<\/div>\n\t\t\t\t\t\t<div class=\"item-post post-9421 post type-post status-publish format-standard has-post-thumbnail hentry category-etkinlikler\">\n\t\t\t\t<div class=\"article-image\"><img loading=\"lazy\" decoding=\"async\" src=\"https:\/\/kocaelisaglik.edu.tr\/dishekimligi\/wp-content\/uploads\/sites\/2\/2025\/11\/agiz_dis_sagligi_haftasi_etkinlik_takvimi_1.jpeg\" alt=\"agiz_dis_sagligi_haftasi_etkinlik_takvimi_1\" title=\"agiz_dis_sagligi_haftasi_etkinlik_takvimi_1\"  width=\"1279\" height=\"1600\"><\/div><div class=\"article-wrapper\"><div class=\"date\">17\/11\/2025<\/div><h5 class=\"title\"><a href=\"https:\/\/kocaelisaglik.edu.tr\/dishekimligi\/etkinlikler\/bilim-egitim-ve-toplum-el-ele-etkinligi-basliyor\/\" class=\"article-title\">Bilim, E\u011fitim ve Toplum El Ele&#8221; etkinli\u011fi ba\u015fl\u0131yor!<\/a><\/h5><a class=\"read-more\" href=\"https:\/\/kocaelisaglik.edu.tr\/dishekimligi\/etkinlikler\/bilim-egitim-ve-toplum-el-ele-etkinligi-basliyor\/\" >Daha Fazlas\u0131<i class=\"fa fa-long-arrow-right\"><\/i><\/a><\/div>\t\t\t<\/div>\n\t\t\t\t\t\t<div class=\"item-post post-9380 post type-post status-publish format-standard has-post-thumbnail hentry category-etkinlikler\">\n\t\t\t\t<div class=\"article-image\"><img loading=\"lazy\" decoding=\"async\" src=\"https:\/\/kocaelisaglik.edu.tr\/dishekimligi\/wp-content\/uploads\/sites\/2\/2025\/11\/discinin_korkusu_5-scaled.jpg\" alt=\"discinin_korkusu_5\" title=\"discinin_korkusu_5\"  width=\"2560\" height=\"1707\"><\/div><div class=\"article-wrapper\"><div class=\"date\">25\/10\/2025<\/div><h5 class=\"title\"><a href=\"https:\/\/kocaelisaglik.edu.tr\/dishekimligi\/etkinlikler\/prof-dr-ertugrul-sabahtan-discinin-korkusu-soylesisi\/\" class=\"article-title\">Prof. Dr. Ertu\u011frul SABAH&#8217;tan &#8221; Di\u015f\u00e7inin Korkusu&#8221; S\u00f6yle\u015fisi<\/a><\/h5><a class=\"read-more\" href=\"https:\/\/kocaelisaglik.edu.tr\/dishekimligi\/etkinlikler\/prof-dr-ertugrul-sabahtan-discinin-korkusu-soylesisi\/\" >Daha Fazlas\u0131<i class=\"fa fa-long-arrow-right\"><\/i><\/a><\/div>\t\t\t<\/div>\n\t\t\t<\/div><\/div><\/div><\/div><div class=\"show-more-button\"><div class=\"thim-widget-button\"><a class=\"widget-button very-rounded no-border medium custom_style\" href=\"\/dishekimligi\/etkinlikler\/\" style=\"font-size: 16px;font-weight: 400;color: #ffffff;background-color: #17a84b;\" data-hover=\"font-size: 16px;font-weight: 400;color: #ffffff;background-color: #0d8137;\">Daha Fazla<\/a><\/div><\/div>[\/vc_column][\/vc_row]<\/p>\n<\/div>","protected":false},"excerpt":{"rendered":"<p>[vc_row full_width=&#8221;stretch_row_content_no_spaces&#8221; css=&#8221;.vc_custom_1607294937915{margin-top: -60px !important;margin-bottom: 0px !important;background-position: center !important;background-repeat: no-repeat !important;background-size: cover !important;}&#8221;][vc_column][rev_slider_vc alias=&#8221;kostu-slider-1&#8243;][\/vc_column][\/vc_row][vc_row el_class=&#8221;fs-flex-row&#8221;][vc_column width=&#8221;1\/3&#8243;][\/vc_column][vc_column width=&#8221;1\/3&#8243;][vc_single_image image=&#8221;7085&#8243; img_size=&#8221;full&#8221; alignment=&#8221;center&#8221; css=&#8221;.vc_custom_1608152893446{margin-top: 40px !important;}&#8221;][\/vc_column][vc_column width=&#8221;1\/3&#8243;][\/vc_column][\/vc_row]<\/p>\n","protected":false},"author":1,"featured_media":0,"parent":0,"menu_order":0,"comment_status":"closed","ping_status":"closed","template":"page-templates\/homepage.php","meta":{"footnotes":""},"_links":{"self":[{"href":"https:\/\/kocaelisaglik.edu.tr\/dishekimligi\/wp-json\/wp\/v2\/pages\/6711"}],"collection":[{"href":"https:\/\/kocaelisaglik.edu.tr\/dishekimligi\/wp-json\/wp\/v2\/pages"}],"about":[{"href":"https:\/\/kocaelisaglik.edu.tr\/dishekimligi\/wp-json\/wp\/v2\/types\/page"}],"author":[{"embeddable":true,"href":"https:\/\/kocaelisaglik.edu.tr\/dishekimligi\/wp-json\/wp\/v2\/users\/1"}],"replies":[{"embeddable":true,"href":"https:\/\/kocaelisaglik.edu.tr\/dishekimligi\/wp-json\/wp\/v2\/comments?post=6711"}],"version-history":[{"count":49,"href":"https:\/\/kocaelisaglik.edu.tr\/dishekimligi\/wp-json\/wp\/v2\/pages\/6711\/revisions"}],"predecessor-version":[{"id":8477,"href":"https:\/\/kocaelisaglik.edu.tr\/dishekimligi\/wp-json\/wp\/v2\/pages\/6711\/revisions\/8477"}],"wp:attachment":[{"href":"https:\/\/kocaelisaglik.edu.tr\/dishekimligi\/wp-json\/wp\/v2\/media?parent=6711"}],"curies":[{"name":"wp","href":"https:\/\/api.w.org\/{rel}","templated":true}]}}