{"id":8348,"date":"2021-04-16T23:18:04","date_gmt":"2021-04-16T20:18:04","guid":{"rendered":"https:\/\/kocaelisaglik.edu.tr\/avrupamyo\/anasayfa-english\/"},"modified":"2022-11-29T16:17:56","modified_gmt":"2022-11-29T13:17:56","slug":"home","status":"publish","type":"page","link":"https:\/\/kocaelisaglik.edu.tr\/avrupamyo\/en\/home\/","title":{"rendered":"Home"},"content":{"rendered":"<div class=\"wpb-content-wrapper\"><p>[vc_row full_width=&#8221;stretch_row_content_no_spaces&#8221; css=&#8221;.vc_custom_1607294937915{margin-top: -60px !important;margin-bottom: 0px !important;background-position: center !important;background-repeat: no-repeat !important;background-size: cover !important;}&#8221;][vc_column][rev_slider_vc alias=&#8221;home-university-1&#8243;][\/vc_column][\/vc_row][vc_row el_class=&#8221;fs-flex-row&#8221;][vc_column width=&#8221;1\/3&#8243;]<div class=\"thim-widget-heading\"><div class=\"sc_heading   text-center\"><h3 style=\"color:#00b25a;font-size:28px;font-weight:400;\" class=\"title\"><b>Announcements<\/b><\/h3><\/div><\/div><div class=\"thim-widget-list-post\"><div class=\"thim-list-posts home-new\">            <div class=\"item-post post-12663 post type-post status-publish format-standard hentry category-duyurular\">\n                <div class=\"article-title-wrapper\"><h5><a href=\"https:\/\/kocaelisaglik.edu.tr\/avrupamyo\/duyurular\/2025-2026-guz-donemi-tek-ders-sinav-listesi-aciklandi\/\" class=\"article-title\">2025 \/ 2026 G\u00fcz D\u00f6nemi Tek Ders S\u0131nav Listesi A\u00e7\u0131kland\u0131 !<\/a><\/h5><div class=\"article-date\"><i class=\"ion-ios-calendar-outline\"><\/i> <span class=\"month\">\u015eubat<\/span> <span class=\"day\">09<\/span>, <span class=\"year\">2026<\/span><\/div><\/div>            <\/div>\n                        <div class=\"item-post post-12639 post type-post status-publish format-standard hentry category-duyurular\">\n                <div class=\"article-title-wrapper\"><h5><a href=\"https:\/\/kocaelisaglik.edu.tr\/avrupamyo\/duyurular\/2025-2026-donemi-guz-yariyili-tek-ders-sinavlari-hakkinda-onemli-duyuru\/\" class=\"article-title\">2025\/2026 D\u00f6nemi G\u00fcz Yar\u0131y\u0131l\u0131 Tek Ders S\u0131navlar\u0131 Hakk\u0131nda \u00d6nemli Duyuru !<\/a><\/h5><div class=\"article-date\"><i class=\"ion-ios-calendar-outline\"><\/i> <span class=\"month\">\u015eubat<\/span> <span class=\"day\">02<\/span>, <span class=\"year\">2026<\/span><\/div><\/div>            <\/div>\n                        <div class=\"item-post post-12561 post type-post status-publish format-standard hentry category-duyurular\">\n                <div class=\"article-title-wrapper\"><h5><a href=\"https:\/\/kocaelisaglik.edu.tr\/avrupamyo\/duyurular\/2025-2026-guz-donemi-butunleme-sinav-programlari-aciklandi\/\" class=\"article-title\">2025 \/ 2026 G\u00fcz D\u00f6nemi B\u00fct\u00fcnleme S\u0131nav Programlar\u0131 A\u00e7\u0131kland\u0131<\/a><\/h5><div class=\"article-date\"><i class=\"ion-ios-calendar-outline\"><\/i> <span class=\"month\">Ocak<\/span> <span class=\"day\">19<\/span>, <span class=\"year\">2026<\/span><\/div><\/div>            <\/div>\n            <\/div><\/div><div class=\"show-more-button\"><div class=\"thim-widget-button\"><a class=\"widget-button very-rounded no-border medium custom_style\" href=\"\/avrupamyo\/category\/announcements\/\" style=\"font-size: 14px;font-weight: 400;color: #ffffff;background-color: #023b58;\" data-hover=\"font-size: 14px;font-weight: 400;color: #ffffff;background-color: #595959;\">More<\/a><\/div><\/div>[\/vc_column][vc_column width=&#8221;1\/3&#8243;][vc_single_image image=&#8221;10818&#8243; img_size=&#8221;full&#8221; alignment=&#8221;center&#8221; css=&#8221;.vc_custom_1669727694536{margin-top: 40px !important;}&#8221;][\/vc_column][vc_column width=&#8221;1\/3&#8243;]<div class=\"thim-widget-heading\"><div class=\"sc_heading   text-center\"><h3 style=\"color:#023b58;font-size:28px;font-weight:400;\" class=\"title\"><strong>Events<\/strong><\/h3><\/div><\/div><div class=\"thim-widget-list-post\"><div class=\"thim-list-post-inner\"><div class=\"thim-grid-posts has-horizontal\"><div class=\"grid-horizontal\">\t\t\t<div class=\"item-post post-12736 post type-post status-publish format-standard has-post-thumbnail hentry category-etkinlikler\">\n\t\t\t\t<div class=\"article-image\"><img loading=\"lazy\" decoding=\"async\" src=\"https:\/\/kocaelisaglik.edu.tr\/avrupamyo\/wp-content\/uploads\/sites\/4\/2026\/04\/otizm_farkindalik_etkinligi_2-scaled.jpeg\" alt=\"Ads\u0131z tasar\u0131m &#8211; 1\" title=\"Ads\u0131z tasar\u0131m &#8211; 1\"  width=\"2560\" height=\"1931\"><\/div><div class=\"article-wrapper\"><div class=\"date\">10\/04\/2026<\/div><h5 class=\"title\"><a href=\"https:\/\/kocaelisaglik.edu.tr\/avrupamyo\/etkinlikler\/otizm-farkindalik-gecesine-katildik\/\" class=\"article-title\">Otizm Fark\u0131ndal\u0131k Gecesi&#8217;ne Kat\u0131ld\u0131k<\/a><\/h5><a class=\"read-more\" href=\"https:\/\/kocaelisaglik.edu.tr\/avrupamyo\/etkinlikler\/otizm-farkindalik-gecesine-katildik\/\" >Daha Fazlas\u0131<i class=\"fa fa-long-arrow-right\"><\/i><\/a><\/div>\t\t\t<\/div>\n\t\t\t\t\t\t<div class=\"item-post post-12744 post type-post status-publish format-standard has-post-thumbnail hentry category-etkinlikler\">\n\t\t\t\t<div class=\"article-image\"><img loading=\"lazy\" decoding=\"async\" src=\"https:\/\/kocaelisaglik.edu.tr\/avrupamyo\/wp-content\/uploads\/sites\/4\/2026\/04\/otizm_farkindalik_kermesi_3-scaled.jpg\" alt=\"otizm_farkindalik_kermesi_3\" title=\"otizm_farkindalik_kermesi_3\"  width=\"2560\" height=\"1707\"><\/div><div class=\"article-wrapper\"><div class=\"date\">09\/04\/2026<\/div><h5 class=\"title\"><a href=\"https:\/\/kocaelisaglik.edu.tr\/avrupamyo\/etkinlikler\/otizm-farkindalik-kermesi-yogun-ilgi-gordu\/\" class=\"article-title\">\u201cOtizm Fark\u0131ndal\u0131k Kermesi&#8221; Yo\u011fun \u0130lgi G\u00f6rd\u00fc<\/a><\/h5><a class=\"read-more\" href=\"https:\/\/kocaelisaglik.edu.tr\/avrupamyo\/etkinlikler\/otizm-farkindalik-kermesi-yogun-ilgi-gordu\/\" >Daha Fazlas\u0131<i class=\"fa fa-long-arrow-right\"><\/i><\/a><\/div>\t\t\t<\/div>\n\t\t\t\t\t\t<div class=\"item-post post-12740 post type-post status-publish format-standard has-post-thumbnail hentry category-etkinlikler\">\n\t\t\t\t<div class=\"article-image\"><img loading=\"lazy\" decoding=\"async\" src=\"https:\/\/kocaelisaglik.edu.tr\/avrupamyo\/wp-content\/uploads\/sites\/4\/2026\/04\/basiskele_sanayni_sitesi_bulusmasi_2-scaled.jpeg\" alt=\"basiskele_sanayni_sitesi_bulusmasi_2\" title=\"basiskele_sanayni_sitesi_bulusmasi_2\"  width=\"2560\" height=\"1440\"><\/div><div class=\"article-wrapper\"><div class=\"date\">05\/04\/2026<\/div><h5 class=\"title\"><a href=\"https:\/\/kocaelisaglik.edu.tr\/avrupamyo\/etkinlikler\/basiskele-sanayi-sitesi-ile-stratejik-bulusma\/\" class=\"article-title\">Ba\u015fiskele Sanayi Sitesi ile Stratejik Bulu\u015fma<\/a><\/h5><a class=\"read-more\" href=\"https:\/\/kocaelisaglik.edu.tr\/avrupamyo\/etkinlikler\/basiskele-sanayi-sitesi-ile-stratejik-bulusma\/\" >Daha Fazlas\u0131<i class=\"fa fa-long-arrow-right\"><\/i><\/a><\/div>\t\t\t<\/div>\n\t\t\t<\/div><\/div><\/div><\/div><div class=\"show-more-button\"><div class=\"thim-widget-button\"><a class=\"widget-button very-rounded no-border medium custom_style\" href=\"\/avrupamyo\/category\/events\/\" style=\"font-size: 16px;font-weight: 400;color: #ffffff;background-color: #17a84b;\" data-hover=\"font-size: 16px;font-weight: 400;color: #ffffff;background-color: #0d8137;\">More<\/a><\/div><\/div>[\/vc_column][\/vc_row]<\/p>\n<\/div>","protected":false},"excerpt":{"rendered":"<p>[vc_row full_width=&#8221;stretch_row_content_no_spaces&#8221; css=&#8221;.vc_custom_1607294937915{margin-top: -60px !important;margin-bottom: 0px !important;background-position: center !important;background-repeat: no-repeat !important;background-size: cover !important;}&#8221;][vc_column][rev_slider_vc alias=&#8221;home-university-1&#8243;][\/vc_column][\/vc_row][vc_row el_class=&#8221;fs-flex-row&#8221;][vc_column width=&#8221;1\/3&#8243;][\/vc_column][vc_column width=&#8221;1\/3&#8243;][vc_single_image image=&#8221;10818&#8243; img_size=&#8221;full&#8221; alignment=&#8221;center&#8221; css=&#8221;.vc_custom_1669727694536{margin-top: 40px !important;}&#8221;][\/vc_column][vc_column width=&#8221;1\/3&#8243;][\/vc_column][\/vc_row]<\/p>\n","protected":false},"author":11,"featured_media":0,"parent":0,"menu_order":0,"comment_status":"closed","ping_status":"closed","template":"page-templates\/homepage.php","meta":{"footnotes":""},"_links":{"self":[{"href":"https:\/\/kocaelisaglik.edu.tr\/avrupamyo\/wp-json\/wp\/v2\/pages\/8348"}],"collection":[{"href":"https:\/\/kocaelisaglik.edu.tr\/avrupamyo\/wp-json\/wp\/v2\/pages"}],"about":[{"href":"https:\/\/kocaelisaglik.edu.tr\/avrupamyo\/wp-json\/wp\/v2\/types\/page"}],"author":[{"embeddable":true,"href":"https:\/\/kocaelisaglik.edu.tr\/avrupamyo\/wp-json\/wp\/v2\/users\/11"}],"replies":[{"embeddable":true,"href":"https:\/\/kocaelisaglik.edu.tr\/avrupamyo\/wp-json\/wp\/v2\/comments?post=8348"}],"version-history":[{"count":8,"href":"https:\/\/kocaelisaglik.edu.tr\/avrupamyo\/wp-json\/wp\/v2\/pages\/8348\/revisions"}],"predecessor-version":[{"id":10819,"href":"https:\/\/kocaelisaglik.edu.tr\/avrupamyo\/wp-json\/wp\/v2\/pages\/8348\/revisions\/10819"}],"wp:attachment":[{"href":"https:\/\/kocaelisaglik.edu.tr\/avrupamyo\/wp-json\/wp\/v2\/media?parent=8348"}],"curies":[{"name":"wp","href":"https:\/\/api.w.org\/{rel}","templated":true}]}}