{"id":7378,"date":"2020-12-31T22:14:39","date_gmt":"2020-12-31T19:14:39","guid":{"rendered":"https:\/\/kocaelisaglik.edu.tr\/avrupamyo\/?page_id=7378"},"modified":"2025-09-18T10:36:09","modified_gmt":"2025-09-18T07:36:09","slug":"yuksekokul-yonetim-kurulu","status":"publish","type":"page","link":"https:\/\/kocaelisaglik.edu.tr\/avrupamyo\/yuksekokul-yonetim-kurulu\/","title":{"rendered":"Y\u00fcksekokul Y\u00f6netim Kurulu"},"content":{"rendered":"<div class=\"wpb-content-wrapper\"><p>[vc_row][vc_column][vc_row_inner][vc_column_inner width=&#8221;1\/3&#8243;][vc_single_image image=&#8221;11541&#8243; alignment=&#8221;center&#8221; style=&#8221;vc_box_outline&#8221;][\/vc_column_inner][vc_column_inner width=&#8221;2\/3&#8243;][vc_column_text]<strong>Do\u00e7. Dr.\u00a0 Ghassan ISSA <\/strong><\/p>\n<p><strong>M\u00fcd\u00fcr <\/strong><\/p>\n<p><a href=\"mailto:ghassan.issa@kocaelisaglik.edu.tr\">ghassan.issa@kocaelisaglik.edu.tr<\/a>[\/vc_column_text][\/vc_column_inner][\/vc_row_inner][vc_separator border_width=&#8221;2&#8243;][\/vc_column][\/vc_row][vc_row][vc_column][vc_row_inner][vc_column_inner width=&#8221;1\/3&#8243;][vc_single_image image=&#8221;11374&#8243; alignment=&#8221;center&#8221; style=&#8221;vc_box_outline&#8221;][\/vc_column_inner][vc_column_inner width=&#8221;2\/3&#8243;][vc_column_text]<strong>\u00d6\u011fr. G\u00f6r. Yasemin AKDEM\u0130R\u00a0<\/strong><\/p>\n<p><strong>M\u00fcd\u00fcr Yard\u0131mc\u0131s\u0131<\/strong><\/p>\n<p><a href=\"mailto:yasemin.akdemir@kocaelisaglik.edu.tr\">yasemin.akdemir@kocaelisaglik.edu.tr<\/a>[\/vc_column_text][\/vc_column_inner][\/vc_row_inner][vc_separator border_width=&#8221;2&#8243;][\/vc_column][\/vc_row][vc_row][vc_column][vc_row_inner][vc_column_inner width=&#8221;1\/3&#8243;][vc_single_image image=&#8221;11365&#8243; alignment=&#8221;center&#8221; style=&#8221;vc_box_outline&#8221;][\/vc_column_inner][vc_column_inner width=&#8221;2\/3&#8243;][vc_column_text]<strong>\u00d6\u011fr. G\u00f6r. Nevin BOZG\u00dcL\u00a0<\/strong><\/p>\n<p><strong>M\u00fcd\u00fcr Yard\u0131mc\u0131s\u0131<\/strong><\/p>\n<p><a href=\"mailto:nevin.bozgul@kocaelisaglik.edu.tr\">nevin.bozgul@kocaelisaglik.edu.tr<\/a>[\/vc_column_text][\/vc_column_inner][\/vc_row_inner][vc_separator border_width=&#8221;2&#8243;][\/vc_column][\/vc_row][vc_row][vc_column][vc_row_inner][vc_column_inner width=&#8221;1\/3&#8243;][vc_single_image image=&#8221;11549&#8243; alignment=&#8221;center&#8221; style=&#8221;vc_box_outline&#8221;][\/vc_column_inner][vc_column_inner width=&#8221;2\/3&#8243;][vc_column_text]<strong>Dr. \u00d6\u011fr. \u00dcyesi\u00a0 Ay\u015feg\u00fcl SUNAR<\/strong><\/p>\n<p><strong>\u00dcye<\/strong><\/p>\n<p><a href=\"mailto:aysegul.sunar@kocaelisaglik.edu.tr\">aysegul.sunar@kocaelisaglik.edu.tr<\/a>[\/vc_column_text][\/vc_column_inner][\/vc_row_inner][vc_separator border_width=&#8221;2&#8243;][\/vc_column][\/vc_row][vc_row][vc_column][vc_row_inner][vc_column_inner width=&#8221;1\/3&#8243;][vc_single_image image=&#8221;11371&#8243; alignment=&#8221;center&#8221; style=&#8221;vc_box_outline&#8221;][\/vc_column_inner][vc_column_inner width=&#8221;2\/3&#8243;][vc_column_text]<strong>Dr. \u00d6\u011fr. \u00dcyesi\u00a0 \u00a0Saliha ELMAS<\/strong><\/p>\n<p><strong>\u00dcye<\/strong><\/p>\n<p><a href=\"mailto:saliha.elmas@kocaelisaglik.edu.tr\">saliha.elmas@kocaelisaglik.edu.tr<\/a>[\/vc_column_text][\/vc_column_inner][\/vc_row_inner][vc_separator border_width=&#8221;2&#8243;][\/vc_column][\/vc_row][vc_row][vc_column][vc_row_inner][vc_column_inner width=&#8221;1\/3&#8243;][vc_single_image image=&#8221;12122&#8243; alignment=&#8221;center&#8221; style=&#8221;vc_box_outline&#8221;][\/vc_column_inner][vc_column_inner width=&#8221;2\/3&#8243;][vc_column_text]<strong>Dr. \u00d6\u011fr. \u00dcyesi\u00a0 \u00a0B\u00fc\u015fra \u00d6NCEL DUMAN<\/strong><\/p>\n<p><strong>\u00dcye<\/strong><\/p>\n<p><a href=\"mailto:busra.duman@kocaelisaglik.edu.tr\">busra.duman@kocaelisaglik.edu.tr<\/a>[\/vc_column_text][\/vc_column_inner][\/vc_row_inner][vc_separator border_width=&#8221;2&#8243;][\/vc_column][\/vc_row]<\/p>\n<\/div>","protected":false},"excerpt":{"rendered":"<p>[vc_row][vc_column][vc_row_inner][vc_column_inner width=&#8221;1\/3&#8243;][vc_single_image image=&#8221;11541&#8243; alignment=&#8221;center&#8221; style=&#8221;vc_box_outline&#8221;][\/vc_column_inner][vc_column_inner width=&#8221;2\/3&#8243;][vc_column_text]Do\u00e7. Dr.\u00a0 Ghassan ISSA M\u00fcd\u00fcr ghassan.issa@kocaelisaglik.edu.tr[\/vc_column_text][\/vc_column_inner][\/vc_row_inner][vc_separator border_width=&#8221;2&#8243;][\/vc_column][\/vc_row][vc_row][vc_column][vc_row_inner][vc_column_inner width=&#8221;1\/3&#8243;][vc_single_image image=&#8221;11374&#8243; alignment=&#8221;center&#8221; style=&#8221;vc_box_outline&#8221;][\/vc_column_inner][vc_column_inner width=&#8221;2\/3&#8243;][vc_column_text]\u00d6\u011fr. G\u00f6r. Yasemin AKDEM\u0130R\u00a0 M\u00fcd\u00fcr Yard\u0131mc\u0131s\u0131 yasemin.akdemir@kocaelisaglik.edu.tr[\/vc_column_text][\/vc_column_inner][\/vc_row_inner][vc_separator border_width=&#8221;2&#8243;][\/vc_column][\/vc_row][vc_row][vc_column][vc_row_inner][vc_column_inner width=&#8221;1\/3&#8243;][vc_single_image image=&#8221;11365&#8243; alignment=&#8221;center&#8221; style=&#8221;vc_box_outline&#8221;][\/vc_column_inner][vc_column_inner width=&#8221;2\/3&#8243;][vc_column_text]\u00d6\u011fr. G\u00f6r. Nevin BOZG\u00dcL\u00a0 M\u00fcd\u00fcr Yard\u0131mc\u0131s\u0131 nevin.bozgul@kocaelisaglik.edu.tr[\/vc_column_text][\/vc_column_inner][\/vc_row_inner][vc_separator border_width=&#8221;2&#8243;][\/vc_column][\/vc_row][vc_row][vc_column][vc_row_inner][vc_column_inner width=&#8221;1\/3&#8243;][vc_single_image image=&#8221;11549&#8243; alignment=&#8221;center&#8221; style=&#8221;vc_box_outline&#8221;][\/vc_column_inner][vc_column_inner &hellip; <\/p>\n","protected":false},"author":11,"featured_media":0,"parent":0,"menu_order":0,"comment_status":"closed","ping_status":"closed","template":"","meta":{"footnotes":""},"_links":{"self":[{"href":"https:\/\/kocaelisaglik.edu.tr\/avrupamyo\/wp-json\/wp\/v2\/pages\/7378"}],"collection":[{"href":"https:\/\/kocaelisaglik.edu.tr\/avrupamyo\/wp-json\/wp\/v2\/pages"}],"about":[{"href":"https:\/\/kocaelisaglik.edu.tr\/avrupamyo\/wp-json\/wp\/v2\/types\/page"}],"author":[{"embeddable":true,"href":"https:\/\/kocaelisaglik.edu.tr\/avrupamyo\/wp-json\/wp\/v2\/users\/11"}],"replies":[{"embeddable":true,"href":"https:\/\/kocaelisaglik.edu.tr\/avrupamyo\/wp-json\/wp\/v2\/comments?post=7378"}],"version-history":[{"count":19,"href":"https:\/\/kocaelisaglik.edu.tr\/avrupamyo\/wp-json\/wp\/v2\/pages\/7378\/revisions"}],"predecessor-version":[{"id":12147,"href":"https:\/\/kocaelisaglik.edu.tr\/avrupamyo\/wp-json\/wp\/v2\/pages\/7378\/revisions\/12147"}],"wp:attachment":[{"href":"https:\/\/kocaelisaglik.edu.tr\/avrupamyo\/wp-json\/wp\/v2\/media?parent=7378"}],"curies":[{"name":"wp","href":"https:\/\/api.w.org\/{rel}","templated":true}]}}