{"id":7027,"date":"2020-12-22T12:40:40","date_gmt":"2020-12-22T09:40:40","guid":{"rendered":"https:\/\/kocaelisaglik.edu.tr\/avrupamyo\/?page_id=7027"},"modified":"2026-03-27T15:54:13","modified_gmt":"2026-03-27T12:54:13","slug":"engelliler-icin-destek-programi","status":"publish","type":"page","link":"https:\/\/kocaelisaglik.edu.tr\/avrupamyo\/engelliler-icin-destek-programi\/","title":{"rendered":"Engelliler \u0130\u00e7in G\u00f6lge \u00d6\u011freticilik"},"content":{"rendered":"<div class=\"wpb-content-wrapper\"><p>[vc_row][vc_column][\/vc_column][\/vc_row][vc_row][vc_column][vc_column_text]***<strong>Bu program 2025 \/ 2026 E\u011fitim &#8211; \u00d6\u011fretim d\u00f6neminden itibaren yeni \u00f6\u011frenci almayacakt\u0131r.<\/strong>[\/vc_column_text][\/vc_column][\/vc_row][vc_row css=&#8221;.vc_custom_1608850768194{margin-top: -50px !important;}&#8221;][vc_column][vc_tta_tabs color=&#8221;turquoise&#8221; alignment=&#8221;center&#8221; active_section=&#8221;1&#8243; css=&#8221;.vc_custom_1608894793667{margin-top: 0px !important;}&#8221;][vc_tta_section i_icon_fontawesome=&#8221;fas fa-book-open&#8221; add_icon=&#8221;true&#8221; title=&#8221;Haftal\u0131k Ders Program\u0131&#8221; tab_id=&#8221;1609156945309-457bd8f2-b414&#8243;][vc_column_text]<\/p>\n<table class=\"item\" style=\"table-layout: fixed; width: 100%; border: 2px solid black; border-collapse: collapse;\">\n<tbody>\n<tr>\n<td style=\"border: 1px solid black; text-align: center;\" colspan=\"8\"><strong><span style=\"font-size: small;\">2.SINIF<\/span><\/strong><\/td>\n<\/tr>\n<tr>\n<td style=\"border: 1px solid black;\"><span style=\"font-size: small;\"><span style=\"color: white;\">Pazartesi<\/span><\/span><\/td>\n<td style=\"border: 1px solid black; text-align: center;\"><strong><span style=\"font-size: small;\">09.00 &#8211; 11.00<\/span><\/strong><\/td>\n<td style=\"border: 1px solid black; text-align: center;\"><strong><span style=\"font-size: small;\">11.00 &#8211; 13.00<\/span><\/strong><\/td>\n<td style=\"border: 1px solid black; text-align: center;\"><strong><span style=\"font-size: small;\">13.00 &#8211; 15.00<\/span><\/strong><\/td>\n<td style=\"border: 1px solid black; text-align: center;\"><strong><span style=\"font-size: small;\">15.00 &#8211; 17.00<\/span><\/strong><\/td>\n<td style=\"border: 1px solid black; text-align: center;\"><strong><span style=\"font-size: small;\">17.00 &#8211; 19.00<\/span><\/strong><\/td>\n<td style=\"border: 1px solid black; text-align: center;\"><strong><span style=\"font-size: small;\">19.00 &#8211; 21.00<\/span><\/strong><\/td>\n<td style=\"border: 1px solid black; text-align: center;\"><strong><span style=\"font-size: small;\">21.00 &#8211; 23.00<\/span><\/strong><\/td>\n<\/tr>\n<\/tbody>\n<tbody>\n<tr>\n<td style=\"border: 1px solid black;\"><strong><span style=\"font-size: small;\">Pazartesi<\/span><\/strong><\/td>\n<td style=\"border: 1px solid black; text-align: center;\"><\/td>\n<td style=\"border: 1px solid black; text-align: center;\"><\/td>\n<td style=\"border: 1px solid black; text-align: center;\"><\/td>\n<td style=\"border: 1px solid black; text-align: center;\"><\/td>\n<td style=\"border: 1px solid black; text-align: center;\"><\/td>\n<td style=\"border: 1px solid black; text-align: center;\"><\/td>\n<td style=\"border: 1px solid black;\"><\/td>\n<\/tr>\n<\/tbody>\n<tbody>\n<tr>\n<td style=\"border: 1px solid black;\"><span style=\"font-size: small;\"><strong>Sal\u0131<\/strong><\/span><\/td>\n<td style=\"border: 1px solid black; text-align: center;\"><\/td>\n<td style=\"border: 1px solid black; text-align: center;\"><\/td>\n<td style=\"border: 1px solid black; text-align: center;\"><\/td>\n<td style=\"border: 1px solid black; text-align: center;\"><\/td>\n<td style=\"border: 1px solid black; text-align: center;\"><\/td>\n<td style=\"border: 1px solid black; text-align: center;\"><\/td>\n<td style=\"border: 1px solid black; text-align: center;\"><\/td>\n<\/tr>\n<\/tbody>\n<tbody>\n<tr>\n<td style=\"border: 1px solid black;\"><strong><span style=\"font-size: small;\">\u00c7ar\u015famba<\/span><\/strong><\/td>\n<td style=\"border: 1px solid black; text-align: center;\"><\/td>\n<td style=\"border: 1px solid black; text-align: center;\"><\/td>\n<td style=\"border: 1px solid black;\"><\/td>\n<td style=\"border: 1px solid black; text-align: center;\"><\/td>\n<td style=\"border: 1px solid black; text-align: center;\"><\/td>\n<td style=\"border: 1px solid black; text-align: center;\"><\/td>\n<td style=\"border: 1px solid black; text-align: center;\"><\/td>\n<\/tr>\n<\/tbody>\n<tbody>\n<tr>\n<td style=\"border: 1px solid black;\"><span style=\"font-size: small;\"><strong>Per\u015fembe<\/strong><\/span><\/td>\n<td style=\"border: 1px solid black;\"><\/td>\n<td style=\"border: 1px solid black; text-align: center;\"><\/td>\n<td style=\"border: 1px solid black; text-align: center;\"><\/td>\n<td style=\"border: 1px solid black; text-align: center;\"><\/td>\n<td style=\"border: 1px solid black; text-align: center;\"><\/td>\n<td style=\"border: 1px solid black; text-align: center;\"><\/td>\n<td style=\"border: 1px solid black; text-align: center;\"><span style=\"font-size: small;\">\u0130ngilizce<\/span><\/p>\n<p>Online<\/td>\n<\/tr>\n<\/tbody>\n<tbody>\n<tr>\n<td style=\"border: 1px solid black;\"><strong><span style=\"font-size: small;\">Cuma<\/span><\/strong><\/td>\n<td style=\"border: 1px solid black;\"><\/td>\n<td style=\"border: 1px solid black;\"><\/td>\n<td style=\"border: 1px solid black; text-align: center;\"><\/td>\n<td style=\"border: 1px solid black;\"><\/td>\n<td style=\"border: 1px solid black; text-align: center;\"><span style=\"font-size: small;\">Atat\u00fcrk \u0130lkeleri ve \u0130nk\u0131lap Tarihi<\/span><\/p>\n<p>Online<\/td>\n<td style=\"border: 1px solid black; text-align: center;\"><span style=\"font-size: small;\">T\u00fcrk Dili<\/span><\/p>\n<p>Online<\/td>\n<td style=\"border: 1px solid black; text-align: center;\"><span style=\"font-size: small;\">Topluma Hizmet Uygulamalar\u0131<\/span><\/p>\n<p>Online<\/td>\n<\/tr>\n<\/tbody>\n<\/table>\n<p>[\/vc_column_text][\/vc_tta_section][vc_tta_section i_icon_fontawesome=&#8221;fas fa-user-tag&#8221; add_icon=&#8221;true&#8221; title=&#8221;Ders Plan\u0131&#8221; tab_id=&#8221;1608833802580-937bab03-ca7db644-125e&#8221;][vc_column_text]\n<!-- iframe plugin v.4.9 wordpress.org\/plugins\/iframe\/ -->\n<iframe loading=\"lazy\" src=\"https:\/\/ebs.kocaelisaglik.edu.tr\/Pages\/CoursePlan.aspx?lang=tr-TR&#038;academicYear=2025&#038;facultyId=2&#038;programId=33&#038;menuType=unit\" width=\"1600\" height=\"900\" allow=\"fullscreen\" scrolling=\"yes\" class=\"iframe-class\" frameborder=\"0\"><\/iframe>\n[\/vc_column_text][\/vc_tta_section][vc_tta_section i_icon_fontawesome=&#8221;fas fa-hand-point-right&#8221; add_icon=&#8221;true&#8221; title=&#8221;Dan\u0131\u015fmanl\u0131k&#8221; tab_id=&#8221;1759741940289-1ab6db76-c38a&#8221;][vc_column_text]<\/p>\n<table class=\"item\" style=\"table-layout: fixed; width: 100%; border: 2px solid black; border-collapse: collapse;\">\n<tbody>\n<tr>\n<td style=\"border: 1px solid black; text-align: center;\"><strong>DANI\u015eMAN<\/strong><\/td>\n<td style=\"border: 1px solid black; text-align: center;\"><strong>1. \u00d6\u011eRET\u0130M\u00a0<\/strong><\/td>\n<td style=\"border: 1px solid black; text-align: center;\"><strong>2. \u00d6\u011eRET\u0130M\u00a0<\/strong><\/td>\n<td style=\"border: 1px solid black; text-align: center;\"><strong>TOPLU DANI\u015eMANLIK G\u00dcN\u00dc<\/strong><\/td>\n<\/tr>\n<tr>\n<td style=\"border: 1px solid black;\"><span style=\"font-size: small;\">\u00d6\u011fr. G\u00f6r. Bar\u0131\u015f TUNCER ( 2. S\u0131n\u0131f )<\/span><\/td>\n<td style=\"border: 1px solid black; text-align: center;\"><span style=\"font-size: small;\">Per\u015fembe\u00a0 \u00a0: 11.00 &#8211; 12.00<\/span><\/td>\n<td style=\"border: 1px solid black; text-align: center;\"><\/td>\n<td style=\"border: 1px solid black; text-align: center;\"><span style=\"font-size: small;\">13.10.2025<\/span><\/td>\n<\/tr>\n<tr>\n<td style=\"border: 1px solid black;\"><\/td>\n<td style=\"border: 1px solid black; text-align: center;\"><\/td>\n<td style=\"border: 1px solid black;\"><\/td>\n<td style=\"border: 1px solid black; text-align: center;\"><\/td>\n<\/tr>\n<\/tbody>\n<\/table>\n<p>[\/vc_column_text][\/vc_tta_section][\/vc_tta_tabs][\/vc_column][\/vc_row][vc_row][vc_column width=&#8221;1\/3&#8243;][\/vc_column][vc_column width=&#8221;1\/3&#8243;][vc_video link=&#8221;https:\/\/www.youtube.com\/watch?v=&#8211;nXwDF2MiQ&#8221;][\/vc_column][vc_column width=&#8221;1\/3&#8243;][\/vc_column][\/vc_row]<\/p>\n<\/div>","protected":false},"excerpt":{"rendered":"<p>[vc_row][vc_column][\/vc_column][\/vc_row][vc_row][vc_column][vc_column_text]***Bu program 2025 \/ 2026 E\u011fitim &#8211; \u00d6\u011fretim d\u00f6neminden itibaren yeni \u00f6\u011frenci almayacakt\u0131r.[\/vc_column_text][\/vc_column][\/vc_row][vc_row css=&#8221;.vc_custom_1608850768194{margin-top: -50px !important;}&#8221;][vc_column][vc_tta_tabs color=&#8221;turquoise&#8221; alignment=&#8221;center&#8221; active_section=&#8221;1&#8243; css=&#8221;.vc_custom_1608894793667{margin-top: 0px !important;}&#8221;][vc_tta_section i_icon_fontawesome=&#8221;fas fa-book-open&#8221; add_icon=&#8221;true&#8221; title=&#8221;Haftal\u0131k Ders Program\u0131&#8221; tab_id=&#8221;1609156945309-457bd8f2-b414&#8243;][vc_column_text] 2.SINIF Pazartesi 09.00 &#8211; 11.00 11.00 &#8211; 13.00 13.00 &#8211; 15.00 &hellip; <\/p>\n","protected":false},"author":11,"featured_media":0,"parent":0,"menu_order":0,"comment_status":"closed","ping_status":"closed","template":"","meta":{"footnotes":""},"_links":{"self":[{"href":"https:\/\/kocaelisaglik.edu.tr\/avrupamyo\/wp-json\/wp\/v2\/pages\/7027"}],"collection":[{"href":"https:\/\/kocaelisaglik.edu.tr\/avrupamyo\/wp-json\/wp\/v2\/pages"}],"about":[{"href":"https:\/\/kocaelisaglik.edu.tr\/avrupamyo\/wp-json\/wp\/v2\/types\/page"}],"author":[{"embeddable":true,"href":"https:\/\/kocaelisaglik.edu.tr\/avrupamyo\/wp-json\/wp\/v2\/users\/11"}],"replies":[{"embeddable":true,"href":"https:\/\/kocaelisaglik.edu.tr\/avrupamyo\/wp-json\/wp\/v2\/comments?post=7027"}],"version-history":[{"count":89,"href":"https:\/\/kocaelisaglik.edu.tr\/avrupamyo\/wp-json\/wp\/v2\/pages\/7027\/revisions"}],"predecessor-version":[{"id":12701,"href":"https:\/\/kocaelisaglik.edu.tr\/avrupamyo\/wp-json\/wp\/v2\/pages\/7027\/revisions\/12701"}],"wp:attachment":[{"href":"https:\/\/kocaelisaglik.edu.tr\/avrupamyo\/wp-json\/wp\/v2\/media?parent=7027"}],"curies":[{"name":"wp","href":"https:\/\/api.w.org\/{rel}","templated":true}]}}