{"id":6912,"date":"2020-12-06T23:42:30","date_gmt":"2020-12-06T20:42:30","guid":{"rendered":"https:\/\/kocaelisaglik.edu.tr\/dishekimligi\/?page_id=6912"},"modified":"2025-11-07T16:58:03","modified_gmt":"2025-11-07T13:58:03","slug":"yonetim-semasi","status":"publish","type":"page","link":"https:\/\/kocaelisaglik.edu.tr\/avrupamyo\/yonetim-semasi\/","title":{"rendered":"Y\u00f6netim \u015eemas\u0131"},"content":{"rendered":"<div class=\"wpb-content-wrapper\"><p>[vc_row][vc_column][vc_column_text]<span style=\"color: #000000;\">Kocaeli Sa\u011fl\u0131k ve Teknoloji \u00dcniversitesi Avrupa MYO Y\u00f6netim \u015eemas\u0131na ula\u015fmak i\u00e7in <a href=\"https:\/\/kocaelisaglik.edu.tr\/avrupamyo\/wp-content\/uploads\/sites\/4\/2025\/11\/avrupa_myo_yonetim_semasi_07_11.pdf\">t\u0131klay\u0131n\u0131z.<\/a><\/span>[\/vc_column_text][\/vc_column][\/vc_row]<\/p>\n<\/div>","protected":false},"excerpt":{"rendered":"<p>[vc_row][vc_column][vc_column_text]Kocaeli Sa\u011fl\u0131k ve Teknoloji \u00dcniversitesi Avrupa MYO Y\u00f6netim \u015eemas\u0131na ula\u015fmak i\u00e7in t\u0131klay\u0131n\u0131z.[\/vc_column_text][\/vc_column][\/vc_row]<\/p>\n","protected":false},"author":11,"featured_media":0,"parent":0,"menu_order":0,"comment_status":"closed","ping_status":"closed","template":"","meta":{"footnotes":""},"_links":{"self":[{"href":"https:\/\/kocaelisaglik.edu.tr\/avrupamyo\/wp-json\/wp\/v2\/pages\/6912"}],"collection":[{"href":"https:\/\/kocaelisaglik.edu.tr\/avrupamyo\/wp-json\/wp\/v2\/pages"}],"about":[{"href":"https:\/\/kocaelisaglik.edu.tr\/avrupamyo\/wp-json\/wp\/v2\/types\/page"}],"author":[{"embeddable":true,"href":"https:\/\/kocaelisaglik.edu.tr\/avrupamyo\/wp-json\/wp\/v2\/users\/11"}],"replies":[{"embeddable":true,"href":"https:\/\/kocaelisaglik.edu.tr\/avrupamyo\/wp-json\/wp\/v2\/comments?post=6912"}],"version-history":[{"count":2,"href":"https:\/\/kocaelisaglik.edu.tr\/avrupamyo\/wp-json\/wp\/v2\/pages\/6912\/revisions"}],"predecessor-version":[{"id":12389,"href":"https:\/\/kocaelisaglik.edu.tr\/avrupamyo\/wp-json\/wp\/v2\/pages\/6912\/revisions\/12389"}],"wp:attachment":[{"href":"https:\/\/kocaelisaglik.edu.tr\/avrupamyo\/wp-json\/wp\/v2\/media?parent=6912"}],"curies":[{"name":"wp","href":"https:\/\/api.w.org\/{rel}","templated":true}]}}