{"id":12358,"date":"2025-10-23T16:22:01","date_gmt":"2025-10-23T13:22:01","guid":{"rendered":"https:\/\/kocaelisaglik.edu.tr\/avrupamyo\/?page_id=12358"},"modified":"2025-10-24T16:41:52","modified_gmt":"2025-10-24T13:41:52","slug":"danisma-kurulu-dis-paydaslar","status":"publish","type":"page","link":"https:\/\/kocaelisaglik.edu.tr\/avrupamyo\/danisma-kurulu-dis-paydaslar\/","title":{"rendered":"Dan\u0131\u015fma Kurulu \/ D\u0131\u015f Payda\u015flar"},"content":{"rendered":"<div class=\"wpb-content-wrapper\"><p>[vc_row][vc_column][vc_column_text]<\/p>\n<table class=\"item\" style=\"table-layout: fixed; width: 100%; border: 2px solid black; border-collapse: collapse;\">\n<tbody><!-- Ba\u015fl\u0131k --><\/p>\n<tr>\n<td style=\"border: 1px solid black; text-align: center;\" colspan=\"9\"><strong><span style=\"font-size: small;\">KOCAEL\u0130 SA\u011eLIK VE TEKNOLOJ\u0130 \u00dcN\u0130VERS\u0130TES\u0130<br \/>\nAVRUPA MYO DANI\u015eMA KURULU<\/span><\/strong><\/td>\n<\/tr>\n<tr>\n<td style=\"border: 1px solid black; text-align: center;\" colspan=\"3\"><strong><span style=\"font-size: small;\">Ad\u0131 &#8211; Soyad\u0131\u00a0<\/span><\/strong><\/td>\n<td style=\"border: 1px solid black; text-align: center;\" colspan=\"3\"><span style=\"font-size: small;\"><strong>G\u00f6revi<\/strong><br \/>\n<\/span><\/td>\n<td style=\"border: 1px solid black; text-align: center;\" colspan=\"3\"><span style=\"font-size: small;\"><strong>Kurumu<\/strong><\/span><\/td>\n<\/tr>\n<tr>\n<td style=\"border: 1px solid black; text-align: left;\" colspan=\"3\"><span style=\"font-size: small;\">Do\u00e7. Dr. Ghassan \u0130SSA<\/span><\/td>\n<td style=\"border: 1px solid black; text-align: left;\" colspan=\"3\"><span style=\"font-size: small;\">M\u00fcd\u00fcr \/ Ba\u015fkan<\/span><\/td>\n<td style=\"border: 1px solid black; text-align: left;\" colspan=\"3\"><span style=\"font-size: small;\">Kocaeli Sa\u011fl\u0131k ve Teknoloji \u00dcniversitesi Avrupa MYO<\/span><\/td>\n<\/tr>\n<tr>\n<td style=\"border: 1px solid black; text-align: left;\" colspan=\"3\"><span style=\"font-size: small;\">\u00d6\u011fr. G\u00f6r. Yasemin AKDEM\u0130R<\/span><\/td>\n<td style=\"border: 1px solid black; text-align: left;\" colspan=\"3\"><span style=\"font-size: small;\">M\u00fcd\u00fcr Yard\u0131mc\u0131s\u0131\/ Ba\u015fkan Yard\u0131mc\u0131s\u0131<\/span><\/td>\n<td style=\"border: 1px solid black; text-align: left;\" colspan=\"3\"><span style=\"font-size: small;\">Kocaeli Sa\u011fl\u0131k ve Teknoloji \u00dcniversitesi Avrupa MYO<\/span><\/td>\n<\/tr>\n<tr>\n<td style=\"border: 1px solid black; text-align: left;\" colspan=\"3\"><span style=\"font-size: small;\">\u00d6\u011fr. G\u00f6r. Nevin BOZG\u00dcL<\/span><\/td>\n<td style=\"border: 1px solid black; text-align: left;\" colspan=\"3\"><span style=\"font-size: small;\">M\u00fcd\u00fcr Yard\u0131mc\u0131s\u0131\/ Ba\u015fkan Yard\u0131mc\u0131s\u0131<\/span><\/td>\n<td style=\"border: 1px solid black; text-align: left;\" colspan=\"3\"><span style=\"font-size: small;\">Kocaeli Sa\u011fl\u0131k ve Teknoloji \u00dcniversitesi Avrupa MYO<\/span><\/td>\n<\/tr>\n<tr>\n<td style=\"border: 1px solid black; text-align: left;\" colspan=\"3\"><span style=\"font-size: small;\">\u00d6zlem KUYRUKLU<\/span><\/td>\n<td style=\"border: 1px solid black; text-align: left;\" colspan=\"3\"><span style=\"font-size: small;\">M\u00fcd\u00fcr<\/span><\/td>\n<td style=\"border: 1px solid black; text-align: left;\" colspan=\"3\"><span style=\"font-size: small;\">Medar Hastanesi Genel M\u00fcd\u00fcr\u00fc<\/span><\/td>\n<\/tr>\n<tr>\n<td style=\"border: 1px solid black; text-align: left;\" colspan=\"3\"><span style=\"font-size: small;\">Hayati AYDIN<\/span><\/td>\n<td style=\"border: 1px solid black; text-align: left;\" colspan=\"3\"><span style=\"font-size: small;\">M\u00fcd\u00fcr Yard\u0131mc\u0131s\u0131<\/span><\/td>\n<td style=\"border: 1px solid black; text-align: left;\" colspan=\"3\"><span style=\"font-size: small;\">Kocaeli \u0130l Milli E\u011fitim<\/span><\/td>\n<\/tr>\n<tr>\n<td style=\"border: 1px solid black; text-align: left;\" colspan=\"3\"><span style=\"font-size: small;\">Prof. Dr. Ahmet Hakan VURAL<\/span><\/td>\n<td style=\"border: 1px solid black; text-align: left;\" colspan=\"3\"><span style=\"font-size: small;\">Akademik Direkt\u00f6r<\/span><\/td>\n<td style=\"border: 1px solid black; text-align: left;\" colspan=\"3\"><span style=\"font-size: small;\">Medical Park Gebze<\/span><\/td>\n<\/tr>\n<tr>\n<td style=\"border: 1px solid black; text-align: left;\" colspan=\"3\"><span style=\"font-size: small;\">Mustafa EFEND\u0130O\u011eLU<\/span><\/td>\n<td style=\"border: 1px solid black; text-align: left;\" colspan=\"3\"><span style=\"font-size: small;\">Bilgisayar M\u00fchendisi<\/span><\/td>\n<td style=\"border: 1px solid black; text-align: left;\" colspan=\"3\"><span style=\"font-size: small;\">TR TEK Teknolojik \u00dcr\u00fcnler Bilgisayar Yaz\u0131l\u0131m Donan\u0131m Sa. Tic. Ltd. \u015eti<\/span><\/td>\n<\/tr>\n<tr>\n<td style=\"border: 1px solid black; text-align: left;\" colspan=\"3\"><span style=\"font-size: small;\">G\u00fcn\u00e7a\u011f YILDIZ<\/span><\/td>\n<td style=\"border: 1px solid black; text-align: left;\" colspan=\"3\"><span style=\"font-size: small;\">Bilgisayar M\u00fchendisi<\/span><\/td>\n<td style=\"border: 1px solid black; text-align: left;\" colspan=\"3\"><span style=\"font-size: small;\">Exadus Teknoloji A.\u015e<\/span><\/td>\n<\/tr>\n<tr>\n<td style=\"border: 1px solid black; text-align: left;\" colspan=\"3\"><span style=\"font-size: small;\">Emrullah YOLASI\u011eMAZ<\/span><\/td>\n<td style=\"border: 1px solid black; text-align: left;\" colspan=\"3\"><span style=\"font-size: small;\">Bilgisayar M\u00fchendisi<\/span><\/td>\n<td style=\"border: 1px solid black; text-align: left;\" colspan=\"3\"><span style=\"font-size: small;\">Prodos Bili\u015fim Sistemleri<\/span><\/td>\n<\/tr>\n<tr>\n<td style=\"border: 1px solid black; text-align: left;\" colspan=\"3\"><span style=\"font-size: small;\">Serkan KASIMO\u011eLU<\/span><\/td>\n<td style=\"border: 1px solid black; text-align: left;\" colspan=\"3\"><span style=\"font-size: small;\">Bilgisayar M\u00fchendisi<\/span><\/td>\n<td style=\"border: 1px solid black; text-align: left;\" colspan=\"3\"><span style=\"font-size: small;\">Proser Bili\u015fim Teknolojileri<\/span><\/td>\n<\/tr>\n<tr>\n<td style=\"border: 1px solid black; text-align: left;\" colspan=\"3\"><span style=\"font-size: small;\">Burak A\u011eG\u00dcL<\/span><\/td>\n<td style=\"border: 1px solid black; text-align: left;\" colspan=\"3\"><span style=\"font-size: small;\">\u00d6\u011fretim G\u00f6revlisi\/ Bilgisayar Teknolojileri B\u00f6l\u00fcm Ba\u015fkan\u0131<\/span><\/td>\n<td style=\"border: 1px solid black; text-align: left;\" colspan=\"3\"><span style=\"font-size: small;\">Sakarya \u00dcniversitesi Karasu MYO<\/span><\/td>\n<\/tr>\n<tr>\n<td style=\"border: 1px solid black; text-align: left;\" colspan=\"3\"><span style=\"font-size: small;\">Ayhan DEM\u0130RCAN<\/span><\/td>\n<td style=\"border: 1px solid black; text-align: left;\" colspan=\"3\"><span style=\"font-size: small;\">\u0130stanbul Optisyen , G\u00f6zl\u00fck\u00e7\u00fcler Odas\u0131<\/span><\/td>\n<td style=\"border: 1px solid black; text-align: left;\" colspan=\"3\"><span style=\"font-size: small;\">\u0130stanbul G\u00f6zl\u00fck\u00e7\u00fcler Odas\u0131<\/span><\/td>\n<\/tr>\n<tr>\n<td style=\"border: 1px solid black; text-align: left;\" colspan=\"3\"><span style=\"font-size: small;\">Beyzanur D\u0130KMEN HO\u015eBA\u015e<\/span><\/td>\n<td style=\"border: 1px solid black; text-align: left;\" colspan=\"3\"><span style=\"font-size: small;\">\u00dcsk\u00fcdar \u00dcniversitesi , FTR B\u00f6l\u00fcm\u00fc<\/span><\/td>\n<td style=\"border: 1px solid black; text-align: left;\" colspan=\"3\"><span style=\"font-size: small;\">\u00dcsk\u00fcdar \u00dcniversitesi<\/span><\/td>\n<\/tr>\n<tr>\n<td style=\"border: 1px solid black; text-align: left;\" colspan=\"3\"><span style=\"font-size: small;\">Sena G\u00dcNAYDIN<\/span><\/td>\n<td style=\"border: 1px solid black; text-align: left;\" colspan=\"3\"><span style=\"font-size: small;\">G\u00fcnayd\u0131n Eczanesi Sahibi<\/span><\/td>\n<td style=\"border: 1px solid black; text-align: left;\" colspan=\"3\"><span style=\"font-size: small;\">Mudanya G\u00fcnayd\u0131n Eczanesi <\/span><\/td>\n<\/tr>\n<tr>\n<td style=\"border: 1px solid black; text-align: left;\" colspan=\"3\"><span style=\"font-size: small;\">\u00d6zlem DEM\u0130R<\/span><\/td>\n<td style=\"border: 1px solid black; text-align: left;\" colspan=\"3\"><span style=\"font-size: small;\">Alt\u0131nba\u015f \u00dcniversitesi \u00d6\u011fretim G\u00f6revlisi<\/span><\/td>\n<td style=\"border: 1px solid black; text-align: left;\" colspan=\"3\"><span style=\"font-size: small;\">Alt\u0131nba\u015f \u00dcniversitesi<\/span><\/td>\n<\/tr>\n<tr>\n<td style=\"border: 1px solid black; text-align: left;\" colspan=\"3\"><span style=\"font-size: small;\">Hatice \u0130NAN KURT ( Mezun \u00d6\u011frenci )<\/span><\/td>\n<td style=\"border: 1px solid black; text-align: left;\" colspan=\"3\"><span style=\"font-size: small;\">\u0130nan \u0130\u015fitme Cihazlar\u0131 Sat\u0131\u015f ve Uygulama Merkezi Sahibi<\/span><\/td>\n<td style=\"border: 1px solid black; text-align: left;\" colspan=\"3\"><span style=\"font-size: small;\">\u0130nan \u0130\u015fitme Cihazlar\u0131<\/span><\/td>\n<\/tr>\n<tr>\n<td style=\"border: 1px solid black; text-align: left;\" colspan=\"3\"><span style=\"font-size: small;\">Do\u00e7. Dr. Elif ERT\u00dcRK BAKIR<\/span><\/td>\n<td style=\"border: 1px solid black; text-align: left;\" colspan=\"3\"><span style=\"font-size: small;\">\u00d6\u011fretim \u00dcyesi<\/span><\/td>\n<td style=\"border: 1px solid black; text-align: left;\" colspan=\"3\"><span style=\"font-size: small;\">Bursa Uluda\u011f \u00dcniversitesi<\/span><\/td>\n<\/tr>\n<tr>\n<td style=\"border: 1px solid black; text-align: left;\" colspan=\"3\"><span style=\"font-size: small;\">Meltem \u00c7a\u011f\u0131n ALKAN YILDIRIM<\/span><\/td>\n<td style=\"border: 1px solid black; text-align: left;\" colspan=\"3\"><span style=\"font-size: small;\">Di\u015f Hekimi, Oda Ba\u015fkan\u0131<\/span><\/td>\n<td style=\"border: 1px solid black; text-align: left;\" colspan=\"3\"><span style=\"font-size: small;\">Kocaeli Di\u015f Hekimleri Odas\u0131<\/span><\/td>\n<\/tr>\n<tr>\n<td style=\"border: 1px solid black; text-align: left;\" colspan=\"3\"><span style=\"font-size: small;\">Timur EM\u0130NO\u011eLU<\/span><\/td>\n<td style=\"border: 1px solid black; text-align: left;\" colspan=\"3\"><span style=\"font-size: small;\">Sorumlu Di\u015f Hekimi<\/span><\/td>\n<td style=\"border: 1px solid black; text-align: left;\" colspan=\"3\"><span style=\"font-size: small;\">Kocaeli Sa\u011fl\u0131k ve Teknoloji \u00dcniversitesi ADSM<\/span><\/td>\n<\/tr>\n<tr>\n<td style=\"border: 1px solid black; text-align: left;\" colspan=\"3\"><span style=\"font-size: small;\">S\u00fcmeyye T\u0130RYAK\u0130<\/span><\/td>\n<td style=\"border: 1px solid black; text-align: left;\" colspan=\"3\"><span style=\"font-size: small;\">\u00d6\u011frenci, Program \u00d6\u011frenci Temsilcisi<\/span><\/td>\n<td style=\"border: 1px solid black; text-align: left;\" colspan=\"3\"><span style=\"font-size: small;\">Anestezi Program\u0131 \u00d6\u011frencisi<\/span><\/td>\n<\/tr>\n<tr>\n<td style=\"border: 1px solid black; text-align: left;\" colspan=\"3\"><span style=\"font-size: small;\">Hiranur BAYRAK<\/span><\/td>\n<td style=\"border: 1px solid black; text-align: left;\" colspan=\"3\"><span style=\"font-size: small;\">\u00d6\u011frenci, Program \u00d6\u011frenci Temsilcisi<\/span><\/td>\n<td style=\"border: 1px solid black; text-align: left;\" colspan=\"3\"><span style=\"font-size: small;\">Ameliyathane Hizmetleri Program\u0131 \u00d6\u011frencisi<\/span><\/td>\n<\/tr>\n<tr>\n<td style=\"border: 1px solid black; text-align: left;\" colspan=\"3\"><span style=\"font-size: small;\">Gamze Hayr\u00fcnnisa SARIASLAN<\/span><\/td>\n<td style=\"border: 1px solid black; text-align: left;\" colspan=\"3\"><span style=\"font-size: small;\">\u00d6\u011frenci, Program \u00d6\u011frenci Temsilcisi<\/span><\/td>\n<td style=\"border: 1px solid black; text-align: left;\" colspan=\"3\"><span style=\"font-size: small;\">A\u011f\u0131z ve Di\u015f Sa\u011fl\u0131\u011f\u0131 Program\u0131 \u00d6\u011frencisi<\/span><\/td>\n<\/tr>\n<tr>\n<td style=\"border: 1px solid black; text-align: left;\" colspan=\"3\"><span style=\"font-size: small;\">K\u00fcbra T\u0130RYAK\u0130<\/span><\/td>\n<td style=\"border: 1px solid black; text-align: left;\" colspan=\"3\"><span style=\"font-size: small;\">\u00d6\u011frenci, Program \u00d6\u011frenci Temsilcisi<\/span><\/td>\n<td style=\"border: 1px solid black; text-align: left;\" colspan=\"3\"><span style=\"font-size: small;\">Bilgisayar Teknolojisi Program\u0131 \u00d6\u011frencisi<\/span><\/td>\n<\/tr>\n<tr>\n<td style=\"border: 1px solid black; text-align: left;\" colspan=\"3\"><span style=\"font-size: small;\">Damla BARIN<\/span><\/td>\n<td style=\"border: 1px solid black; text-align: left;\" colspan=\"3\"><span style=\"font-size: small;\">\u00d6\u011frenci, Program \u00d6\u011frenci Temsilcisi<\/span><\/td>\n<td style=\"border: 1px solid black; text-align: left;\" colspan=\"3\"><span style=\"font-size: small;\">Bilgisayar Programc\u0131l\u0131\u011f\u0131 Program\u0131 \u00d6\u011frencisi<\/span><\/td>\n<\/tr>\n<tr>\n<td style=\"border: 1px solid black; text-align: left;\" colspan=\"3\"><span style=\"font-size: small;\">Zeynep KURTAL<\/span><\/td>\n<td style=\"border: 1px solid black; text-align: left;\" colspan=\"3\"><span style=\"font-size: small;\">\u00d6\u011frenci, Program \u00d6\u011frenci Temsilcisi<\/span><\/td>\n<td style=\"border: 1px solid black; text-align: left;\" colspan=\"3\"><span style=\"font-size: small;\">\u00c7ocuk Geli\u015fimi Program\u0131 \u00d6\u011frencisi<\/span><\/td>\n<\/tr>\n<tr>\n<td style=\"border: 1px solid black; text-align: left;\" colspan=\"3\"><span style=\"font-size: small;\">Cemile Ceren ERKUT<\/span><\/td>\n<td style=\"border: 1px solid black; text-align: left;\" colspan=\"3\"><span style=\"font-size: small;\">\u00d6\u011frenci, Program \u00d6\u011frenci Temsilcisi<\/span><\/td>\n<td style=\"border: 1px solid black; text-align: left;\" colspan=\"3\"><span style=\"font-size: small;\">Diyaliz Program\u0131 \u00d6\u011frencisi<\/span><\/td>\n<\/tr>\n<tr>\n<td style=\"border: 1px solid black; text-align: left;\" colspan=\"3\"><span style=\"font-size: small;\">Fatma Samira OGAN<\/span><\/td>\n<td style=\"border: 1px solid black; text-align: left;\" colspan=\"3\"><span style=\"font-size: small;\">\u00d6\u011frenci, Program \u00d6\u011frenci Temsilcisi<\/span><\/td>\n<td style=\"border: 1px solid black; text-align: left;\" colspan=\"3\"><span style=\"font-size: small;\">Engelliler i\u00e7in G\u00f6lge \u00d6\u011freticilik Program\u0131 \u00d6\u011frencisi<\/span><\/td>\n<\/tr>\n<tr>\n<td style=\"border: 1px solid black; text-align: left;\" colspan=\"3\"><span style=\"font-size: small;\">G\u00fclendam DEM\u0130ROZ<\/span><\/td>\n<td style=\"border: 1px solid black; text-align: left;\" colspan=\"3\"><span style=\"font-size: small;\">\u00d6\u011frenci, Program \u00d6\u011frenci Temsilcisi<\/span><\/td>\n<td style=\"border: 1px solid black; text-align: left;\" colspan=\"3\"><span style=\"font-size: small;\">Odyometri Program\u0131 \u00d6\u011frencisi<\/span><\/td>\n<\/tr>\n<tr>\n<td style=\"border: 1px solid black; text-align: left;\" colspan=\"3\"><span style=\"font-size: small;\">Elif Nogay ULUGERL\u0130<\/span><\/td>\n<td style=\"border: 1px solid black; text-align: left;\" colspan=\"3\"><span style=\"font-size: small;\">\u00d6\u011frenci, Program \u00d6\u011frenci Temsilcisi<\/span><\/td>\n<td style=\"border: 1px solid black; text-align: left;\" colspan=\"3\"><span style=\"font-size: small;\">Optisyenlik Program\u0131 \u00d6\u011frencisi<\/span><\/td>\n<\/tr>\n<tr>\n<td style=\"border: 1px solid black; text-align: left;\" colspan=\"3\"><span style=\"font-size: small;\">Recep Enes YAYKIN<\/span><\/td>\n<td style=\"border: 1px solid black; text-align: left;\" colspan=\"3\"><span style=\"font-size: small;\">\u00d6\u011frenci, Program \u00d6\u011frenci Temsilcisi<\/span><\/td>\n<td style=\"border: 1px solid black; text-align: left;\" colspan=\"3\"><span style=\"font-size: small;\">T\u0131bbi Dok\u00fcmantasyon ve Sekreterlik Program\u0131 \u00d6\u011frencisi<\/span><\/td>\n<\/tr>\n<tr>\n<td style=\"border: 1px solid black; text-align: left;\" colspan=\"3\"><span style=\"font-size: small;\">Beg\u00fcm Naz \u00c7ALPAK<\/span><\/td>\n<td style=\"border: 1px solid black; text-align: left;\" colspan=\"3\"><span style=\"font-size: small;\">\u00d6\u011frenci, Program \u00d6\u011frenci Temsilcisi<\/span><\/td>\n<td style=\"border: 1px solid black; text-align: left;\" colspan=\"3\"><span style=\"font-size: small;\">T\u0131bbi G\u00f6r\u00fcnt\u00fcleme Teknikleri Program\u0131 \u00d6\u011frencisi<\/span><\/td>\n<\/tr>\n<tr>\n<td style=\"border: 1px solid black; text-align: left;\" colspan=\"3\"><span style=\"font-size: small;\">Havva AL\u015eAH\u0130N<\/span><\/td>\n<td style=\"border: 1px solid black; text-align: left;\" colspan=\"3\"><span style=\"font-size: small;\">\u00d6\u011frenci, Program \u00d6\u011frenci Temsilcisi<\/span><\/td>\n<td style=\"border: 1px solid black; text-align: left;\" colspan=\"3\"><span style=\"font-size: small;\">\u0130lk ve Acil Yard\u0131m Program\u0131 \u00d6\u011frencisi<\/span><\/td>\n<\/tr>\n<tr>\n<td style=\"border: 1px solid black; text-align: left;\" colspan=\"3\"><span style=\"font-size: small;\">Simge KAYMAZ<\/span><\/td>\n<td style=\"border: 1px solid black; text-align: left;\" colspan=\"3\"><span style=\"font-size: small;\">\u00d6\u011frenci, Program \u00d6\u011frenci Temsilcisi<\/span><\/td>\n<td style=\"border: 1px solid black; text-align: left;\" colspan=\"3\"><span style=\"font-size: small;\">T\u0131bbi Laboratuvar Teknikleri Program\u0131 \u00d6\u011frencisi<\/span><\/td>\n<\/tr>\n<tr>\n<td style=\"border: 1px solid black; text-align: left;\" colspan=\"3\"><span style=\"font-size: small;\">Fatma Ecren BULUT<\/span><\/td>\n<td style=\"border: 1px solid black; text-align: left;\" colspan=\"3\"><span style=\"font-size: small;\">\u00d6\u011frenci, Program \u00d6\u011frenci Temsilcisi<\/span><\/td>\n<td style=\"border: 1px solid black; text-align: left;\" colspan=\"3\"><span style=\"font-size: small;\">Fizyoterapi Program\u0131 \u00d6\u011frencisi<\/span><\/td>\n<\/tr>\n<tr>\n<td style=\"border: 1px solid black; text-align: left;\" colspan=\"3\"><span style=\"font-size: small;\">Davut NURSOY<\/span><\/td>\n<td style=\"border: 1px solid black; text-align: left;\" colspan=\"3\"><span style=\"font-size: small;\">\u00d6\u011frenci, Program \u00d6\u011frenci Temsilcisi<\/span><\/td>\n<td style=\"border: 1px solid black; text-align: left;\" colspan=\"3\"><span style=\"font-size: small;\">Hibrid ve Elektirikli Ta\u015f\u0131tlar Program\u0131 \u00d6\u011frencisi<\/span><\/td>\n<\/tr>\n<tr>\n<td style=\"border: 1px solid black; text-align: left;\" colspan=\"3\"><span style=\"font-size: small;\">Elif Sude KURT<\/span><\/td>\n<td style=\"border: 1px solid black; text-align: left;\" colspan=\"3\"><span style=\"font-size: small;\">\u00d6\u011frenci, Program \u00d6\u011frenci Temsilcisi<\/span><\/td>\n<td style=\"border: 1px solid black; text-align: left;\" colspan=\"3\"><span style=\"font-size: small;\">Eczane Hizmetleri Program\u0131 \u00d6\u011frencisi<\/span><\/td>\n<\/tr>\n<\/tbody>\n<\/table>\n<p>[\/vc_column_text][\/vc_column][\/vc_row]<\/p>\n<\/div>","protected":false},"excerpt":{"rendered":"<p>[vc_row][vc_column][vc_column_text] KOCAEL\u0130 SA\u011eLIK VE TEKNOLOJ\u0130 \u00dcN\u0130VERS\u0130TES\u0130 AVRUPA MYO DANI\u015eMA KURULU Ad\u0131 &#8211; Soyad\u0131\u00a0 G\u00f6revi Kurumu Do\u00e7. Dr. Ghassan \u0130SSA M\u00fcd\u00fcr \/ Ba\u015fkan Kocaeli Sa\u011fl\u0131k ve Teknoloji \u00dcniversitesi Avrupa MYO \u00d6\u011fr. G\u00f6r. Yasemin AKDEM\u0130R M\u00fcd\u00fcr Yard\u0131mc\u0131s\u0131\/ Ba\u015fkan Yard\u0131mc\u0131s\u0131 Kocaeli Sa\u011fl\u0131k ve &hellip; <\/p>\n","protected":false},"author":12,"featured_media":0,"parent":0,"menu_order":0,"comment_status":"closed","ping_status":"closed","template":"","meta":{"footnotes":""},"_links":{"self":[{"href":"https:\/\/kocaelisaglik.edu.tr\/avrupamyo\/wp-json\/wp\/v2\/pages\/12358"}],"collection":[{"href":"https:\/\/kocaelisaglik.edu.tr\/avrupamyo\/wp-json\/wp\/v2\/pages"}],"about":[{"href":"https:\/\/kocaelisaglik.edu.tr\/avrupamyo\/wp-json\/wp\/v2\/types\/page"}],"author":[{"embeddable":true,"href":"https:\/\/kocaelisaglik.edu.tr\/avrupamyo\/wp-json\/wp\/v2\/users\/12"}],"replies":[{"embeddable":true,"href":"https:\/\/kocaelisaglik.edu.tr\/avrupamyo\/wp-json\/wp\/v2\/comments?post=12358"}],"version-history":[{"count":3,"href":"https:\/\/kocaelisaglik.edu.tr\/avrupamyo\/wp-json\/wp\/v2\/pages\/12358\/revisions"}],"predecessor-version":[{"id":12371,"href":"https:\/\/kocaelisaglik.edu.tr\/avrupamyo\/wp-json\/wp\/v2\/pages\/12358\/revisions\/12371"}],"wp:attachment":[{"href":"https:\/\/kocaelisaglik.edu.tr\/avrupamyo\/wp-json\/wp\/v2\/media?parent=12358"}],"curies":[{"name":"wp","href":"https:\/\/api.w.org\/{rel}","templated":true}]}}