{"id":12071,"date":"2025-06-23T16:36:06","date_gmt":"2025-06-23T13:36:06","guid":{"rendered":"https:\/\/kocaelisaglik.edu.tr\/avrupamyo\/?page_id=12071"},"modified":"2026-03-30T14:14:30","modified_gmt":"2026-03-30T11:14:30","slug":"tibbi-veri-isleme-teknikerligi","status":"publish","type":"page","link":"https:\/\/kocaelisaglik.edu.tr\/avrupamyo\/tibbi-veri-isleme-teknikerligi\/","title":{"rendered":"T\u0131bbi Veri \u0130\u015fleme Teknikerli\u011fi"},"content":{"rendered":"<div class=\"wpb-content-wrapper\"><p>[vc_row][vc_column][vc_tta_tabs][vc_tta_section title=&#8221;Program Hakk\u0131nda&#8221; tab_id=&#8221;1753363205155-9e172c3d-b152&#8243;][vc_column_text]<strong>Program Ad\u0131<\/strong>:\u00a0 T\u0131bbi Veri \u0130\u015fleme Teknikerli\u011fi<\/p>\n<p><strong>Program D\u00fczeyi<\/strong>: \u00d6n Lisans<\/p>\n<p><strong>Program Dili<\/strong>:\u00a0T\u00fcrk\u00e7e<\/p>\n<p><strong>Program Kazan\u0131mlar\u0131<\/strong>:<\/p>\n<ul>\n<li>Sa\u011fl\u0131k bili\u015fimi ve t\u0131bbi veri i\u015fleme alan\u0131ndaki temel kavramlar\u0131 a\u00e7\u0131klar<\/li>\n<li>T\u0131bbi veri t\u00fcrlerini ve sa\u011fl\u0131k bilgi sistemlerindeki rollerini tan\u0131mlar<\/li>\n<li>Elektronik sa\u011fl\u0131k kay\u0131tlar\u0131 (ESK) sistemlerini kullan\u0131r ve y\u00f6netir<\/li>\n<li>Sa\u011fl\u0131k verilerinin g\u00fcvenli\u011fi, gizlili\u011fi ve etik ilkelerine uygun \u00e7al\u0131\u015f\u0131r<\/li>\n<li>Sa\u011fl\u0131k kurumlar\u0131nda veri taban\u0131 y\u00f6netimi ve veri entegrasyonu s\u00fcre\u00e7lerini uygular<\/li>\n<li>T\u0131bbi verilerin analiz edilmesi ve raporlanmas\u0131nda temel teknikleri kullan\u0131r<\/li>\n<li>Sa\u011fl\u0131k alan\u0131nda kullan\u0131lan yaz\u0131l\u0131m ve uygulamalar\u0131 etkin bi\u00e7imde kullan\u0131r<\/li>\n<li>Sa\u011fl\u0131k verilerinin kalite kontrol\u00fc ve do\u011frulu\u011funu sa\u011flar<\/li>\n<li>\u0130\u015f sa\u011fl\u0131\u011f\u0131 ve g\u00fcvenli\u011fi kurallar\u0131na uyar.j. Sa\u011fl\u0131k veri i\u015fleme s\u00fcre\u00e7lerinde ortaya \u00e7\u0131kan teknik sorunlara \u00e7\u00f6z\u00fcm \u00f6nerir<\/li>\n<li>Tak\u0131m \u00e7al\u0131\u015fmas\u0131 ve etkili ileti\u015fim becerilerini geli\u015ftirir ve uygular<\/li>\n<li>Alan\u0131yla ilgili teknolojik geli\u015fmeleri takip eder ve yeniliklere adapte olur<\/li>\n<li>Sa\u011fl\u0131kta b\u00fcy\u00fck veri ve yapay zek\u00e2 uygulamalar\u0131n\u0131n temel prensiplerini kavrar<\/li>\n<li>Mesleki etik kurallara uygun davran\u0131r ve hasta haklar\u0131na sayg\u0131 g\u00f6sterir<\/li>\n<li>\u00d6\u011frenme s\u00fcre\u00e7lerini s\u00fcrekli k\u0131lar ve ya\u015fam boyu \u00f6\u011frenme bilincine sahiptir.<\/li>\n<\/ul>\n<p>&nbsp;<\/p>\n<p><strong>Mezun \u00c7al\u0131\u015fma Alanlar\u0131<\/strong>:<\/p>\n<p>Hastanelerin Bilgi \u0130\u015flem ve Sa\u011fl\u0131k Bili\u015fimi Birimleri, Elektronik Sa\u011fl\u0131k Kay\u0131tlar\u0131 (ESK) y\u00f6netimi, Veri toplama, i\u015fleme ve raporlama, Sa\u011fl\u0131k verisi g\u00fcvenli\u011fi ve gizlili\u011fi uygulamalar\u0131, Sa\u011fl\u0131k Bakanl\u0131\u011f\u0131 ve Sa\u011fl\u0131k Veri Merkezi Kurulu\u015flar\u0131, Ulusal sa\u011fl\u0131k veri sistemlerinin i\u015fletilmesi ve bak\u0131m\u0131, Sa\u011fl\u0131k veri analizi ve politika destek birimleri, Medikal Yaz\u0131l\u0131m ve Sa\u011fl\u0131k Teknolojileri Firmalar\u0131, Sa\u011fl\u0131k bilgi sistemleri yaz\u0131l\u0131m\u0131 geli\u015ftirme ve teknik destek, Veri entegrasyonu ve sistem optimizasyonu, Sigorta \u015eirketlerinin Sa\u011fl\u0131k Veri Departmanlar\u0131, Sa\u011fl\u0131k talepleri ve poli\u00e7e verilerinin y\u00f6netimi ve analizi, \u00dcniversitelerin Sa\u011fl\u0131k Ara\u015ft\u0131rma Merkezlerin. Klinik veri y\u00f6netimi ve ara\u015ft\u0131rma deste\u011fi, \u00d6zel Sa\u011fl\u0131k Kurulu\u015flar\u0131 ve Klinik Ara\u015ft\u0131rma Organizasyonlar\u0131, Veri y\u00f6netimi, analiz ve klinik ara\u015ft\u0131rma veri deste\u011fi alanlar\u0131nda \u00e7al\u0131\u015fabilmektedirler.[\/vc_column_text][\/vc_tta_section][vc_tta_section title=&#8221;Haftal\u0131k Ders Program\u0131&#8221; tab_id=&#8221;1753363205162-ff47bb13-20e2&#8243;][vc_column_text]<\/p>\n<table class=\"item\" style=\"table-layout: fixed; width: 100%; border: 2px solid black; border-collapse: collapse;\">\n<tbody>\n<tr>\n<td style=\"border: 1px solid black; text-align: center;\" colspan=\"8\"><strong><span style=\"font-size: small;\">\u00a02025 \/ 2026 BAHAR YARIYILI 1.SINIF<\/span><\/strong><\/td>\n<\/tr>\n<tr>\n<td style=\"border: 1px solid black;\"><span style=\"font-size: small;\"><span style=\"color: white;\">Pazartesi<\/span><\/span><\/td>\n<td style=\"border: 1px solid black; text-align: center;\"><strong><span style=\"font-size: small;\">09.00 &#8211; 11.00<\/span><\/strong><\/td>\n<td style=\"border: 1px solid black; text-align: center;\"><strong><span style=\"font-size: small;\">11.00 &#8211; 13.00<\/span><\/strong><\/td>\n<td style=\"border: 1px solid black; text-align: center;\"><strong><span style=\"font-size: small;\">13.00 &#8211; 15.00<\/span><\/strong><\/td>\n<td style=\"border: 1px solid black; text-align: center;\"><strong><span style=\"font-size: small;\">15.00 &#8211; 17.00<\/span><\/strong><\/td>\n<td style=\"border: 1px solid black; text-align: center;\"><strong><span style=\"font-size: small;\">17.00 &#8211; 19.00<\/span><\/strong><\/td>\n<td style=\"border: 1px solid black; text-align: center;\"><strong><span style=\"font-size: small;\">19.00 &#8211; 21.00<\/span><\/strong><\/td>\n<td style=\"border: 1px solid black; text-align: center;\"><strong><span style=\"font-size: small;\">21.00 &#8211; 23.00<\/span><\/strong><\/td>\n<\/tr>\n<\/tbody>\n<tbody>\n<tr>\n<td style=\"border: 1px solid black;\"><strong><span style=\"font-size: small;\">Pazartesi<\/span><\/strong><\/td>\n<td style=\"border: 1px solid black; text-align: center;\"><\/td>\n<td style=\"border: 1px solid black; text-align: center;\"><span style=\"font-size: small;\">Hastal\u0131klar\u0131n Uluslararas\u0131 S\u0131n\u0131fland\u0131r\u0131lmas\u0131<br \/>\nDr. \u00d6\u011fr. \u00dcyesi<br \/>\nElif Esra ALTUNER<br \/>\nD104<\/span><\/td>\n<td style=\"border: 1px solid black; text-align: center;\"><\/td>\n<td style=\"border: 1px solid black; text-align: center;\"><\/td>\n<td style=\"border: 1px solid black; text-align: center;\"><\/td>\n<td style=\"border: 1px solid black; text-align: center;\"><\/td>\n<td style=\"border: 1px solid black;\"><\/td>\n<\/tr>\n<\/tbody>\n<tbody>\n<tr>\n<td style=\"border: 1px solid black;\"><span style=\"font-size: small;\"><strong>Sal\u0131<\/strong><\/span><\/td>\n<td style=\"border: 1px solid black; text-align: center;\"><\/td>\n<td style=\"border: 1px solid black; text-align: center;\"><\/td>\n<td style=\"border: 1px solid black; text-align: center;\"><\/td>\n<td style=\"border: 1px solid black; text-align: center;\"><span style=\"font-size: small;\">Veritaban\u0131 Y\u00f6netim Sistemleri<br \/>\n\u00d6\u011fr. G\u00f6r.<br \/>\nSelin CANBULAT<br \/>\nD101<\/span><\/td>\n<td style=\"border: 1px solid black; text-align: center;\"><span style=\"font-size: small;\">Sa\u011fl\u0131kta \u0130statistik ve Raporlama<br \/>\n\u00d6\u011fr. G\u00f6r.<br \/>\nBurcu YE\u015e\u0130LBA\u015e<br \/>\nD102<\/span><\/td>\n<td style=\"border: 1px solid black; text-align: center;\"><\/td>\n<td style=\"border: 1px solid black; text-align: center;\"><\/td>\n<\/tr>\n<\/tbody>\n<tbody>\n<tr>\n<td style=\"border: 1px solid black;\"><strong><span style=\"font-size: small;\">\u00c7ar\u015famba<\/span><\/strong><\/td>\n<td style=\"border: 1px solid black; text-align: center;\"><\/td>\n<td style=\"border: 1px solid black; text-align: center;\"><\/td>\n<td style=\"border: 1px solid black;\"><\/td>\n<td style=\"border: 1px solid black; text-align: center;\"><\/td>\n<td style=\"border: 1px solid black; text-align: center;\"><\/td>\n<td style=\"border: 1px solid black; text-align: center;\"><\/td>\n<td style=\"border: 1px solid black; text-align: center;\"><\/td>\n<\/tr>\n<\/tbody>\n<tbody>\n<tr>\n<td style=\"border: 1px solid black;\"><span style=\"font-size: small;\"><strong>Per\u015fembe<\/strong><\/span><\/td>\n<td style=\"border: 1px solid black; text-align: center;\" colspan=\"2\"><span style=\"font-size: small;\">Veri Analizi ve Raporlama<br \/>\nDr. \u00d6\u011fr. \u00dcyesi<br \/>\nVildan YAZICI<br \/>\nBilg. Lab. 2<br \/>\n(09.00 &#8211; 12.00 )<\/span><\/td>\n<td style=\"border: 1px solid black; text-align: center;\"><span style=\"font-size: small;\">A\u00e7\u0131k Kaynak Kodlu Yaz\u0131l\u0131mlar ve Kullan\u0131m\u0131<br \/>\nAr\u015f. G\u00f6r.<br \/>\nCandide \u00d6ZT\u00dcRK<br \/>\nBilg. Lab. 2<\/span><\/td>\n<td style=\"border: 1px solid black; text-align: center;\"><\/td>\n<td style=\"border: 1px solid black; text-align: center;\"><\/td>\n<td style=\"border: 1px solid black; text-align: center;\"><\/td>\n<td style=\"border: 1px solid black; text-align: center;\"><\/td>\n<\/tr>\n<\/tbody>\n<tbody>\n<tr>\n<td style=\"border: 1px solid black;\"><strong><span style=\"font-size: small;\">Cuma<\/span><\/strong><\/td>\n<td style=\"border: 1px solid black;\"><\/td>\n<td style=\"border: 1px solid black;\"><\/td>\n<td style=\"border: 1px solid black; text-align: center;\"><\/td>\n<td style=\"border: 1px solid black;\"><\/td>\n<td style=\"border: 1px solid black; text-align: center;\"><\/td>\n<td style=\"border: 1px solid black; text-align: center;\"><\/td>\n<td style=\"border: 1px solid black; text-align: center;\"><\/td>\n<\/tr>\n<\/tbody>\n<\/table>\n<p>[\/vc_column_text][vc_empty_space][vc_column_text]<\/p>\n<table class=\"item\" style=\"table-layout: fixed; width: 100%; border: 2px solid black; border-collapse: collapse;\">\n<tbody>\n<tr>\n<td style=\"border: 1px solid black; text-align: center;\" colspan=\"7\"><strong><span style=\"font-size: small;\">\u00a0SE\u00c7MEL\u0130 DERSLER<\/span><\/strong><\/td>\n<\/tr>\n<tr>\n<td style=\"border: 1px solid black;\"><span style=\"font-size: small;\"><span style=\"color: white;\">Pazartesi<\/span><\/span><\/td>\n<td style=\"border: 1px solid black; text-align: center;\"><strong><span style=\"font-size: small;\">09.00 &#8211; 11.00<\/span><\/strong><\/td>\n<td style=\"border: 1px solid black; text-align: center;\"><strong><span style=\"font-size: small;\">11.00 &#8211; 13.00<\/span><\/strong><\/td>\n<td style=\"border: 1px solid black; text-align: center;\"><strong><span style=\"font-size: small;\">13.00 &#8211; 15.00<\/span><\/strong><\/td>\n<td style=\"border: 1px solid black; text-align: center;\"><strong><span style=\"font-size: small;\">15.00 &#8211; 17.00<\/span><\/strong><\/td>\n<td style=\"border: 1px solid black; text-align: center;\"><strong><span style=\"font-size: small;\">16.00 &#8211; 18.00<\/span><\/strong><\/td>\n<td style=\"border: 1px solid black; text-align: center;\"><strong><span style=\"font-size: small;\">17.00 &#8211; 19.00<\/span><\/strong><\/td>\n<\/tr>\n<\/tbody>\n<tbody>\n<tr>\n<td style=\"border: 1px solid black;\"><strong><span style=\"font-size: small;\">Pazartesi<\/span><\/strong><\/td>\n<td style=\"border: 1px solid black; text-align: center;\"><span style=\"font-size: small;\">Antrenman Bilimine Giri\u015f<br \/>\nK002<\/span><\/td>\n<td style=\"border: 1px solid black; text-align: center;\"><\/td>\n<td style=\"border: 1px solid black; text-align: center;\"><\/td>\n<td style=\"border: 1px solid black; text-align: center;\"><\/td>\n<td style=\"border: 1px solid black; text-align: center;\"><\/td>\n<td style=\"border: 1px solid black; text-align: center;\"><\/td>\n<\/tr>\n<\/tbody>\n<tbody>\n<tr>\n<td style=\"border: 1px solid black;\"><span style=\"font-size: small;\"><strong>Sal\u0131<\/strong><\/span><\/td>\n<td style=\"border: 1px solid black; text-align: center;\"><\/td>\n<td style=\"border: 1px solid black; text-align: center;\"><\/td>\n<td style=\"border: 1px solid black; text-align: center;\"><\/td>\n<td style=\"border: 1px solid black; text-align: center;\"><span style=\"font-size: small;\">\u00c7evre ve \u0130klim De\u011fi\u015fiklikleri<br \/>\nE102<\/span><\/p>\n<hr \/>\n<p><span style=\"font-size: small;\">Ameliyathane K\u00fclt\u00fcr\u00fc<br \/>\nD401<\/span><\/td>\n<td style=\"border: 1px solid black; text-align: center;\"><\/td>\n<td style=\"border: 1px solid black; text-align: center;\"><span style=\"font-size: small;\">Bitkilerle Tedavi<br \/>\nAmfi A<\/span><\/p>\n<hr \/>\n<p><span style=\"font-size: small;\">\u00d6zel Gereksinimliler<br \/>\nM101<\/span><\/p>\n<hr \/>\n<p><span style=\"font-size: small;\">\u00c7evre ve \u0130klim De\u011fi\u015fiklikleri ( II. \u00d6\u011fretim)<br \/>\nD101<\/span><\/td>\n<\/tr>\n<\/tbody>\n<tbody>\n<tr>\n<td style=\"border: 1px solid black;\"><strong><span style=\"font-size: small;\">\u00c7ar\u015famba<\/span><\/strong><\/td>\n<td style=\"border: 1px solid black; text-align: center;\"><span style=\"font-size: small;\">Ekoloji Bilgisi<br \/>\nM301<\/span><\/td>\n<td style=\"border: 1px solid black; text-align: center;\"><span style=\"font-size: small;\">\u00d6nlenebilir Hastal\u0131klar<br \/>\nKonferans Salonu<\/span><\/td>\n<td style=\"border: 1px solid black;\"><\/td>\n<td style=\"border: 1px solid black; text-align: center;\"><span style=\"font-size: small;\">\u0130\u015f Sa\u011fl\u0131\u011f\u0131 ve G\u00fcvenli\u011fi<br \/>\nKonferans Salonu<\/span><\/td>\n<td style=\"border: 1px solid black; text-align: center;\"><\/td>\n<td style=\"border: 1px solid black; text-align: center;\"><span style=\"font-size: small;\">\u0130lk Yard\u0131m ( II. \u00d6\u011fretim)<br \/>\nKonferans Salonu<\/span><\/td>\n<\/tr>\n<\/tbody>\n<tbody>\n<tr>\n<td style=\"border: 1px solid black;\"><span style=\"font-size: small;\"><strong>Per\u015fembe<\/strong><\/span><\/td>\n<td style=\"border: 1px solid black;\"><\/td>\n<td style=\"border: 1px solid black; text-align: center;\"><span style=\"font-size: small;\">Meslek Eti\u011fi<br \/>\nKonferans Salonu<\/span><\/td>\n<td style=\"border: 1px solid black; text-align: center;\"><span style=\"font-size: small;\">Sa\u011fl\u0131k Psikolojisi<br \/>\nKonferans Salonu<\/span><\/td>\n<td style=\"border: 1px solid black; text-align: center;\"><span style=\"font-size: small;\">T\u0131p ve Sinema<br \/>\nKonferans Salonu<\/span><\/td>\n<td style=\"border: 1px solid black; text-align: center;\"><span style=\"font-size: small;\">Foto\u011frafa Giri\u015f<br \/>\nE102<\/span><\/td>\n<td style=\"border: 1px solid black; text-align: center;\"><span style=\"font-size: small;\">Temel Sa\u011fl\u0131k ( II. \u00d6\u011fretim)<br \/>\nKonferans Salonu<\/span><\/p>\n<hr \/>\n<p><span style=\"font-size: small;\">Sa\u011fl\u0131k Psikolojisi<br \/>\n( II. \u00d6\u011fretim)<br \/>\nE101<\/span><\/td>\n<\/tr>\n<\/tbody>\n<tbody>\n<tr>\n<td style=\"border: 1px solid black;\"><strong><span style=\"font-size: small;\">Cuma<\/span><\/strong><\/td>\n<td style=\"border: 1px solid black; text-align: center;\"><span style=\"font-size: small;\">Temel Sa\u011fl\u0131k<br \/>\nKonferans Salonu<\/span><\/td>\n<td style=\"border: 1px solid black; text-align: center;\"><span style=\"font-size: small;\">\u0130lk Yard\u0131m<br \/>\nKonferans Salonu<\/span><\/td>\n<td style=\"border: 1px solid black; text-align: center;\"><\/td>\n<td style=\"border: 1px solid black;\"><\/td>\n<td style=\"border: 1px solid black; text-align: center;\"><\/td>\n<td style=\"border: 1px solid black; text-align: center;\"><span style=\"font-size: small;\">Halk Sa\u011fl\u0131\u011f\u0131<br \/>\nM201<\/span><\/td>\n<\/tr>\n<\/tbody>\n<\/table>\n<p>[\/vc_column_text][\/vc_tta_section][vc_tta_section title=&#8221;Ders Plan\u0131&#8221; tab_id=&#8221;1753363409949-233a3326-47ae&#8221;][vc_column_text]\n<!-- iframe plugin v.4.9 wordpress.org\/plugins\/iframe\/ -->\n<iframe loading=\"lazy\" src=\"https:\/\/ebs.kocaelisaglik.edu.tr\/Pages\/CoursePlan.aspx?lang=tr-TR&#038;academicYear=2025&#038;facultyId=2&#038;programId=41&#038;menuType=unit\" width=\"1600\" height=\"900\" allow=\"fullscreen\" scrolling=\"yes\" class=\"iframe-class\" frameborder=\"0\"><\/iframe>\n[\/vc_column_text][\/vc_tta_section][vc_tta_section i_icon_fontawesome=&#8221;fas fa-hand-point-right&#8221; add_icon=&#8221;true&#8221; title=&#8221;Dan\u0131\u015fmanl\u0131k&#8221; tab_id=&#8221;1759841740953-9c70158d-8556&#8243;][vc_column_text]<\/p>\n<table class=\"item\" style=\"table-layout: fixed; width: 100%; border: 2px solid black; border-collapse: collapse;\">\n<tbody>\n<tr>\n<td style=\"border: 1px solid black; text-align: center;\"><strong>DANI\u015eMAN<\/strong><\/td>\n<td style=\"border: 1px solid black; text-align: center;\"><strong>1. \u00d6\u011eRET\u0130M\u00a0<\/strong><\/td>\n<td style=\"border: 1px solid black; text-align: center;\"><strong>2. \u00d6\u011eRET\u0130M\u00a0<\/strong><\/td>\n<td style=\"border: 1px solid black; text-align: center;\"><strong>TOPLU DANI\u015eMANLIK G\u00dcN\u00dc<\/strong><\/td>\n<\/tr>\n<tr>\n<td style=\"border: 1px solid black;\"><\/td>\n<td style=\"border: 1px solid black; text-align: center;\"><span style=\"font-size: small;\">\u00c7ar\u015famba\u00a0 \u00a0: 10.00 &#8211; 11.00<\/span><\/td>\n<td style=\"border: 1px solid black; text-align: center;\"><span style=\"font-size: small;\">Pazartesi\u00a0 \u00a0: 16.00 &#8211; 17.00<\/span><\/td>\n<td style=\"border: 1px solid black; text-align: center;\"><span style=\"font-size: small;\">06.10.2025<\/span><\/td>\n<\/tr>\n<tr>\n<td style=\"border: 1px solid black;\"><\/td>\n<td style=\"border: 1px solid black; text-align: center;\"><\/td>\n<td style=\"border: 1px solid black;\"><\/td>\n<td style=\"border: 1px solid black; text-align: center;\"><\/td>\n<\/tr>\n<\/tbody>\n<\/table>\n<p>[\/vc_column_text][\/vc_tta_section][\/vc_tta_tabs][\/vc_column][\/vc_row]<\/p>\n<\/div>","protected":false},"excerpt":{"rendered":"<p>[vc_row][vc_column][vc_tta_tabs][vc_tta_section title=&#8221;Program Hakk\u0131nda&#8221; tab_id=&#8221;1753363205155-9e172c3d-b152&#8243;][vc_column_text]Program Ad\u0131:\u00a0 T\u0131bbi Veri \u0130\u015fleme Teknikerli\u011fi Program D\u00fczeyi: \u00d6n Lisans Program Dili:\u00a0T\u00fcrk\u00e7e Program Kazan\u0131mlar\u0131: Sa\u011fl\u0131k bili\u015fimi ve t\u0131bbi veri i\u015fleme alan\u0131ndaki temel kavramlar\u0131 a\u00e7\u0131klar T\u0131bbi veri t\u00fcrlerini ve sa\u011fl\u0131k bilgi sistemlerindeki rollerini tan\u0131mlar Elektronik sa\u011fl\u0131k kay\u0131tlar\u0131 (ESK) &hellip; <\/p>\n","protected":false},"author":12,"featured_media":0,"parent":0,"menu_order":0,"comment_status":"closed","ping_status":"closed","template":"","meta":{"footnotes":""},"_links":{"self":[{"href":"https:\/\/kocaelisaglik.edu.tr\/avrupamyo\/wp-json\/wp\/v2\/pages\/12071"}],"collection":[{"href":"https:\/\/kocaelisaglik.edu.tr\/avrupamyo\/wp-json\/wp\/v2\/pages"}],"about":[{"href":"https:\/\/kocaelisaglik.edu.tr\/avrupamyo\/wp-json\/wp\/v2\/types\/page"}],"author":[{"embeddable":true,"href":"https:\/\/kocaelisaglik.edu.tr\/avrupamyo\/wp-json\/wp\/v2\/users\/12"}],"replies":[{"embeddable":true,"href":"https:\/\/kocaelisaglik.edu.tr\/avrupamyo\/wp-json\/wp\/v2\/comments?post=12071"}],"version-history":[{"count":9,"href":"https:\/\/kocaelisaglik.edu.tr\/avrupamyo\/wp-json\/wp\/v2\/pages\/12071\/revisions"}],"predecessor-version":[{"id":12712,"href":"https:\/\/kocaelisaglik.edu.tr\/avrupamyo\/wp-json\/wp\/v2\/pages\/12071\/revisions\/12712"}],"wp:attachment":[{"href":"https:\/\/kocaelisaglik.edu.tr\/avrupamyo\/wp-json\/wp\/v2\/media?parent=12071"}],"curies":[{"name":"wp","href":"https:\/\/api.w.org\/{rel}","templated":true}]}}