{"id":12065,"date":"2025-06-23T16:27:22","date_gmt":"2025-06-23T13:27:22","guid":{"rendered":"https:\/\/kocaelisaglik.edu.tr\/avrupamyo\/?page_id=12065"},"modified":"2026-03-27T14:43:36","modified_gmt":"2026-03-27T11:43:36","slug":"deniz-liman-isletmeciligi","status":"publish","type":"page","link":"https:\/\/kocaelisaglik.edu.tr\/avrupamyo\/deniz-liman-isletmeciligi\/","title":{"rendered":"Deniz Liman \u0130\u015fletmecili\u011fi"},"content":{"rendered":"<div class=\"wpb-content-wrapper\"><p>[vc_row][vc_column][vc_tta_tabs][vc_tta_section title=&#8221;Program Hakk\u0131nda&#8221; tab_id=&#8221;1753359423420-a7350edf-892d&#8221;][vc_column_text]<strong>Program Ad\u0131<\/strong>:\u00a0 Deniz Liman \u0130\u015fletmecili\u011fi<\/p>\n<p><strong>Program D\u00fczeyi<\/strong>: \u00d6n Lisans<\/p>\n<p><strong>Program Dili<\/strong>:\u00a0T\u00fcrk\u00e7e<\/p>\n<p><strong>Program Kazan\u0131mlar\u0131<\/strong>:<\/p>\n<ul>\n<li>Matematik, fen ve m\u00fchendislik bilgilerini uygulama becerisi<\/li>\n<li>Deney tasarlay\u0131p y\u00fcr\u00fctebilme ve sonu\u00e7lar\u0131 analiz edip yorumlama becerisi<\/li>\n<li>Bir sistemi, \u00fcr\u00fcn bile\u015fenini veya prosesi istenilen gereksinimleri kar\u015f\u0131layacak \u015fekilde tasarlama becerisi<\/li>\n<li>\u00c7ok disiplinli tak\u0131m \u00e7al\u0131\u015fmas\u0131 y\u00fcr\u00fctebilme becerisi<\/li>\n<li>M\u00fchendislik problemlerini belirleme, form\u00fcle etme ve \u00e7\u00f6zme becerisi<\/li>\n<li>Mesleki ve etik sorumluluklar\u0131 kavrama<\/li>\n<li>\u00c7ok etkin s\u00f6zl\u00fc ve yaz\u0131l\u0131 ileti\u015fim kurabilme becerisi<\/li>\n<li>M\u00fchendislik \u00e7\u00f6z\u00fcmlerinin k\u00fcresel ve toplumsal ba\u011flamda etkisinin kavranmas\u0131 i\u00e7in gereken geni\u015f kapsaml\u0131 bir e\u011fitim<\/li>\n<li>Ya\u015fam boyu \u00f6\u011frenim gere\u011fini alg\u0131lam\u0131\u015f ve bu beceriyi kazanm\u0131\u015f olmalar\u0131<\/li>\n<li>G\u00fcncel\/\u00e7a\u011fda\u015f konulara ili\u015fkin bilgi sahibi olmalar\u0131<\/li>\n<li>M\u00fchendislik uygulamalar\u0131 i\u00e7in gerekli olan teknikleri, becerileri ve modern m\u00fchendislik donan\u0131mlar\u0131n\u0131 kullanabilme becerisi<\/li>\n<li>Konteyner ta\u015f\u0131mac\u0131l\u0131\u011f\u0131 ve onunla ba\u011flant\u0131l\u0131 t\u00fcm ula\u015ft\u0131rma operasyonlar\u0131n\u0131n hukuksal toplumsal ve \u00e7evresel \u00e7er\u00e7evesinin gerektirdi\u011fi bilgileri uygulama becerisi<\/li>\n<li>Karar, uygulama ve davran\u0131\u015flar\u0131nda konteyner i\u015fletmecili\u011fi ve y\u00f6netimine ili\u015fkin verileri yorumlayabilme, analiz edebilme, sorunlar\u0131 tan\u0131mlayabilme ve \u00e7\u00f6z\u00fcm \u00f6nerileri getirebilme becerisi<\/li>\n<\/ul>\n<p>&nbsp;<\/p>\n<p><strong>Mezun \u00c7al\u0131\u015fma Alanlar\u0131<\/strong>:<\/p>\n<p>Deniz Liman \u0130\u015fletmecili\u011fi b\u00f6l\u00fcm\u00fc, denizcilik sekt\u00f6r\u00fcyle ilgili pek \u00e7ok alanda \u00e7al\u0131\u015fabilecek mezunlar yeti\u015ftirmektedir. Bu b\u00f6l\u00fcmden mezun olanlar, denizcilik sekt\u00f6r\u00fcn\u00fcn farkl\u0131 alanlar\u0131nda g\u00f6rev alabilir ve bu alandaki i\u015f g\u00fcc\u00fc ihtiyac\u0131 s\u00fcrekli olarak talep g\u00f6rmektedir. Deniz Liman \u0130\u015fletmecili\u011fi b\u00f6l\u00fcm\u00fc mezunlar\u0131, liman i\u015fletmelerinde, deniz ta\u015f\u0131mac\u0131l\u0131\u011f\u0131 \u015firketlerinde, lojistik firmalar\u0131nda, g\u00fcmr\u00fckleme ve ticaret alanlar\u0131nda ve devlet kurumlar\u0131nda istihdam edilebilir ve bu sekt\u00f6rlerdeki b\u00fcy\u00fcme ile s\u00fcrekli bir talep olu\u015fmaktad\u0131r.[\/vc_column_text][\/vc_tta_section][vc_tta_section title=&#8221;Haftal\u0131k Ders Program\u0131&#8221; tab_id=&#8221;1753359423425-93c8bf2f-b51c&#8221;][vc_column_text]<\/p>\n<table class=\"item\" style=\"table-layout: fixed; width: 100%; border: 2px solid black; border-collapse: collapse;\">\n<tbody>\n<tr>\n<td style=\"border: 1px solid black; text-align: center;\" colspan=\"8\"><strong><span style=\"font-size: small;\">\u00a02025 \/ 2026 BAHAR YARIYILI 1.SINIF<\/span><\/strong><\/td>\n<\/tr>\n<tr>\n<td style=\"border: 1px solid black;\"><span style=\"font-size: small;\"><span style=\"color: white;\">Pazartesi<\/span><\/span><\/td>\n<td style=\"border: 1px solid black; text-align: center;\"><strong><span style=\"font-size: small;\">09.00 &#8211; 11.00<\/span><\/strong><\/td>\n<td style=\"border: 1px solid black; text-align: center;\"><strong><span style=\"font-size: small;\">11.00 &#8211; 13.00<\/span><\/strong><\/td>\n<td style=\"border: 1px solid black; text-align: center;\"><strong><span style=\"font-size: small;\">13.00 &#8211; 15.00<\/span><\/strong><\/td>\n<td style=\"border: 1px solid black; text-align: center;\"><strong><span style=\"font-size: small;\">15.00 &#8211; 17.00<\/span><\/strong><\/td>\n<td style=\"border: 1px solid black; text-align: center;\"><strong><span style=\"font-size: small;\">17.00 &#8211; 19.00<\/span><\/strong><\/td>\n<td style=\"border: 1px solid black; text-align: center;\"><strong><span style=\"font-size: small;\">19.00 &#8211; 21.00<\/span><\/strong><\/td>\n<td style=\"border: 1px solid black; text-align: center;\"><strong><span style=\"font-size: small;\">21.00 &#8211; 23.00<\/span><\/strong><\/td>\n<\/tr>\n<\/tbody>\n<tbody>\n<tr>\n<td style=\"border: 1px solid black;\"><strong><span style=\"font-size: small;\">Pazartesi<\/span><\/strong><\/td>\n<td style=\"border: 1px solid black; text-align: center;\"><\/td>\n<td style=\"border: 1px solid black; text-align: center;\"><\/td>\n<td style=\"border: 1px solid black; text-align: center;\"><\/td>\n<td style=\"border: 1px solid black; text-align: center;\"><\/td>\n<td style=\"border: 1px solid black; text-align: center;\"><\/td>\n<td style=\"border: 1px solid black; text-align: center;\"><\/td>\n<td style=\"border: 1px solid black;\"><\/td>\n<\/tr>\n<\/tbody>\n<tbody>\n<tr>\n<td style=\"border: 1px solid black;\"><span style=\"font-size: small;\"><strong>Sal\u0131<\/strong><\/span><\/td>\n<td style=\"border: 1px solid black; text-align: center;\"><\/td>\n<td style=\"border: 1px solid black; text-align: center;\"><\/td>\n<td style=\"border: 1px solid black; text-align: center;\"><\/td>\n<td style=\"border: 1px solid black; text-align: center;\"><span style=\"font-size: small;\">Uluslararas\u0131 Denizcilik S\u00f6zle\u015fmeleri<br \/>\n\u00d6\u011fr. G\u00f6r.<br \/>\nAhmet \u00d6mer Y\u00dcCE<br \/>\nD302<\/span><\/td>\n<td style=\"border: 1px solid black; text-align: center;\"><\/td>\n<td style=\"border: 1px solid black; text-align: center;\"><\/td>\n<td style=\"border: 1px solid black; text-align: center;\"><\/td>\n<\/tr>\n<\/tbody>\n<tbody>\n<tr>\n<td style=\"border: 1px solid black;\"><strong><span style=\"font-size: small;\">\u00c7ar\u015famba<\/span><\/strong><\/td>\n<td style=\"border: 1px solid black; text-align: center;\"><span style=\"font-size: small;\">Deniz Hukuku<br \/>\n\u00d6\u011fr. G\u00f6r.<br \/>\nB\u00fc\u015fra A\u015eIKO\u011eLU<br \/>\nK001<\/span><\/td>\n<td style=\"border: 1px solid black; text-align: center;\"><span style=\"font-size: small;\">Temel Matematik<br \/>\n\u00d6\u011fr. G\u00f6r.<br \/>\nNilay AKYIL<br \/>\nD202<\/span><\/td>\n<td style=\"border: 1px solid black; text-align: center;\"><span style=\"font-size: small;\">Denizcilikte G\u00fcmr\u00fck \u0130\u015flemleri<br \/>\n\u00d6\u011fr. G\u00f6r.<br \/>\nB\u00fc\u015fra A\u015eIKO\u011eLU<br \/>\nS201<\/span><\/td>\n<td style=\"border: 1px solid black; text-align: center;\"><\/td>\n<td style=\"border: 1px solid black; text-align: center;\"><\/td>\n<td style=\"border: 1px solid black; text-align: center;\"><\/td>\n<td style=\"border: 1px solid black; text-align: center;\"><\/td>\n<\/tr>\n<\/tbody>\n<tbody>\n<tr>\n<td style=\"border: 1px solid black;\"><span style=\"font-size: small;\"><strong>Per\u015fembe<\/strong><\/span><\/td>\n<td style=\"border: 1px solid black;\"><\/td>\n<td style=\"border: 1px solid black; text-align: center;\"><\/td>\n<td style=\"border: 1px solid black; text-align: center;\"><\/td>\n<td style=\"border: 1px solid black; text-align: center;\"><\/td>\n<td style=\"border: 1px solid black; text-align: center;\"><\/td>\n<td style=\"border: 1px solid black; text-align: center;\"><\/td>\n<td style=\"border: 1px solid black; text-align: center;\"><\/td>\n<\/tr>\n<\/tbody>\n<tbody>\n<tr>\n<td style=\"border: 1px solid black;\"><strong><span style=\"font-size: small;\">Cuma<\/span><\/strong><\/td>\n<td style=\"border: 1px solid black; text-align: center;\"><span style=\"font-size: small;\">Gemi Acente \u0130\u015fletmecili\u011fi ve Kiralama<br \/>\n\u00d6\u011fr. G\u00f6r.<br \/>\nB\u00fc\u015fra A\u015eIKO\u011eLU<br \/>\nK001<\/span><\/td>\n<td style=\"border: 1px solid black; text-align: center;\"><span style=\"font-size: small;\">Liman \u0130\u015fletmecili\u011fi ve Y\u00f6netimi<br \/>\n\u00d6\u011fr. G\u00f6r.<br \/>\nB\u00fc\u015fra A\u015eIKO\u011eLU<br \/>\nK001<\/span><\/td>\n<td style=\"border: 1px solid black; text-align: center;\"><\/td>\n<td style=\"border: 1px solid black;\"><\/td>\n<td style=\"border: 1px solid black; text-align: center;\"><\/td>\n<td style=\"border: 1px solid black; text-align: center;\"><\/td>\n<td style=\"border: 1px solid black; text-align: center;\"><\/td>\n<\/tr>\n<\/tbody>\n<\/table>\n<p>[\/vc_column_text][vc_empty_space][vc_column_text]<\/p>\n<table class=\"item\" style=\"table-layout: fixed; width: 100%; border: 2px solid black; border-collapse: collapse;\">\n<tbody>\n<tr>\n<td style=\"border: 1px solid black; text-align: center;\" colspan=\"7\"><strong><span style=\"font-size: small;\">\u00a0SE\u00c7MEL\u0130 DERSLER<\/span><\/strong><\/td>\n<\/tr>\n<tr>\n<td style=\"border: 1px solid black;\"><span style=\"font-size: small;\"><span style=\"color: white;\">Pazartesi<\/span><\/span><\/td>\n<td style=\"border: 1px solid black; text-align: center;\"><strong><span style=\"font-size: small;\">09.00 &#8211; 11.00<\/span><\/strong><\/td>\n<td style=\"border: 1px solid black; text-align: center;\"><strong><span style=\"font-size: small;\">11.00 &#8211; 13.00<\/span><\/strong><\/td>\n<td style=\"border: 1px solid black; text-align: center;\"><strong><span style=\"font-size: small;\">13.00 &#8211; 15.00<\/span><\/strong><\/td>\n<td style=\"border: 1px solid black; text-align: center;\"><strong><span style=\"font-size: small;\">15.00 &#8211; 17.00<\/span><\/strong><\/td>\n<td style=\"border: 1px solid black; text-align: center;\"><strong><span style=\"font-size: small;\">16.00 &#8211; 18.00<\/span><\/strong><\/td>\n<td style=\"border: 1px solid black; text-align: center;\"><strong><span style=\"font-size: small;\">17.00 &#8211; 19.00<\/span><\/strong><\/td>\n<\/tr>\n<\/tbody>\n<tbody>\n<tr>\n<td style=\"border: 1px solid black;\"><strong><span style=\"font-size: small;\">Pazartesi<\/span><\/strong><\/td>\n<td style=\"border: 1px solid black; text-align: center;\"><span style=\"font-size: small;\">Antrenman Bilimine Giri\u015f<br \/>\nK002<\/span><\/td>\n<td style=\"border: 1px solid black; text-align: center;\"><\/td>\n<td style=\"border: 1px solid black; text-align: center;\"><\/td>\n<td style=\"border: 1px solid black; text-align: center;\"><\/td>\n<td style=\"border: 1px solid black; text-align: center;\"><\/td>\n<td style=\"border: 1px solid black; text-align: center;\"><\/td>\n<\/tr>\n<\/tbody>\n<tbody>\n<tr>\n<td style=\"border: 1px solid black;\"><span style=\"font-size: small;\"><strong>Sal\u0131<\/strong><\/span><\/td>\n<td style=\"border: 1px solid black; text-align: center;\"><\/td>\n<td style=\"border: 1px solid black; text-align: center;\"><\/td>\n<td style=\"border: 1px solid black; text-align: center;\"><\/td>\n<td style=\"border: 1px solid black; text-align: center;\"><span style=\"font-size: small;\">\u00c7evre ve \u0130klim De\u011fi\u015fiklikleri<br \/>\nE102<\/span><\/p>\n<hr \/>\n<p><span style=\"font-size: small;\">Ameliyathane K\u00fclt\u00fcr\u00fc<br \/>\nD401<\/span><\/td>\n<td style=\"border: 1px solid black; text-align: center;\"><\/td>\n<td style=\"border: 1px solid black; text-align: center;\"><span style=\"font-size: small;\">Bitkilerle Tedavi<br \/>\nAmfi A<\/span><\/p>\n<hr \/>\n<p><span style=\"font-size: small;\">\u00d6zel Gereksinimliler<br \/>\nM101<\/span><\/p>\n<hr \/>\n<p><span style=\"font-size: small;\">\u00c7evre ve \u0130klim De\u011fi\u015fiklikleri ( II. \u00d6\u011fretim)<br \/>\nD101<\/span><\/td>\n<\/tr>\n<\/tbody>\n<tbody>\n<tr>\n<td style=\"border: 1px solid black;\"><strong><span style=\"font-size: small;\">\u00c7ar\u015famba<\/span><\/strong><\/td>\n<td style=\"border: 1px solid black; text-align: center;\"><span style=\"font-size: small;\">Ekoloji Bilgisi<br \/>\nM301<\/span><\/td>\n<td style=\"border: 1px solid black; text-align: center;\"><span style=\"font-size: small;\">\u00d6nlenebilir Hastal\u0131klar<br \/>\nKonferans Salonu<\/span><\/td>\n<td style=\"border: 1px solid black;\"><\/td>\n<td style=\"border: 1px solid black; text-align: center;\"><span style=\"font-size: small;\">\u0130\u015f Sa\u011fl\u0131\u011f\u0131 ve G\u00fcvenli\u011fi<br \/>\nKonferans Salonu<\/span><\/td>\n<td style=\"border: 1px solid black; text-align: center;\"><\/td>\n<td style=\"border: 1px solid black; text-align: center;\"><span style=\"font-size: small;\">\u0130lk Yard\u0131m ( II. \u00d6\u011fretim)<br \/>\nKonferans Salonu<\/span><\/td>\n<\/tr>\n<\/tbody>\n<tbody>\n<tr>\n<td style=\"border: 1px solid black;\"><span style=\"font-size: small;\"><strong>Per\u015fembe<\/strong><\/span><\/td>\n<td style=\"border: 1px solid black;\"><\/td>\n<td style=\"border: 1px solid black; text-align: center;\"><span style=\"font-size: small;\">Meslek Eti\u011fi<br \/>\nKonferans Salonu<\/span><\/td>\n<td style=\"border: 1px solid black; text-align: center;\"><span style=\"font-size: small;\">Sa\u011fl\u0131k Psikolojisi<br \/>\nKonferans Salonu<\/span><\/td>\n<td style=\"border: 1px solid black; text-align: center;\"><span style=\"font-size: small;\">T\u0131p ve Sinema<br \/>\nKonferans Salonu<\/span><\/td>\n<td style=\"border: 1px solid black; text-align: center;\"><span style=\"font-size: small;\">Foto\u011frafa Giri\u015f<br \/>\nE102<\/span><\/td>\n<td style=\"border: 1px solid black; text-align: center;\"><span style=\"font-size: small;\">Temel Sa\u011fl\u0131k ( II. \u00d6\u011fretim)<br \/>\nKonferans Salonu<\/span><\/p>\n<hr \/>\n<p><span style=\"font-size: small;\">Sa\u011fl\u0131k Psikolojisi<br \/>\n( II. \u00d6\u011fretim)<br \/>\nE101<\/span><\/td>\n<\/tr>\n<\/tbody>\n<tbody>\n<tr>\n<td style=\"border: 1px solid black;\"><strong><span style=\"font-size: small;\">Cuma<\/span><\/strong><\/td>\n<td style=\"border: 1px solid black; text-align: center;\"><span style=\"font-size: small;\">Temel Sa\u011fl\u0131k<br \/>\nKonferans Salonu<\/span><\/td>\n<td style=\"border: 1px solid black; text-align: center;\"><span style=\"font-size: small;\">\u0130lk Yard\u0131m<br \/>\nKonferans Salonu<\/span><\/td>\n<td style=\"border: 1px solid black; text-align: center;\"><\/td>\n<td style=\"border: 1px solid black;\"><\/td>\n<td style=\"border: 1px solid black; text-align: center;\"><\/td>\n<td style=\"border: 1px solid black; text-align: center;\"><span style=\"font-size: small;\">Halk Sa\u011fl\u0131\u011f\u0131<br \/>\nM201<\/span><\/td>\n<\/tr>\n<\/tbody>\n<\/table>\n<p>[\/vc_column_text][\/vc_tta_section][vc_tta_section title=&#8221;Ders Plan\u0131&#8221; tab_id=&#8221;1753359882132-cee386eb-5d35&#8243;][vc_column_text]\n<!-- iframe plugin v.4.9 wordpress.org\/plugins\/iframe\/ -->\n<iframe loading=\"lazy\" src=\"https:\/\/ebs.kocaelisaglik.edu.tr\/Pages\/CoursePlan.aspx?lang=tr-TR&#038;academicYear=2025&#038;facultyId=2&#038;programId=36&#038;menuType=unit\" width=\"1600\" height=\"900\" allow=\"fullscreen\" scrolling=\"yes\" class=\"iframe-class\" frameborder=\"0\"><\/iframe>\n[\/vc_column_text][\/vc_tta_section][vc_tta_section i_icon_fontawesome=&#8221;fas fa-hand-point-right&#8221; add_icon=&#8221;true&#8221; title=&#8221;Dan\u0131\u015fmanl\u0131k&#8221; tab_id=&#8221;1759739127170-692df242-816a&#8221;][vc_column_text]<\/p>\n<table class=\"item\" style=\"table-layout: fixed; width: 100%; border: 2px solid black; border-collapse: collapse;\">\n<tbody>\n<tr>\n<td style=\"border: 1px solid black; text-align: center;\"><strong>DANI\u015eMAN<\/strong><\/td>\n<td style=\"border: 1px solid black; text-align: center;\"><strong>1. \u00d6\u011eRET\u0130M\u00a0<\/strong><\/td>\n<td style=\"border: 1px solid black; text-align: center;\"><strong>2. \u00d6\u011eRET\u0130M\u00a0<\/strong><\/td>\n<td style=\"border: 1px solid black; text-align: center;\"><strong>TOPLU DANI\u015eMANLIK G\u00dcN\u00dc<\/strong><\/td>\n<\/tr>\n<tr>\n<td style=\"border: 1px solid black;\"><span style=\"font-size: small;\">B\u00fc\u015fra A\u015eIKO\u011eLU<\/span><\/td>\n<td style=\"border: 1px solid black; text-align: center;\"><span style=\"font-size: small;\">\u00c7ar\u015famba\u00a0 \u00a0: 10.00 &#8211; 11.00<\/span><\/td>\n<td style=\"border: 1px solid black; text-align: center;\"><\/td>\n<td style=\"border: 1px solid black; text-align: center;\"><span style=\"font-size: small;\">14.10.2025<\/span><\/td>\n<\/tr>\n<tr>\n<td style=\"border: 1px solid black;\"><\/td>\n<td style=\"border: 1px solid black; text-align: center;\"><\/td>\n<td style=\"border: 1px solid black;\"><\/td>\n<td style=\"border: 1px solid black; text-align: center;\"><\/td>\n<\/tr>\n<\/tbody>\n<\/table>\n<p>[\/vc_column_text][\/vc_tta_section][\/vc_tta_tabs][\/vc_column][\/vc_row]<\/p>\n<\/div>","protected":false},"excerpt":{"rendered":"<p>[vc_row][vc_column][vc_tta_tabs][vc_tta_section title=&#8221;Program Hakk\u0131nda&#8221; tab_id=&#8221;1753359423420-a7350edf-892d&#8221;][vc_column_text]Program Ad\u0131:\u00a0 Deniz Liman \u0130\u015fletmecili\u011fi Program D\u00fczeyi: \u00d6n Lisans Program Dili:\u00a0T\u00fcrk\u00e7e Program Kazan\u0131mlar\u0131: Matematik, fen ve m\u00fchendislik bilgilerini uygulama becerisi Deney tasarlay\u0131p y\u00fcr\u00fctebilme ve sonu\u00e7lar\u0131 analiz edip yorumlama becerisi Bir sistemi, \u00fcr\u00fcn bile\u015fenini veya prosesi istenilen gereksinimleri &hellip; <\/p>\n","protected":false},"author":12,"featured_media":0,"parent":0,"menu_order":0,"comment_status":"closed","ping_status":"closed","template":"","meta":{"footnotes":""},"_links":{"self":[{"href":"https:\/\/kocaelisaglik.edu.tr\/avrupamyo\/wp-json\/wp\/v2\/pages\/12065"}],"collection":[{"href":"https:\/\/kocaelisaglik.edu.tr\/avrupamyo\/wp-json\/wp\/v2\/pages"}],"about":[{"href":"https:\/\/kocaelisaglik.edu.tr\/avrupamyo\/wp-json\/wp\/v2\/types\/page"}],"author":[{"embeddable":true,"href":"https:\/\/kocaelisaglik.edu.tr\/avrupamyo\/wp-json\/wp\/v2\/users\/12"}],"replies":[{"embeddable":true,"href":"https:\/\/kocaelisaglik.edu.tr\/avrupamyo\/wp-json\/wp\/v2\/comments?post=12065"}],"version-history":[{"count":9,"href":"https:\/\/kocaelisaglik.edu.tr\/avrupamyo\/wp-json\/wp\/v2\/pages\/12065\/revisions"}],"predecessor-version":[{"id":12695,"href":"https:\/\/kocaelisaglik.edu.tr\/avrupamyo\/wp-json\/wp\/v2\/pages\/12065\/revisions\/12695"}],"wp:attachment":[{"href":"https:\/\/kocaelisaglik.edu.tr\/avrupamyo\/wp-json\/wp\/v2\/media?parent=12065"}],"curies":[{"name":"wp","href":"https:\/\/api.w.org\/{rel}","templated":true}]}}