{"id":12063,"date":"2025-06-23T16:07:46","date_gmt":"2025-06-23T13:07:46","guid":{"rendered":"https:\/\/kocaelisaglik.edu.tr\/avrupamyo\/?page_id=12063"},"modified":"2026-03-30T14:20:25","modified_gmt":"2026-03-30T11:20:25","slug":"web-tasarimi-ve-kodlama","status":"publish","type":"page","link":"https:\/\/kocaelisaglik.edu.tr\/avrupamyo\/web-tasarimi-ve-kodlama\/","title":{"rendered":"Web Tasar\u0131m\u0131 ve Kodlama"},"content":{"rendered":"<div class=\"wpb-content-wrapper\"><p>[vc_row][vc_column][vc_tta_tabs][vc_tta_section title=&#8221;Program Hakk\u0131nda&#8221; tab_id=&#8221;1753363656772-496240d8-4457&#8243;][vc_column_text]<strong>Program Ad\u0131<\/strong>:\u00a0 Web Tasar\u0131m\u0131 ve Kodlama<\/p>\n<p><strong>Program D\u00fczeyi<\/strong>: \u00d6n Lisans<\/p>\n<p><strong>Program Dili<\/strong>:\u00a0T\u00fcrk\u00e7e<\/p>\n<p><strong>Program Kazan\u0131mlar\u0131<\/strong>:<\/p>\n<ul>\n<li>Web projelerini planlama ve y\u00f6netme becerisini kazan\u0131r.<\/li>\n<li>Yaz\u0131l\u0131m geli\u015ftirme s\u00fcrecinde ortaya \u00e7\u0131kan sorunlar\u0131 \u00e7\u00f6zme yetene\u011fini kazan\u0131r.<\/li>\n<li>Ekip i\u00e7inde etkili bir \u015fekilde \u00e7al\u0131\u015fabilme becerisini kazan\u0131r.<\/li>\n<li>SQL gibi veri taban\u0131 dilleri ile \u00e7al\u0131\u015fabilme,<\/li>\n<li>Farkl\u0131 cihazlarda uyumlu web tasar\u0131mlar\u0131 olu\u015fturma yetene\u011fine kazanma,<\/li>\n<li>HTML, CSS, JavaScript gibi dillerde yeterlilik.<\/li>\n<\/ul>\n<p>&nbsp;<\/p>\n<p><strong>Mezun \u00c7al\u0131\u015fma Alanlar\u0131<\/strong>:<\/p>\n<p>Web tasar\u0131m ve geli\u015ftirme hizmetleri sunan ajanslarda , B\u00fcy\u00fck firmalar\u0131n i\u00e7indeki web geli\u015ftirme ekiplerinde , Serbest \u00e7al\u0131\u015farak m\u00fc\u015fterilere \u00f6zel proje geli\u015ftirmede,\u00a0 Online ma\u011fazalar\u0131n web sitelerini tasarlay\u0131p y\u00f6netme i\u015flerinde,\u00a0 Yaz\u0131l\u0131m ve uygulama geli\u015ftirme s\u00fcre\u00e7lerinde ,Web sitelerinin arama motorlar\u0131 i\u00e7in optimize edilmesi konusunda uzmanla\u015fabilirler.[\/vc_column_text][\/vc_tta_section][vc_tta_section title=&#8221;Haftal\u0131k Ders Programi&#8221; tab_id=&#8221;1753363656778-92931251-6494&#8243;][vc_column_text]<\/p>\n<table class=\"item\" style=\"table-layout: fixed; width: 100%; border: 2px solid black; border-collapse: collapse;\">\n<tbody>\n<tr>\n<td style=\"border: 1px solid black; text-align: center;\" colspan=\"8\"><strong><span style=\"font-size: small;\">\u00a02025 \/ 2026 BAHAR YARIYILI 1.SINIF<\/span><\/strong><\/td>\n<\/tr>\n<tr>\n<td style=\"border: 1px solid black;\"><span style=\"font-size: small;\"><span style=\"color: white;\">Pazartesi<\/span><\/span><\/td>\n<td style=\"border: 1px solid black; text-align: center;\"><strong><span style=\"font-size: small;\">09.00 &#8211; 11.00<\/span><\/strong><\/td>\n<td style=\"border: 1px solid black; text-align: center;\"><strong><span style=\"font-size: small;\">11.00 &#8211; 13.00<\/span><\/strong><\/td>\n<td style=\"border: 1px solid black; text-align: center;\"><strong><span style=\"font-size: small;\">13.00 &#8211; 15.00<\/span><\/strong><\/td>\n<td style=\"border: 1px solid black; text-align: center;\"><strong><span style=\"font-size: small;\">15.00 &#8211; 17.00<\/span><\/strong><\/td>\n<td style=\"border: 1px solid black; text-align: center;\"><strong><span style=\"font-size: small;\">17.00 &#8211; 19.00<\/span><\/strong><\/td>\n<td style=\"border: 1px solid black; text-align: center;\"><strong><span style=\"font-size: small;\">19.00 &#8211; 21.00<\/span><\/strong><\/td>\n<td style=\"border: 1px solid black; text-align: center;\"><strong><span style=\"font-size: small;\">21.00 &#8211; 23.00<\/span><\/strong><\/td>\n<\/tr>\n<\/tbody>\n<tbody>\n<tr>\n<td style=\"border: 1px solid black;\"><strong><span style=\"font-size: small;\">Pazartesi<\/span><\/strong><\/td>\n<td style=\"border: 1px solid black; text-align: center;\"><\/td>\n<td style=\"border: 1px solid black; text-align: center;\"><\/td>\n<td style=\"border: 1px solid black; text-align: center;\"><\/td>\n<td style=\"border: 1px solid black; text-align: center;\"><\/td>\n<td style=\"border: 1px solid black; text-align: center;\"><\/td>\n<td style=\"border: 1px solid black; text-align: center;\"><\/td>\n<td style=\"border: 1px solid black;\"><\/td>\n<\/tr>\n<\/tbody>\n<tbody>\n<tr>\n<td style=\"border: 1px solid black;\"><span style=\"font-size: small;\"><strong>Sal\u0131<\/strong><\/span><\/td>\n<td style=\"border: 1px solid black; text-align: center;\"><\/td>\n<td style=\"border: 1px solid black; text-align: center;\"><span style=\"font-size: small;\">Javascript ile Web Programlama<br \/>\n\u00d6\u011fr. G\u00f6r.<br \/>\nSelin CANBULAT<br \/>\nK\u00fc\u00e7\u00fck Bilg. Lab.<\/span><\/td>\n<td style=\"border: 1px solid black; text-align: center;\"><\/td>\n<td style=\"border: 1px solid black; text-align: center;\"><span style=\"font-size: small;\">Veritaban\u0131 Y\u00f6netimi ve SQL<br \/>\n\u00d6\u011fr. G\u00f6r.<br \/>\nSelin CANBULAT<br \/>\nD101<\/span><\/td>\n<td style=\"border: 1px solid black; text-align: center;\"><\/td>\n<td style=\"border: 1px solid black; text-align: center;\"><\/td>\n<td style=\"border: 1px solid black; text-align: center;\"><\/td>\n<\/tr>\n<\/tbody>\n<tbody>\n<tr>\n<td style=\"border: 1px solid black;\"><strong><span style=\"font-size: small;\">\u00c7ar\u015famba<\/span><\/strong><\/td>\n<td style=\"border: 1px solid black; text-align: center;\"><\/td>\n<td style=\"border: 1px solid black; text-align: center;\"><\/td>\n<td style=\"border: 1px solid black; text-align: center;\"><span style=\"font-size: small;\">HTML ve CSS Geli\u015ftirme<br \/>\n\u00d6\u011fr. G\u00f6r.<br \/>\nG\u00f6zde Mihran KAYA<br \/>\nB\u00fcy\u00fck Bilg. Lab. 1<\/span><\/td>\n<td style=\"border: 1px solid black; text-align: center;\"><span style=\"font-size: small;\">Responsive Web Tasar\u0131m\u0131<br \/>\n\u00d6\u011fr. G\u00f6r.<br \/>\nG\u00f6zde Mihran KAYA<br \/>\nK\u00fc\u00e7\u00fck Bilg. Lab.\u00a0<\/span><\/td>\n<td style=\"border: 1px solid black; text-align: center;\"><\/td>\n<td style=\"border: 1px solid black; text-align: center;\"><\/td>\n<td style=\"border: 1px solid black; text-align: center;\"><\/td>\n<\/tr>\n<\/tbody>\n<tbody>\n<tr>\n<td style=\"border: 1px solid black;\"><span style=\"font-size: small;\"><strong>Per\u015fembe<\/strong><\/span><\/td>\n<td style=\"border: 1px solid black;\"><\/td>\n<td style=\"border: 1px solid black; text-align: center;\"><\/td>\n<td style=\"border: 1px solid black; text-align: center;\"><\/td>\n<td style=\"border: 1px solid black; text-align: center;\"><\/td>\n<td style=\"border: 1px solid black; text-align: center;\"><\/td>\n<td style=\"border: 1px solid black; text-align: center;\"><\/td>\n<td style=\"border: 1px solid black; text-align: center;\"><\/td>\n<\/tr>\n<\/tbody>\n<tbody>\n<tr>\n<td style=\"border: 1px solid black;\"><strong><span style=\"font-size: small;\">Cuma<\/span><\/strong><\/td>\n<td style=\"border: 1px solid black;\"><\/td>\n<td style=\"border: 1px solid black;\"><\/td>\n<td style=\"border: 1px solid black; text-align: center;\"><\/td>\n<td style=\"border: 1px solid black;\"><\/td>\n<td style=\"border: 1px solid black; text-align: center;\"><\/td>\n<td style=\"border: 1px solid black; text-align: center;\"><\/td>\n<td style=\"border: 1px solid black; text-align: center;\"><\/td>\n<\/tr>\n<\/tbody>\n<\/table>\n<p>[\/vc_column_text][vc_empty_space][vc_column_text]<\/p>\n<table class=\"item\" style=\"table-layout: fixed; width: 100%; border: 2px solid black; border-collapse: collapse;\">\n<tbody>\n<tr>\n<td style=\"border: 1px solid black; text-align: center;\" colspan=\"7\"><strong><span style=\"font-size: small;\">\u00a0SE\u00c7MEL\u0130 DERSLER<\/span><\/strong><\/td>\n<\/tr>\n<tr>\n<td style=\"border: 1px solid black;\"><span style=\"font-size: small;\"><span style=\"color: white;\">Pazartesi<\/span><\/span><\/td>\n<td style=\"border: 1px solid black; text-align: center;\"><strong><span style=\"font-size: small;\">09.00 &#8211; 11.00<\/span><\/strong><\/td>\n<td style=\"border: 1px solid black; text-align: center;\"><strong><span style=\"font-size: small;\">11.00 &#8211; 13.00<\/span><\/strong><\/td>\n<td style=\"border: 1px solid black; text-align: center;\"><strong><span style=\"font-size: small;\">13.00 &#8211; 15.00<\/span><\/strong><\/td>\n<td style=\"border: 1px solid black; text-align: center;\"><strong><span style=\"font-size: small;\">15.00 &#8211; 17.00<\/span><\/strong><\/td>\n<td style=\"border: 1px solid black; text-align: center;\"><strong><span style=\"font-size: small;\">16.00 &#8211; 18.00<\/span><\/strong><\/td>\n<td style=\"border: 1px solid black; text-align: center;\"><strong><span style=\"font-size: small;\">17.00 &#8211; 19.00<\/span><\/strong><\/td>\n<\/tr>\n<\/tbody>\n<tbody>\n<tr>\n<td style=\"border: 1px solid black;\"><strong><span style=\"font-size: small;\">Pazartesi<\/span><\/strong><\/td>\n<td style=\"border: 1px solid black; text-align: center;\"><span style=\"font-size: small;\">Antrenman Bilimine Giri\u015f<br \/>\nK002<\/span><\/td>\n<td style=\"border: 1px solid black; text-align: center;\"><\/td>\n<td style=\"border: 1px solid black; text-align: center;\"><\/td>\n<td style=\"border: 1px solid black; text-align: center;\"><\/td>\n<td style=\"border: 1px solid black; text-align: center;\"><\/td>\n<td style=\"border: 1px solid black; text-align: center;\"><\/td>\n<\/tr>\n<\/tbody>\n<tbody>\n<tr>\n<td style=\"border: 1px solid black;\"><span style=\"font-size: small;\"><strong>Sal\u0131<\/strong><\/span><\/td>\n<td style=\"border: 1px solid black; text-align: center;\"><\/td>\n<td style=\"border: 1px solid black; text-align: center;\"><\/td>\n<td style=\"border: 1px solid black; text-align: center;\"><\/td>\n<td style=\"border: 1px solid black; text-align: center;\"><span style=\"font-size: small;\">\u00c7evre ve \u0130klim De\u011fi\u015fiklikleri<br \/>\nE102<\/span><\/p>\n<hr \/>\n<p><span style=\"font-size: small;\">Ameliyathane K\u00fclt\u00fcr\u00fc<br \/>\nD401<\/span><\/td>\n<td style=\"border: 1px solid black; text-align: center;\"><\/td>\n<td style=\"border: 1px solid black; text-align: center;\"><span style=\"font-size: small;\">Bitkilerle Tedavi<br \/>\nAmfi A<\/span><\/p>\n<hr \/>\n<p><span style=\"font-size: small;\">\u00d6zel Gereksinimliler<br \/>\nM101<\/span><\/p>\n<hr \/>\n<p><span style=\"font-size: small;\">\u00c7evre ve \u0130klim De\u011fi\u015fiklikleri ( II. \u00d6\u011fretim)<br \/>\nD101<\/span><\/td>\n<\/tr>\n<\/tbody>\n<tbody>\n<tr>\n<td style=\"border: 1px solid black;\"><strong><span style=\"font-size: small;\">\u00c7ar\u015famba<\/span><\/strong><\/td>\n<td style=\"border: 1px solid black; text-align: center;\"><span style=\"font-size: small;\">Ekoloji Bilgisi<br \/>\nM301<\/span><\/td>\n<td style=\"border: 1px solid black; text-align: center;\"><span style=\"font-size: small;\">\u00d6nlenebilir Hastal\u0131klar<br \/>\nKonferans Salonu<\/span><\/td>\n<td style=\"border: 1px solid black;\"><\/td>\n<td style=\"border: 1px solid black; text-align: center;\"><span style=\"font-size: small;\">\u0130\u015f Sa\u011fl\u0131\u011f\u0131 ve G\u00fcvenli\u011fi<br \/>\nKonferans Salonu<\/span><\/td>\n<td style=\"border: 1px solid black; text-align: center;\"><\/td>\n<td style=\"border: 1px solid black; text-align: center;\"><span style=\"font-size: small;\">\u0130lk Yard\u0131m ( II. \u00d6\u011fretim)<br \/>\nKonferans Salonu<\/span><\/td>\n<\/tr>\n<\/tbody>\n<tbody>\n<tr>\n<td style=\"border: 1px solid black;\"><span style=\"font-size: small;\"><strong>Per\u015fembe<\/strong><\/span><\/td>\n<td style=\"border: 1px solid black;\"><\/td>\n<td style=\"border: 1px solid black; text-align: center;\"><span style=\"font-size: small;\">Meslek Eti\u011fi<br \/>\nKonferans Salonu<\/span><\/td>\n<td style=\"border: 1px solid black; text-align: center;\"><span style=\"font-size: small;\">Sa\u011fl\u0131k Psikolojisi<br \/>\nKonferans Salonu<\/span><\/td>\n<td style=\"border: 1px solid black; text-align: center;\"><span style=\"font-size: small;\">T\u0131p ve Sinema<br \/>\nKonferans Salonu<\/span><\/td>\n<td style=\"border: 1px solid black; text-align: center;\"><span style=\"font-size: small;\">Foto\u011frafa Giri\u015f<br \/>\nE102<\/span><\/td>\n<td style=\"border: 1px solid black; text-align: center;\"><span style=\"font-size: small;\">Temel Sa\u011fl\u0131k ( II. \u00d6\u011fretim)<br \/>\nKonferans Salonu<\/span><\/p>\n<hr \/>\n<p><span style=\"font-size: small;\">Sa\u011fl\u0131k Psikolojisi<br \/>\n( II. \u00d6\u011fretim)<br \/>\nE101<\/span><\/td>\n<\/tr>\n<\/tbody>\n<tbody>\n<tr>\n<td style=\"border: 1px solid black;\"><strong><span style=\"font-size: small;\">Cuma<\/span><\/strong><\/td>\n<td style=\"border: 1px solid black; text-align: center;\"><span style=\"font-size: small;\">Temel Sa\u011fl\u0131k<br \/>\nKonferans Salonu<\/span><\/td>\n<td style=\"border: 1px solid black; text-align: center;\"><span style=\"font-size: small;\">\u0130lk Yard\u0131m<br \/>\nKonferans Salonu<\/span><\/td>\n<td style=\"border: 1px solid black; text-align: center;\"><\/td>\n<td style=\"border: 1px solid black;\"><\/td>\n<td style=\"border: 1px solid black; text-align: center;\"><\/td>\n<td style=\"border: 1px solid black; text-align: center;\"><span style=\"font-size: small;\">Halk Sa\u011fl\u0131\u011f\u0131<br \/>\nM201<\/span><\/td>\n<\/tr>\n<\/tbody>\n<\/table>\n<p>[\/vc_column_text][\/vc_tta_section][vc_tta_section title=&#8221;Ders Plan\u0131&#8221; tab_id=&#8221;1753363815366-cf3095f1-eb50&#8243;][vc_column_text]\n<!-- iframe plugin v.4.9 wordpress.org\/plugins\/iframe\/ -->\n<iframe loading=\"lazy\" src=\"https:\/\/ebs.kocaelisaglik.edu.tr\/Pages\/CoursePlan.aspx?lang=tr-TR&#038;academicYear=2025&#038;facultyId=2&#038;programId=40&#038;menuType=unit\" width=\"1600\" height=\"900\" allow=\"fullscreen\" scrolling=\"yes\" class=\"iframe-class\" frameborder=\"0\"><\/iframe>\n[\/vc_column_text][\/vc_tta_section][vc_tta_section i_icon_fontawesome=&#8221;fas fa-hand-point-right&#8221; add_icon=&#8221;true&#8221; title=&#8221;Dan\u0131\u015fmanl\u0131k&#8221; tab_id=&#8221;1759842549945-825baa70-c149&#8243;][vc_column_text]<\/p>\n<table class=\"item\" style=\"table-layout: fixed; width: 100%; border: 2px solid black; border-collapse: collapse;\">\n<tbody>\n<tr>\n<td style=\"border: 1px solid black; text-align: center;\"><strong>DANI\u015eMAN<\/strong><\/td>\n<td style=\"border: 1px solid black; text-align: center;\"><strong>1. \u00d6\u011eRET\u0130M\u00a0<\/strong><\/td>\n<td style=\"border: 1px solid black; text-align: center;\"><strong>2. \u00d6\u011eRET\u0130M\u00a0<\/strong><\/td>\n<td style=\"border: 1px solid black; text-align: center;\"><strong>TOPLU DANI\u015eMANLIK G\u00dcN\u00dc<\/strong><\/td>\n<\/tr>\n<tr>\n<td style=\"border: 1px solid black;\"><\/td>\n<td style=\"border: 1px solid black; text-align: center;\"><span style=\"font-size: small;\">Pazartesi\u00a0 \u00a0: 11.00 &#8211; 12.00<\/span><\/td>\n<td style=\"border: 1px solid black; text-align: center;\"><\/td>\n<td style=\"border: 1px solid black; text-align: center;\"><span style=\"font-size: small;\">17.10.2025<\/span><\/td>\n<\/tr>\n<tr>\n<td style=\"border: 1px solid black;\"><\/td>\n<td style=\"border: 1px solid black; text-align: center;\"><\/td>\n<td style=\"border: 1px solid black;\"><\/td>\n<td style=\"border: 1px solid black; text-align: center;\"><\/td>\n<\/tr>\n<\/tbody>\n<\/table>\n<p>[\/vc_column_text][\/vc_tta_section][\/vc_tta_tabs][\/vc_column][\/vc_row]<\/p>\n<\/div>","protected":false},"excerpt":{"rendered":"<p>[vc_row][vc_column][vc_tta_tabs][vc_tta_section title=&#8221;Program Hakk\u0131nda&#8221; tab_id=&#8221;1753363656772-496240d8-4457&#8243;][vc_column_text]Program Ad\u0131:\u00a0 Web Tasar\u0131m\u0131 ve Kodlama Program D\u00fczeyi: \u00d6n Lisans Program Dili:\u00a0T\u00fcrk\u00e7e Program Kazan\u0131mlar\u0131: Web projelerini planlama ve y\u00f6netme becerisini kazan\u0131r. Yaz\u0131l\u0131m geli\u015ftirme s\u00fcrecinde ortaya \u00e7\u0131kan sorunlar\u0131 \u00e7\u00f6zme yetene\u011fini kazan\u0131r. Ekip i\u00e7inde etkili bir \u015fekilde \u00e7al\u0131\u015fabilme becerisini &hellip; <\/p>\n","protected":false},"author":12,"featured_media":0,"parent":0,"menu_order":0,"comment_status":"closed","ping_status":"closed","template":"","meta":{"footnotes":""},"_links":{"self":[{"href":"https:\/\/kocaelisaglik.edu.tr\/avrupamyo\/wp-json\/wp\/v2\/pages\/12063"}],"collection":[{"href":"https:\/\/kocaelisaglik.edu.tr\/avrupamyo\/wp-json\/wp\/v2\/pages"}],"about":[{"href":"https:\/\/kocaelisaglik.edu.tr\/avrupamyo\/wp-json\/wp\/v2\/types\/page"}],"author":[{"embeddable":true,"href":"https:\/\/kocaelisaglik.edu.tr\/avrupamyo\/wp-json\/wp\/v2\/users\/12"}],"replies":[{"embeddable":true,"href":"https:\/\/kocaelisaglik.edu.tr\/avrupamyo\/wp-json\/wp\/v2\/comments?post=12063"}],"version-history":[{"count":8,"href":"https:\/\/kocaelisaglik.edu.tr\/avrupamyo\/wp-json\/wp\/v2\/pages\/12063\/revisions"}],"predecessor-version":[{"id":12713,"href":"https:\/\/kocaelisaglik.edu.tr\/avrupamyo\/wp-json\/wp\/v2\/pages\/12063\/revisions\/12713"}],"wp:attachment":[{"href":"https:\/\/kocaelisaglik.edu.tr\/avrupamyo\/wp-json\/wp\/v2\/media?parent=12063"}],"curies":[{"name":"wp","href":"https:\/\/api.w.org\/{rel}","templated":true}]}}