{"id":12061,"date":"2025-06-23T16:03:06","date_gmt":"2025-06-23T13:03:06","guid":{"rendered":"https:\/\/kocaelisaglik.edu.tr\/avrupamyo\/?page_id=12061"},"modified":"2026-03-27T15:42:25","modified_gmt":"2026-03-27T12:42:25","slug":"e-ticaret-ve-pazarlama","status":"publish","type":"page","link":"https:\/\/kocaelisaglik.edu.tr\/avrupamyo\/e-ticaret-ve-pazarlama\/","title":{"rendered":"E-Ticaret ve Pazarlama"},"content":{"rendered":"<div class=\"wpb-content-wrapper\"><p>[vc_row][vc_column][vc_tta_tabs][vc_tta_section title=&#8221;Program Hakk\u0131nda&#8221; tab_id=&#8221;1753361904879-29199420-1b0f&#8221;][vc_column_text]<strong>Program Ad\u0131<\/strong>:\u00a0 E-Ticaret ve Pazarlama<\/p>\n<p><strong>Program D\u00fczeyi<\/strong>: \u00d6n Lisans<\/p>\n<p><strong>Program Dili<\/strong>:\u00a0T\u00fcrk\u00e7e<\/p>\n<p><strong>Program Kazan\u0131mlar\u0131<\/strong>:<\/p>\n<ul>\n<li>E ticaret ve pazarlama alan\u0131n\u0131n temel kavramlar\u0131n\u0131 \u00f6\u011frenir.<\/li>\n<li>Pazarlaman\u0131n temel ilkelerini kavrar.<\/li>\n<li>Dijitalle\u015fme sonucunda ilgili alandaki geli\u015fmeler e-ticaret ve pazarlama konusunda teknik bilgiler ve uygulamada yans\u0131malar\u0131n kavrama,<\/li>\n<li>D\u00fc\u015f\u00fcnme analiz ve raporlama, yarat\u0131c\u0131 d\u00fc\u015f\u00fcnme, \u00f6ng\u00f6r\u00fcl\u00fc olma gibi yetkinlikler kazand\u0131r\u0131l\u0131r.<\/li>\n<\/ul>\n<p>&nbsp;<\/p>\n<p><strong>Mezun \u00c7al\u0131\u015fma Alanlar\u0131<\/strong>:<\/p>\n<p>\u00d6zel sekt\u00f6rde pazarlama alan\u0131nda, Perakendecilik sekt\u00f6r\u00fcnde , Sadece e-ticaret ve pazarlama alan\u0131nda kurulmu\u015f i\u015fletmelerde , Kamu sekt\u00f6r\u00fcn\u00fcn ilgili alan\u0131nda istihdam olanaklar\u0131 bulunabilmektedir.[\/vc_column_text][\/vc_tta_section][vc_tta_section title=&#8221;Haftal\u0131k Ders Program\u0131&#8221; tab_id=&#8221;1753361904884-0bdff61f-e280&#8243;][vc_column_text]<\/p>\n<table class=\"item\" style=\"table-layout: fixed; width: 100%; border: 2px solid black; border-collapse: collapse;\">\n<tbody>\n<tr>\n<td style=\"border: 1px solid black; text-align: center;\" colspan=\"8\"><strong><span style=\"font-size: small;\">\u00a02025 \/ 2026 BAHAR YARIYILI 1.SINIF<\/span><\/strong><\/td>\n<\/tr>\n<tr>\n<td style=\"border: 1px solid black;\"><span style=\"font-size: small;\"><span style=\"color: white;\">Pazartesi<\/span><\/span><\/td>\n<td style=\"border: 1px solid black; text-align: center;\"><strong><span style=\"font-size: small;\">09.00 &#8211; 11.00<\/span><\/strong><\/td>\n<td style=\"border: 1px solid black; text-align: center;\"><strong><span style=\"font-size: small;\">11.00 &#8211; 13.00<\/span><\/strong><\/td>\n<td style=\"border: 1px solid black; text-align: center;\"><strong><span style=\"font-size: small;\">13.00 &#8211; 15.00<\/span><\/strong><\/td>\n<td style=\"border: 1px solid black; text-align: center;\"><strong><span style=\"font-size: small;\">15.00 &#8211; 17.00<\/span><\/strong><\/td>\n<td style=\"border: 1px solid black; text-align: center;\"><strong><span style=\"font-size: small;\">17.00 &#8211; 19.00<\/span><\/strong><\/td>\n<td style=\"border: 1px solid black; text-align: center;\"><strong><span style=\"font-size: small;\">19.00 &#8211; 21.00<\/span><\/strong><\/td>\n<td style=\"border: 1px solid black; text-align: center;\"><strong><span style=\"font-size: small;\">21.00 &#8211; 23.00<\/span><\/strong><\/td>\n<\/tr>\n<\/tbody>\n<tbody>\n<tr>\n<td style=\"border: 1px solid black;\"><strong><span style=\"font-size: small;\">Pazartesi<\/span><\/strong><\/td>\n<td style=\"border: 1px solid black; text-align: center;\"><\/td>\n<td style=\"border: 1px solid black; text-align: center;\"><\/td>\n<td style=\"border: 1px solid black; text-align: center;\"><\/td>\n<td style=\"border: 1px solid black; text-align: center;\"><\/td>\n<td style=\"border: 1px solid black; text-align: center;\"><\/td>\n<td style=\"border: 1px solid black; text-align: center;\"><\/td>\n<td style=\"border: 1px solid black;\"><\/td>\n<\/tr>\n<\/tbody>\n<tbody>\n<tr>\n<td style=\"border: 1px solid black;\"><span style=\"font-size: small;\"><strong>Sal\u0131<\/strong><\/span><\/td>\n<td style=\"border: 1px solid black; text-align: center;\"><\/td>\n<td style=\"border: 1px solid black; text-align: center;\"><\/td>\n<td style=\"border: 1px solid black; text-align: center;\"><span style=\"font-size: small;\">E-Ticaret Hukuku<br \/>\n\u00d6\u011fr. G\u00f6r.<br \/>\nAhmet \u00d6mer Y\u00dcCE<br \/>\nM101<\/span><\/td>\n<td style=\"border: 1px solid black; text-align: center;\"><span style=\"font-size: small;\">E-Ticaret Platformlar\u0131 ve Yaz\u0131l\u0131mlar\u0131<br \/>\n\u00d6\u011fr. G\u00f6r.<br \/>\nElif KAYMAK<br \/>\nK\u00fc\u00e7\u00fck Bilg. Lab.<\/span><\/td>\n<td style=\"border: 1px solid black; text-align: center;\"><\/td>\n<td style=\"border: 1px solid black; text-align: center;\"><\/td>\n<td style=\"border: 1px solid black; text-align: center;\"><\/td>\n<\/tr>\n<\/tbody>\n<tbody>\n<tr>\n<td style=\"border: 1px solid black;\"><strong><span style=\"font-size: small;\">\u00c7ar\u015famba<\/span><\/strong><\/td>\n<td style=\"border: 1px solid black; text-align: center;\"><\/td>\n<td style=\"border: 1px solid black; text-align: center;\"><\/td>\n<td style=\"border: 1px solid black; text-align: center;\"><span style=\"font-size: small;\">Pazarlama \u0130lkeleri<br \/>\n\u00d6\u011fr. G\u00f6r.<br \/>\nElif KAYMAK<br \/>\nD402<\/span><\/td>\n<td style=\"border: 1px solid black; text-align: center;\"><span style=\"font-size: small;\">Dijital Pazarlama \u0130leti\u015fimi ve Mobil Pazarlama<br \/>\n\u00d6\u011fr. G\u00f6r.<br \/>\nElif KAYMAK<br \/>\nD402<\/span><\/td>\n<td style=\"border: 1px solid black; text-align: center;\"><\/td>\n<td style=\"border: 1px solid black; text-align: center;\"><\/td>\n<td style=\"border: 1px solid black; text-align: center;\"><\/td>\n<\/tr>\n<\/tbody>\n<tbody>\n<tr>\n<td style=\"border: 1px solid black;\"><span style=\"font-size: small;\"><strong>Per\u015fembe<\/strong><\/span><\/td>\n<td style=\"border: 1px solid black;\"><\/td>\n<td style=\"border: 1px solid black; text-align: center;\"><\/td>\n<td style=\"border: 1px solid black; text-align: center;\"><span style=\"font-size: small;\">T\u00fcketici Davran\u0131\u015flar\u0131<br \/>\n\u00d6\u011fr. G\u00f6r.<br \/>\nElif KAYMAK<br \/>\nD202<\/span><\/td>\n<td style=\"border: 1px solid black; text-align: center;\"><span style=\"font-size: small;\">E-Ticaret Lojisti\u011fi ve Stok Y\u00f6netimi<br \/>\n\u00d6\u011fr. G\u00f6r.<br \/>\nElif KAYMAK<br \/>\nD402<\/span><\/td>\n<td style=\"border: 1px solid black; text-align: center;\"><\/td>\n<td style=\"border: 1px solid black; text-align: center;\"><\/td>\n<td style=\"border: 1px solid black; text-align: center;\"><\/td>\n<\/tr>\n<\/tbody>\n<tbody>\n<tr>\n<td style=\"border: 1px solid black;\"><strong><span style=\"font-size: small;\">Cuma<\/span><\/strong><\/td>\n<td style=\"border: 1px solid black;\"><\/td>\n<td style=\"border: 1px solid black;\"><\/td>\n<td style=\"border: 1px solid black; text-align: center;\"><\/td>\n<td style=\"border: 1px solid black;\"><\/td>\n<td style=\"border: 1px solid black; text-align: center;\"><\/td>\n<td style=\"border: 1px solid black; text-align: center;\"><\/td>\n<td style=\"border: 1px solid black; text-align: center;\"><\/td>\n<\/tr>\n<\/tbody>\n<\/table>\n<p>[\/vc_column_text][vc_empty_space][vc_column_text]<\/p>\n<table class=\"item\" style=\"table-layout: fixed; width: 100%; border: 2px solid black; border-collapse: collapse;\">\n<tbody>\n<tr>\n<td style=\"border: 1px solid black; text-align: center;\" colspan=\"7\"><strong><span style=\"font-size: small;\">\u00a0SE\u00c7MEL\u0130 DERSLER<\/span><\/strong><\/td>\n<\/tr>\n<tr>\n<td style=\"border: 1px solid black;\"><span style=\"font-size: small;\"><span style=\"color: white;\">Pazartesi<\/span><\/span><\/td>\n<td style=\"border: 1px solid black; text-align: center;\"><strong><span style=\"font-size: small;\">09.00 &#8211; 11.00<\/span><\/strong><\/td>\n<td style=\"border: 1px solid black; text-align: center;\"><strong><span style=\"font-size: small;\">11.00 &#8211; 13.00<\/span><\/strong><\/td>\n<td style=\"border: 1px solid black; text-align: center;\"><strong><span style=\"font-size: small;\">13.00 &#8211; 15.00<\/span><\/strong><\/td>\n<td style=\"border: 1px solid black; text-align: center;\"><strong><span style=\"font-size: small;\">15.00 &#8211; 17.00<\/span><\/strong><\/td>\n<td style=\"border: 1px solid black; text-align: center;\"><strong><span style=\"font-size: small;\">16.00 &#8211; 18.00<\/span><\/strong><\/td>\n<td style=\"border: 1px solid black; text-align: center;\"><strong><span style=\"font-size: small;\">17.00 &#8211; 19.00<\/span><\/strong><\/td>\n<\/tr>\n<\/tbody>\n<tbody>\n<tr>\n<td style=\"border: 1px solid black;\"><strong><span style=\"font-size: small;\">Pazartesi<\/span><\/strong><\/td>\n<td style=\"border: 1px solid black; text-align: center;\"><span style=\"font-size: small;\">Antrenman Bilimine Giri\u015f<br \/>\nK002<\/span><\/td>\n<td style=\"border: 1px solid black; text-align: center;\"><\/td>\n<td style=\"border: 1px solid black; text-align: center;\"><\/td>\n<td style=\"border: 1px solid black; text-align: center;\"><\/td>\n<td style=\"border: 1px solid black; text-align: center;\"><\/td>\n<td style=\"border: 1px solid black; text-align: center;\"><\/td>\n<\/tr>\n<\/tbody>\n<tbody>\n<tr>\n<td style=\"border: 1px solid black;\"><span style=\"font-size: small;\"><strong>Sal\u0131<\/strong><\/span><\/td>\n<td style=\"border: 1px solid black; text-align: center;\"><\/td>\n<td style=\"border: 1px solid black; text-align: center;\"><\/td>\n<td style=\"border: 1px solid black; text-align: center;\"><\/td>\n<td style=\"border: 1px solid black; text-align: center;\"><span style=\"font-size: small;\">\u00c7evre ve \u0130klim De\u011fi\u015fiklikleri<br \/>\nE102<\/span><\/p>\n<hr \/>\n<p><span style=\"font-size: small;\">Ameliyathane K\u00fclt\u00fcr\u00fc<br \/>\nD401<\/span><\/td>\n<td style=\"border: 1px solid black; text-align: center;\"><\/td>\n<td style=\"border: 1px solid black; text-align: center;\"><span style=\"font-size: small;\">Bitkilerle Tedavi<br \/>\nAmfi A<\/span><\/p>\n<hr \/>\n<p><span style=\"font-size: small;\">\u00d6zel Gereksinimliler<br \/>\nM101<\/span><\/p>\n<hr \/>\n<p><span style=\"font-size: small;\">\u00c7evre ve \u0130klim De\u011fi\u015fiklikleri ( II. \u00d6\u011fretim)<br \/>\nD101<\/span><\/td>\n<\/tr>\n<\/tbody>\n<tbody>\n<tr>\n<td style=\"border: 1px solid black;\"><strong><span style=\"font-size: small;\">\u00c7ar\u015famba<\/span><\/strong><\/td>\n<td style=\"border: 1px solid black; text-align: center;\"><span style=\"font-size: small;\">Ekoloji Bilgisi<br \/>\nM301<\/span><\/td>\n<td style=\"border: 1px solid black; text-align: center;\"><span style=\"font-size: small;\">\u00d6nlenebilir Hastal\u0131klar<br \/>\nKonferans Salonu<\/span><\/td>\n<td style=\"border: 1px solid black;\"><\/td>\n<td style=\"border: 1px solid black; text-align: center;\"><span style=\"font-size: small;\">\u0130\u015f Sa\u011fl\u0131\u011f\u0131 ve G\u00fcvenli\u011fi<br \/>\nKonferans Salonu<\/span><\/td>\n<td style=\"border: 1px solid black; text-align: center;\"><\/td>\n<td style=\"border: 1px solid black; text-align: center;\"><span style=\"font-size: small;\">\u0130lk Yard\u0131m ( II. \u00d6\u011fretim)<br \/>\nKonferans Salonu<\/span><\/td>\n<\/tr>\n<\/tbody>\n<tbody>\n<tr>\n<td style=\"border: 1px solid black;\"><span style=\"font-size: small;\"><strong>Per\u015fembe<\/strong><\/span><\/td>\n<td style=\"border: 1px solid black;\"><\/td>\n<td style=\"border: 1px solid black; text-align: center;\"><span style=\"font-size: small;\">Meslek Eti\u011fi<br \/>\nKonferans Salonu<\/span><\/td>\n<td style=\"border: 1px solid black; text-align: center;\"><span style=\"font-size: small;\">Sa\u011fl\u0131k Psikolojisi<br \/>\nKonferans Salonu<\/span><\/td>\n<td style=\"border: 1px solid black; text-align: center;\"><span style=\"font-size: small;\">T\u0131p ve Sinema<br \/>\nKonferans Salonu<\/span><\/td>\n<td style=\"border: 1px solid black; text-align: center;\"><span style=\"font-size: small;\">Foto\u011frafa Giri\u015f<br \/>\nE102<\/span><\/td>\n<td style=\"border: 1px solid black; text-align: center;\"><span style=\"font-size: small;\">Temel Sa\u011fl\u0131k ( II. \u00d6\u011fretim)<br \/>\nKonferans Salonu<\/span><\/p>\n<hr \/>\n<p><span style=\"font-size: small;\">Sa\u011fl\u0131k Psikolojisi<br \/>\n( II. \u00d6\u011fretim)<br \/>\nE101<\/span><\/td>\n<\/tr>\n<\/tbody>\n<tbody>\n<tr>\n<td style=\"border: 1px solid black;\"><strong><span style=\"font-size: small;\">Cuma<\/span><\/strong><\/td>\n<td style=\"border: 1px solid black; text-align: center;\"><span style=\"font-size: small;\">Temel Sa\u011fl\u0131k<br \/>\nKonferans Salonu<\/span><\/td>\n<td style=\"border: 1px solid black; text-align: center;\"><span style=\"font-size: small;\">\u0130lk Yard\u0131m<br \/>\nKonferans Salonu<\/span><\/td>\n<td style=\"border: 1px solid black; text-align: center;\"><\/td>\n<td style=\"border: 1px solid black;\"><\/td>\n<td style=\"border: 1px solid black; text-align: center;\"><\/td>\n<td style=\"border: 1px solid black; text-align: center;\"><span style=\"font-size: small;\">Halk Sa\u011fl\u0131\u011f\u0131<br \/>\nM201<\/span><\/td>\n<\/tr>\n<\/tbody>\n<\/table>\n<p>[\/vc_column_text][\/vc_tta_section][vc_tta_section title=&#8221;Ders Plan\u0131&#8221; tab_id=&#8221;1753362065281-74832908-ecee&#8221;][vc_column_text]\n<!-- iframe plugin v.4.9 wordpress.org\/plugins\/iframe\/ -->\n<iframe loading=\"lazy\" src=\"https:\/\/ebs.kocaelisaglik.edu.tr\/Pages\/CoursePlan.aspx?lang=tr-TR&#038;academicYear=2025&#038;facultyId=2&#038;programId=38&#038;menuType=unit\" width=\"1600\" height=\"900\" allow=\"fullscreen\" scrolling=\"yes\" class=\"iframe-class\" frameborder=\"0\"><\/iframe>\n[\/vc_column_text][\/vc_tta_section][vc_tta_section i_icon_fontawesome=&#8221;fas fa-hand-point-right&#8221; add_icon=&#8221;true&#8221; title=&#8221;Dan\u0131\u015fmanl\u0131k&#8221; tab_id=&#8221;1759741427919-18354937-c0bf&#8221;][vc_column_text]<\/p>\n<table class=\"item\" style=\"table-layout: fixed; width: 100%; border: 2px solid black; border-collapse: collapse;\">\n<tbody>\n<tr>\n<td style=\"border: 1px solid black; text-align: center;\"><strong>DANI\u015eMAN<\/strong><\/td>\n<td style=\"border: 1px solid black; text-align: center;\"><strong>1. \u00d6\u011eRET\u0130M\u00a0<\/strong><\/td>\n<td style=\"border: 1px solid black; text-align: center;\"><strong>2. \u00d6\u011eRET\u0130M\u00a0<\/strong><\/td>\n<td style=\"border: 1px solid black; text-align: center;\"><strong>TOPLU DANI\u015eMANLIK G\u00dcN\u00dc<\/strong><\/td>\n<\/tr>\n<tr>\n<td style=\"border: 1px solid black;\"><\/td>\n<td style=\"border: 1px solid black; text-align: center;\"><span style=\"font-size: small;\">Per\u015fembe\u00a0 \u00a0 : 16.00 &#8211; 17.00<\/span><\/td>\n<td style=\"border: 1px solid black; text-align: center;\"><span style=\"font-size: small;\">Cuma\u00a0 \u00a0: 17.00 &#8211; 18.00<\/span><\/td>\n<td style=\"border: 1px solid black; text-align: center;\"><span style=\"font-size: small;\">10.10.2025<\/span><\/td>\n<\/tr>\n<tr>\n<td style=\"border: 1px solid black;\"><\/td>\n<td style=\"border: 1px solid black; text-align: center;\"><\/td>\n<td style=\"border: 1px solid black;\"><\/td>\n<td style=\"border: 1px solid black; text-align: center;\"><\/td>\n<\/tr>\n<\/tbody>\n<\/table>\n<p>[\/vc_column_text][\/vc_tta_section][\/vc_tta_tabs][\/vc_column][\/vc_row]<\/p>\n<\/div>","protected":false},"excerpt":{"rendered":"<p>[vc_row][vc_column][vc_tta_tabs][vc_tta_section title=&#8221;Program Hakk\u0131nda&#8221; tab_id=&#8221;1753361904879-29199420-1b0f&#8221;][vc_column_text]Program Ad\u0131:\u00a0 E-Ticaret ve Pazarlama Program D\u00fczeyi: \u00d6n Lisans Program Dili:\u00a0T\u00fcrk\u00e7e Program Kazan\u0131mlar\u0131: E ticaret ve pazarlama alan\u0131n\u0131n temel kavramlar\u0131n\u0131 \u00f6\u011frenir. Pazarlaman\u0131n temel ilkelerini kavrar. Dijitalle\u015fme sonucunda ilgili alandaki geli\u015fmeler e-ticaret ve pazarlama konusunda teknik bilgiler ve &hellip; <\/p>\n","protected":false},"author":12,"featured_media":0,"parent":0,"menu_order":0,"comment_status":"closed","ping_status":"closed","template":"","meta":{"footnotes":""},"_links":{"self":[{"href":"https:\/\/kocaelisaglik.edu.tr\/avrupamyo\/wp-json\/wp\/v2\/pages\/12061"}],"collection":[{"href":"https:\/\/kocaelisaglik.edu.tr\/avrupamyo\/wp-json\/wp\/v2\/pages"}],"about":[{"href":"https:\/\/kocaelisaglik.edu.tr\/avrupamyo\/wp-json\/wp\/v2\/types\/page"}],"author":[{"embeddable":true,"href":"https:\/\/kocaelisaglik.edu.tr\/avrupamyo\/wp-json\/wp\/v2\/users\/12"}],"replies":[{"embeddable":true,"href":"https:\/\/kocaelisaglik.edu.tr\/avrupamyo\/wp-json\/wp\/v2\/comments?post=12061"}],"version-history":[{"count":10,"href":"https:\/\/kocaelisaglik.edu.tr\/avrupamyo\/wp-json\/wp\/v2\/pages\/12061\/revisions"}],"predecessor-version":[{"id":12698,"href":"https:\/\/kocaelisaglik.edu.tr\/avrupamyo\/wp-json\/wp\/v2\/pages\/12061\/revisions\/12698"}],"wp:attachment":[{"href":"https:\/\/kocaelisaglik.edu.tr\/avrupamyo\/wp-json\/wp\/v2\/media?parent=12061"}],"curies":[{"name":"wp","href":"https:\/\/api.w.org\/{rel}","templated":true}]}}