{"id":11969,"date":"2025-05-21T11:27:24","date_gmt":"2025-05-21T08:27:24","guid":{"rendered":"https:\/\/kocaelisaglik.edu.tr\/avrupamyo\/?page_id=11969"},"modified":"2026-03-06T13:56:12","modified_gmt":"2026-03-06T10:56:12","slug":"staj-ve-yerinde-uygulama","status":"publish","type":"page","link":"https:\/\/kocaelisaglik.edu.tr\/avrupamyo\/staj-ve-yerinde-uygulama\/","title":{"rendered":"Staj ve Yerinde Uygulama"},"content":{"rendered":"<div class=\"wpb-content-wrapper\"><p>[vc_row][vc_column width=&#8221;1\/2&#8243;][vc_message message_box_color=&#8221;success&#8221;]<a href=\"https:\/\/kocaelisaglik.edu.tr\/wp-content\/uploads\/2021\/01\/zorunlu-staj-formu.pdf\">Zorunlu Staj Formu<\/a>[\/vc_message][\/vc_column][vc_column width=&#8221;1\/2&#8243;][vc_message message_box_color=&#8221;success&#8221;]<a href=\"https:\/\/kocaelisaglik.edu.tr\/wp-content\/uploads\/2021\/03\/isyeri-egitimi-sozlesmesi.pdf\">\u0130\u015f Yeri E\u011fitim S\u00f6zle\u015fmesi<\/a>[\/vc_message][\/vc_column][\/vc_row][vc_row][vc_column width=&#8221;1\/2&#8243;][vc_message message_box_color=&#8221;success&#8221;]<a href=\"https:\/\/kocaelisaglik.edu.tr\/avrupamyo\/wp-content\/uploads\/sites\/4\/2025\/11\/2025_avrupa_myo_staj_defteri_13_11.pdf\">Staj Defteri<\/a>[\/vc_message][\/vc_column][vc_column width=&#8221;1\/2&#8243;][vc_message message_box_color=&#8221;success&#8221;]<a href=\"https:\/\/kocaelisaglik.edu.tr\/avrupamyo\/wp-content\/uploads\/sites\/4\/2025\/11\/2025_avrupa_myo_staj_degerlendirme_formu_13_11.pdf\">Staj De\u011ferlendirme Formu<\/a>[\/vc_message][\/vc_column][\/vc_row][vc_row][vc_column width=&#8221;1\/2&#8243;][vc_message message_box_color=&#8221;success&#8221;]\u00d6n Lisans Staj Y\u00f6nergesi[\/vc_message][\/vc_column][vc_column width=&#8221;1\/2&#8243;][vc_message message_box_color=&#8221;success&#8221;]<a href=\"https:\/\/kocaelisaglik.edu.tr\/avrupamyo\/wp-content\/uploads\/sites\/4\/2026\/01\/2025_2026_cocuk_gelisimi_staj_formu_yeni_23_01.pdf\">\u00c7ocuk Geli\u015fimi Staj Defteri<\/a>[\/vc_message][\/vc_column][\/vc_row][vc_row][vc_column width=&#8221;1\/2&#8243;][vc_message message_box_color=&#8221;success&#8221;]<a href=\"https:\/\/kocaelisaglik.edu.tr\/wp-content\/uploads\/2025\/02\/okul_oncesi_egitim_kurumlarinda_uygulama_25_02.pdf\">Okul \u00d6ncesi E\u011fitim Kurumlar\u0131nda Uygulama<\/a>[\/vc_message][\/vc_column][vc_column width=&#8221;1\/2&#8243;][vc_message message_box_color=&#8221;success&#8221;]<a href=\"https:\/\/kocaelisaglik.edu.tr\/wp-content\/uploads\/2023\/12\/kaynastirma_uygulama_dersi_raporu_06_12.pdf\">Kayna\u015ft\u0131rma Dersi Uygulama Formu<\/a>[\/vc_message][\/vc_column][\/vc_row][vc_row][vc_column width=&#8221;1\/2&#8243;][vc_message message_box_color=&#8221;success&#8221;]<a href=\"https:\/\/kocaelisaglik.edu.tr\/avrupamyo\/wp-content\/uploads\/sites\/4\/2026\/03\/engelliler_icin_golge_ogreticilik_staj_rapor_dosyasi.pdf\">Engelliler i\u00e7in G\u00f6lge \u00d6\u011freticilik Staj Defteri<\/a>[\/vc_message][\/vc_column][vc_column width=&#8221;1\/2&#8243;][vc_message message_box_color=&#8221;success&#8221;]<a href=\"https:\/\/kocaelisaglik.edu.tr\/wp-content\/uploads\/2023\/10\/ozel_egitim_kurumlarinda_uygulama_haftalik_gozlem_cizelgesi_05_10.pdf\">\u00d6zel E\u011fitim Kurumlar\u0131nda Uygulama<\/a>[\/vc_message][\/vc_column][\/vc_row][vc_row][vc_column width=&#8221;1\/2&#8243;][vc_message message_box_color=&#8221;success&#8221;]<a href=\"https:\/\/kocaelisaglik.edu.tr\/avrupamyo\/wp-content\/uploads\/sites\/4\/2025\/05\/myo_zorunlu_staj_sik_sorulan_sorular_20_05.pdf\">Zorunlu Staj &#8211; S\u0131k Sorulan Sorular<\/a>[\/vc_message][\/vc_column][vc_column width=&#8221;1\/2&#8243;][vc_message message_box_color=&#8221;success&#8221;]UDA Formu[\/vc_message][\/vc_column][\/vc_row]<\/p>\n<\/div>","protected":false},"excerpt":{"rendered":"<p>[vc_row][vc_column width=&#8221;1\/2&#8243;][vc_message message_box_color=&#8221;success&#8221;]Zorunlu Staj Formu[\/vc_message][\/vc_column][vc_column width=&#8221;1\/2&#8243;][vc_message message_box_color=&#8221;success&#8221;]\u0130\u015f Yeri E\u011fitim S\u00f6zle\u015fmesi[\/vc_message][\/vc_column][\/vc_row][vc_row][vc_column width=&#8221;1\/2&#8243;][vc_message message_box_color=&#8221;success&#8221;]Staj Defteri[\/vc_message][\/vc_column][vc_column width=&#8221;1\/2&#8243;][vc_message message_box_color=&#8221;success&#8221;]Staj De\u011ferlendirme Formu[\/vc_message][\/vc_column][\/vc_row][vc_row][vc_column width=&#8221;1\/2&#8243;][vc_message message_box_color=&#8221;success&#8221;]\u00d6n Lisans Staj Y\u00f6nergesi[\/vc_message][\/vc_column][vc_column width=&#8221;1\/2&#8243;][vc_message message_box_color=&#8221;success&#8221;]\u00c7ocuk Geli\u015fimi Staj Defteri[\/vc_message][\/vc_column][\/vc_row][vc_row][vc_column width=&#8221;1\/2&#8243;][vc_message message_box_color=&#8221;success&#8221;]Okul \u00d6ncesi E\u011fitim Kurumlar\u0131nda Uygulama[\/vc_message][\/vc_column][vc_column width=&#8221;1\/2&#8243;][vc_message message_box_color=&#8221;success&#8221;]Kayna\u015ft\u0131rma Dersi Uygulama Formu[\/vc_message][\/vc_column][\/vc_row][vc_row][vc_column width=&#8221;1\/2&#8243;][vc_message message_box_color=&#8221;success&#8221;]Engelliler &hellip; <\/p>\n","protected":false},"author":12,"featured_media":0,"parent":0,"menu_order":0,"comment_status":"closed","ping_status":"closed","template":"","meta":{"footnotes":""},"_links":{"self":[{"href":"https:\/\/kocaelisaglik.edu.tr\/avrupamyo\/wp-json\/wp\/v2\/pages\/11969"}],"collection":[{"href":"https:\/\/kocaelisaglik.edu.tr\/avrupamyo\/wp-json\/wp\/v2\/pages"}],"about":[{"href":"https:\/\/kocaelisaglik.edu.tr\/avrupamyo\/wp-json\/wp\/v2\/types\/page"}],"author":[{"embeddable":true,"href":"https:\/\/kocaelisaglik.edu.tr\/avrupamyo\/wp-json\/wp\/v2\/users\/12"}],"replies":[{"embeddable":true,"href":"https:\/\/kocaelisaglik.edu.tr\/avrupamyo\/wp-json\/wp\/v2\/comments?post=11969"}],"version-history":[{"count":7,"href":"https:\/\/kocaelisaglik.edu.tr\/avrupamyo\/wp-json\/wp\/v2\/pages\/11969\/revisions"}],"predecessor-version":[{"id":12672,"href":"https:\/\/kocaelisaglik.edu.tr\/avrupamyo\/wp-json\/wp\/v2\/pages\/11969\/revisions\/12672"}],"wp:attachment":[{"href":"https:\/\/kocaelisaglik.edu.tr\/avrupamyo\/wp-json\/wp\/v2\/media?parent=11969"}],"curies":[{"name":"wp","href":"https:\/\/api.w.org\/{rel}","templated":true}]}}