{"id":11347,"date":"2023-12-15T16:01:30","date_gmt":"2023-12-15T13:01:30","guid":{"rendered":"https:\/\/kocaelisaglik.edu.tr\/avrupamyo\/?page_id=11347"},"modified":"2025-01-21T15:21:52","modified_gmt":"2025-01-21T12:21:52","slug":"mustafa-sehvar-nefesoglu","status":"publish","type":"page","link":"https:\/\/kocaelisaglik.edu.tr\/avrupamyo\/mustafa-sehvar-nefesoglu\/","title":{"rendered":"Mustafa \u015eehvar NEFESO\u011eLU"},"content":{"rendered":"<div class=\"wpb-content-wrapper\"><p>[vc_row][vc_column width=&#8221;1\/3&#8243;][vc_single_image image=&#8221;11612&#8243; img_size=&#8221;medium&#8221; alignment=&#8221;center&#8221; style=&#8221;vc_box_outline&#8221;][\/vc_column][vc_column width=&#8221;1\/3&#8243;][vc_column_text]<\/p>\n<h4 style=\"text-align: center;\"><strong>Dr. \u00d6\u011fr. \u00dcyesi<\/strong><\/h4>\n<p>&nbsp;<\/p>\n<h4 style=\"text-align: center;\"><strong>Mustafa \u015eehvar NEFESO\u011eLU<\/strong><\/h4>\n<p>&nbsp;<\/p>\n<h5 style=\"text-align: center;\">Avrupa MYO<\/h5>\n<h6 style=\"text-align: center;\"><\/h6>\n<h6 style=\"text-align: center;\"><\/h6>\n<p>&nbsp;<\/p>\n<p><a href=\"https:\/\/akademik.yok.gov.tr\/AkademikArama\/AkademisyenGorevOgrenimBilgileri?islem=direct&amp;authorId=16530C22284FEDB5\" target=\"_blank\" rel=\"noopener noreferrer\"><img loading=\"lazy\" decoding=\"async\" class=\"aligncenter wp-image-12331 size-medium\" src=\"https:\/\/kocaelisaglik.edu.tr\/wp-content\/uploads\/2020\/12\/akademik-300x108.png\" alt=\"\" width=\"300\" height=\"108\" \/><\/a>[\/vc_column_text][\/vc_column][vc_column width=&#8221;1\/3&#8243;][vc_message message_box_color=&#8221;success&#8221; icon_fontawesome=&#8221;far fa-address-book&#8221;]<\/p>\n<p style=\"text-align: center;\"><strong>\u0130leti\u015fim Bilgileri<\/strong><\/p>\n<p>[\/vc_message][vc_column_text]<\/p>\n<p style=\"text-align: center;\"><a href=\"mailto:mustafa.nefesoglu@kocaelisaglik.edu.tr\"><strong>mustafa.nefesoglu@kocaelisaglik.edu.tr<\/strong><\/a><\/p>\n<h6 style=\"text-align: center;\"><a href=\"#\">0(262) 999 80 85<\/a><\/h6>\n<p>[\/vc_column_text][\/vc_column][\/vc_row]<\/p>\n<\/div>","protected":false},"excerpt":{"rendered":"<p>[vc_row][vc_column width=&#8221;1\/3&#8243;][vc_single_image image=&#8221;11612&#8243; img_size=&#8221;medium&#8221; alignment=&#8221;center&#8221; style=&#8221;vc_box_outline&#8221;][\/vc_column][vc_column width=&#8221;1\/3&#8243;][vc_column_text] Dr. \u00d6\u011fr. \u00dcyesi &nbsp; Mustafa \u015eehvar NEFESO\u011eLU &nbsp; Avrupa MYO &nbsp; [\/vc_column_text][\/vc_column][vc_column width=&#8221;1\/3&#8243;][vc_message message_box_color=&#8221;success&#8221; icon_fontawesome=&#8221;far fa-address-book&#8221;] \u0130leti\u015fim Bilgileri [\/vc_message][vc_column_text] mustafa.nefesoglu@kocaelisaglik.edu.tr 0(262) 999 80 85 [\/vc_column_text][\/vc_column][\/vc_row]<\/p>\n","protected":false},"author":12,"featured_media":0,"parent":0,"menu_order":0,"comment_status":"closed","ping_status":"closed","template":"","meta":{"footnotes":""},"_links":{"self":[{"href":"https:\/\/kocaelisaglik.edu.tr\/avrupamyo\/wp-json\/wp\/v2\/pages\/11347"}],"collection":[{"href":"https:\/\/kocaelisaglik.edu.tr\/avrupamyo\/wp-json\/wp\/v2\/pages"}],"about":[{"href":"https:\/\/kocaelisaglik.edu.tr\/avrupamyo\/wp-json\/wp\/v2\/types\/page"}],"author":[{"embeddable":true,"href":"https:\/\/kocaelisaglik.edu.tr\/avrupamyo\/wp-json\/wp\/v2\/users\/12"}],"replies":[{"embeddable":true,"href":"https:\/\/kocaelisaglik.edu.tr\/avrupamyo\/wp-json\/wp\/v2\/comments?post=11347"}],"version-history":[{"count":2,"href":"https:\/\/kocaelisaglik.edu.tr\/avrupamyo\/wp-json\/wp\/v2\/pages\/11347\/revisions"}],"predecessor-version":[{"id":11712,"href":"https:\/\/kocaelisaglik.edu.tr\/avrupamyo\/wp-json\/wp\/v2\/pages\/11347\/revisions\/11712"}],"wp:attachment":[{"href":"https:\/\/kocaelisaglik.edu.tr\/avrupamyo\/wp-json\/wp\/v2\/media?parent=11347"}],"curies":[{"name":"wp","href":"https:\/\/api.w.org\/{rel}","templated":true}]}}